{"id":136,"date":"2010-09-24T11:42:52","date_gmt":"2010-09-24T09:42:52","guid":{"rendered":"http:\/\/people.unil.ch\/agnieszkasoltysikmonnet\/"},"modified":"2024-09-14T18:11:01","modified_gmt":"2024-09-14T16:11:01","slug":"upcoming-lectures","status":"publish","type":"page","link":"https:\/\/people.unil.ch\/agnieszkasoltysikmonnet\/news\/upcoming-lectures\/","title":{"rendered":"Upcoming Lectures"},"content":{"rendered":"\n<p>Oct. 8: &#8216;The American Presidential Election,&#8217; Morges Gymnase <\/p>\n\n\n\n<p>Nov. 1: Ecotopiales Round-Table <\/p>\n\n\n\n<p>Nov. 5: James Baldwin en suisse: sur &#8216;Un Etranger dans le Village&#8217; de Pierre Koralnik<\/p>\n\n\n\n<p>Nov. 21: <strong><em>\u00ab\u00a0La contre-culture aux USA et son influence sur le war on\u00a0drugs\u00a0<\/em><\/strong>\u00bb, AG de la <strong>soci\u00e9t\u00e9 suisse de m\u00e9decine psych\u00e9d\u00e9lique SSMP<\/strong><\/p>\n\n\n<p><a href=\"https:\/\/people.unil.ch\/agnieszkasoltysikmonnet\/files\/2024\/03\/Unknown-3.png\"><img alt=\"\" loading=\"lazy\" decoding=\"async\" class=\"alignnone size-medium wp-image-2274\" src=\"https:\/\/people.unil.ch\/agnieszkasoltysikmonnet\/files\/2024\/03\/Unknown-3-300x212.png\" alt=\"\" width=\"300\" height=\"212\" \/>ALSO, in the English Department:<\/a><\/p>\n<p><a href=\"https:\/\/people.unil.ch\/agnieszkasoltysikmonnet\/files\/2024\/09\/Autumn-2024-Lectures.pdf\">Autumn 2024 Lectures<\/a><\/p>\n<p><a href=\"https:\/\/people.unil.ch\/agnieszkasoltysikmonnet\/files\/2024\/03\/CUSO-Flyer-Human-Humanism-202485_Page_1.jpg\"><img alt=\"\" loading=\"lazy\" decoding=\"async\" class=\"alignnone wp-image-2275 size-large\" src=\"https:\/\/people.unil.ch\/agnieszkasoltysikmonnet\/files\/2024\/03\/CUSO-Flyer-Human-Humanism-202485_Page_1-724x1024.jpg\" alt=\"\" width=\"525\" height=\"743\" srcset=\"https:\/\/people.unil.ch\/agnieszkasoltysikmonnet\/files\/2024\/03\/CUSO-Flyer-Human-Humanism-202485_Page_1-724x1024.jpg 724w, https:\/\/people.unil.ch\/agnieszkasoltysikmonnet\/files\/2024\/03\/CUSO-Flyer-Human-Humanism-202485_Page_1-212x300.jpg 212w, https:\/\/people.unil.ch\/agnieszkasoltysikmonnet\/files\/2024\/03\/CUSO-Flyer-Human-Humanism-202485_Page_1-768x1086.jpg 768w, https:\/\/people.unil.ch\/agnieszkasoltysikmonnet\/files\/2024\/03\/CUSO-Flyer-Human-Humanism-202485_Page_1.jpg 1059w\" sizes=\"auto, (max-width: 525px) 100vw, 525px\" \/><\/a><\/p>\n<p><a href=\"https:\/\/people.unil.ch\/agnieszkasoltysikmonnet\/files\/2024\/03\/Unknown.jpeg\"><img alt=\"\" loading=\"lazy\" decoding=\"async\" class=\"alignnone wp-image-2280 size-large\" src=\"https:\/\/people.unil.ch\/agnieszkasoltysikmonnet\/files\/2024\/03\/Unknown-724x1024.jpeg\" alt=\"\" width=\"525\" height=\"743\" srcset=\"https:\/\/people.unil.ch\/agnieszkasoltysikmonnet\/files\/2024\/03\/Unknown-724x1024.jpeg 724w, https:\/\/people.unil.ch\/agnieszkasoltysikmonnet\/files\/2024\/03\/Unknown-212x300.jpeg 212w, https:\/\/people.unil.ch\/agnieszkasoltysikmonnet\/files\/2024\/03\/Unknown-768x1087.jpeg 768w, https:\/\/people.unil.ch\/agnieszkasoltysikmonnet\/files\/2024\/03\/Unknown.jpeg 848w\" sizes=\"auto, (max-width: 525px) 100vw, 525px\" \/><\/a><\/p>\n<h2>Recent Lectures:<\/h2>\n<p><strong>Oct. 19, 12:30 p.m.: Dr. Mathieu Donner<\/strong> on Octavia Butler and Posthumanism (link to this event by request only)<\/p>\n<div class=\"\">The American literature and culture branch of the department is pleased to invite you to the following events that are happening this semester:<\/div>\n<div class=\"\">\u00a0<\/div>\n<div>\u00a0<\/div>\n<div class=\"\"><b class=\"\">March 5, Thursday, 16:15-17:45 (ANT 5196)<\/b>:\u00a0<b class=\"\">Prof. Ewa Lukacz<\/b>\u00a0(University of Warsaw) will give a talk in the research seminar series, titled \u201c<b class=\"\">Making of Americans: Charlie Chaplin, Harvey Kellogg and the Science of Eugenics\u201d<\/b><\/div>\n<div class=\"\">\u00a0<\/div>\n<div>\u00a0<\/div>\n<div class=\"\">\u00a0<\/div>\n<div class=\"\"><b class=\"\">March 17, Tuesday, 14:15-15:45 (ANT 4173)<\/b>:\u00a0<b class=\"\">Dr. Martin M\u00fchlheim\u00a0<\/b>(University of Zurich) will give a talk in the\u00a0<b class=\"\">Haitian Revolution\u00a0<\/b>and its lingering presence in Anglo-American literature. For more info:\u00a0<a class=\"\" href=\"https:\/\/www.es.uzh.ch\/en\/aboutus\/team\/mmuehlheim\/portrait.html\">https:\/\/www.es.uzh.ch\/en\/aboutus\/team\/mmuehlheim\/portrait.html<\/a><\/div>\n<div class=\"\">\u00a0<\/div>\n<div>\u00a0<\/div>\n<div class=\"\">\u00a0<\/div>\n<div class=\"\"><b class=\"\">March 31, Tuesday, 14:15-15:45 (ANT 4173): Prof. Gilmer Cook<\/b>\u00a0(Dominican University, Illinois) will give a guest lecture and seminar on\u00a0<b class=\"\">Langston Hughes,<\/b>\u00a0focusing on the much anthologised poem, \u201cTheme for English B\u201d (which you can find here:\u00a0<a class=\"\" href=\"https:\/\/www.poetryfoundation.org\/poems\/47880\/theme-for-english-b\">https:\/\/www.poetryfoundation.org\/poems\/47880\/theme-for-english-b<\/a>\u00a0 )<\/div>\n<div class=\"\">\u00a0<\/div>\n<div>\u00a0<\/div>\n<div class=\"\"><b class=\"\">May 12, Tuesday, 14:15-15:45 (ANT 4173)<\/b>:\u00a0<b class=\"\">Rik Palieri<\/b>\u00a0(Independent Folk Musician and Author) will give a musical performance and talk about\u00a0<b class=\"\">American folk music,\u00a0<\/b>with a special emphasis on the influence of African American musicians and instruments. For more info:\u00a0<a class=\"\" href=\"https:\/\/rikpalieri.com\/\">https:\/\/rikpalieri.com<\/a><\/div>\n<h2>\u00a0<\/h2>\n<h2>\u00a0<\/h2>\n<h2>Recent Lectures:<\/h2>\n<p><a href=\"https:\/\/people.unil.ch\/agnieszkasoltysikmonnet\/files\/2010\/09\/dewulf_green.png\"><img alt=\"\" loading=\"lazy\" decoding=\"async\" class=\"alignnone size-large wp-image-1499\" src=\"https:\/\/people.unil.ch\/agnieszkasoltysikmonnet\/files\/2010\/09\/dewulf_green-1024x725.png\" alt=\"\" width=\"640\" height=\"453\" \/><\/a><\/p>\n<h3><strong>May 1: Ulla Haselstein (Free University, Berlin) on Gertrude Stein<\/strong><\/h3>\n<p><a href=\"https:\/\/people.unil.ch\/agnieszkasoltysikmonnet\/files\/2019\/04\/stein.jpg\"><img alt=\"\" loading=\"lazy\" decoding=\"async\" class=\"alignnone size-large wp-image-1504\" src=\"https:\/\/people.unil.ch\/agnieszkasoltysikmonnet\/files\/2019\/04\/stein-724x1024.jpg\" alt=\"\" width=\"640\" height=\"905\" \/><\/a><\/p>\n<p><a href=\"https:\/\/people.unil.ch\/agnieszkasoltysikmonnet\/files\/2019\/03\/LectureDavidSchmid_March21.jpg\"><img alt=\"\" loading=\"lazy\" decoding=\"async\" class=\"alignnone size-medium wp-image-1477\" src=\"https:\/\/people.unil.ch\/agnieszkasoltysikmonnet\/files\/2019\/03\/LectureDavidSchmid_March21-300x220.jpg\" alt=\"\" width=\"300\" height=\"220\" \/><\/a><\/p>\n<p><strong>March 21, 17:15: David Schmid (SUNY Buffalo): Crime Narratives in the Age of Trump (ANT 2064)\u00a0<\/strong><\/p>\n<p><strong>March 22, 17:15: Popular Cultures of Violence (Geopolis 2879)<\/strong><\/p>\n<p><strong>March 23, 16:00 : Mishuana Goeman: Turning the Spectacle, Imagining Indigenous Futures, Killing the Colonial Past (5033)<\/strong><\/p>\n<h3><strong>May 1: Ulla Haselstein (Free University, Berlin) on Gertrude Stein<\/strong><\/h3>\n<h2>Previous lectures:<\/h2>\n<p>Peter Price, Dec. 18 at 12:15, 5125 on the death of the hippie:<\/p>\n<p><a href=\"https:\/\/people.unil.ch\/agnieszkasoltysikmonnet\/files\/2018\/12\/Poster-Lausanne.jpg\"><img alt=\"\" loading=\"lazy\" decoding=\"async\" class=\"alignnone size-medium wp-image-1471\" src=\"https:\/\/people.unil.ch\/agnieszkasoltysikmonnet\/files\/2018\/12\/Poster-Lausanne-212x300.jpg\" alt=\"\" width=\"212\" height=\"300\" srcset=\"https:\/\/people.unil.ch\/agnieszkasoltysikmonnet\/files\/2018\/12\/Poster-Lausanne-212x300.jpg 212w, https:\/\/people.unil.ch\/agnieszkasoltysikmonnet\/files\/2018\/12\/Poster-Lausanne-768x1087.jpg 768w, https:\/\/people.unil.ch\/agnieszkasoltysikmonnet\/files\/2018\/12\/Poster-Lausanne-724x1024.jpg 724w, https:\/\/people.unil.ch\/agnieszkasoltysikmonnet\/files\/2018\/12\/Poster-Lausanne.jpg 848w\" sizes=\"auto, (max-width: 212px) 100vw, 212px\" \/><\/a><\/p>\n<p>Will Kaufman, Oct. 15th at 1:15 at 3032: on Woody Guthrie<\/p>\n<p><a style=\"color: #ff4b33\" href=\"https:\/\/people.unil.ch\/agnieszkasoltysikmonnet\/files\/2010\/09\/woody-big-read-copy.jpg\"><img alt=\"\" loading=\"lazy\" decoding=\"async\" class=\"alignnone size-full wp-image-176\" src=\"https:\/\/people.unil.ch\/agnieszkasoltysikmonnet\/files\/2010\/09\/woody-big-read-copy.jpg\" alt=\"\" width=\"235\" height=\"253\" \/><\/a><\/p>\n<h2>\u00a0<\/h2>\n<p><a href=\"https:\/\/people.unil.ch\/agnieszkasoltysikmonnet\/files\/2010\/09\/images.jpeg\"><img alt=\"\" loading=\"lazy\" decoding=\"async\" class=\"alignnone size-medium wp-image-1365\" src=\"https:\/\/people.unil.ch\/agnieszkasoltysikmonnet\/files\/2010\/09\/images-212x300.jpeg\" alt=\"\" width=\"212\" height=\"300\" \/><\/a><a href=\"https:\/\/people.unil.ch\/agnieszkasoltysikmonnet\/files\/2010\/09\/JuliaStraub_13.10.2016_eng.jpg\">\u00a0\u00a0\u00a0\u00a0 <img alt=\"\" loading=\"lazy\" decoding=\"async\" class=\"alignnone size-thumbnail wp-image-1366\" src=\"https:\/\/people.unil.ch\/agnieszkasoltysikmonnet\/files\/2010\/09\/JuliaStraub_13.10.2016_eng-150x150.jpg\" alt=\"\" width=\"150\" height=\"150\" \/><\/a><\/p>\n<p>Nov. 22nd: <b id=\"yui_3_17_2_1_1509605592159_4180\"><span id=\"yui_3_17_2_1_1509605592159_4179\" lang=\"EN-US\">Guest lecture by Dr. Julia Straub from the University of Bern, on &#8216;Cultural Memory and its (New) Media in Early America&#8217;<\/span><\/b><\/p>\n<p>1:15-2:45 in Anthropole 2064<\/p>\n<p><span lang=\"EN-US\">This lecture is based on Julia&#8217;s new book, which explores transatlantic literary culture by tracing the proliferation of \u2018new media,\u2019 such as the anthology, the literary history and the magazine, in the period between 1750 and 1850. The fast-paced media landscape out of which these publishing genres developed produced the need of a \u2018memory of literature\u2019 and a concomitant rhetoric of remembering strikingly similar to what today is called a cultural memory debate. Thus, rather than depicting the emergence of an American national literature, <i>The Rise of New Media(1750\u20131850)<\/i> combines impulses from media history, the history of print, the sociology of literature and canon theory to uncover nascent forms and genres of literary self-reflectivity and early stirrings of a canon debate in the Atlantic World.<\/span><\/p>\n<p>AND<\/p>\n<p><strong>Nov. 30th, 5:00 &#8211; 6:30 p.m. in 5196<\/strong><\/p>\n<p>Talk and concert by Will Kaufman on Woody Guthrie and racism<\/p>\n<p>&#8220;The Long Road to Peekskill&#8221;<\/p>\n<p><a href=\"https:\/\/people.unil.ch\/agnieszkasoltysikmonnet\/files\/2010\/09\/6537386.jpg\"><img alt=\"\" loading=\"lazy\" decoding=\"async\" class=\"alignnone size-medium wp-image-1312\" src=\"https:\/\/people.unil.ch\/agnieszkasoltysikmonnet\/files\/2010\/09\/6537386-300x200.jpg\" alt=\"\" width=\"300\" height=\"200\" \/><\/a><\/p>\n<p>https:\/\/www.willkaufman.com\/woody-guthrie-the-long-road-to-peekskill.html<\/p>\n<p><span style=\"color: #660000;font-size: large\">THE LONG ROAD TO PEEKSKILL presents the story of Woody Guthrie\u2019s personal transformation from a youthful Oklahoma racist to the ardent anti-racist champion who, along with many others, risked his life holding the line against American fascism during the notorious Peekskill riots of 1949. Conventionally known for his championing of the poor white Dust Bowl migrants, Guthrie also left an extensive body of songs condemning Jim Crow segregation, lynching and race hatred. Most of these songs were never recorded, but they are the legacy of this remarkable journey that eventually brought Guthrie into the fellowship of Lead Belly, Josh White, Sonny Terry, Brownie McGhee and Paul Robeson.\u00a0<em>The Long Road to Peekskill<\/em>\u00a0is both a harrowing and uplifting presentation, showing through the example of Woody Guthrie that racists are not born, but made &#8211; and that they can be unmade.<\/span><span style=\"font-size: large\"><br \/><\/span><\/p>\n<h2>\u00a0<\/h2>\n<h2>\u00a0<\/h2>\n<h2>\u00a0<\/h2>\n<h2><strong>Previous lectures<\/strong><\/h2>\n<h2>April 21, 2015<\/h2>\n<p><a href=\"https:\/\/people.unil.ch\/agnieszkasoltysikmonnet\/files\/2010\/09\/Gay-Shame.jpg\"><img loading=\"lazy\" decoding=\"async\" class=\"alignnone size-medium wp-image-911\" src=\"https:\/\/people.unil.ch\/agnieszkasoltysikmonnet\/files\/2010\/09\/Gay-Shame-212x300.jpg\" alt=\"Gay Shame\" width=\"212\" height=\"300\" srcset=\"https:\/\/people.unil.ch\/agnieszkasoltysikmonnet\/files\/2010\/09\/Gay-Shame-212x300.jpg 212w, https:\/\/people.unil.ch\/agnieszkasoltysikmonnet\/files\/2010\/09\/Gay-Shame.jpg 566w\" sizes=\"auto, (max-width: 212px) 100vw, 212px\" \/><\/a><\/p>\n<p>April 22<\/p>\n<p><a href=\"https:\/\/people.unil.ch\/agnieszkasoltysikmonnet\/files\/2010\/09\/Queer-Communication.jpg\"><img loading=\"lazy\" decoding=\"async\" class=\"alignnone size-medium wp-image-912\" src=\"https:\/\/people.unil.ch\/agnieszkasoltysikmonnet\/files\/2010\/09\/Queer-Communication-212x300.jpg\" alt=\"Queer Communication\" width=\"212\" height=\"300\" \/><\/a><\/p>\n<h2>\u00a0<\/h2>\n<h2><strong><span style=\"color: #000000\">March 24, 10-12 : <\/span><\/strong><span style=\"color: #000000\">Matilde Martin (Universidad de la Laguna, Tenerife), &#8220;Asian American Literature&#8221;<\/span><\/h2>\n<div><a href=\"https:\/\/people.unil.ch\/agnieszkasoltysikmonnet\/files\/2010\/09\/Asian-American-Literature6.jpg\"><img loading=\"lazy\" decoding=\"async\" class=\"alignnone size-medium wp-image-856\" src=\"https:\/\/people.unil.ch\/agnieszkasoltysikmonnet\/files\/2010\/09\/Asian-American-Literature6-212x300.jpg\" alt=\"Asian-American Literature6\" width=\"212\" height=\"300\" \/><\/a><\/div>\n<h2>\u00a0<b>April 22, 13-15: <\/b>Tomasz Basiuk (American Studies Center, University of Warsaw), &#8220;Shame in Gay Life Writing<span lang=\"EN-US\" style=\"color: #000000\"><i>&#8220;<\/i><\/span><\/h2>\n<div>\u00a0<\/div>\n<div>\u00a0<\/div>\n<div>\u00a0<\/div>\n<div>\u00a0<\/div>\n<div>\u00a0<\/div>\n<div>\u00a0<em><strong>\u00a0RECENT LECTURES in the English Department<\/strong><\/em><\/div>\n<div>\u00a0<\/div>\n<div><span style=\"font-size: large\"><b>Workshop on Postfeminism &#8211; Spring 2014 (Universit\u00e9 de Lausanne)<\/b><\/span><\/div>\n<div>\u00a0<\/div>\n<p>March 20: Angela McRobbie: <b>\u201c<\/b><b>What is at stake in the feminist \u00a0politics of affect?\u201d<\/b><\/p>\n<p><a href=\"https:\/\/people.unil.ch\/agnieszkasoltysikmonnet\/files\/2010\/09\/angelamcrobbie.jpg\"><img loading=\"lazy\" decoding=\"async\" class=\"alignnone size-thumbnail wp-image-626\" src=\"https:\/\/people.unil.ch\/agnieszkasoltysikmonnet\/files\/2010\/09\/angelamcrobbie-150x150.jpg\" alt=\"angelamcrobbie\" width=\"150\" height=\"150\" \/><\/a><\/p>\n<p>March 21: Rosalind Gill: <b>\u201c<\/b><b>Postfeminism, Power and Intimacy\u201d<\/b><\/p>\n<p><a href=\"https:\/\/people.unil.ch\/agnieszkasoltysikmonnet\/files\/2010\/09\/Dr-Rosalind-Gill.jpg\"><img loading=\"lazy\" decoding=\"async\" class=\"alignnone size-thumbnail wp-image-627\" src=\"https:\/\/people.unil.ch\/agnieszkasoltysikmonnet\/files\/2010\/09\/Dr-Rosalind-Gill-150x150.jpg\" alt=\"Dr Rosalind Gill\" width=\"150\" height=\"150\" \/><\/a><\/p>\n<p>N<strong>ovember 13, Judith Butler:<\/strong> &#8220;Is Gender Untranslatable?&#8221; (Anthropole 2024, 17:00)<\/p>\n<p><a href=\"https:\/\/people.unil.ch\/agnieszkasoltysikmonnet\/files\/2010\/09\/images-2.jpg\"><img loading=\"lazy\" decoding=\"async\" class=\"alignnone size-thumbnail wp-image-583\" src=\"https:\/\/people.unil.ch\/agnieszkasoltysikmonnet\/files\/2010\/09\/images-2-150x150.jpg\" alt=\"images-2\" width=\"150\" height=\"150\" \/><\/a><\/p>\n<p>Nov. 22: Maisha Wester, &#8220;Beloved and the African American Gothic&#8221; (Anthropole 2013), 3:15 p.m.<\/p>\n<p><a href=\"https:\/\/people.unil.ch\/agnieszkasoltysikmonnet\/files\/2010\/09\/Maisha-Wester-Poster-2.jpg\"><img loading=\"lazy\" decoding=\"async\" class=\"alignnone size-medium wp-image-607\" src=\"https:\/\/people.unil.ch\/agnieszkasoltysikmonnet\/files\/2010\/09\/Maisha-Wester-Poster-2-211x300.jpg\" alt=\"Maisha Wester, Poster [2]\" width=\"211\" height=\"300\" srcset=\"https:\/\/people.unil.ch\/agnieszkasoltysikmonnet\/files\/2010\/09\/Maisha-Wester-Poster-2-211x300.jpg 211w, https:\/\/people.unil.ch\/agnieszkasoltysikmonnet\/files\/2010\/09\/Maisha-Wester-Poster-2.jpg 565w\" sizes=\"auto, (max-width: 211px) 100vw, 211px\" \/><\/a><\/p>\n<p><strong>December 13: Teresa Goddu<\/strong>, &#8220;Slave Narratives and the American Gothic&#8221; (Anthropole 5081, 13:15-15:00)<\/p>","protected":false},"excerpt":{"rendered":"<p>Oct. 8: &#8216;The American Presidential Election,&#8217; Morges Gymnase Nov. 1: Ecotopiales Round-Table Nov. 5: James Baldwin en suisse: sur &#8216;Un Etranger dans le Village&#8217; de Pierre Koralnik Nov. 21: \u00ab\u00a0La contre-culture aux USA et son influence sur le war on\u00a0drugs\u00a0\u00bb, AG de la soci\u00e9t\u00e9 suisse de m\u00e9decine psych\u00e9d\u00e9lique SSMP ALSO, in the English Department: Autumn &hellip; <\/p>\n<p class=\"link-more\"><a href=\"https:\/\/people.unil.ch\/agnieszkasoltysikmonnet\/news\/upcoming-lectures\/\" class=\"more-link\">Continue reading<span class=\"screen-reader-text\"> &#8220;Upcoming Lectures&#8221;<\/span><\/a><\/p>\n","protected":false},"author":22,"featured_media":0,"parent":12,"menu_order":0,"comment_status":"closed","ping_status":"closed","template":"","meta":{"_seopress_robots_primary_cat":"","_seopress_titles_title":"","_seopress_titles_desc":"","_seopress_robots_index":"","footnotes":""},"class_list":["post-136","page","type-page","status-publish"],"_links":{"self":[{"href":"https:\/\/people.unil.ch\/agnieszkasoltysikmonnet\/wp-json\/wp\/v2\/pages\/136","targetHints":{"allow":["GET"]}}],"collection":[{"href":"https:\/\/people.unil.ch\/agnieszkasoltysikmonnet\/wp-json\/wp\/v2\/pages"}],"about":[{"href":"https:\/\/people.unil.ch\/agnieszkasoltysikmonnet\/wp-json\/wp\/v2\/types\/page"}],"author":[{"embeddable":true,"href":"https:\/\/people.unil.ch\/agnieszkasoltysikmonnet\/wp-json\/wp\/v2\/users\/22"}],"replies":[{"embeddable":true,"href":"https:\/\/people.unil.ch\/agnieszkasoltysikmonnet\/wp-json\/wp\/v2\/comments?post=136"}],"version-history":[{"count":3,"href":"https:\/\/people.unil.ch\/agnieszkasoltysikmonnet\/wp-json\/wp\/v2\/pages\/136\/revisions"}],"predecessor-version":[{"id":2488,"href":"https:\/\/people.unil.ch\/agnieszkasoltysikmonnet\/wp-json\/wp\/v2\/pages\/136\/revisions\/2488"}],"up":[{"embeddable":true,"href":"https:\/\/people.unil.ch\/agnieszkasoltysikmonnet\/wp-json\/wp\/v2\/pages\/12"}],"wp:attachment":[{"href":"https:\/\/people.unil.ch\/agnieszkasoltysikmonnet\/wp-json\/wp\/v2\/media?parent=136"}],"curies":[{"name":"wp","href":"https:\/\/api.w.org\/{rel}","templated":true}]}}