{"id":1755,"date":"2021-01-19T10:40:50","date_gmt":"2021-01-19T09:40:50","guid":{"rendered":"https:\/\/people.unil.ch\/agnieszkasoltysikmonnet\/?page_id=1755"},"modified":"2025-09-04T15:54:40","modified_gmt":"2025-09-04T13:54:40","slug":"hello","status":"publish","type":"page","link":"https:\/\/people.unil.ch\/agnieszkasoltysikmonnet\/","title":{"rendered":"Hello!"},"content":{"rendered":"\n<figure class=\"wp-block-image size-large is-resized\"><a href=\"https:\/\/people.unil.ch\/agnieszkasoltysikmonnet\/files\/2025\/08\/book-portrait.jpg\"><img loading=\"lazy\" decoding=\"async\" width=\"700\" height=\"1024\" src=\"https:\/\/people.unil.ch\/agnieszkasoltysikmonnet\/files\/2025\/08\/book-portrait-700x1024.jpg\" alt=\"book portrait\" class=\"wp-image-2628\" style=\"width:332px;height:auto\" srcset=\"https:\/\/people.unil.ch\/agnieszkasoltysikmonnet\/files\/2025\/08\/book-portrait-700x1024.jpg 700w, https:\/\/people.unil.ch\/agnieszkasoltysikmonnet\/files\/2025\/08\/book-portrait-205x300.jpg 205w, https:\/\/people.unil.ch\/agnieszkasoltysikmonnet\/files\/2025\/08\/book-portrait-768x1124.jpg 768w, https:\/\/people.unil.ch\/agnieszkasoltysikmonnet\/files\/2025\/08\/book-portrait.jpg 820w\" sizes=\"auto, (max-width: 700px) 100vw, 700px\" \/><\/a><\/figure>\n\n\n\n<p>Hello and welcome!<\/p>\n\n\n\n<p>As Professor of American Literature and culture at the University of Lausanne, I teach a range of courses on 19th, 20th and 21st century North American literature, film and history. Born in Warsaw, Poland, I grew up in Los Angeles, California, and moved to Switzerland in 1994. After working at the University of Geneva for 12 years, I have been teaching  at UNIL since 2006.  All these different cultural backgrounds contribute to my interest in understanding how culture &#8212; and counterculture &#8212; shapes the stories we tell and the language in which we tell them. <\/p>\n\n\n\n<p>My areas of specialization are cultural studies, critical theory, gender and queer theory, the affective and cultural work of genre (including melodrama, the Gothic and adventure narratives), war narratives, and African American literature, history and culture. I have a strong background in Film Studies and work with cinema as well as visual culture and literature. My first monograph was on the American Gothic in 19th century American literature, with a focus on how the Gothic allowed for complex investigations of gender, race and sexuality in the works of authors like Poe, Hawthorne, Melville, James and Gilman. My last monograph also had a genre approach, this time to war narratives in post-WWII American culture, looking at a broad range of literature, film and visual art, in order to argue that the way war stories are told in the US is usually through the formulas of melodrama and adventure, both of which portray military violence as meaningful and attractive, as well as the horror genre which is traditionally antiwar.<\/p>\n\n\n\n<p>A recurring question that has motivated my research is how art, literature and language can be used to promote social justice and I have as a result been increasingly concerned with ecological issues. My current research (and much of my teaching) focuses on these issues and especially the role of narrative and language in shaping our responses to this planetary crisis. <\/p>\n\n\n\n<p>I am also starting a new research project on expanding our memory of the American counterculture, especially the under-studied role of women in this history as well as questions that pertain to the new field of Critical Psychedelic Studies.<\/p>\n\n\n\n<p><\/p>\n\n\n\n<p>EN FRAN\u00c7AIS: <\/p>\n\n\n\n<p>En tant que professeure de litt\u00e9rature et de culture am\u00e9ricaines \u00e0 l&#8217;Universit\u00e9 de Lausanne, j&#8217;enseigne des cours sur la litt\u00e9rature, le cin\u00e9ma et l&#8217;histoire nord-am\u00e9ricains des 19e, 20e et 21e si\u00e8cles. N\u00e9e \u00e0 Varsovie, en Pologne, j&#8217;ai grandi \u00e0 Los Angeles, en Californie, et me suis install\u00e9e en Suisse en 1994. Apr\u00e8s avoir travaill\u00e9 \u00e0 l&#8217;Universit\u00e9 de Gen\u00e8ve pendant 12 ans, j&#8217;enseigne \u00e0 l&#8217;UNIL depuis 2006. Tous ces contextes culturels diff\u00e9rents contribuent \u00e0 mon int\u00e9r\u00eat pour la compr\u00e9hension de la fa\u00e7on dont la culture &#8211; et la contre-culture &#8211; fa\u00e7onne les histoires que nous racontons et la langue dans laquelle nous les racontons.<\/p>\n\n\n\n<p>Mes domaines de sp\u00e9cialisation sont les \u00e9tudes culturelles, la th\u00e9orie critique, la th\u00e9orie du genre et queer, le travail affectif et culturel du genre (y compris le m\u00e9lodrame, le gothique et les r\u00e9cits d&#8217;aventure), les r\u00e9cits de guerre, et la litt\u00e9rature, l&#8217;histoire et la culture afro-am\u00e9ricaines. J&#8217;ai une solide formation en \u00e9tudes cin\u00e9matographiques et je travaille sur le cin\u00e9ma ainsi que sur la culture visuelle et la litt\u00e9rature. Ma premi\u00e8re monographie portait sur le gothique am\u00e9ricain dans la litt\u00e9rature am\u00e9ricaine du XIXe si\u00e8cle, et plus particuli\u00e8rement sur la fa\u00e7on dont le gothique permettait de poser des questions complexes sur le genre, la race et la sexualit\u00e9 dans les \u0153uvres d&#8217;auteurs tels que Poe, Hawthorne, Melville, James et Charlotte Perkins Gilman. <\/p>\n\n\n\n<p>Ma derni\u00e8re monographie s&#8217;appuyait \u00e9galement sur une approche par genre, cette fois sur les r\u00e9cits de guerre dans la culture am\u00e9ricaine d&#8217;apr\u00e8s la Seconde Guerre mondiale, en examinant un large \u00e9ventail de litt\u00e9rature, de films et d&#8217;arts visuels, afin d&#8217;affirmer que la fa\u00e7on dont les r\u00e9cits de guerre sont racont\u00e9s aux \u00c9tats-Unis passe g\u00e9n\u00e9ralement par les formules du m\u00e9lodrame et de l&#8217;aventure, qui pr\u00e9sentent toutes deux la violence militaire comme significative et attrayante.<\/p>\n\n\n\n<p>Une question r\u00e9currente qui a motiv\u00e9 mes recherches est de savoir comment l&#8217;art, la litt\u00e9rature et le langage peuvent \u00eatre utilis\u00e9s pour promouvoir la justice sociale, ce qui m&#8217;a amen\u00e9 \u00e0 m&#8217;int\u00e9resser de plus en plus aux questions \u00e9cologiques. Mes recherches actuelles (et une grande partie de mon enseignement) se concentrent sur ces questions et en particulier sur le r\u00f4le de la narration et du langage dans l&#8217;\u00e9laboration de nos r\u00e9ponses \u00e0 cette crise plan\u00e9taire.<\/p>\n\n\n\n<p>Je lance \u00e9galement un nouveau projet de recherche visant \u00e0 enrichir notre m\u00e9moire de la contre-culture am\u00e9ricaine, en particulier le r\u00f4le peu \u00e9tudi\u00e9 des femmes dans cette histoire, ainsi que les questions relatives au nouveau domaine des \u00e9tudes psych\u00e9d\u00e9liques critiques.<\/p>\n\n\n\n<p><\/p>\n\n\n<div class=\"wp-block-image\">\n<figure class=\"aligncenter size-medium\"><a href=\"https:\/\/people.unil.ch\/agnieszkasoltysikmonnet\/files\/2021\/02\/IMG_7703-1.jpg\"><img alt=\"\" loading=\"lazy\" decoding=\"async\" width=\"300\" height=\"225\" src=\"https:\/\/people.unil.ch\/agnieszkasoltysikmonnet\/files\/2021\/02\/IMG_7703-1-300x225.jpg\" alt=\"\" class=\"wp-image-1859\" srcset=\"https:\/\/people.unil.ch\/agnieszkasoltysikmonnet\/files\/2021\/02\/IMG_7703-1-300x225.jpg 300w, https:\/\/people.unil.ch\/agnieszkasoltysikmonnet\/files\/2021\/02\/IMG_7703-1-1024x768.jpg 1024w, https:\/\/people.unil.ch\/agnieszkasoltysikmonnet\/files\/2021\/02\/IMG_7703-1-768x576.jpg 768w, https:\/\/people.unil.ch\/agnieszkasoltysikmonnet\/files\/2021\/02\/IMG_7703-1-1536x1152.jpg 1536w, https:\/\/people.unil.ch\/agnieszkasoltysikmonnet\/files\/2021\/02\/IMG_7703-1.jpg 1600w\" sizes=\"auto, (max-width: 300px) 100vw, 300px\" \/><\/a><figcaption class=\"wp-element-caption\">Earthship, Taos, New Mexico<\/figcaption><\/figure>\n<\/div>\n\n<div class=\"wp-block-image\">\n<figure class=\"aligncenter size-full is-resized\"><a href=\"https:\/\/people.unil.ch\/agnieszkasoltysikmonnet\/files\/2025\/08\/image-2.png\"><img loading=\"lazy\" decoding=\"async\" width=\"924\" height=\"446\" src=\"https:\/\/people.unil.ch\/agnieszkasoltysikmonnet\/files\/2025\/08\/image-2.png\" alt=\"image\" class=\"wp-image-2682\" style=\"width:480px;height:auto\" srcset=\"https:\/\/people.unil.ch\/agnieszkasoltysikmonnet\/files\/2025\/08\/image-2.png 924w, https:\/\/people.unil.ch\/agnieszkasoltysikmonnet\/files\/2025\/08\/image-2-300x145.png 300w, https:\/\/people.unil.ch\/agnieszkasoltysikmonnet\/files\/2025\/08\/image-2-768x371.png 768w\" sizes=\"auto, (max-width: 767px) 89vw, (max-width: 1000px) 54vw, (max-width: 1071px) 543px, 580px\" \/><\/a><figcaption class=\"wp-element-caption\">image<\/figcaption><\/figure>\n<\/div>\n\n\n<p><strong>Just published and available online: my co-edited (with Christian Arnsperger) volume on &#8216;The Ecological Future&#8217;:<\/strong><\/p>\n\n\n\n<p><a href=\"https:\/\/czasopisma.uni.lodz.pl\/textmatters\/issue\/view\/1228\">https:\/\/czasopisma.uni.lodz.pl\/textmatters\/issue\/view\/1228<\/a><\/p>\n\n\n\n<p><\/p>\n\n\n\n<p><\/p>\n\n\n\n<p><strong>Short video about the Master&#8217;s specialization program in New American Studies (in French):<\/strong><\/p>\n\n\n\n<figure class=\"wp-block-embed is-type-video is-provider-youtube wp-block-embed-youtube wp-embed-aspect-16-9 wp-has-aspect-ratio\"><div class=\"wp-block-embed__wrapper\">\n<iframe loading=\"lazy\" title=\"Nouvelles \u00e9tudes am\u00e9ricaines\" width=\"525\" height=\"295\" src=\"https:\/\/www.youtube.com\/embed\/8BnlAylLmJ8?feature=oembed\" frameborder=\"0\" allow=\"accelerometer; autoplay; clipboard-write; encrypted-media; gyroscope; picture-in-picture; web-share\" referrerpolicy=\"strict-origin-when-cross-origin\" allowfullscreen><\/iframe>\n<\/div><\/figure>\n\n\n\n<p><\/p>\n\n\n\n<p><strong>Previous events: <\/strong><\/p>\n\n\n\n<p><\/p>\n\n\n\n<p><strong>A 2021 invited talk about Ernest Callenbach&#8217;s novel <em>Ecotopia <\/em>(1975): <\/strong><\/p>\n\n\n\n<figure class=\"wp-block-embed is-type-video is-provider-youtube wp-block-embed-youtube wp-embed-aspect-16-9 wp-has-aspect-ratio\"><div class=\"wp-block-embed__wrapper\">\n<iframe loading=\"lazy\" title=\"Apocalypse, Utopia and Ernest Callenbach\u2019s Vision of an Ecological Future\" width=\"525\" height=\"295\" src=\"https:\/\/www.youtube.com\/embed\/7h5sYtXHhT4?feature=oembed\" frameborder=\"0\" allow=\"accelerometer; autoplay; clipboard-write; encrypted-media; gyroscope; picture-in-picture; web-share\" referrerpolicy=\"strict-origin-when-cross-origin\" allowfullscreen><\/iframe>\n<\/div><\/figure>\n\n\n\n<p>My latest book is out! see below: <\/p>\n\n\n\n<p><a href=\"https:\/\/rowman.com\/ISBN\/9781793634955\/Combat-Death-in-Contemporary-American-Culture-Popular-Cultural-Conceptions-of-War-since-World-War-II\">https:\/\/rowman.com\/ISBN\/9781793634955\/Combat-Death-in-Contemporary-American-Culture-Popular-Cultural-Conceptions-of-War-since-World-War-II<\/a><\/p>\n\n\n\n<figure class=\"wp-block-image\"><a href=\"https:\/\/people.unil.ch\/agnieszkasoltysikmonnet\/files\/2010\/09\/Combat-Death-in-Contemporary-American-Culture_LITHO_Proof3-2.jpg\"><img alt=\"\" loading=\"lazy\" decoding=\"async\" width=\"1024\" height=\"708\" src=\"https:\/\/people.unil.ch\/agnieszkasoltysikmonnet\/files\/2010\/09\/Combat-Death-in-Contemporary-American-Culture_LITHO_Proof3-2-1024x708.jpg\" alt=\"\" class=\"wp-image-1738\" srcset=\"https:\/\/people.unil.ch\/agnieszkasoltysikmonnet\/files\/2010\/09\/Combat-Death-in-Contemporary-American-Culture_LITHO_Proof3-2-1024x708.jpg 1024w, https:\/\/people.unil.ch\/agnieszkasoltysikmonnet\/files\/2010\/09\/Combat-Death-in-Contemporary-American-Culture_LITHO_Proof3-2-300x207.jpg 300w, https:\/\/people.unil.ch\/agnieszkasoltysikmonnet\/files\/2010\/09\/Combat-Death-in-Contemporary-American-Culture_LITHO_Proof3-2-768x531.jpg 768w, https:\/\/people.unil.ch\/agnieszkasoltysikmonnet\/files\/2010\/09\/Combat-Death-in-Contemporary-American-Culture_LITHO_Proof3-2-1536x1062.jpg 1536w, https:\/\/people.unil.ch\/agnieszkasoltysikmonnet\/files\/2010\/09\/Combat-Death-in-Contemporary-American-Culture_LITHO_Proof3-2.jpg 1736w\" sizes=\"auto, (max-width: 767px) 89vw, (max-width: 1000px) 54vw, (max-width: 1071px) 543px, 580px\" \/><\/a><\/figure>\n\n\n\n<figure class=\"wp-block-embed is-type-video is-provider-youtube wp-block-embed-youtube wp-embed-aspect-16-9 wp-has-aspect-ratio\"><div class=\"wp-block-embed__wrapper\">\n<iframe loading=\"lazy\" title=\"Pourquoi la guerre para\u00eet-elle si s\u00e9duisante dans la culture populaire am\u00e9ricaine ?\" width=\"525\" height=\"295\" src=\"https:\/\/www.youtube.com\/embed\/l-gY00R6HgI?feature=oembed\" frameborder=\"0\" allow=\"accelerometer; autoplay; clipboard-write; encrypted-media; gyroscope; picture-in-picture; web-share\" referrerpolicy=\"strict-origin-when-cross-origin\" allowfullscreen><\/iframe>\n<\/div><\/figure>\n\n\n\n<h4 class=\"wp-block-heading has-normal-font-size\"><\/h4>\n\n\n\n<hr class=\"wp-block-separator has-css-opacity\" \/>\n\n\n\n<p><strong>THE AMERICAN STUDIES SPECIALIZATION PROGRAM<\/strong><\/p>\n\n\n<div class=\"wp-block-image\">\n<figure class=\"alignleft\"><a href=\"https:\/\/people.unil.ch\/agnieszkasoltysikmonnet\/files\/2010\/09\/Poster-New-American-Studies.jpg\"><img loading=\"lazy\" decoding=\"async\" width=\"211\" height=\"300\" src=\"https:\/\/people.unil.ch\/agnieszkasoltysikmonnet\/files\/2010\/09\/Poster-New-American-Studies-211x300.jpg\" alt=\"Poster, New American Studies\" class=\"wp-image-692\" srcset=\"https:\/\/people.unil.ch\/agnieszkasoltysikmonnet\/files\/2010\/09\/Poster-New-American-Studies-211x300.jpg 211w, https:\/\/people.unil.ch\/agnieszkasoltysikmonnet\/files\/2010\/09\/Poster-New-American-Studies.jpg 565w\" sizes=\"auto, (max-width: 211px) 100vw, 211px\" \/><\/a><\/figure>\n<\/div>\n\n\n<p>The American domain of the English department at UNIL offers a Master&#8217;s specialization program (a 30 credit program added to the 90-credit MA) in New American Studies.<\/p>\n\n\n\n<p>Students who have completed their 30 credits in their second branch of study and plan to write a m\u00e9moire on an American topic and wish to do the SPEC program can sign up by writing me (and Boris Vejdovsky) an email:<\/p>\n\n\n\n<p>agnieszka.soltysikmonnet@unil.ch<br>boris.vejdovsky@unil.ch<\/p>\n\n\n\n<p><a href=\"https:\/\/www.unil.ch\/lettres\/page97762.html\">Click here for official link to information page in French.<\/a><\/p>\n\n\n\n<p><a href=\"https:\/\/people.unil.ch\/agnieszkasoltysikmonnet\/new-american-studies-spec\/\" data-type=\"link\" data-id=\"https:\/\/people.unil.ch\/agnieszkasoltysikmonnet\/new-american-studies-spec\/\">Click here for more info on the program in ENGLISH<\/a><\/p>\n\n\n\n<p><a href=\"https:\/\/people.unil.ch\/agnieszkasoltysikmonnet\/files\/2010\/09\/AmericanStudies_Uniscope_584.pdf\">Click here for article on AmericanStudies_Uniscope_584<\/a><\/p>\n\n\n\n<figure class=\"wp-block-image size-medium\"><a href=\"https:\/\/people.unil.ch\/agnieszkasoltysikmonnet\/files\/2021\/02\/UNADJUSTEDNONRAW_thumb_5f52-1.jpg\"><img alt=\"\" decoding=\"async\" src=\"https:\/\/people.unil.ch\/agnieszkasoltysikmonnet\/files\/2021\/02\/UNADJUSTEDNONRAW_thumb_5f52-1-225x300.jpg\" alt=\"\" class=\"wp-image-1919\" \/><\/a><\/figure>\n\n\n\n<p><\/p>\n","protected":false},"excerpt":{"rendered":"<p>Hello and welcome! As Professor of American Literature and culture at the University of Lausanne, I teach a range of courses on 19th, 20th and 21st century North American literature, film and history. Born in Warsaw, Poland, I grew up in Los Angeles, California, and moved to Switzerland in 1994. After working at the University &hellip; <\/p>\n<p class=\"link-more\"><a href=\"https:\/\/people.unil.ch\/agnieszkasoltysikmonnet\/\" class=\"more-link\">Continue reading<span class=\"screen-reader-text\"> &#8220;Hello!&#8221;<\/span><\/a><\/p>\n","protected":false},"author":1001013,"featured_media":2148,"parent":0,"menu_order":0,"comment_status":"closed","ping_status":"closed","template":"","meta":{"_seopress_robots_primary_cat":"","_seopress_titles_title":"","_seopress_titles_desc":"","_seopress_robots_index":"","footnotes":""},"class_list":["post-1755","page","type-page","status-publish","has-post-thumbnail"],"_links":{"self":[{"href":"https:\/\/people.unil.ch\/agnieszkasoltysikmonnet\/wp-json\/wp\/v2\/pages\/1755","targetHints":{"allow":["GET"]}}],"collection":[{"href":"https:\/\/people.unil.ch\/agnieszkasoltysikmonnet\/wp-json\/wp\/v2\/pages"}],"about":[{"href":"https:\/\/people.unil.ch\/agnieszkasoltysikmonnet\/wp-json\/wp\/v2\/types\/page"}],"author":[{"embeddable":true,"href":"https:\/\/people.unil.ch\/agnieszkasoltysikmonnet\/wp-json\/wp\/v2\/users\/1001013"}],"replies":[{"embeddable":true,"href":"https:\/\/people.unil.ch\/agnieszkasoltysikmonnet\/wp-json\/wp\/v2\/comments?post=1755"}],"version-history":[{"count":4,"href":"https:\/\/people.unil.ch\/agnieszkasoltysikmonnet\/wp-json\/wp\/v2\/pages\/1755\/revisions"}],"predecessor-version":[{"id":2702,"href":"https:\/\/people.unil.ch\/agnieszkasoltysikmonnet\/wp-json\/wp\/v2\/pages\/1755\/revisions\/2702"}],"wp:featuredmedia":[{"embeddable":true,"href":"https:\/\/people.unil.ch\/agnieszkasoltysikmonnet\/wp-json\/wp\/v2\/media\/2148"}],"wp:attachment":[{"href":"https:\/\/people.unil.ch\/agnieszkasoltysikmonnet\/wp-json\/wp\/v2\/media?parent=1755"}],"curies":[{"name":"wp","href":"https:\/\/api.w.org\/{rel}","templated":true}]}}