{"id":17,"date":"2017-09-28T17:35:22","date_gmt":"2017-09-28T15:35:22","guid":{"rendered":"http:\/\/people.unil.ch\/anikdebrot\/?page_id=17"},"modified":"2025-03-26T21:30:56","modified_gmt":"2025-03-26T20:30:56","slug":"media","status":"publish","type":"page","link":"https:\/\/people.unil.ch\/anikdebrot\/media\/","title":{"rendered":"Media"},"content":{"rendered":"<h3>Some media coverage<\/h3>\n<h4><strong>English<\/strong><\/h4>\n<p class=\"jeg_post_title\">PsyPost: <a href=\"https:\/\/www.psypost.org\/2021\/05\/physical-touch-from-a-romantic-partner-is-linked-to-improved-well-being-even-among-those-with-attachment-avoidance-60649\" target=\"_blank\" rel=\"noopener\">Physical touch from a romantic partner is linked to improved well-being, even among those with attachment avoidance<\/a><br \/>\nPsychology Today: <a href=\"https:\/\/www.psychologytoday.com\/za\/blog\/talking-apes\/202101\/the-power-touch\" target=\"_blank\" rel=\"noopener\">Attachment and \u200bThe Power of Touch<\/a><br \/>\nBBC radio &#8211; Health Check: <a href=\"https:\/\/www.bbc.co.uk\/programmes\/p04wb1sx\" target=\"_blank\" rel=\"noopener noreferrer\">Why does sex make us happy?<\/a><br \/>\nCNN: <a href=\"https:\/\/edition.cnn.com\/2017\/05\/25\/health\/sex-affection-couple-study\/index.html\" target=\"_blank\" rel=\"noopener noreferrer\">Want more affection in your relationship?<\/a><br \/>\nlovematters: <a href=\"https:\/\/lovematters.in\/en\/making-love\/why-sex-is-good-for-you\" target=\"_blank\" rel=\"noopener noreferrer\">Why sex is good for you<\/a><\/p>\n<p><strong>Fran\u00e7ais<\/strong><\/p>\n<p class=\"fu-blue\">Infographie du Centre de recheche LIVES: <a href=\"https:\/\/people.unil.ch\/anikdebrot\/files\/2025\/03\/infographie-livia-2.pdf\">Infographie &#8211; LIVIA &#8211; 2<\/a><br \/>\nRST1: Emission CQFD: <a href=\"https:\/\/pages.rts.ch\/la-1ere\/programmes\/cqfd\/13346857-une-aide-en-ligne-pour-celles-et-ceux-qui-vivent-un-deuil-ou-une-separation-14-09-2022.html?mediaShare=1\" target=\"_blank\" rel=\"noopener\">Une aide en ligne pour celles et ceux qui vivent un deuil ou une s\u00e9paration<\/a><br \/>\nLe Nouvelliste: <a href=\"https:\/\/www.lenouvelliste.ch\/valais\/faire-son-deuil-grace-a-un-accompagnement-en-ligne-une-etude-romande-teste-la-solution-1219340\" target=\"_blank\" rel=\"noopener\">Faire son deuil gr\u00e2ce \u00e0 un accompagnement en ligne, une \u00e9tude romande teste la solution<\/a><br \/>\nLaT\u00e9l\u00e9: <span id=\"nFIXf\" class=\"z-html\"><\/span><a href=\"https:\/\/latele.ch\/emissions\/fribourg-fait-maison\/fribourg-fait-maison-s-2020-e-5\" target=\"_blank\" rel=\"noopener noreferrer\">Et la tendresse ?!<\/a><br \/>\n<span id=\"sLmWf\" class=\"z-html\"><\/span>Podcast RTS: <a href=\"https:\/\/www.rts.ch\/play\/radio\/la-vie-aux-temps-du-coronavirus\/audio\/episode-6--quand-on-ne-peut-plus-toucher?id=11200275\" target=\"_blank\" rel=\"noopener noreferrer\">\u00ab\u00a0La vie aux temps du coronavirus\u00a0\u00bb: quand on ne peut plus toucher\u00a0<\/a><br \/>\nLe Temps: <a href=\"https:\/\/www.letemps.ch\/societe\/instagram-se-reinvente-therapeute-coeur\" target=\"_blank\" rel=\"noopener noreferrer\">Instagram se r\u00e9invente en th\u00e9rapeute de c\u0153ur<\/a><br \/>\nTEDxFribourg &#8211; L&rsquo;amour \u00e0 fleur de peau<\/p>\n<p><iframe loading=\"lazy\" title=\"Anik Debrot | L\u2019amour \u00e0 fleur de peau | Anik Debrot | TEDxFribourg\" width=\"735\" height=\"413\" src=\"https:\/\/www.youtube.com\/embed\/Jwf9Vjd8gfk?feature=oembed\" frameborder=\"0\" allow=\"accelerometer; autoplay; clipboard-write; encrypted-media; gyroscope; picture-in-picture; web-share\" referrerpolicy=\"strict-origin-when-cross-origin\" allowfullscreen><\/iframe><\/p>\n<h4><strong>Espa\u00f1ol<\/strong><\/h4>\n<p>Charla TEDx Puravida &#8211; San Jos\u00e9, Costa-Rica.<\/p>\n<p><iframe loading=\"lazy\" title=\"Piel a piel | Anik Debrot | TEDxPuraVida\" width=\"735\" height=\"413\" src=\"https:\/\/www.youtube.com\/embed\/9L-t0kr-OFk?feature=oembed\" frameborder=\"0\" allow=\"accelerometer; autoplay; clipboard-write; encrypted-media; gyroscope; picture-in-picture; web-share\" referrerpolicy=\"strict-origin-when-cross-origin\" allowfullscreen><\/iframe><\/p>\n<p>La Naci\u00f3n: <a href=\"https:\/\/www.nacion.com\/ciencia\/salud\/parejas-que-se-besan-abrazan-y-acarician-alcanzan\/GEY7FIK5PZHRDBPHLAZ7QDHCGY\/story\/\" target=\"_blank\" rel=\"noopener noreferrer\">Parejas que se besan, abrazan y acarician alcanzan mayor bienestar<\/a><br \/>\nYahoo vida y estilo: <a href=\"https:\/\/es-us.vida-estilo.yahoo.com\/tener-sexo-con-frecuencia-te-haria-mas-feliz-y-no-seria-por-los-orgasmos-091909733.html\" target=\"_blank\" rel=\"noopener noreferrer\">Tener sexo con frecuencia te har\u00eda m\u00e1s feliz, \u00a1y no ser\u00eda por los orgasmos!<\/a><\/p>\n<h4><strong>Deutsch<\/strong><\/h4>\n<p>NZZ: <a href=\"https:\/\/www.nzz.ch\/schweiz\/beruehrungen-in-der-quarantaene-mit-online-kuscheln-den-corona-koller-vertreiben-ld.1553307\" target=\"_blank\" rel=\"noopener noreferrer\">Ber\u00fchrungen in der Quarant\u00e4ne: Mit Online-Kuscheln den Corona-Koller vertreiben<\/a><strong><br \/>\n<\/strong>SRF Puls: <a href=\"https:\/\/www.srf.ch\/play\/tv\/puls\/video\/bitte-beruehren?id=53992cd8-abfa-4fde-b882-f3fac417e2bb&amp;startTime=75.247645\" target=\"_blank\" rel=\"noopener noreferrer\">Bitte ber\u00fchren!<\/a><br \/>\nORF.at &#8211; Science: <a href=\"https:\/\/science.orf.at\/stories\/2834057\/\" target=\"_blank\" rel=\"noopener noreferrer\">Warum Sex gl\u00fccklich macht<\/a><br \/>\nAargauer Zeitung: <a href=\"https:\/\/www.aargauerzeitung.ch\/leben\/gesundheit\/so-erzeugt-unser-nervensystem-wohlige-gefuehle-128775000\" target=\"_blank\" rel=\"noopener noreferrer\">So erzeugt unser Nervensystem wohlige Gef\u00fchle<\/a><br \/>\nFreiburger Nachrichten: <a href=\"https:\/\/www.freiburger-nachrichten.ch\/nachrichten-kanton\/auch-kleine-beruehrungen-koennen-die-stimmung-bei-paaren-verbessern\" target=\"_blank\" rel=\"noopener noreferrer\">Auch kleine Ber\u00fchrungen k\u00f6nnen die Stimmung bei Paaren verbessern<\/a><\/p>\n<p><strong>Italiano<\/strong><\/p>\n<p>Fanpage.it: <a href=\"https:\/\/donna.fanpage.it\/il-sesso-non-rende-felici-sono-le-coccole-a-migliorare-l-umore-ecco-perche\/\" target=\"_blank\" rel=\"noopener noreferrer\">Il sesso non rende felici, sono le coccole a migliorare l\u2019umore: ecco perch\u00e9<\/a><\/p>\n","protected":false},"excerpt":{"rendered":"<p>Some media coverage English PsyPost: Physical touch from a romantic partner is linked to improved well-being, even among those with attachment avoidance Psychology Today: Attachment and \u200bThe Power of Touch &hellip; <\/p>\n","protected":false},"author":1001079,"featured_media":0,"parent":0,"menu_order":0,"comment_status":"closed","ping_status":"closed","template":"","meta":{"_seopress_robots_primary_cat":"","_seopress_titles_title":"","_seopress_titles_desc":"","_seopress_robots_index":"","footnotes":""},"class_list":["post-17","page","type-page","status-publish"],"_links":{"self":[{"href":"https:\/\/people.unil.ch\/anikdebrot\/wp-json\/wp\/v2\/pages\/17","targetHints":{"allow":["GET"]}}],"collection":[{"href":"https:\/\/people.unil.ch\/anikdebrot\/wp-json\/wp\/v2\/pages"}],"about":[{"href":"https:\/\/people.unil.ch\/anikdebrot\/wp-json\/wp\/v2\/types\/page"}],"author":[{"embeddable":true,"href":"https:\/\/people.unil.ch\/anikdebrot\/wp-json\/wp\/v2\/users\/1001079"}],"replies":[{"embeddable":true,"href":"https:\/\/people.unil.ch\/anikdebrot\/wp-json\/wp\/v2\/comments?post=17"}],"version-history":[{"count":3,"href":"https:\/\/people.unil.ch\/anikdebrot\/wp-json\/wp\/v2\/pages\/17\/revisions"}],"predecessor-version":[{"id":551,"href":"https:\/\/people.unil.ch\/anikdebrot\/wp-json\/wp\/v2\/pages\/17\/revisions\/551"}],"wp:attachment":[{"href":"https:\/\/people.unil.ch\/anikdebrot\/wp-json\/wp\/v2\/media?parent=17"}],"curies":[{"name":"wp","href":"https:\/\/api.w.org\/{rel}","templated":true}]}}