{"id":285,"date":"2020-03-03T13:25:22","date_gmt":"2020-03-03T12:25:22","guid":{"rendered":"http:\/\/people.unil.ch\/annekatrinweber\/?page_id=285"},"modified":"2020-09-09T14:54:47","modified_gmt":"2020-09-09T12:54:47","slug":"ressources","status":"publish","type":"page","link":"https:\/\/people.unil.ch\/annekatrinweber\/ressources\/","title":{"rendered":"Ressources"},"content":{"rendered":"<p>The following list is an ongoing inventory of websites, databases and online repositories that I use for my research and teaching.<\/p>\n<h3>Histoire de la t\u00e9l\u00e9vision et des m\u00e9dias en Suisse:<\/h3>\n<ul>\n<li><a href=\"https:\/\/www.rts.ch\/archives\/\">Les archives de la RTS:<\/a> site d\u00e9di\u00e9 de la radio et t\u00e9l\u00e9vision publique de Suisse romande mettant \u00e0 disposition de nombreux extraits et \u00e9missions, des ann\u00e9es 1930 \u00e0 aujourd&rsquo;hui.<\/li>\n<li>Le <a href=\"https:\/\/www.dartfish.tv\/ChannelHome?CR=p33203\">canal vid\u00e9o des archives de la ville de Lausanne<\/a> r\u00e9unit les fonds patrimoniaux audiovisuels num\u00e9ris\u00e9s et conserv\u00e9s par la Ville de Lausanne. Il contient notamment le fond de la T\u00e9l\u00e9vision de la r\u00e9gion lausannoise, <a href=\"https:\/\/www.dartfish.tv\/Videos?CR=p33203c27287#AQEBAAEEAZdqAAAAAQEBAAABAgEBBgRUVlJMAQAAAAAA\">TVRL,<\/a> active entre 1993 et 2009.<\/li>\n<li><a href=\"https:\/\/scriptorium.bcu-lausanne.ch\/page\/bienvenue\">Scriptorium<\/a> met \u00e0 disposition de vastes collections de sources papiers du patrimoine vaudois. Pour une histoire de la t\u00e9l\u00e9vision, la collection de <em><a href=\"https:\/\/scriptorium.bcu-lausanne.ch\/s\/7YQXsvjtkL\">Radio TV &#8211; Je vois tout<\/a>\u00a0<\/em>est particuli\u00e8rement importante.<\/li>\n<li><a href=\"https:\/\/museris.lausanne.ch\/\">Museris<\/a>, bases de donn\u00e9es des institutions mus\u00e9ales de la Ville de Lausanne<\/li>\n<li><a href=\"https:\/\/wp.unil.ch\/tvelargie\/\">TV\u00e9largie<\/a>: le site du projet FNS <em>Au-del\u00e0 du service public: pour une histoire \u00e9largie de la t\u00e9l\u00e9vision en Suisse<\/em> qui pr\u00e9sente les recherches en cours et r\u00e9unit de nombreuses ressources en ligne.<\/li>\n<li><a href=\"https:\/\/www.e-pics.ethz.ch\/de\/home\/\">ETH-Pics, die Plattform der Bildkataloge der ETH Z\u00fcrich<\/a>, umfasst Fotographien und Nachl\u00e4sse unter anderem aus dem Bereich der Wissenschafts- und Technikgeschichte.<\/li>\n<li>Das <a href=\"https:\/\/www.mfk.ch\/home\/\">Museum f\u00fcr Kommunikation in Bern<\/a> pr\u00e4sentiert seine Sammlung im <a href=\"https:\/\/datenbanksammlungen.mfk.ch\/eMP\/eMuseumPlus\">online Katalog<\/a>.<\/li>\n<li>Dem Museum f\u00fcr Kommunikation angegliedert sind ebenfalls das <a href=\"https:\/\/www.mfk.ch\/ptt-archiv\/\">PTT-Archiv<\/a>. Die Sammlung ist in der <a href=\"https:\/\/pttarchiv.mfk.ch\/suchinfo.aspx\">online-Datenbank<\/a> recherchierbar. Das PTT-Archiv f\u00fchrt ebenfalls ein <a href=\"https:\/\/www.oralhistory-pttarchiv.ch\/de\">Oral History Projekt<\/a> mit ehemaligen PTT-Angestellten.<\/li>\n<li>Das Museum f\u00fcr Gestaltung Z\u00fcrich und das Archiv der Z\u00fcrcher Hochschule der K\u00fcnste haben einen gemeinsamen <a href=\"https:\/\/www.emuseum.ch\/start\">digitalen Katalog<\/a> mit fernsehhistorisch relevanten <a href=\"https:\/\/www.emuseum.ch\/objects\/90223\/lorenz--fernsehen--fernhoren--fernsprechen-uber-funk--fe?ctx=58b62095-e46b-482d-a907-2688716d8294&amp;idx=21\">Objekten<\/a>.<\/li>\n<li>Die <a href=\"https:\/\/www.bild-video-ton.ch\/\">Datenbank\u00a0Bild &amp; Ton<\/a> bietet Zugang zu Digitalisaten des Schweizerischen Sozialarchivs.<\/li>\n<li><a href=\"https:\/\/www.srf.ch\/play\/tv\">PLAY SRF<\/a> bietet Zugang zu audiovisuellen Archiven des Schweizer Fernsehen<\/li>\n<li><a href=\"https:\/\/www.memobase.ch\/de\">Memobase<\/a> erm\u00f6glicht\u00a0 den Zugang zu audiovisuellen Dokumenten aus\u00a063 Schweizer Institutionen &#8211; die Datanbank wird laufend erweitert.<\/li>\n<li><a href=\"https:\/\/www.e-periodica.ch\/\">e-periodca<\/a>: revues suisses en ligne.<\/li>\n<li><a href=\"https:\/\/www.e-newspaperarchives.ch\/?l=de\">e-newspaper<\/a>: journaux suisses en ligne.<\/li>\n<li><a href=\"https:\/\/www.historic.admin.ch\/\">Historische Mediathek der Schweizer Armee <\/a><\/li>\n<\/ul>\n<h3>International television &amp; media history:<\/h3>\n<ul>\n<li>The <a href=\"https:\/\/mediahistoryproject.org\/\">Media History Digital Library<\/a> is an incredibly rich ressource featuring books and magazines from the histories of film, broadcasting, and recorded sound.<\/li>\n<li><a href=\"https:\/\/www.americanradiohistory.com\/\">Americanradiohistory.com<\/a> documents the history of radio and television\u00a0in thousands of p<span class=\"auto-style1348\">u<\/span><span class=\"auto-style1348\">bli<\/span><span class=\"auto-style1348\">cations<\/span>.<\/li>\n<li><a href=\"https:\/\/archive.org\">Internet Archive<\/a> is a non-profit library with millions of books, movies, documents, among others.<\/li>\n<li>The New York Public Library <a href=\"https:\/\/digitalcollections.nypl.org\/\">Digital Collection<\/a> makes accessible prints, photographs, video&#8230; New material is added on an ongoing basis.<\/li>\n<li>The <a href=\"https:\/\/digital.hagley.org\/\">Hagley Digital Archives<\/a> provides online access to the Hagley Library&rsquo;s collection of images, documents, and publications related to the history of business, technology, and society. It includes in particular numerous items from the <a href=\"https:\/\/digital.hagley.org\/2464\">David Sarnoff Library<\/a>.<\/li>\n<li><a href=\"https:\/\/euscreen.eu\/\">EUSCREEN<\/a> is a European project and audiovisual platform that provides access to audiovisual heritage from 31 organisations from 22 European countries.<\/li>\n<li><a href=\"https:\/\/gallica.bnf.fr\/accueil\/fr\/content\/accueil-fr?mode=desktop\">Gallica<\/a> est la biblioth\u00e8que num\u00e9rique de la Biblioth\u00e8que nationale de France et r\u00e9unit plus de 6 millions de documents, dont de nombreuses sources pour les historiennes et historiens des m\u00e9dias.<\/li>\n<li><a href=\"https:\/\/ina.fr\">INA.fr:<\/a> la plateforme de l&rsquo;Institut national de l&rsquo;audiovisuel fran\u00e7ais est une ressource pr\u00e9cieuse pour l&rsquo;histoire de la t\u00e9l\u00e9vision fran\u00e7aise<\/li>\n<li><a href=\"https:\/\/nara.getarchive.net\/search\">U.S. National Archives<\/a>: non-official NARA platforme, extremly rich archive with public domain data.<\/li>\n<li><a href=\"https:\/\/www.deutschefotothek.de\/\">Deutsche Fotothek<\/a> mit \u00fcber 2mio Bildern<\/li>\n<\/ul>\n","protected":false},"excerpt":{"rendered":"<p>The following list is an ongoing inventory of websites, databases and online repositories that I use for my research and teaching. Histoire de la t\u00e9l\u00e9vision et des m\u00e9dias en Suisse: Les archives de la RTS: site d\u00e9di\u00e9 de la radio<\/p>\n","protected":false},"author":1001077,"featured_media":0,"parent":0,"menu_order":0,"comment_status":"closed","ping_status":"closed","template":"","meta":{"_seopress_robots_primary_cat":"","_seopress_titles_title":"","_seopress_titles_desc":"","_seopress_robots_index":"","footnotes":""},"class_list":["post-285","page","type-page","status-publish"],"_links":{"self":[{"href":"https:\/\/people.unil.ch\/annekatrinweber\/wp-json\/wp\/v2\/pages\/285","targetHints":{"allow":["GET"]}}],"collection":[{"href":"https:\/\/people.unil.ch\/annekatrinweber\/wp-json\/wp\/v2\/pages"}],"about":[{"href":"https:\/\/people.unil.ch\/annekatrinweber\/wp-json\/wp\/v2\/types\/page"}],"author":[{"embeddable":true,"href":"https:\/\/people.unil.ch\/annekatrinweber\/wp-json\/wp\/v2\/users\/1001077"}],"replies":[{"embeddable":true,"href":"https:\/\/people.unil.ch\/annekatrinweber\/wp-json\/wp\/v2\/comments?post=285"}],"version-history":[{"count":0,"href":"https:\/\/people.unil.ch\/annekatrinweber\/wp-json\/wp\/v2\/pages\/285\/revisions"}],"wp:attachment":[{"href":"https:\/\/people.unil.ch\/annekatrinweber\/wp-json\/wp\/v2\/media?parent=285"}],"curies":[{"name":"wp","href":"https:\/\/api.w.org\/{rel}","templated":true}]}}