{"id":82,"date":"2018-04-02T13:20:34","date_gmt":"2018-04-02T11:20:34","guid":{"rendered":"http:\/\/people.unil.ch\/annekatrinweber\/?page_id=82"},"modified":"2021-05-10T11:50:43","modified_gmt":"2021-05-10T09:50:43","slug":"le-syndic-la-vache-et-le-verre-de-blanc-100-ans-de-comptoir-suisse-a-lausanne","status":"publish","type":"page","link":"https:\/\/people.unil.ch\/annekatrinweber\/accueil\/le-syndic-la-vache-et-le-verre-de-blanc-100-ans-de-comptoir-suisse-a-lausanne\/","title":{"rendered":"Le Syndic, la vache et le verre de blanc. Un si\u00e8cle de Comptoir suisse \u00e0 Lausanne"},"content":{"rendered":"<p><img alt=\"\" loading=\"lazy\" decoding=\"async\" class=\"size-medium wp-image-72 alignleft\" src=\"https:\/\/people.unil.ch\/annekatrinweber\/files\/2018\/03\/IMG_20161209_0019-300x223.jpg\" alt=\"\" width=\"300\" height=\"223\" srcset=\"https:\/\/people.unil.ch\/annekatrinweber\/files\/2018\/03\/IMG_20161209_0019-300x223.jpg 300w, https:\/\/people.unil.ch\/annekatrinweber\/files\/2018\/03\/IMG_20161209_0019-768x571.jpg 768w, https:\/\/people.unil.ch\/annekatrinweber\/files\/2018\/03\/IMG_20161209_0019-1024x761.jpg 1024w, https:\/\/people.unil.ch\/annekatrinweber\/files\/2018\/03\/IMG_20161209_0019.jpg 1615w\" sizes=\"auto, (max-width: 300px) 100vw, 300px\" \/><\/p>\n<h2>Exposition participative<\/h2>\n<h2>du 14 au 29 septembre 2019<\/h2>\n<h2>Place de l&rsquo;Europe, Lausanne<\/h2>\n<h2><a href=\"https:\/\/www.unsiecledecomptoir.ch\">www.unsiecledecomptoir.ch<\/a><\/h2>\n<p>&nbsp;<\/p>\n<p><strong>Projet de communication scientifique d\u2019une dur\u00e9e de 12 mois soutenu par le programme Agora du <a href=\"https:\/\/snf.ch\">Fonds national suisse de la recherche<\/a>, <i>Le Syndic, la vache et le verre de blanc<\/i><\/strong>&nbsp;est dirig\u00e9 par <a href=\"https:\/\/www.researchgate.net\/profile\/Claire_Lise_Deblue\">Claire-Lise Deblu\u00eb<\/a> et moi-m\u00eame, avec<a href=\"https:\/\/applicationspub.unil.ch\/interpub\/noauth\/php\/Un\/UnPers.php?PerNum=60218&amp;LanCode=37\"> Olivier Lugon<\/a>. La coordination du projet est assur\u00e9e par S\u00e9verin Bondi, la m\u00e9diation est prise en charge par <a href=\"https:\/\/www.linkedin.com\/in\/c%C3%A9cilia-bovet-a5763b69\">C\u00e9cilia Bovet<\/a>. La sc\u00e9nographie est sous la responsabilit\u00e9 de&nbsp;<a href=\"https:\/\/museographie.ch\">Kl\u00e4figer Mus\u00e9ographie<\/a>.<\/p>\n<p><i>Le Syndic, la vache et le verre de blanc<\/i> a d\u00e9but\u00e9 le 1er septembre 2018 et se d\u00e9ploie en trois volets : u<strong>ne exposition itin\u00e9rante, un laboratoire digital et <a href=\"https:\/\/www.unsiecledecomptoir.ch\">un site internet<\/a><\/strong>. \u00c0 travers diverses activit\u00e9s de m\u00e9diation scientifique, et en prenant le Comptoir suisse comme point de d\u00e9part, ce projet d\u2019histoire publique aborde plusieurs des enjeux li\u00e9s \u00e0 l\u2019essor du num\u00e9rique dans le champ des sciences historiques, comme l\u2019approche critique des sources en ligne ; les archives personnelles et leur traitement num\u00e9rique ; les apports et limites du crowdsourcing ; les modes d\u2019\u00e9critures de l\u2019histoire \u00e0 l\u2019\u00e8re d\u2019internet.<\/p>\n<p>Ce projet accorde \u00e9galement une place importante \u00e0 certains aspects plus \u00e9troitement li\u00e9s \u00e0 l\u2019histoire du Comptoir suisse, et \u00e0 son inscription dans l\u2019histoire sociale, \u00e9conomique et politique de Lausanne et du Canton de Vaud au 20e si\u00e8cle (qu\u2019il s\u2019agisse de penser le site de Beaulieu comme un laboratoire urbain, de songer \u00e0 la mani\u00e8re dont le Comptoir devint, pour la jeunesse lausannoise des ann\u00e9es 1980, un lieu de contestation embl\u00e9matique ou encore de s\u2019int\u00e9resser \u00e0 la spectacularisation de la soci\u00e9t\u00e9 de consommation pendant les Trente Glorieuses). Ce projet a enfin pour objectif d\u2019effectuer un travail de valorisation des archives, \u00e0 travers la num\u00e9risation d\u2019un nombre important de vues d\u2019exposition et de sources audio-visuelles (notamment issues de fonds amateur) qui sont exploit\u00e9es dans ses diff\u00e9rents volets, et \u00e9galement partag\u00e9 via notre page <a href=\"https:\/\/www.facebook.com\/syndicvacheverredeblanc\/\">facebook<\/a> et <a href=\"https:\/\/www.instagram.com\/syndic_vache_verredeblanc\/\">instagram<\/a>.<\/p>\n<p>Notre projet est rattach\u00e9 au Centre des sciences historiques de la culture (SHC) et associ\u00e9 aux activit\u00e9s de m\u00e9diation d\u00e9velopp\u00e9es par le Centre d\u2019\u00e9tudes cin\u00e9matographiques (CEC). Il s\u2019appuie sur un r\u00e9seau \u00e9troit de partenaires (<a href=\"https:\/\/www.unil.ch\/interface\/fr\/home.html\">Alain Kaufmann pour l\u2019Interface Sciences-soci\u00e9t\u00e9 de l\u2019UNIL<\/a>, <a href=\"https:\/\/notrehistoire.ch\">Patrick Auderset pour la plateforme d\u2019histoire num\u00e9rique notreHistoire.ch<\/a>, ainsi que Dominique Dirlewanger, directeur de la conf\u00e9rence cantonale des ma\u00eetres d\u2019histoire au gymnase). Les Archives cantonales vaudoises qui conservent le tr\u00e8s riche fonds photographique du Comptoir suisse, la RTS, le Mus\u00e9e historique de Lausanne ou le Mus\u00e9e national suisse, figurent \u00e9galement parmi les interlocuteurs privil\u00e9gi\u00e9s de ce projet.<\/p>\n<p><a href=\"https:\/\/people.unil.ch\/annekatrinweber\/files\/2018\/06\/20180602_DEBLUE_WEBER_Comptoir_suisse_24h.pdf\"><strong>Pr\u00e9sentation du projet dans le&nbsp;<em>24heures<\/em> du 2-3 juin 2018<\/strong><\/a><\/p>\n<p><a href=\"https:\/\/www.vd.ch\/lettre_information\/gazette\/295\/#5574\"><strong>Podcast dans la <em>Gazette<\/em> du Canton de Vaud: La premi\u00e8re pr\u00e9sentation de t\u00e9l\u00e9vision au Comptoir<\/strong><\/a><\/p>\n<p>&nbsp;<\/p>\n","protected":false},"excerpt":{"rendered":"<p>Exposition participative du 14 au 29 septembre 2019 Place de l&rsquo;Europe, Lausanne www.unsiecledecomptoir.ch &nbsp; Projet de communication scientifique d\u2019une dur\u00e9e de 12 mois soutenu par le programme Agora du Fonds national suisse de la recherche, Le Syndic, la vache et<\/p>\n","protected":false},"author":1001077,"featured_media":72,"parent":79,"menu_order":4,"comment_status":"closed","ping_status":"closed","template":"","meta":{"_seopress_robots_primary_cat":"","_seopress_titles_title":"","_seopress_titles_desc":"","_seopress_robots_index":"","footnotes":""},"class_list":["post-82","page","type-page","status-publish","has-post-thumbnail"],"_links":{"self":[{"href":"https:\/\/people.unil.ch\/annekatrinweber\/wp-json\/wp\/v2\/pages\/82","targetHints":{"allow":["GET"]}}],"collection":[{"href":"https:\/\/people.unil.ch\/annekatrinweber\/wp-json\/wp\/v2\/pages"}],"about":[{"href":"https:\/\/people.unil.ch\/annekatrinweber\/wp-json\/wp\/v2\/types\/page"}],"author":[{"embeddable":true,"href":"https:\/\/people.unil.ch\/annekatrinweber\/wp-json\/wp\/v2\/users\/1001077"}],"replies":[{"embeddable":true,"href":"https:\/\/people.unil.ch\/annekatrinweber\/wp-json\/wp\/v2\/comments?post=82"}],"version-history":[{"count":0,"href":"https:\/\/people.unil.ch\/annekatrinweber\/wp-json\/wp\/v2\/pages\/82\/revisions"}],"up":[{"embeddable":true,"href":"https:\/\/people.unil.ch\/annekatrinweber\/wp-json\/wp\/v2\/pages\/79"}],"wp:featuredmedia":[{"embeddable":true,"href":"https:\/\/people.unil.ch\/annekatrinweber\/wp-json\/wp\/v2\/media\/72"}],"wp:attachment":[{"href":"https:\/\/people.unil.ch\/annekatrinweber\/wp-json\/wp\/v2\/media?parent=82"}],"curies":[{"name":"wp","href":"https:\/\/api.w.org\/{rel}","templated":true}]}}