{"id":95,"date":"2018-04-02T13:52:00","date_gmt":"2018-04-02T11:52:00","guid":{"rendered":"http:\/\/people.unil.ch\/annekatrinweber\/?page_id=95"},"modified":"2019-05-19T14:25:24","modified_gmt":"2019-05-19T12:25:24","slug":"au-dela-du-service-public-pour-une-histoire-elargie-de-la-television-en-suisse-1960-2000","status":"publish","type":"page","link":"https:\/\/people.unil.ch\/annekatrinweber\/accueil\/au-dela-du-service-public-pour-une-histoire-elargie-de-la-television-en-suisse-1960-2000\/","title":{"rendered":"Au-del\u00e0 du service public. Pour une histoire \u00e9largie de la t\u00e9l\u00e9vision en Suisse, 1960-2000"},"content":{"rendered":"<p><strong><a href=\"https:\/\/wp.unil.ch\/tvelargie\"><i>Au-del\u00e0 du service public: pour une histoire \u00e9largie de la t\u00e9l\u00e9vision en Suisse, 1960 \u00e0 2000<\/i><\/a>\u00a0est un projet de recherche de trois ans soutenu par le <a href=\"https:\/\/Snf.ch\">Fonds national suisse pour la recherche scientifique<\/a> dirig\u00e9e par <a href=\"https:\/\/www.unil.ch\/hist\/hist\/francoisvallotton\">Fran\u00e7ois Vallotton,<\/a> professeur d\u2019histoire contemporaine \u00e0 l\u2019Unil, et moi-m\u00eame.<\/strong><\/p>\n<p><strong><i>Au-del\u00e0 du service public\u00a0<\/i>propose une arch\u00e9ologie de la t\u00e9l\u00e9vision en Suisse des ann\u00e9es 1960 \u00e0 2000.<\/strong>\u00a0<strong>Le projet se donne plus pr\u00e9cis\u00e9ment comme objectif d\u2019appr\u00e9hender la multitude des pratiques, techniques et discours t\u00e9l\u00e9visuels avant la g\u00e9n\u00e9ralisation du num\u00e9rique et\u00a0propose d\u2019\u00e9tudier les diff\u00e9rents acteurs associ\u00e9s au d\u00e9veloppement des dispositifs t\u00e9l\u00e9visuels en Suisse, en prenant en compte les trois aires culturelles et linguistiques du pays. Il d\u00e9place ainsi l\u2019approche centr\u00e9e sur le service public pour englober les pratiques de production et de r\u00e9ception multiples qui coexistent, f\u00e9condent et se d\u00e9marquent de la t\u00e9l\u00e9vision institutionnelle avant 2000.<\/strong><\/p>\n<p>L\u2019\u00e9quipe du projet est form\u00e9e par les trois doctorant\u00b7e\u00b7s\u00a0<strong><a href=\"https:\/\/applicationspub.unil.ch\/interpub\/noauth\/php\/Un\/UnPers.php?PerNum=1189159&amp;LanCode=37\">Roxane Gray<\/a><\/strong>,\u00a0<strong><a href=\"https:\/\/applicationspub.unil.ch\/interpub\/noauth\/php\/Un\/UnPers.php?PerNum=1188874&amp;LanCode=37\">Marie Sandoz<\/a><\/strong>\u00a0et <strong><a href=\"https:\/\/applicationspub.unil.ch\/interpub\/noauth\/php\/Un\/UnPers.php?PerNum=1188875&amp;LanCode=37\">Adrian Stecher<\/a><\/strong>\u00a0qui animent <a href=\"https:\/\/wp.unil.ch\/tvelargie\/leblog\/\"><strong>l&rsquo;excellent blog<\/strong><\/a> sur le site du projet o\u00f9 ils\u00a0<a href=\"https:\/\/wp.unil.ch\/tvelargie\/nos-articles\/\"><strong>partagent \u00e9galement leurs recherches\u00a0<\/strong><\/a>et <a href=\"https:\/\/wp.unil.ch\/tvelargie\/a-propos\/lequipe\/\"><strong>pr\u00e9sentent leurs projets de th\u00e8se.\u00a0<\/strong><\/a><\/p>\n<p>Pr\u00e9sentation du projet dans\u00a0<em><a href=\"https:\/\/wp.unil.ch\/tvelargie\/files\/2017\/05\/U624-tvelargie.pdf\">Uniscope<\/a>:<\/em><\/p>\n<p>[pdf-embedder url=\u00a0\u00bbhttps:\/\/people.unil.ch\/annekatrinweber\/files\/2018\/06\/U624-tvelargie.pdf\u00a0\u00bb title=\u00a0\u00bbU624 tvelargie\u00a0\u00bb]<\/p>\n","protected":false},"excerpt":{"rendered":"<p>Au-del\u00e0 du service public: pour une histoire \u00e9largie de la t\u00e9l\u00e9vision en Suisse, 1960 \u00e0 2000\u00a0est un projet de recherche de trois ans soutenu par le Fonds national suisse pour la recherche scientifique dirig\u00e9e par Fran\u00e7ois Vallotton, professeur d\u2019histoire contemporaine<\/p>\n","protected":false},"author":1001077,"featured_media":118,"parent":79,"menu_order":2,"comment_status":"closed","ping_status":"closed","template":"","meta":{"_seopress_robots_primary_cat":"","_seopress_titles_title":"","_seopress_titles_desc":"","_seopress_robots_index":"","footnotes":""},"class_list":["post-95","page","type-page","status-publish","has-post-thumbnail"],"_links":{"self":[{"href":"https:\/\/people.unil.ch\/annekatrinweber\/wp-json\/wp\/v2\/pages\/95","targetHints":{"allow":["GET"]}}],"collection":[{"href":"https:\/\/people.unil.ch\/annekatrinweber\/wp-json\/wp\/v2\/pages"}],"about":[{"href":"https:\/\/people.unil.ch\/annekatrinweber\/wp-json\/wp\/v2\/types\/page"}],"author":[{"embeddable":true,"href":"https:\/\/people.unil.ch\/annekatrinweber\/wp-json\/wp\/v2\/users\/1001077"}],"replies":[{"embeddable":true,"href":"https:\/\/people.unil.ch\/annekatrinweber\/wp-json\/wp\/v2\/comments?post=95"}],"version-history":[{"count":0,"href":"https:\/\/people.unil.ch\/annekatrinweber\/wp-json\/wp\/v2\/pages\/95\/revisions"}],"up":[{"embeddable":true,"href":"https:\/\/people.unil.ch\/annekatrinweber\/wp-json\/wp\/v2\/pages\/79"}],"wp:featuredmedia":[{"embeddable":true,"href":"https:\/\/people.unil.ch\/annekatrinweber\/wp-json\/wp\/v2\/media\/118"}],"wp:attachment":[{"href":"https:\/\/people.unil.ch\/annekatrinweber\/wp-json\/wp\/v2\/media?parent=95"}],"curies":[{"name":"wp","href":"https:\/\/api.w.org\/{rel}","templated":true}]}}