{"id":13,"date":"2014-09-29T10:21:10","date_gmt":"2014-09-29T08:21:10","guid":{"rendered":"http:\/\/people.unil.ch\/arnaudbuchs\/?page_id=13"},"modified":"2016-03-08T09:01:54","modified_gmt":"2016-03-08T08:01:54","slug":"cv","status":"publish","type":"page","link":"https:\/\/people.unil.ch\/arnaudbuchs\/cv\/","title":{"rendered":"Parcours acad\u00e9mique"},"content":{"rendered":"<h3><strong>Titres<\/strong><\/h3>\n<p>2004 Doctorat \u00e8s Lettres, Universit\u00e9 de Lausanne (litt\u00e9rature fran\u00e7aise, Prix de Facult\u00e9)<\/p>\n<p>1995-1996 Dipl\u00f4me d&rsquo;\u00e9tudes approfondies (DEA), Universit\u00e9 de Paris VIII (litt\u00e9rature fran\u00e7aise)<\/p>\n<p>1990-1995 Licence \u00e8s Lettres, Universit\u00e9 de Lausanne (litt\u00e9rature fran\u00e7aise, histoire et philosophie)<\/p>\n<p>&nbsp;<\/p>\n<h3><strong>Fonctions<\/strong><\/h3>\n<p>depuis 2004: MER1 en langue et litt\u00e9rature fran\u00e7aises \u00e0 l&rsquo;Ecole de Fran\u00e7ais Langue Etrang\u00e8re<\/p>\n<p>1999-2004: charg\u00e9 d&rsquo;enseignement, Universit\u00e4t Z\u00fcrich<\/p>\n<p>1998-1999: lecteur en fran\u00e7ais, University of MIchigan (USA)<\/p>\n<p>1996-1998: assistant FNRS<\/p>\n<p>&nbsp;<\/p>\n","protected":false},"excerpt":{"rendered":"<p>Titres 2004 Doctorat \u00e8s Lettres, Universit\u00e9 de Lausanne (litt\u00e9rature fran\u00e7aise, Prix de Facult\u00e9) 1995-1996 Dipl\u00f4me d&rsquo;\u00e9tudes approfondies (DEA), Universit\u00e9 de Paris VIII (litt\u00e9rature fran\u00e7aise) 1990-1995 Licence \u00e8s Lettres, Universit\u00e9 de Lausanne (litt\u00e9rature fran\u00e7aise, histoire et philosophie) &nbsp; Fonctions depuis 2004: MER1 en langue et litt\u00e9rature fran\u00e7aises \u00e0 l&rsquo;Ecole de Fran\u00e7ais Langue Etrang\u00e8re 1999-2004: charg\u00e9 d&rsquo;enseignement, &hellip; <\/p>\n<p class=\"link-more\"><a href=\"https:\/\/people.unil.ch\/arnaudbuchs\/cv\/\" class=\"more-link\">Continuer la lecture<span class=\"screen-reader-text\"> de &laquo;&nbsp;Parcours acad\u00e9mique&nbsp;&raquo;<\/span><\/a><\/p>\n","protected":false},"author":1001005,"featured_media":0,"parent":0,"menu_order":5,"comment_status":"closed","ping_status":"closed","template":"","meta":{"_seopress_robots_primary_cat":"","_seopress_titles_title":"","_seopress_titles_desc":"","_seopress_robots_index":"","footnotes":""},"class_list":["post-13","page","type-page","status-publish"],"_links":{"self":[{"href":"https:\/\/people.unil.ch\/arnaudbuchs\/wp-json\/wp\/v2\/pages\/13","targetHints":{"allow":["GET"]}}],"collection":[{"href":"https:\/\/people.unil.ch\/arnaudbuchs\/wp-json\/wp\/v2\/pages"}],"about":[{"href":"https:\/\/people.unil.ch\/arnaudbuchs\/wp-json\/wp\/v2\/types\/page"}],"author":[{"embeddable":true,"href":"https:\/\/people.unil.ch\/arnaudbuchs\/wp-json\/wp\/v2\/users\/1001005"}],"replies":[{"embeddable":true,"href":"https:\/\/people.unil.ch\/arnaudbuchs\/wp-json\/wp\/v2\/comments?post=13"}],"version-history":[{"count":0,"href":"https:\/\/people.unil.ch\/arnaudbuchs\/wp-json\/wp\/v2\/pages\/13\/revisions"}],"wp:attachment":[{"href":"https:\/\/people.unil.ch\/arnaudbuchs\/wp-json\/wp\/v2\/media?parent=13"}],"curies":[{"name":"wp","href":"https:\/\/api.w.org\/{rel}","templated":true}]}}