{"id":7,"date":"2014-09-29T10:20:24","date_gmt":"2014-09-29T08:20:24","guid":{"rendered":"http:\/\/people.unil.ch\/arnaudbuchs\/?page_id=7"},"modified":"2022-01-29T12:48:39","modified_gmt":"2022-01-29T11:48:39","slug":"axes-de-recherche","status":"publish","type":"page","link":"https:\/\/people.unil.ch\/arnaudbuchs\/axes-de-recherche\/","title":{"rendered":"Axes de recherche"},"content":{"rendered":"<h3>Litt\u00e9rature et r\u00e9alit\u00e9<\/h3>\n<p>Dans le prolongement de mes derniers ouvrages, je cherche \u00e0 r\u00e9fl\u00e9chir \u00e0 une reconfiguration du \u00ab\u00a0r\u00e9el\u00a0\u00bb et de la \u00ab\u00a0r\u00e9alit\u00e9\u00a0\u00bb au XIX\u00e8me si\u00e8cle, notamment \u00e0 partir de Baudelaire. Au-del\u00e0 de ce que l&rsquo;on appelle\u00a0 habituellement le \u00ab\u00a0r\u00e9alisme\u00a0\u00bb, un nouveau rapport au r\u00e9el et \u00e0 la connaissance se fait jour, au milieu du XIX\u00e8me si\u00e8cle, <em>dans l&rsquo;\u00e9criture<\/em> et <em>par l&rsquo;\u00e9criture,<\/em> qui implique une nouvelle mani\u00e8re de voir le r\u00e9el &#8211; une nouvelle \u00e9pist\u00e9mologie du regard en conflit notamment avec le daguerr\u00e9otype puis la photographie.<\/p>\n<p>Un ouvrage publi\u00e9 en 2019 aux \u00e9ditions Galil\u00e9e, <em><a href=\"https:\/\/www.editions-galilee.com\/f\/index.php?sp=liv&amp;livre_id=3519\" target=\"_blank\" rel=\"noopener noreferrer\">L&rsquo;\u00e9criture du r\u00e9el. Baudelaire et le r\u00e9alisme scriptural<\/a>,<\/em> traite de cette question et en particulier de l&rsquo;\u00e9mergence, chez Baudelaire et Flaubert, de ce que j&rsquo;appelle le \u00ab\u00a0r\u00e9alisme scriptural\u00a0\u00bb.<\/p>\n<h3>Th\u00e9ories esth\u00e9tiques<strong>\u00a0<\/strong><\/h3>\n<p>Dans une perspective croisant esth\u00e9tique philosophique et th\u00e9orie litt\u00e9raire, j\u2019aborde la question du rapport entre litt\u00e9rature, peinture et musique. A partir d\u2019une r\u00e9flexion sur la critique d\u2019art de Diderot et de Baudelaire, j\u2019ai propos\u00e9 une red\u00e9finition de la Modernit\u00e9 (<em>\u00c9crire le regard. L\u2019esth\u00e9tique de la Modernit\u00e9 en question<\/em>, Paris, Hermann, 2010) visant \u00e0 articuler po\u00e9tique, esth\u00e9tique et \u00e9pist\u00e9mologie. Je prolonge cette r\u00e9flexion dans des articles sur Baudelaire, Mallarm\u00e9 et les th\u00e9oriciens de l\u2019esth\u00e9tique de la fin du XIX\u00e8me si\u00e8cle, de m\u00eame que dans un ouvrage\u00a0 paru en janvier 2015 chez Galil\u00e9e\u00a0: <em>Diderot et la peinture.<\/em><\/p>\n<h3>Litt\u00e9rature et critique<strong>\u00a0<\/strong><\/h3>\n<p>En m&rsquo;appuyant sur mon s\u00e9minaire de Master, qui propose aux \u00e9tudiant-e-s une approche \u00ab\u00a0m\u00e9ta-critique\u00a0\u00bb les incitant \u00e0 interroger leur propre rapport aux savoirs, j&rsquo;ai entrepris une r\u00e9flexion sur l&rsquo;\u00e9volution de la relation texte-critique. En prenant pour point de d\u00e9part l\u2019\u0153uvre de Sainte-Beuve, j\u2019essaie ainsi de retracer l&rsquo;\u00e9volution des diff\u00e9rentes conceptions de la litt\u00e9rature et de la figure de l\u2019auteur jusqu&rsquo;\u00e0 aujourd&rsquo;hui.<\/p>\n<p>Plusieurs articles ont \u00e9t\u00e9 publi\u00e9s et 6 <a href=\"https:\/\/people.unil.ch\/arnaudbuchs\/enseignement\/\" target=\"_blank\" rel=\"noopener noreferrer\">M\u00e9moires de Master<\/a> ont d\u00e9j\u00e0 \u00e9t\u00e9 d\u00e9fendus dans cette perspective.<\/p>\n<h3>Litt\u00e9rature et alt\u00e9rit\u00e9<\/h3>\n<p>Mon exp\u00e9rience de l&rsquo;enseignement, notamment \u00e0 des \u00e9tudiants allophones, m&rsquo;incite \u00e0 questionner la notion d&rsquo; \u00ab\u00a0alt\u00e9rit\u00e9\u00a0\u00bb dans la langue, en particulier telle qu&rsquo;elle se construit au contact du texte litt\u00e9raire. Cette r\u00e9flexion s&rsquo;inscrit dans le prolongement des travaux de Vincent Descombes sur la \u00ab\u00a0question du sujet\u00a0\u00bb.<\/p>\n<p>Plusieurs articles abordent cette probl\u00e9matique, parmi lesquels \u00ab\u00a0<a href=\"https:\/\/journals.umcs.pl\/lsmll\/issue\/view\/698\/showToc\" target=\"_blank\" rel=\"noopener\">Montaigne: l&rsquo;\u00e9criture de soi pour penser l&rsquo;alt\u00e9rit\u00e9<\/a>\u00ab\u00a0, \u00ab\u00a0<a href=\"https:\/\/www.fabula.org\/lht\/22\/buchs.html\" target=\"_blank\" rel=\"noopener\">Litt\u00e9rature et alt\u00e9rit\u00e9: un art de vivre po\u00e9t(h)ique<\/a>\u00ab\u00a0, \u00ab\u00a0<a href=\"https:\/\/www.fabula.org\/colloques\/document3759.php\" target=\"_blank\" rel=\"noopener\">La po\u00e9sie et son autre: <em>Rester<\/em> <em>vivant<\/em> et les limites du solipsisme<\/a>\u00ab\u00a0, etc.<\/p>\n<h3><\/h3>\n","protected":false},"excerpt":{"rendered":"<p>Litt\u00e9rature et r\u00e9alit\u00e9 Dans le prolongement de mes derniers ouvrages, je cherche \u00e0 r\u00e9fl\u00e9chir \u00e0 une reconfiguration du \u00ab\u00a0r\u00e9el\u00a0\u00bb et de la \u00ab\u00a0r\u00e9alit\u00e9\u00a0\u00bb au XIX\u00e8me si\u00e8cle, notamment \u00e0 partir de Baudelaire. Au-del\u00e0 de ce que l&rsquo;on appelle\u00a0 habituellement le \u00ab\u00a0r\u00e9alisme\u00a0\u00bb, un nouveau rapport au r\u00e9el et \u00e0 la connaissance se fait jour, au milieu du &hellip; <\/p>\n<p class=\"link-more\"><a href=\"https:\/\/people.unil.ch\/arnaudbuchs\/axes-de-recherche\/\" class=\"more-link\">Continuer la lecture<span class=\"screen-reader-text\"> de &laquo;&nbsp;Axes de recherche&nbsp;&raquo;<\/span><\/a><\/p>\n","protected":false},"author":1001005,"featured_media":0,"parent":0,"menu_order":2,"comment_status":"closed","ping_status":"closed","template":"","meta":{"_seopress_robots_primary_cat":"","_seopress_titles_title":"","_seopress_titles_desc":"","_seopress_robots_index":"","footnotes":""},"class_list":["post-7","page","type-page","status-publish"],"_links":{"self":[{"href":"https:\/\/people.unil.ch\/arnaudbuchs\/wp-json\/wp\/v2\/pages\/7","targetHints":{"allow":["GET"]}}],"collection":[{"href":"https:\/\/people.unil.ch\/arnaudbuchs\/wp-json\/wp\/v2\/pages"}],"about":[{"href":"https:\/\/people.unil.ch\/arnaudbuchs\/wp-json\/wp\/v2\/types\/page"}],"author":[{"embeddable":true,"href":"https:\/\/people.unil.ch\/arnaudbuchs\/wp-json\/wp\/v2\/users\/1001005"}],"replies":[{"embeddable":true,"href":"https:\/\/people.unil.ch\/arnaudbuchs\/wp-json\/wp\/v2\/comments?post=7"}],"version-history":[{"count":0,"href":"https:\/\/people.unil.ch\/arnaudbuchs\/wp-json\/wp\/v2\/pages\/7\/revisions"}],"wp:attachment":[{"href":"https:\/\/people.unil.ch\/arnaudbuchs\/wp-json\/wp\/v2\/media?parent=7"}],"curies":[{"name":"wp","href":"https:\/\/api.w.org\/{rel}","templated":true}]}}