{"id":9,"date":"2014-09-29T10:20:37","date_gmt":"2014-09-29T08:20:37","guid":{"rendered":"http:\/\/people.unil.ch\/arnaudbuchs\/?page_id=9"},"modified":"2026-01-06T11:43:21","modified_gmt":"2026-01-06T10:43:21","slug":"publications","status":"publish","type":"page","link":"https:\/\/people.unil.ch\/arnaudbuchs\/publications\/","title":{"rendered":"Ouvrages"},"content":{"rendered":"\n<p><\/p>\n\n\n<h3>Etudes<\/h3>\n<ol>\n<li>Arnaud Buchs, <a href=\"https:\/\/www.editions-hermann.fr\/livre\/trois-pensees-du-langage-arnaud-buchs\" target=\"_blank\" rel=\"noopener\"><em>Trois pens\u00e9es du langage. Montaigne, Descartes et Rimbaud dans l&rsquo;alt\u00e9rit\u00e9 de l&rsquo;\u00e9criture<\/em><\/a>, Paris, Hermann, coll. Fictions pensantes, 2024, 102p.<\/li>\n<li>Arnaud Buchs, <a href=\"https:\/\/www.infolio.ch\/livre\/le-dejeu-dalexandre-voisard\/\" target=\"_blank\" rel=\"noopener noreferrer\"><em>Le D\u00e9jeu<\/em><em> d&rsquo;Alexandre Voisard<\/em><\/a>, \u00e9dition revue, Gollion, Infolio, coll. Le Cippe, 2020, 112p.<\/li>\n<li>Arnaud Buchs, <a href=\"https:\/\/www.editions-galilee.com\/f\/index.php?sp=liv&amp;livre_id=3519\" target=\"_blank\" rel=\"noopener noreferrer\"><em>L&rsquo;<\/em><\/a><em><a href=\"https:\/\/www.editions-hermann.fr\/3342-ecrire-le-regard.html\" target=\"_blank\" rel=\"noopener noreferrer\">\u00c9<\/a><\/em><a href=\"https:\/\/www.editions-galilee.com\/f\/index.php?sp=liv&amp;livre_id=3519\" target=\"_blank\" rel=\"noopener noreferrer\"><em>criture du r\u00e9el. Baudelaire et le r\u00e9alisme scriptural<\/em><\/a>, Paris, Galil\u00e9e, coll. Lignes fictives, 2019, 200p.<\/li>\n<li>Arnaud Buchs,\u00a0<a href=\"https:\/\/www.editions-galilee.com\/f\/index.php?sp=liv&amp;livre_id=3436\" target=\"_blank\" rel=\"noopener noreferrer\"><em>Diderot et la peinture<\/em><\/a>, Paris, Galil\u00e9e, coll. Lignes fictives, 2015, 96p.<\/li>\n<li>Arnaud Buchs, <em><a href=\"https:\/\/www.editions-hermann.fr\/livre\/ecrire-le-regard-arnaud-buchs\" target=\"_blank\" rel=\"noopener noreferrer\">\u00c9crire le regard. L\u2019esth\u00e9tique de la Modernit\u00e9 en question<\/a><\/em>, Paris, Hermann, coll. Fictions pensantes, 2010, 135p.<\/li>\n<li>Arnaud Buchs, <em><a href=\"https:\/\/www.lecippe.ch\/fr\/collection-le-cippe.3\/liste-des-livres-parus.9\/le-dejeu.52.html\" target=\"_blank\" rel=\"noopener noreferrer\">Le D\u00e9jeu d\u2019Alexandre Voisard<\/a><\/em>, Gen\u00e8ve, Zo\u00e9, coll. Le Cippe, 2008, 112p.<\/li>\n<li>Arnaud Buchs, <em><a href=\"https:\/\/www.editions-galilee.com\/f\/index.php?sp=liv&amp;livre_id=2697\" target=\"_blank\" rel=\"noopener noreferrer\">Une pens\u00e9e en mouvement. Trois essais sur Yves Bonnefoy<\/a><\/em>, Paris, Galil\u00e9e, coll. Lignes fictives, 2008, 107p.<\/li>\n<li>Arnaud Buchs, <em><a href=\"https:\/\/www.editions-galilee.com\/f\/index.php?sp=liv&amp;livre_id=2696\" target=\"_blank\" rel=\"noopener noreferrer\">Yves Bonnefoy \u00e0 l\u2019horizon du surr\u00e9alisme<\/a><\/em>, pr\u00e9c\u00e9d\u00e9 de \u00ab\u00a0Le carrefour dans l\u2019image\u00a0\u00bb, par Yves Bonnefoy, Paris, Galil\u00e9e, coll. D\u00e9bats, 2005, 379p. Prix de Facult\u00e9 2005.<\/li>\n<\/ol>\n<p>&nbsp;<\/p>\n<h3>Direction d\u2019ouvrages<\/h3>\n<ol>\n<li>Maria Bagyan, Arnaud Buchs et Adrien Paschoud,\u00a0<em>Lecteur et lecture: un \u00e9tat des lieux<\/em>,\u00a0<em>Versants <\/em>volume 72, num\u00e9ro 1, Universit\u00e9 de Berne, 2025, 124p.<\/li>\n<li>Arnaud Buchs et Ariane L\u00fcthi (dir.), <a href=\"https:\/\/editionsorizons.fr\/index.php\/collection\/universites\/presences-de-pierre-chapuis.html\" target=\"_blank\" rel=\"noopener noreferrer\"><em>Pr\u00e9sences de Pierre Chappuis<\/em><\/a>, Paris, Orizons, coll. Universit\u00e9s, 2014, 126p.<\/li>\n<li>Arnaud Buchs (dir.), <em>Jean Pache<\/em>, <em>Revue de Belles-Lettres<\/em> no 1-2, 2008, 111p.<\/li>\n<li>Arnaud Buchs (dir.), <em>Yves Bonnefoy<\/em>, <em>Revue de Belles-Lettres<\/em> no 3-4, 2005, 216p.<\/li>\n<li>Arnaud Buchs (dir.), <em>Autour de Pierre Chappuis<\/em>, <em>Revue de Belles-Lettres<\/em> no 3-4, 2004, 165p.<\/li>\n<\/ol>\n<p>&nbsp;<\/p>\n\n\n<p>\/<\/p>\n\n\n\n<p><\/p>\n","protected":false},"excerpt":{"rendered":"<p>Etudes Arnaud Buchs, Trois pens\u00e9es du langage. Montaigne, Descartes et Rimbaud dans l&rsquo;alt\u00e9rit\u00e9 de l&rsquo;\u00e9criture, Paris, Hermann, coll. Fictions pensantes, 2024, 102p. Arnaud Buchs, Le D\u00e9jeu d&rsquo;Alexandre Voisard, \u00e9dition revue, Gollion, Infolio, coll. Le Cippe, 2020, 112p. Arnaud Buchs, L&rsquo;\u00c9criture du r\u00e9el. Baudelaire et le r\u00e9alisme scriptural, Paris, Galil\u00e9e, coll. Lignes fictives, 2019, 200p. Arnaud &hellip; <\/p>\n<p class=\"link-more\"><a href=\"https:\/\/people.unil.ch\/arnaudbuchs\/publications\/\" class=\"more-link\">Continuer la lecture<span class=\"screen-reader-text\"> de &laquo;&nbsp;Ouvrages&nbsp;&raquo;<\/span><\/a><\/p>\n","protected":false},"author":1001005,"featured_media":0,"parent":0,"menu_order":3,"comment_status":"closed","ping_status":"closed","template":"","meta":{"_seopress_robots_primary_cat":"","_seopress_titles_title":"","_seopress_titles_desc":"","_seopress_robots_index":"","footnotes":""},"class_list":["post-9","page","type-page","status-publish"],"_links":{"self":[{"href":"https:\/\/people.unil.ch\/arnaudbuchs\/wp-json\/wp\/v2\/pages\/9","targetHints":{"allow":["GET"]}}],"collection":[{"href":"https:\/\/people.unil.ch\/arnaudbuchs\/wp-json\/wp\/v2\/pages"}],"about":[{"href":"https:\/\/people.unil.ch\/arnaudbuchs\/wp-json\/wp\/v2\/types\/page"}],"author":[{"embeddable":true,"href":"https:\/\/people.unil.ch\/arnaudbuchs\/wp-json\/wp\/v2\/users\/1001005"}],"replies":[{"embeddable":true,"href":"https:\/\/people.unil.ch\/arnaudbuchs\/wp-json\/wp\/v2\/comments?post=9"}],"version-history":[{"count":5,"href":"https:\/\/people.unil.ch\/arnaudbuchs\/wp-json\/wp\/v2\/pages\/9\/revisions"}],"predecessor-version":[{"id":464,"href":"https:\/\/people.unil.ch\/arnaudbuchs\/wp-json\/wp\/v2\/pages\/9\/revisions\/464"}],"wp:attachment":[{"href":"https:\/\/people.unil.ch\/arnaudbuchs\/wp-json\/wp\/v2\/media?parent=9"}],"curies":[{"name":"wp","href":"https:\/\/api.w.org\/{rel}","templated":true}]}}