{"id":19,"date":"2023-12-24T08:17:43","date_gmt":"2023-12-24T07:17:43","guid":{"rendered":"https:\/\/people.unil.ch\/carolineroberts\/?page_id=19"},"modified":"2024-01-04T21:40:35","modified_gmt":"2024-01-04T20:40:35","slug":"publications","status":"publish","type":"page","link":"https:\/\/people.unil.ch\/carolineroberts\/publications\/","title":{"rendered":"Publications"},"content":{"rendered":"\n<h2 class=\"wp-block-heading\" id=\"articles\">Articles in Journals<\/h2>\n\n\n\n<ul class=\"wp-block-list\">\n<li>Roberts, C., Herzing, J.E., Asensio Manjon, M., Abbet, P. and Gatica-Perez, D.&nbsp; (2022). <strong>Response burden and dropout in a probability-based online panel study \u2013 a comparison between an app and browser-based design.<\/strong> <em>Journal of Official Statistics<\/em>, special issue on \u2018Respondent Burden\u2019, 38(4): 987\u20131017. <a href=\"https:\/\/doi.org\/10.2478\/jos-2022-0043\">https:\/\/doi.org\/10.2478\/jos-2022-0043<\/a><\/li>\n\n\n\n<li>Pekari, N., Lipps, O., Roberts, C., &amp; Lutz, G. (2022). <strong>Conditional distributions of frame variables and voting behaviour in probability-based surveys and opt-in panels.<\/strong> <em>Swiss Political Science Review<\/em>, 00, 1\u201316. <a href=\"https:\/\/doi.org\/10.1111\/spsr.12539\">https:\/\/doi.org\/10.1111\/spsr.12539<\/a><\/li>\n\n\n\n<li>Roberts, C., Herzing, J.E., Sobrino Piazza, J., Abbet, P. and Gatica-Perez, D. (2022). <strong>Data privacy concerns as a source of resistance to participate in surveys using a smartphone app.<\/strong> <em>Journal of Survey Statistics and Methodology<\/em>, Special Issue on \u2018Privacy, Confidentiality, and Disclosure Protection\u2019, 10(3): 518\u2013548. <a href=\"https:\/\/doi.org\/10.1093\/jssam\/smac018\">https:\/\/doi.org\/10.1093\/jssam\/smac018<\/a><\/li>\n\n\n\n<li>Voorpostel, M., Roberts, C., and Ghoorbin, M. (2021). <strong>Switching to online data collection in a household panel study: effects on post-recruitment drop-out.<\/strong><em> Survey Methods Insights from the Field<\/em>. Retrieved from <a href=\"https:\/\/surveyinsights.org\/?p=15709\">https:\/\/surveyinsights.org\/?p=15709<\/a>. DOI:<a href=\"https:\/\/doi.org\/10.13094\/SMIF-2021-00004\">10.13094\/SMIF-2021-00004<\/a><\/li>\n\n\n\n<li>Roberts, C., Vandenplas, C., and Herzing, J. (2020). <strong>A validation of R-indicators as a measure of the risk of bias using data from a non-response follow-up survey.<\/strong> <em>Journal of Official Statistics<\/em>, 36(3): 675-701. <a href=\"https:\/\/doi.org\/10.2478\/jos-2020-0034\">https:\/\/doi.org\/10.2478\/jos-2020-0034<\/a><\/li>\n\n\n\n<li>Roberts, C., Sarrasin, O. and Ernst St\u00e4hli, M (2020). <strong>The relative impact of different sources of measurement non-equivalence in comparative surveys: Examples of item, method and construct bias. <\/strong><em>Survey Research Methods<\/em>, special issue on \u2018Measurement Invariance: Testing for it and explaining why it is absent\u2019, 14(4): 399-415. <a href=\"https:\/\/doi.org\/10.18148\/srm\/2020.v14i4.7416\">https:\/\/doi.org\/10.18148\/srm\/2020.v14i4.7416<\/a><\/li>\n\n\n\n<li>Roberts, C., Gilbert, E., Allum, N., and Eisner, L. (2019). <strong>Satisficing in surveys: Results of a systematic review of the literature<em>.<\/em><\/strong> <em>Public Opinion Quarterly<\/em>, 83(3): 598\u2013626. <a href=\"https:\/\/doi.org\/10.1093\/poq\/nfz035\">https:\/\/doi.org\/10.1093\/poq\/nfz035<\/a><\/li>\n\n\n\n<li>Eisner, L., Cl\u00e9mence, A., Roberts, C., Joost, S., and Theler, J.M. (2019). <strong>Developing attitude measures based on respondents\u2019 representations of unfamiliar objects: An application to attitudes towards biodiversity.<\/strong> <em>Field Methods, <\/em>31(1): 56-75. <a href=\"https:\/\/doi.org\/10.1177\/1525822X18797280\">https:\/\/doi.org\/10.1177\/1525822X18797280<\/a><\/li>\n\n\n\n<li>Roberts, C., and Vandenplas, C. (2017). <strong>Estimating components of mean-squared error to evaluate the benefits of mixing data collection modes.<\/strong> <em>Journal of Official Statistics<\/em>, 33(2): 303-334. <a href=\"https:\/\/dx.doi.org\/10.1515\/JOS-2017-0016\">https:\/\/dx.doi.org\/10.1515\/JOS-2017-0016<\/a><\/li>\n\n\n\n<li>Lipps, O., Pekari, N., and Roberts, C. (2015). <strong>Undercoverage and nonresponse in a list-sampled telephone election study.<\/strong> <em>Survey Research Methods, <\/em>9(2): 71-82. <a href=\"https:\/\/doi.org\/10.18148\/srm\/2015.v9i2.6139\">https:\/\/doi.org\/10.18148\/srm\/2015.v9i2.6139<\/a><\/li>\n\n\n\n<li>Roberts, C., Vandenplas, C., and Ernst Staehli, M. (2014). <strong>Evaluating the impact of response enhancement methods on the risk of nonresponse bias and survey costs.<\/strong> <em>Survey Research Methods<\/em>, 8(2): 67-80. <a href=\"https:\/\/doi.org\/10.18148\/srm\/2014.v8i2.5459\">https:\/\/doi.org\/10.18148\/srm\/2014.v8i2.5459<\/a><\/li>\n\n\n\n<li>Sturgis, P., Roberts, C. and Smith, P. (2014). <strong>Middle alternatives revisited: How the neither\/nor response acts as a \u2018face-saving\u2019 way of saying \u2018I don\u2019t know\u2019.<\/strong> <em>Sociological Methods and Research<\/em>, 43(1): 15-38. <a href=\"https:\/\/doi.org\/10.1177\/0049124112452527\">https:\/\/doi.org\/10.1177\/0049124112452527<\/a><\/li>\n\n\n\n<li>J\u00e4ckle, A., Roberts, C. and Lynn, P. (2010). <strong>Assessing the Effect of Data Collection Mode on Measurement. <\/strong><em>International Statistical Review<\/em>, vol. 78(1), 3-20. <a href=\"https:\/\/doi.org\/10.1111\/j.1751-5823.2010.00102.x\">https:\/\/doi.org\/10.1111\/j.1751-5823.2010.00102.x<\/a><\/li>\n\n\n\n<li>Sturgis, P., Roberts, C. and Allum, N. (2005). <strong>A Different Take on the Deliberative Poll: Information, Deliberation and Attitude Constraint.<\/strong> <em>Public Opinion Quarterly<\/em>, 69(1), 30-65. <a href=\"https:\/\/doi.org\/10.1093\/poq\/nfi005\">https:\/\/doi.org\/10.1093\/poq\/nfi005<\/a><\/li>\n\n\n\n<li>Roberts, C., Peay, J. and Eastman, N. (2002). <strong>Mental health professionals\u2019 attitudes towards legal compulsion in England and Wales:&nbsp; Report of a national survey.<\/strong> &nbsp;<em>International Journal of Forensic Mental Health<\/em>, Vol. 1 (1), 71-83. <a href=\"https:\/\/doi.org\/10.1080\/14999013.2002.10471162\">https:\/\/doi.org\/10.1080\/14999013.2002.10471162<\/a><\/li>\n\n\n\n<li>Peay, J., Roberts, C. and Eastman, N. (2001). <strong>Legal knowledge of mental health professionals: Report of a national survey.<\/strong> <em>Journal of Mental Health Law<\/em>, June 2001, 44-55. <a href=\"https:\/\/doi.org\/10.19164\/ijmhcl.v1i5.363\">https:\/\/doi.org\/10.19164\/ijmhcl.v1i5.363<\/a><\/li>\n<\/ul>\n\n\n\n<hr class=\"wp-block-separator has-alpha-channel-opacity\" \/>\n\n\n\n<h2 class=\"wp-block-heading\" id=\"books\">Books<\/h2>\n\n\n\n<ul class=\"wp-block-list\">\n<li>Oris, M., Roberts, C., Joye, D., and Ernst St\u00e4hli, M. (Eds.) (2016). <a href=\"https:\/\/link.springer.com\/book\/10.1007\/978-3-319-24157-9\"><strong><em>Surveying human vulnerabilities across the Life Course.<\/em><\/strong>&nbsp;<\/a> Springer \u2018Life Course Research and Social Policies\u2019 series.<\/li>\n\n\n\n<li>Roberts, C. and Jowell, R. (Eds.) (2008). <strong><a href=\"https:\/\/uk.sagepub.com\/en-gb\/eur\/attitude-measurement\/book229757\"><em>Attitude Measurement<\/em><\/a><\/strong>.&nbsp;Four volume set. London: Sage Publications.<\/li>\n\n\n\n<li>Jowell, R., Roberts, C., Fitzgerald, R. and Eva, G. (Eds.) (2007). <em><strong><a href=\"https:\/\/uk.sagepub.com\/en-gb\/eur\/measuring-attitudes-cross-nationally\/book228801\">Measuring attitudes cross-nationally: Lessons from the European Social Survey.<\/a><\/strong> <\/em>London: Sage Publications.<\/li>\n<\/ul>\n\n\n\n<hr class=\"wp-block-separator has-alpha-channel-opacity\" \/>\n\n\n\n<h2 class=\"wp-block-heading\" id=\"chapters\">Book Chapters<\/h2>\n\n\n\n<ul class=\"wp-block-list\">\n<li>Roberts, C. and Voorpostel, M. (2023) <strong>Combining data collection modes in longitudinal studies.<\/strong> In D. Spini and E. Widmer (Eds.) <em>Withstanding Vulnerability throughout Adult Life. Dynamics of Stressors, Resources, and Reserves.<\/em> Springer.<\/li>\n\n\n\n<li>Voorpostel, M., Lipps, O., and Roberts, C. (2021). <strong>Mixing modes in household panel surveys: Recent developments and new findings.<\/strong> In P.Lynn (Ed.) <em>Advances in Longitudinal Survey Methodology, <\/em>Wiley.<\/li>\n\n\n\n<li>Roberts, C. (2016). <strong>Response styles in surveys: understanding their causes and mitigating their impact on data quality.<\/strong> In C.Wolf, D. Joye, T.W. Smith, and Y-C. Fu (2016). <em>The Sage Handbook of Survey Methodology. <\/em>&nbsp;London: Sage Publications.<\/li>\n\n\n\n<li>Oris, M., Roberts, C., Joye, D., and Ernst St\u00e4hli, M. (2016). <strong>Surveying human vulnerabilities across the Life Course: Balancing substantive and methodological challenges.<\/strong> In M. Oris, C. Roberts, D. Joye, and M. Ernst St\u00e4hli. (Eds.) <em>Surveying human vulnerabilities across the Life Course<\/em>.&nbsp; Springer \u2018Life Course Research and Social Policies\u2019 series.<\/li>\n\n\n\n<li>Roberts, C., Allum, N., and Sturgis, P. (2014). <strong>Non-response and Measurement error in an online panel: Does additional effort to recruit reluctant respondents result in poorer quality data?<\/strong>&nbsp;&nbsp;In M. Callegaro, R. Baker, J. Bethlehem, A.S. G\u00f6ritz, J.A. Krosnick and P.J. Lavrakas (Eds.) <em>Online Panel Research: A Data Quality Perspective<\/em>. Wiley, Survey Methodology Series.<\/li>\n\n\n\n<li>Roberts, C. (2010). <strong>Measuring social attitudes. <\/strong>&nbsp;In M. Bulmer, J. Gibbs and L. Hyman (Eds.) <em>Social measurement through social surveys: An applied approach<\/em>.&nbsp; Aldershot: Ashgate Publishing.<\/li>\n\n\n\n<li>Roberts, C. (2008).<strong> Introduction to attitude measurement.<\/strong> In Roberts, C., and Jowell, R. (Eds.) <em>Attitude Measurement<\/em> <em>\u2013 Four volume set<\/em>.&nbsp; London: Sage Publications.<\/li>\n\n\n\n<li>Morgan, M., Roberts, C. and Powdrill, P. (2001). <strong>More money than sense? Investigating student money management.<\/strong> In A.J. Scott, A. Lewis and S.E.G. Lea (eds.) <em>Student Debt: the causes and consequences of undergraduate borrowing in the UK<\/em>. Bristol: The Policy Press.<\/li>\n<\/ul>\n\n\n\n<hr class=\"wp-block-separator has-alpha-channel-opacity\" \/>\n\n\n\n<h2 class=\"wp-block-heading\" id=\"wp-reports\">Working Papers and Reports<\/h2>\n\n\n\n<ul class=\"wp-block-list\">\n<li>Pekari, N., Lipps, O., Roberts, C. and Lutz, G. (2018). <strong>Data quality of opt-in panels versus probability-based surveys.&nbsp;<\/strong> Methodology News asms 2\/2018, Verband Schweizer Markt- und Sozialforschung.<\/li>\n\n\n\n<li>Voorpostel., M., Rothenb\u00fchler, M., Roberts, C., and Vandenplas, C. (2018). <strong>A research note on the potential impact of panel attrition on the relationship between variables. <\/strong><em>FORS Working Paper Series<\/em>, 2018-1.<\/li>\n\n\n\n<li>Roberts, C., Joye, D., Ernst St\u00e4hli, M., and Sanchez Tome, R.(2016). <strong>Mixing modes of data collection in Swiss social surveys: Methodological Report of the LIVES-FORS Mixed Mode Experiment. <\/strong><em>LIVES Working Paper Series, <\/em>2016\/ 48<em>. <\/em>University of Lausanne: NCCR LIVES.<\/li>\n\n\n\n<li>Nicolaas, G., Calderwood, L., Lynn, P., and Roberts, C. (2014). <strong>Web surveys for the general population: How, why and when? Final Report and Recommendations.<\/strong> ESRC National Centre for Research Methods.<\/li>\n\n\n\n<li>Lipps, O., Pekari, N., and Roberts, C. (2013). <strong>Coverage and nonresponse errors in an individual register frame based Swiss telephone election study.<\/strong> <em>FORS Working Paper Series<\/em>, 2013-02.<\/li>\n\n\n\n<li>Roberts, C., Lipps, O. and Kissau, K. (2013). Using the Swiss population register for research into survey methodology. <em>FORS Working Paper Series<\/em>, 2013-01.<\/li>\n\n\n\n<li>Morselli, Davide; Spini, Dario; Le Goff, Jean-Marie; Gauthier, Jacques-Antoine; Br\u00e4ndle, Karen; Mugnari, Estelle; Dasoki, Nora; Roberts, Caroline; Bernardi, Laura; B\u00fchlmann, Felix; Ryser, Val\u00e9rie-Anne; Tillmann, Robin; K\u00fchr, Judith &amp; Bumbaru, Alexandra. <strong><strong>Assessing the performance of the Swiss Panel LIVES Calendar: Evidence from a pilot study<\/strong>.<\/strong> <em>LIVES Working Paper<\/em>, 2013\/28<\/li>\n\n\n\n<li>Roberts, C. (2013). <strong>Participation and engagement in web surveys of the general population: An overview of challenges and opportunities. <\/strong>Synthesis paper prepared for NCRM Web Survey Network Opening Conference.<\/li>\n\n\n\n<li>Roberts, C., Lipps, O., Vandenplas, C., and Ernst St\u00e4hli, M. (2012). <strong>FORS Strategy for Methodological Research 2012 \u2013 2016.<\/strong><em> <\/em>&nbsp;Internal strategy report prepared for FORS.&nbsp; FORS, University of Lausanne.<\/li>\n\n\n\n<li>Roberts, C. and J\u00e4ckle, A. (2012). <strong>Causes of mode effects: Separating out interviewer and stimulus effects in comparisons of face-to-face and telephone surveys.<\/strong> <em>ISER Working Paper 2012-27<\/em>. Colchester: University of Essex.<\/li>\n\n\n\n<li>Roberts, C., Eva, G., Lynn, P., and Johnson, J. (2011). <strong>Measuring the effect of interview length on response propensity and response quality in a telephone survey &#8211; Final report of the ESS CATI experiment<\/strong><em>,<\/em> ESSi JRA1 Deliverable 5<strong>. <\/strong>Centre for Comparative Social Surveys, City University London.<\/li>\n\n\n\n<li>Roberts, C., Eva, G., Allum, N. and Lynn, P. (2010). <strong>Data quality in telephone surveys and the effect of questionnaire length: a cross- national experiment.<\/strong> <em>ISER Working Paper 2010-36<\/em>. Colchester: University of Essex.<\/li>\n\n\n\n<li>Sturgis, P., Roberts, C. and Smith, P. (2010) <strong>Middle alternatives revisited: How the neither\/nor response acts as a \u2018face-saving\u2019 way of saying \u2018I don\u2019t know\u2019.<\/strong> <em>Southampton Statistical Sciences Research Institute Working Paper M10\/01<\/em>. &nbsp;Southampton: University of Southampton<\/li>\n\n\n\n<li>Roberts, C., Eva, G., Lynn, P. and Johnson, J (2010) <strong>Measuring the effect of interview length on response propensity and response quality in a telephone survey<\/strong><em> &#8211; Final report of the ESS CATI experiment.<\/em> Centre for Comparative Social Surveys, City University London.<\/li>\n\n\n\n<li>J\u00e4ckle, A., Roberts, C., and Lynn, P. (2008). <strong>Assessing the Effect of Data Collection Mode on Measurement. <\/strong><em>ISER Working Paper 2008-08<\/em>.<strong> <\/strong>Colchester: University of Essex.<\/li>\n\n\n\n<li>Roberts, C., Eva, G. and Widdop, S. (2008) <strong>Assessing the demand and capacity for mixing modes of data collection on the European Social Survey: Final report of the mapping exercise.<\/strong> Centre for Comparative Social Surveys, City University London.<\/li>\n\n\n\n<li>Roberts, C. (2008) <strong>Designing equivalent questionnaires for a mixed mode European Social Survey: Report on the findings of ESS mode experiments.<\/strong> Centre for Comparative Social Surveys, City University London.<\/li>\n\n\n\n<li>Roberts, C. (2007). <strong>Mixing modes of data collection in surveys: A methodological review.<\/strong> <em>National Centre for Research Methods (NCRM) Methods Review Papers, NCRM\/008<\/em>, Southampton: University of Southampton.<\/li>\n\n\n\n<li>Roberts, C., J\u00e4ckle, A. and Lynn, P. (2006) <strong>Causes of Mode Effects: Separating out Interviewer and Stimulus Effects in Comparisons of Face-to-Face and Telephone Surveys.<\/strong> <em>Proceedings of the Survey Research Methods Section of the American Statistical Association, <\/em>Washington DC: American Statistical Association.<\/li>\n\n\n\n<li>J\u00e4ckle, A., Roberts, C. and Lynn, P. (2006) T<strong>elephone versus Face-to-Face Interviewing: Mode Effects on Data Quality and Likely Causes (Report on Phase II of the ESS-Gallup Mixed Mode Methodology Project).<\/strong> <em>ISER Working Paper <\/em>2006-41. Colchester: University of Essex.<\/li>\n\n\n\n<li>Roberts, C. (2005). <strong>Report of the Expert workshop on mixed mode data collection in comparative social surveys.<\/strong> ESRC NCRM Network for Methodological Innovation on Mixed Mode Data Collection in Comparative Social Surveys, 15-16 September 2005, City University, London. <\/li>\n\n\n\n<li>Rickards, L., Fox, K., Roberts, C. and Fletcher, L. (2002). <strong><em>Living in Britain \u2013 Report of the General Household Survey<\/em>.<\/strong>&nbsp; London: TSO.<\/li>\n\n\n\n<li>Whitehead, C.M.E., Stockdale, J.E., Scanlon, K., Roberts, C., and West, K. (2002) <strong>Neighbourhood wardens: a review of international experience.<\/strong> Working Paper. London School of Economics and Political Science, London.<\/li>\n<\/ul>\n\n\n\n<hr class=\"wp-block-separator has-alpha-channel-opacity\" \/>\n\n\n\n<h2 class=\"wp-block-heading\" id=\"phd-thesis\">PhD Thesis<\/h2>\n\n\n\n<ul class=\"wp-block-list\">\n<li>Roberts, C. (2007). <em><strong>Information, involvement and identity: a social psychological investigation into British attitudes towards the Euro.<\/strong><\/em> Thesis submitted for the degree of Doctor of Philosophy. London: London School of Economics and Political Science.<\/li>\n<\/ul>\n","protected":false},"excerpt":{"rendered":"<p>Articles in Journals Books Book Chapters Working Papers and Reports PhD Thesis<\/p>\n","protected":false},"author":1001161,"featured_media":0,"parent":0,"menu_order":0,"comment_status":"closed","ping_status":"closed","template":"","meta":{"_seopress_robots_primary_cat":"","_seopress_titles_title":"","_seopress_titles_desc":"","_seopress_robots_index":"","footnotes":""},"class_list":["post-19","page","type-page","status-publish"],"_links":{"self":[{"href":"https:\/\/people.unil.ch\/carolineroberts\/wp-json\/wp\/v2\/pages\/19","targetHints":{"allow":["GET"]}}],"collection":[{"href":"https:\/\/people.unil.ch\/carolineroberts\/wp-json\/wp\/v2\/pages"}],"about":[{"href":"https:\/\/people.unil.ch\/carolineroberts\/wp-json\/wp\/v2\/types\/page"}],"author":[{"embeddable":true,"href":"https:\/\/people.unil.ch\/carolineroberts\/wp-json\/wp\/v2\/users\/1001161"}],"replies":[{"embeddable":true,"href":"https:\/\/people.unil.ch\/carolineroberts\/wp-json\/wp\/v2\/comments?post=19"}],"version-history":[{"count":0,"href":"https:\/\/people.unil.ch\/carolineroberts\/wp-json\/wp\/v2\/pages\/19\/revisions"}],"wp:attachment":[{"href":"https:\/\/people.unil.ch\/carolineroberts\/wp-json\/wp\/v2\/media?parent=19"}],"curies":[{"name":"wp","href":"https:\/\/api.w.org\/{rel}","templated":true}]}}