{"id":22,"date":"2023-12-24T08:20:52","date_gmt":"2023-12-24T07:20:52","guid":{"rendered":"https:\/\/people.unil.ch\/carolineroberts\/?page_id=22"},"modified":"2024-01-04T21:31:20","modified_gmt":"2024-01-04T20:31:20","slug":"teaching","status":"publish","type":"page","link":"https:\/\/people.unil.ch\/carolineroberts\/teaching\/","title":{"rendered":"Teaching"},"content":{"rendered":"\n<h2 class=\"wp-block-heading\" id=\"unil-courses\">Regular Courses at UNIL<\/h2>\n\n\n\n<p>I teach regular courses in the Institute of Social Sciences at the University of Lausanne. Since 2014, I have been teaching MA courses on <em>Survey Research Methods<\/em> and <em>Questionnaire Design<\/em>, and a practical seminar for BA students, providing an introduction to quantitative research methods called <em>Measuring Social Attitudes<\/em> (La mesure des attitudes sociales). I have also taught an MA course and practical seminar on the <em>Social Psychology of Opinion Formation<\/em>, the area in which I specialised during my doctoral training.<\/p>\n\n\n\n<p>In collaboration with colleagues at the Haute \u00e9cole p\u00e9dagogique (HEP) Vaud, I provide a further education short course as part of the &#8216;UNIL-EPFL Formation continue&#8217; offer on <a href=\"https:\/\/www.formation-continue-unil-epfl.ch\/formation\/litteratie-donnees-ere-numerique\/\">Data Literacy<\/a>, designed for school teachers and journalists.<\/p>\n\n\n\n<hr class=\"wp-block-separator has-alpha-channel-opacity\" \/>\n\n\n\n<h2 class=\"wp-block-heading\" id=\"special-training\">Specialised Training<\/h2>\n\n\n\n<p>I provide ad hoc specialised training &#8211; Short courses, Workshops and Summer Schools &#8211; internationally on survey methodology and questionnaire design for early career researchers and other professionals, as well as data literacy training for school children in different age groups. <\/p>\n\n\n\n<p>Courses are available in English and in French, in person and online. Please <a href=\"https:\/\/people.unil.ch\/carolineroberts\/wp-admin\/caroline.roberts@unil.ch\">contact<\/a> me if you are interested in organising a course. <\/p>\n\n\n\n<figure class=\"wp-block-gallery has-nested-images columns-default is-cropped wp-block-gallery-1 is-layout-flex wp-block-gallery-is-layout-flex\">\n<figure class=\"wp-block-image size-medium\"><img alt=\"\" loading=\"lazy\" decoding=\"async\" width=\"300\" height=\"296\" data-id=\"153\" src=\"https:\/\/people.unil.ch\/carolineroberts\/files\/2023\/12\/IMG_9155-e1704297179381-300x296.jpg\" alt=\"\" class=\"wp-image-153\" srcset=\"https:\/\/people.unil.ch\/carolineroberts\/files\/2023\/12\/IMG_9155-e1704297179381-300x296.jpg 300w, https:\/\/people.unil.ch\/carolineroberts\/files\/2023\/12\/IMG_9155-e1704297179381-768x758.jpg 768w, https:\/\/people.unil.ch\/carolineroberts\/files\/2023\/12\/IMG_9155-e1704297179381-540x533.jpg 540w, https:\/\/people.unil.ch\/carolineroberts\/files\/2023\/12\/IMG_9155-e1704297179381.jpg 780w\" sizes=\"auto, (max-width: 300px) 100vw, 300px\" \/><\/figure>\n\n\n\n<figure class=\"wp-block-image size-medium\"><img alt=\"\" loading=\"lazy\" decoding=\"async\" width=\"300\" height=\"255\" data-id=\"157\" src=\"https:\/\/people.unil.ch\/carolineroberts\/files\/2023\/12\/IMG_9183-e1704297262884-300x255.jpg\" alt=\"\" class=\"wp-image-157\" srcset=\"https:\/\/people.unil.ch\/carolineroberts\/files\/2023\/12\/IMG_9183-e1704297262884-300x255.jpg 300w, https:\/\/people.unil.ch\/carolineroberts\/files\/2023\/12\/IMG_9183-e1704297262884-1024x870.jpg 1024w, https:\/\/people.unil.ch\/carolineroberts\/files\/2023\/12\/IMG_9183-e1704297262884-768x652.jpg 768w, https:\/\/people.unil.ch\/carolineroberts\/files\/2023\/12\/IMG_9183-e1704297262884-540x459.jpg 540w, https:\/\/people.unil.ch\/carolineroberts\/files\/2023\/12\/IMG_9183-e1704297262884-1080x917.jpg 1080w, https:\/\/people.unil.ch\/carolineroberts\/files\/2023\/12\/IMG_9183-e1704297262884.jpg 1156w\" sizes=\"auto, (max-width: 300px) 100vw, 300px\" \/><\/figure>\n\n\n\n<figure class=\"wp-block-image size-medium\"><img alt=\"\" loading=\"lazy\" decoding=\"async\" width=\"300\" height=\"300\" data-id=\"155\" src=\"https:\/\/people.unil.ch\/carolineroberts\/files\/2023\/12\/IMG_9174-e1704297230650-300x300.jpg\" alt=\"\" class=\"wp-image-155\" srcset=\"https:\/\/people.unil.ch\/carolineroberts\/files\/2023\/12\/IMG_9174-e1704297230650-300x300.jpg 300w, https:\/\/people.unil.ch\/carolineroberts\/files\/2023\/12\/IMG_9174-e1704297230650-150x150.jpg 150w, https:\/\/people.unil.ch\/carolineroberts\/files\/2023\/12\/IMG_9174-e1704297230650-768x770.jpg 768w, https:\/\/people.unil.ch\/carolineroberts\/files\/2023\/12\/IMG_9174-e1704297230650-540x541.jpg 540w, https:\/\/people.unil.ch\/carolineroberts\/files\/2023\/12\/IMG_9174-e1704297230650.jpg 822w\" sizes=\"auto, (max-width: 300px) 100vw, 300px\" \/><\/figure>\n<figcaption class=\"blocks-gallery-caption wp-element-caption\">Data Literacy Workshop at the Myst\u00e8res de l&#8217;UNIL 2023 [All images: \u00a9 C.Roberts] <\/figcaption><\/figure>\n\n\n\n<hr class=\"wp-block-separator has-alpha-channel-opacity\" id=\"past-courses\" \/>\n\n\n\n<h2 class=\"wp-block-heading\">Past Short Courses, Workshops and Summer Schools<\/h2>\n\n\n\n<ul class=\"wp-block-list\">\n<li><strong>The Essentials of Survey Methodology<\/strong> \u2013 Short Course at the 10<sup>th<\/sup> Conference of the European Survey Research Association. Milan, <em>Italy<\/em>, July 2023.<\/li>\n\n\n\n<li><strong>Comment mesurer la sant\u00e9&nbsp;? <\/strong>\u2013 Data literacy workshop for school children and the general public as part of the Myst\u00e8res de l\u2019Universit\u00e9 de Lausanne. Lausanne, <em>Switzerland<\/em>, June 2023.<\/li>\n\n\n\n<li><strong>Litt\u00e9ratie des donn\u00e9es \u00e0 l\u2019\u00e8re du num\u00e9rique<\/strong>\/ <strong>Data literacy in the digital era<\/strong> (UNIL-EPFL Formation Continue) \u2013 Short course for teachers, journalists and other practitioners. Lausanne, <em>Switzerland<\/em>, January 2021 &amp; 2023 (next edition November 2024).&nbsp;<strong>&nbsp;&nbsp;<\/strong><\/li>\n\n\n\n<li><strong>Designing Mixed Mode Surveys<\/strong><em> \u2013<\/em><strong> <\/strong>European Social Survey SUSTAIN-2 Training Workshop for ESS national coordinators, survey practitioners and researchers. <em>Spain<\/em> (online), November 2022.<strong>&nbsp;&nbsp;&nbsp;&nbsp;&nbsp;&nbsp;&nbsp;&nbsp;&nbsp;&nbsp;&nbsp;&nbsp;&nbsp;<\/strong><\/li>\n\n\n\n<li><strong>Understanding Causes and Addressing Consequences of Survey Nonresponse<\/strong><em> \u2013<\/em> European Social Survey SUSTAIN-2 Training Workshop for ESS national coordinators, survey practitioners and researchers. <em>Belgium<\/em> (online), September 2022.<\/li>\n\n\n\n<li><strong>Understanding Causes and Addressing Consequences of Survey Nonresponse <\/strong><em>\u2013<\/em> European Social Survey SUSTAIN-2 Training Workshop for ESS national coordinators, survey practitioners and researchers. <em>Israel<\/em> (online), June 2022.&nbsp;<\/li>\n\n\n\n<li><strong>Questionnaire Design<\/strong> \u2013 Introductory secondary school classes for English pupils at the Gymnase de Chamblandes, Pully, <em>Switzerland<\/em>, May 2021.&nbsp;&nbsp;&nbsp;<strong>&nbsp;&nbsp;&nbsp;&nbsp;&nbsp;&nbsp;&nbsp;&nbsp;&nbsp;&nbsp;&nbsp;&nbsp;&nbsp;&nbsp;&nbsp;&nbsp;&nbsp;<\/strong><\/li>\n\n\n\n<li><strong>Survey Methods and Questionnaire Design <\/strong>\u2013<strong> <\/strong>5-day workshop (with Jessica Herzing and Marc Asensio Manjon) at the 24th Swiss Summer School in Social Sciences Methods. Lugano, <em>Switzerland<\/em> August 2020.&nbsp;&nbsp;&nbsp;&nbsp;&nbsp;<strong>&nbsp;&nbsp;&nbsp;&nbsp;&nbsp;&nbsp;&nbsp;&nbsp;&nbsp;&nbsp;&nbsp;&nbsp;&nbsp;&nbsp;<\/strong><\/li>\n\n\n\n<li><strong>The Essentials of Survey Methodology <\/strong>\u2013 Short Course at the 8<sup>th<\/sup> Conference of the European Survey Research Association. Zagreb, <em>Croatia<\/em>, July 2019.<\/li>\n\n\n\n<li><strong>Survey Methods<\/strong> \u2013 5-day workshop at the 22<sup>nd<\/sup> Swiss Summer School in Social Sciences Methods. Lugano, <em>Switzerland<\/em>, August 2018.<strong>&nbsp;&nbsp;&nbsp;&nbsp;&nbsp;&nbsp;&nbsp;&nbsp;&nbsp;&nbsp;&nbsp;&nbsp;&nbsp;&nbsp;&nbsp;&nbsp;&nbsp;&nbsp;&nbsp;&nbsp;&nbsp;&nbsp;&nbsp;&nbsp;&nbsp;&nbsp; <\/strong><\/li>\n\n\n\n<li><strong>Mixed Mode Surveys<\/strong> \u2013 Workshop at the 70<sup>th<\/sup> Annual Conference of the World Association for Public Opinion Research (WAPOR). Marrakech, <em>Morocco<\/em>, July 2018.&nbsp;<strong>&nbsp;&nbsp;&nbsp;&nbsp;&nbsp;&nbsp;&nbsp;&nbsp;&nbsp;&nbsp;&nbsp;&nbsp;&nbsp;&nbsp;&nbsp;&nbsp;&nbsp;&nbsp;&nbsp;&nbsp;&nbsp;&nbsp;<\/strong>&nbsp;&nbsp;&nbsp;&nbsp;&nbsp;&nbsp;&nbsp;&nbsp;<\/li>\n\n\n\n<li><strong>Designing Effective Questionnaires<\/strong> \u2013 Short course for the Bank for International Settlements. Basel, <em>Switzerland<\/em>, September 2017.<\/li>\n\n\n\n<li><strong>Survey Methodology<\/strong><em> \u2013<\/em> Summer School course at the Institute of Social Sciences, University of Lisbon. Lisbon, <em>Portugal<\/em>, July 2017.<\/li>\n\n\n\n<li><strong>The Essentials of Survey Methodology<\/strong> \u2013 Short Course at the 7<sup>th<\/sup> Conference of the European Survey Research Association. Lisbon, <em>Portugal<\/em>, July 2017.<\/li>\n\n\n\n<li><strong>Ensuring Quality in Survey Research<\/strong> \u2013 Workshop for the 3rd European Doctoral Programme in Career Guidance and Counselling (ECADOC) Summer School. Lausanne, <em>Switzerland<\/em>, October, 2016.<strong>&nbsp;&nbsp;&nbsp;&nbsp;&nbsp;&nbsp;&nbsp;&nbsp;&nbsp;&nbsp;&nbsp;&nbsp;&nbsp;&nbsp;&nbsp;&nbsp;&nbsp;&nbsp;&nbsp;&nbsp;&nbsp;&nbsp;<\/strong><\/li>\n\n\n\n<li><strong>Improving Survey Questionnaires<\/strong> \u2013 Workshop given at the Pluralistic Memories Project: Doctoral Spring School. Lausanne, <em>Switzerland<\/em>, April 2015.&nbsp;&nbsp;<strong>&nbsp;&nbsp;&nbsp;&nbsp;&nbsp;&nbsp;&nbsp;&nbsp;&nbsp;&nbsp;&nbsp;&nbsp;&nbsp;&nbsp;&nbsp;&nbsp;&nbsp;&nbsp;&nbsp;&nbsp;&nbsp;&nbsp;&nbsp;&nbsp;&nbsp; <\/strong><\/li>\n\n\n\n<li><strong>Introduction to Survey Research and Questionnaire Development <\/strong>\u2013 Workshop given at the Pluralistic Memories Project Training Workshop on Survey research in Conflict-torn Societies. Lausanne, <em>Switzerland<\/em>, October, 2014.<em>&nbsp;&nbsp;&nbsp;&nbsp;&nbsp;&nbsp;&nbsp;&nbsp;&nbsp;&nbsp;&nbsp;&nbsp;&nbsp;&nbsp;&nbsp;&nbsp;&nbsp;&nbsp;&nbsp;&nbsp;&nbsp;&nbsp;&nbsp; <\/em><\/li>\n<\/ul>\n\n\n\n<figure class=\"wp-block-gallery has-nested-images columns-default is-cropped wp-block-gallery-2 is-layout-flex wp-block-gallery-is-layout-flex\">\n<figure class=\"wp-block-image size-large\"><img alt=\"\" loading=\"lazy\" decoding=\"async\" width=\"1024\" height=\"576\" data-id=\"167\" src=\"https:\/\/people.unil.ch\/carolineroberts\/files\/2023\/12\/roberts2-edited-1024x576.jpg\" alt=\"\" class=\"wp-image-167\" srcset=\"https:\/\/people.unil.ch\/carolineroberts\/files\/2023\/12\/roberts2-edited-1024x576.jpg 1024w, https:\/\/people.unil.ch\/carolineroberts\/files\/2023\/12\/roberts2-edited-300x169.jpg 300w, https:\/\/people.unil.ch\/carolineroberts\/files\/2023\/12\/roberts2-edited-768x432.jpg 768w, https:\/\/people.unil.ch\/carolineroberts\/files\/2023\/12\/roberts2-edited-540x304.jpg 540w, https:\/\/people.unil.ch\/carolineroberts\/files\/2023\/12\/roberts2-edited-1080x608.jpg 1080w, https:\/\/people.unil.ch\/carolineroberts\/files\/2023\/12\/roberts2-edited.jpg 1200w\" sizes=\"auto, (max-width: 1024px) 100vw, 1024px\" \/><\/figure>\n\n\n\n<figure class=\"wp-block-image size-large\"><img alt=\"\" loading=\"lazy\" decoding=\"async\" width=\"1024\" height=\"650\" data-id=\"166\" src=\"https:\/\/people.unil.ch\/carolineroberts\/files\/2023\/12\/roberts4-1024x650.png\" alt=\"\" class=\"wp-image-166\" srcset=\"https:\/\/people.unil.ch\/carolineroberts\/files\/2023\/12\/roberts4-1024x650.png 1024w, https:\/\/people.unil.ch\/carolineroberts\/files\/2023\/12\/roberts4-300x190.png 300w, https:\/\/people.unil.ch\/carolineroberts\/files\/2023\/12\/roberts4-768x487.png 768w, https:\/\/people.unil.ch\/carolineroberts\/files\/2023\/12\/roberts4-540x343.png 540w, https:\/\/people.unil.ch\/carolineroberts\/files\/2023\/12\/roberts4-1080x685.png 1080w, https:\/\/people.unil.ch\/carolineroberts\/files\/2023\/12\/roberts4.png 1504w\" sizes=\"auto, (max-width: 1024px) 100vw, 1024px\" \/><\/figure>\n<\/figure>\n","protected":false},"excerpt":{"rendered":"<p>Regular Courses at UNIL I teach regular courses in the Institute of Social Sciences at the University of Lausanne. Since 2014, I have been teaching MA courses on&hellip;<\/p>\n","protected":false},"author":1001161,"featured_media":0,"parent":0,"menu_order":0,"comment_status":"closed","ping_status":"closed","template":"template-full-width.php","meta":{"_seopress_robots_primary_cat":"","_seopress_titles_title":"","_seopress_titles_desc":"","_seopress_robots_index":"","footnotes":""},"class_list":["post-22","page","type-page","status-publish"],"_links":{"self":[{"href":"https:\/\/people.unil.ch\/carolineroberts\/wp-json\/wp\/v2\/pages\/22","targetHints":{"allow":["GET"]}}],"collection":[{"href":"https:\/\/people.unil.ch\/carolineroberts\/wp-json\/wp\/v2\/pages"}],"about":[{"href":"https:\/\/people.unil.ch\/carolineroberts\/wp-json\/wp\/v2\/types\/page"}],"author":[{"embeddable":true,"href":"https:\/\/people.unil.ch\/carolineroberts\/wp-json\/wp\/v2\/users\/1001161"}],"replies":[{"embeddable":true,"href":"https:\/\/people.unil.ch\/carolineroberts\/wp-json\/wp\/v2\/comments?post=22"}],"version-history":[{"count":0,"href":"https:\/\/people.unil.ch\/carolineroberts\/wp-json\/wp\/v2\/pages\/22\/revisions"}],"wp:attachment":[{"href":"https:\/\/people.unil.ch\/carolineroberts\/wp-json\/wp\/v2\/media?parent=22"}],"curies":[{"name":"wp","href":"https:\/\/api.w.org\/{rel}","templated":true}]}}