{"id":276,"date":"2024-01-04T07:30:13","date_gmt":"2024-01-04T06:30:13","guid":{"rendered":"https:\/\/people.unil.ch\/carolineroberts\/?page_id=276"},"modified":"2024-01-04T21:24:24","modified_gmt":"2024-01-04T20:24:24","slug":"lives-fors-mixed-mode-experiment","status":"publish","type":"page","link":"https:\/\/people.unil.ch\/carolineroberts\/lives-fors-mixed-mode-experiment\/","title":{"rendered":"LIVES &#8211; Swiss Centre of Expertise in Life Course Research: Methodological Research"},"content":{"rendered":"\n<h2 class=\"wp-block-heading\">LIVES-FORS Mixed Mode Experiment, 2012-2013<\/h2>\n\n\n\n<p>In 2012, I collaborated with Dominique Joye (UNIL) and Mich\u00e8le Ernst St\u00e4hli (FORS), leading on the design, implementation and analysis of a large-scale (n=3,600) mixed mode experiment in the French-speaking region of Switzerland. The study was conducted in the context of a work package of the National Centre for Competence in Research &#8220;<a href=\"https:\/\/www.centre-lives.ch\/en\">LIVES<\/a> \u2013 Overcoming Vulnerability: Life Course Perspectives&#8221;, funded by the Swiss National Science Foundation (Individual Project 15 &#8211; <em>Life transitions in context: Towards an integrated methodological framework for studying the impact of critical events<\/em>, led by Dominique Joye). The experiment was conducted alongside Round 6 of the European Social Survey (2012), enabling comparisons between the standard ESS data based on face-to-face interviewing, and alternative single and mixed mode designs (telephone only, telephone plus mail; web plus mail; mail only). <\/p>\n\n\n\n<p>The vehicle for the experiment was a survey called &#8216;Wellbeing and unease in Suisse romande&#8217; (<a href=\"https:\/\/www.lives-nccr.ch\/en\/actualite\/3600-romands-surveyed-about-reasons-their-well-being-n649\">Bien-\u00eatre et mal-\u00eatre en Suisse romande<\/a>) and included questions from the rotating module of the ESS on personal wellbeing, which are known to be highly sensitive to mode effects. Additional questions intended for methodological research purposes were included, plus other questions from the ESS core questionnaire (mainly socio-demographic measures). The data were used in several publications and a PhD project (also funded by LIVES) by Rosa Sanchez Tom\u00e9, supervised by me, with Dominique Joye as co-supervisor. The thesis investigated how mode of data collection affects the measurement of personal and subjective wellbeing in surveys.<\/p>\n\n\n\n<p><strong>Outputs<\/strong><\/p>\n\n\n\n<p class=\"has-small-font-size\"><em>Technical report and data<\/em><\/p>\n\n\n\n<ul class=\"wp-block-list\">\n<li class=\"has-small-font-size\">Roberts, C., Joye, D., Ernst St\u00e4hli, M., and Sanchez Tome, R.(2016). Mixing modes of data collection in Swiss social surveys: <a href=\"https:\/\/lives-nccr.ch\/sites\/default\/files\/pdf\/publication\/48_lives_wp_roberts_mixingmodes.pdf\">Methodological Report<\/a> of the LIVES-FORS Mixed Mode Experiment. <em>LIVES Working Paper Series, <\/em>2016\/ 48<em>. <\/em>University of Lausanne: NCCR LIVES.<\/li>\n\n\n\n<li class=\"has-small-font-size\"><a href=\"https:\/\/www.lives-nccr.ch\/sites\/default\/files\/pdf\/publication\/48_lives_wp_appendix.pdf\">Appendix<\/a> to the Methodological Report, including fieldwork documents and questionnaires.<\/li>\n\n\n\n<li class=\"has-small-font-size\">Roberts, C., Ernst St\u00e4hli, M., Joye, D., and Sanchez Tome, R. (2022). <em>Well-being and Unease in French-speaking Switzerland. The LIVES-FORS Mixed Mode Experiment 2012<\/em> [Dataset]. FORS &#8211; Swiss Centre of Expertise in the Social Sciences, University of Lausanne. Distributed by SWISSUbase, Lausanne, 2022. DOI: <a href=\"https:\/\/doi.org\/10.48573\/88g0-bw17\">https:\/\/doi.org\/10.48573\/88g0-bw17<\/a><\/li>\n\n\n\n<li class=\"has-small-font-size\">Roberts, C., Ernst St\u00e4hli, M., Joye, D., and Sanchez Tome, R. (2022). <em>Well-being and Unease in French-speaking Switzerland. The LIVES-FORS Mixed Mode Experiment 2012 (restricted access) [<\/em>Dataset]. FORS &#8211; Swiss Centre of Expertise in the Social Sciences, University of Lausanne. Distributed by SWISSUbase, Lausanne, 2022. DOI: <a href=\"https:\/\/doi.org\/10.48573\/yx0e-qs55\">https:\/\/doi.org\/10.48573\/yx0e-qs55<\/a><\/li>\n<\/ul>\n\n\n\n<p class=\"has-small-font-size\"><em>Publications<\/em><\/p>\n\n\n\n<ul class=\"wp-block-list\">\n<li class=\"has-small-font-size\">Roberts, C. and Voorpostel, M. (2023) Combining data collection modes in longitudinal studies. In D. Spini and E. Widmer (Eds.) <em>Withstanding Vulnerability throughout Adult Life. Dynamics of Stressors, Resources, and Reserves.<\/em> Springer. <a href=\"https:\/\/link.springer.com\/content\/pdf\/10.1007\/978-981-19-4567-0_22.pdf?pdf=inline%20link\">Chapter 22<\/a>, pp. 359-373.<\/li>\n\n\n\n<li class=\"has-small-font-size\">Sanchez Tom\u00e9, R. (2018). The impact of mode of data collection on measures of subjective wellbeing. <a href=\"https:\/\/core.ac.uk\/download\/pdf\/158610272.pdf\">PhD Thesis<\/a>, University of Lausanne.<\/li>\n\n\n\n<li class=\"has-small-font-size\">Roberts, C., and Vandenplas, C. (2017). <em>Estimating components of mean-squared error to evaluate the benefits of mixing data collection modes.<\/em> Journal of Official Statistics, 33(2): 303-334. <a href=\"https:\/\/dx.doi.org\/10.1515\/JOS-2017-0016\">https:\/\/dx.doi.org\/10.1515\/JOS-2017-0016<\/a><\/li>\n\n\n\n<li class=\"has-small-font-size\">Roberts, C., Vandenplas, C., and Ernst Staehli, M. (2014). Evaluating the impact of response enhancement methods on the risk of nonresponse bias and survey costs. <em>Survey Research Methods<\/em>, 8(2): 67-80. <a href=\"https:\/\/doi.org\/10.18148\/srm\/2014.v8i2.5459\">https:\/\/doi.org\/10.18148\/srm\/2014.v8i2.54<\/a>.<\/li>\n\n\n\n<li class=\"has-small-font-size\">Roberts, C., Vandenplas, C., Ernst St\u00e4hli, M., and Joye, D. (In revision). <em>Optimising mixed mode designs to improve the representativeness of survey samples.<\/em> (Draft paper available on request.)<\/li>\n<\/ul>\n\n\n\n<p class=\"has-small-font-size\"><em>Presentations<\/em><\/p>\n\n\n\n<ul class=\"wp-block-list\">\n<li class=\"has-small-font-size\">Sanchez Tome, R., Roberts, C., and Joye, D. (2017). <em>Mode effects in answers to sensitive open-ended questions.<\/em> Paper presented at the 7<sup>th<\/sup> Conference of the European Survey Research Association, Lisbon, Portugal, 17<sup>th<\/sup>-21<sup>st<\/sup> July 2017.<\/li>\n\n\n\n<li class=\"has-small-font-size\">Roberts, C., Ernst St\u00e4hli, M., Joye, D., and Sanchez Tome, R. (2015). <em>Combining web and mail sequentially \u2013 error and cost advantages in the Swiss context.<\/em>&nbsp; Paper presented at 6<sup>th<\/sup> Conference of the European Survey Research Association, Reykjavik, Iceland, July 13-17, 2015.<\/li>\n\n\n\n<li class=\"has-small-font-size\">Ernst St\u00e4hli, M., Roberts, C., Sanchez Tome, R. and Joye, D. (2015)<strong>. <\/strong><em>Comparing estimates across survey designs \u2013 are mode effects the greatest cause for concern?<\/em> Paper presented at 6<sup>th<\/sup> Conference of the European Survey Research Association, Reykjavik, Iceland, July 13-17, 2015.<\/li>\n\n\n\n<li class=\"has-small-font-size\">Sanchez Tome, R., Roberts, C., Ernst St\u00e4hli, M., and Joye, D. (2015). <em>Mode effects on measures of wellbeing: a comparison between uni- and multi-dimensional approaches.<\/em> Paper presented at 6<sup>th<\/sup> Conference of the European Survey Research Association, Reykjavik, Iceland, July 13-17, 2015.<\/li>\n\n\n\n<li class=\"has-small-font-size\">Roberts, C., Vandenplas, C., Joye, D., Ernst St\u00e4hli, M., Sanchez Tome, R., and Allum, N. (2015). <em>Estimating components of Mean-Squared Error as a means to evaluate mixed mode solutions to noncoverage error in telephone surveys.<\/em> 2015 International Total Survey Error Conference, Baltimore, MD., USA \u2013 19-22\/9\/2015<\/li>\n\n\n\n<li class=\"has-small-font-size\">Ernst St\u00e4hli, M., Joye, D., and Roberts, C. (2015). <em>Alternatives au probl\u00e8me de couverture dans les enqu\u00eates CATI&nbsp;: Enseignements de l\u2019exp\u00e9rience mixed-mode de LIVES-FORS.<\/em> Paper presented at the Workshop FORS-BFS \u2018Erfahrungen mit mixed mode in Surveys\u2019, Neuch\u00e2tel, Switzerland, March 16, 2015.<\/li>\n\n\n\n<li class=\"has-small-font-size\">Sanchez Tome, R., Roberts, C., Ernst Staehli, M., and Joye, D. (2014). <em>Mode effects in measures of subjective well-being \u2013 Implications for cross-survey comparisons.<\/em> Paper presented at the 67<sup>th<\/sup> Annual Conference of the World Association for Public Opinion Research, Nice, France &#8211; 4-6\/9\/2014<\/li>\n\n\n\n<li class=\"has-small-font-size\">Roberts, C., Vandenplas, C., Ernst Staehli, M., Joye, D., and Sanchez Tome, R. (2014). <em>A comparison of the impact of single and mixed mode follow-ups of nonrespondents on survey errors and costs.<\/em> Paper presented at the VI European Congress of Methodology, Utrecht, Netherlands &#8211; 23-25\/7\/2014<\/li>\n\n\n\n<li class=\"has-small-font-size\">Ernst St\u00e4hli, M., Roberts, C., and Joye, D. (2013). <em>Coverage, representativity and data quality in mixed mode surveys: Some results from a Swiss experiment.<\/em> Paper presented at the 6<sup>th<\/sup> Webdatanet meeting and conference \u2018Mixed mode and multi-method research\u2019, Reykjavik, Iceland, 16\/9\/2013<\/li>\n\n\n\n<li class=\"has-small-font-size\">Roberts, C., Ernst Staehli, M., and Joye, D. (2013). <em>Mixed mode solutions to coverage and nonresponse error: Evaluation of the cost-error trade-off.<\/em> Paper presented at the 5<sup>th<\/sup> Conference of the European Survey Research Association, Ljubljana, Slovenia &#8211; 15-19\/7\/2013<\/li>\n<\/ul>\n\n\n\n<hr class=\"wp-block-separator has-alpha-channel-opacity\" \/>\n\n\n\n<h2 class=\"wp-block-heading\" id=\"meas-vulnerability\">Methodological Challenges in Measuring Vulnerability<\/h2>\n\n\n\n<p>As part of my role as a survey methodologist in the NCCR LIVES, I was involved in advising on methodological aspects of the design of various surveys conducted in the context of the Individual Projects (IPs). This included contributions to the design of the <a href=\"https:\/\/www.lives-nccr.ch\/en\/actualite\/starting-innovative-study-young-generation-switzerland-n272\">respondent-driven<\/a> sampling strategy for the LIVES-FORS Cohort Study, the design of the LIVES Event History Calendar used in the Cohort Study and the Swiss Household Panel survey, and a later study investigating mode preferences among participants in the Cohort Study, to inform data collection strategies in subsequent waves. Together with Michel Oris, Dominique Joye and Mich\u00e8le Ernst St\u00e4hli, I collaborated closely with other LIVES researchers on a broader reflection around the methodological and substantive challenges involved in measuring vulnerability across the life course using surveys &#8211; particularly among hard-to-reach, hard-to-survey populations. This reflection took the form of a one-day international <a href=\"https:\/\/www.lives-nccr.ch\/en\/actualite\/measuring-vulnerability-workshop-methodological-challenge-n326\">workshop<\/a> organised by me in 2012, and a co-edited book on the challenges of &#8216;surveying vulnerabilities&#8217;.<\/p>\n\n\n\n<p><strong>Outputs<\/strong><\/p>\n\n\n\n<ul class=\"wp-block-list\">\n<li class=\"has-small-font-size\">Oris, M., Roberts, C., Joye, D., and Ernst St\u00e4hli, M. (2016). Surveying human vulnerabilities across the Life Course: Balancing substantive and methodological challenges. In M. Oris, C. Roberts, D. Joye, and M. Ernst St\u00e4hli. (Eds.) <em>Surveying human vulnerabilities across the Life Course<\/em>.&nbsp; Springer \u2018Life Course Research and Social Policies\u2019 series. <a href=\"https:\/\/link.springer.com\/content\/pdf\/10.1007\/978-3-319-24157-9_1.pdf?pdf=inline%20link\">Chapter 1<\/a>, pp. 1-25.<\/li>\n\n\n\n<li class=\"has-small-font-size\">Oris, M., Roberts, C., Joye, D., and Ernst St\u00e4hli, M. (Eds.) (2016). <em>Surveying human vulnerabilities across the Life Course<\/em>.&nbsp; Springer \u2018Life Course Research and Social Policies\u2019 series.<\/li>\n\n\n\n<li class=\"has-small-font-size\">Morselli, Davide; Spini, Dario; Le Goff, Jean-Marie; Gauthier, Jacques-Antoine; Br\u00e4ndle, Karen; Mugnari, Estelle; Dasoki, Nora; Roberts, Caroline; Bernardi, Laura; B\u00fchlmann, Felix; Ryser, Val\u00e9rie-Anne; Tillmann, Robin; K\u00fchr, Judith &amp; Bumbaru, Alexandra.  (2013). Assessing the performance of the Swiss Panel LIVES Calendar: Evidence from a pilot study. <em>LIVES Working Paper<\/em>, <a href=\"https:\/\/www.lives-nccr.ch\/sites\/default\/files\/pdf\/publication\/28_lives_wp_morselli_assessingperformanceshp.pdf\">2013\/28<\/a><\/li>\n\n\n\n<li class=\"has-small-font-size\">Johnson, S. (2020). <em>Investigating the impact of switching to web in a longitudinal telephone survey: potential effects on sample composition and attrition<\/em>. <a href=\"https:\/\/serval.unil.ch\/resource\/serval:BIB_S_29783.P001\/REF\" data-type=\"link\" data-id=\"https:\/\/serval.unil.ch\/resource\/serval:BIB_S_29783.P001\/REF\">Master&#8217;s dissertation<\/a>, defended January 2020 &#8211; University of Lausanne. Supervisor: C. Roberts.<\/li>\n\n\n\n<li class=\"has-small-font-size\">Spini, D., et al. (2019). The LIVES-FORS Cohort Survey: A longitudinal, diversified sample of young adults who have grown up in Switzerland. <em>Longitudinal and Life Course Studies<\/em>, <a href=\"\/\/doi.org\/10.1332\/175795919X15628474680745\">10(3): 399-410<\/a>.<\/li>\n<\/ul>\n\n\n\n<hr class=\"wp-block-separator has-alpha-channel-opacity\" \/>\n\n\n\n<h2 class=\"wp-block-heading\" id=\"tus-scoping\">Scoping Study for a Swiss Time Use Survey 2023<\/h2>\n\n\n\n<p>In 2023, I received LIVES Seed Money to fund a scoping study to assess the demand for and feasibility of conducting a Time Use Survey in Switzerland using digital data collection methods. The feasibility evaluation followed a &#8216;respondent-centred&#8217; survey design approach, focused on identifying the main barriers to participation in an app-based time-use study (with a particular focus on the relative weight of perceived response burden, digital mistrust and data privacy concerns) and possible ways of addressing them. At the end of 2023, I was awarded additional LIVES Seed Money, and research support funding from the Faculty of Social and Political Sciences, to extend the feasibility assessment in 2024 with a pilot survey to test an app-based diary tool for respondents to record their activities. <\/p>\n\n\n\n<p>Please check back soon for more information!<\/p>\n\n\n\n<p><em>Collaborators: <\/em>Daniel Oesch (UNIL), Marieke Voorpostel (FORS), and Oliver Lipps (FORS)<\/p>\n","protected":false},"excerpt":{"rendered":"<p>LIVES-FORS Mixed Mode Experiment, 2012-2013 In 2012, I collaborated with Dominique Joye (UNIL) and Mich\u00e8le Ernst St\u00e4hli (FORS), leading on the design, implementation and analysis of a large-scale&hellip;<\/p>\n","protected":false},"author":1001161,"featured_media":0,"parent":0,"menu_order":0,"comment_status":"closed","ping_status":"closed","template":"template-full-width.php","meta":{"_seopress_robots_primary_cat":"","_seopress_titles_title":"","_seopress_titles_desc":"","_seopress_robots_index":"","footnotes":""},"class_list":["post-276","page","type-page","status-publish"],"_links":{"self":[{"href":"https:\/\/people.unil.ch\/carolineroberts\/wp-json\/wp\/v2\/pages\/276","targetHints":{"allow":["GET"]}}],"collection":[{"href":"https:\/\/people.unil.ch\/carolineroberts\/wp-json\/wp\/v2\/pages"}],"about":[{"href":"https:\/\/people.unil.ch\/carolineroberts\/wp-json\/wp\/v2\/types\/page"}],"author":[{"embeddable":true,"href":"https:\/\/people.unil.ch\/carolineroberts\/wp-json\/wp\/v2\/users\/1001161"}],"replies":[{"embeddable":true,"href":"https:\/\/people.unil.ch\/carolineroberts\/wp-json\/wp\/v2\/comments?post=276"}],"version-history":[{"count":0,"href":"https:\/\/people.unil.ch\/carolineroberts\/wp-json\/wp\/v2\/pages\/276\/revisions"}],"wp:attachment":[{"href":"https:\/\/people.unil.ch\/carolineroberts\/wp-json\/wp\/v2\/media?parent=276"}],"curies":[{"name":"wp","href":"https:\/\/api.w.org\/{rel}","templated":true}]}}