{"id":108,"date":"2013-10-29T17:58:09","date_gmt":"2013-10-29T16:58:09","guid":{"rendered":"http:\/\/people.unil.ch\/cedriccramatte\/?page_id=108"},"modified":"2025-07-08T17:27:09","modified_gmt":"2025-07-08T15:27:09","slug":"fouilles-archeologiques","status":"publish","type":"page","link":"https:\/\/people.unil.ch\/cedriccramatte\/parcours-professionnel\/fouilles-archeologiques\/","title":{"rendered":"Fouilles arch\u00e9ologiques"},"content":{"rendered":"<p><strong>2019 :\u00a0 \u00a0 \u00a0 \u00a0 \u00a0\u00a0 <\/strong>Direction des fouilles de la Maison de Phrixos et Hell\u00e9, \u00e0 Lamb\u00e8se (Tazoult, Alg\u00e9rie).<br \/>\n<strong>2017-2018 : <\/strong>\u00c9tude architecturale de la Maison Monnier, porte du bourg m\u00e9di\u00e9val de Vissoie\u00a0 (Anniviers, VS).<strong><br \/>\n2014-2023 : \u00a0 \u00a0 \u00a0 \u00a0<\/strong>\u00a0 Direction des recherches arch\u00e9ologiques sur le hameau m\u00e9di\u00e9val de \u00a0 \u00a0 \u00a0 Ti\u00e9bagette \u00e0 Fang (Anniviers, VS).<strong><br \/>\n2010-2013 :<\/strong> Direction des fouilles du <em>castrum<\/em> de Mandeure (France, Doubs)<br \/>\n<strong>2010 :<\/strong>\u00a0 \u00a0 \u00a0 \u00a0 \u00a0 Direction des fouilles de la <a title=\"Vicques, Les Chaufours (JU)\" href=\"https:\/\/www.jura.ch\/fr\/Autorites\/Archeologie-2017\/Carte-des-sites\/Sites-fouilles-principaux\/Vicques-Le-Chaufour-villa-romaine.html\" target=\"_blank\" rel=\"noopener noreferrer\"><em>villa<\/em> romaine de Vicques\/Les Chaufours (JU)<br \/>\n<\/a><strong>2008-2009 :<\/strong> Direction des fouilles du <a title=\"Porrentruy, La Perche (JU)\" href=\"https:\/\/www.jura.ch\/fr\/Autorites\/Archeologie-2017\/Carte-des-sites\/Sites-fouilles-principaux\/Porrentruy-La-Perche.html\" target=\"_blank\" rel=\"noopener noreferrer\">site romain de Porrentruy\/La Perche (JU)<br \/>\n<\/a><strong>2006-2008 :<\/strong> Co-direction des fouilles du<a title=\"Castrum de Mandeure\" href=\"https:\/\/www.unil.ch\/iasa\/page90183.html\" target=\"_blank\" rel=\"noopener noreferrer\"> <em>castrum<\/em> de Mandeure (France, Doubs)<br \/>\n<\/a><strong>2006-2007:<\/strong> Direction des fouilles du <a title=\"Yverdon, Parc Piguet (VD)\" href=\"https:\/\/www.unil.ch\/iasa\/page82796.html\" target=\"_blank\" rel=\"noopener noreferrer\"><em>vicus<\/em> romain d&rsquo;Yverdon (Parc Piguet, VD)<\/a>. Fouille-\u00e9cole de l&rsquo;Universit\u00e9 de Lausanne<\/p>\n<figure id=\"attachment_126\" aria-describedby=\"caption-attachment-126\" style=\"width: 584px\" class=\"wp-caption aligncenter\"><a href=\"https:\/\/people.unil.ch\/cedriccramatte\/files\/2013\/10\/IAS-CCR-005051.jpg\"><img loading=\"lazy\" decoding=\"async\" class=\" wp-image-126 \" src=\"https:\/\/people.unil.ch\/cedriccramatte\/files\/2013\/10\/IAS-CCR-005051-1024x702.jpg\" alt=\"IAS-CCR-00505\" width=\"584\" height=\"400\" srcset=\"https:\/\/people.unil.ch\/cedriccramatte\/files\/2013\/10\/IAS-CCR-005051-1024x702.jpg 1024w, https:\/\/people.unil.ch\/cedriccramatte\/files\/2013\/10\/IAS-CCR-005051-300x205.jpg 300w, https:\/\/people.unil.ch\/cedriccramatte\/files\/2013\/10\/IAS-CCR-005051-437x300.jpg 437w, https:\/\/people.unil.ch\/cedriccramatte\/files\/2013\/10\/IAS-CCR-005051.jpg 1166w\" sizes=\"auto, (max-width: 584px) 100vw, 584px\" \/><\/a><figcaption id=\"caption-attachment-126\" class=\"wp-caption-text\">Restitution de la villa romaine de Vicques (Jura). Aquarelle, B. Reymond; \u00e9tude, C. Cramatte.<\/figcaption><\/figure>\n<p><strong>2006 :<\/strong>\u00a0 \u00a0 \u00a0 \u00a0 \u00a0 \u00a0Arch\u00e9ologue sur les fouilles du <em>vicus<\/em> romain d&rsquo;Yverdon (R\u00e9sidence Castrum) <strong>2006-2005 :<\/strong> Arch\u00e9ologue sur les <a href=\"https:\/\/archeodunum.ch\/wordpress\/57-2\/lausanne-vidy-comite-international-olympique\/\">fouilles de Lausanne-Vidy\/Comit\u00e9 International Olympique (VD)<\/a> et sur celles des <a title=\"Abbaye de Saint-Maurice (VS)\" href=\"https:\/\/www.abbaye-stmaurice.ch\/page.php?id=fr72\" target=\"_blank\" rel=\"noopener noreferrer\">premi\u00e8res \u00e9glises de l&rsquo;Abbaye de Saint-Maurice (VS)<\/a><\/p>\n<p><strong>1993-2003 :<\/strong> Technicien de fouilles sur divers sites:<br \/>\n<a title=\"Abbaye de Saint-Maurice\" href=\"https:\/\/www.abbaye-stmaurice.ch\/page.php?id=fr72\">Abbaye de Saint-Maurice (VS, 2003)<br \/>\n<\/a>Atelier de potier d&rsquo;Avenches, Propri\u00e9t\u00e9 Seynave (VD, 2002)<br \/>\n<a title=\"Orbe, Bosc\u00e9az (VD)\" href=\"https:\/\/www.pro-urba.ch\/mosaiques\" target=\"_blank\" rel=\"noopener noreferrer\"><em>Villa<\/em> romaine d&rsquo;Orbe\/Bosc\u00e9az (VD, 2002)<br \/>\n<\/a><a href=\"https:\/\/www.unil.ch\/Jahia\/site\/get\/cache\/offonce\/pid\/31727;jsessionid=4C5B7CB8B717795FF552B198FE9CB7B3.jvm1\">Village m\u00e9di\u00e9val de Sboryanovo, Biuvem Kasaba (Bulgarie)<br \/>\n<\/a><a title=\"Boncourt, Grands'Combes\" href=\"https:\/\/www.jura.ch\/fr\/Autorites\/Archeologie-2017\/Carte-des-sites\/Sites-fouilles-principaux\/Boncourt-Grands-Combes.html\" target=\"_blank\" rel=\"noopener noreferrer\">Fours \u00e0 chaux romains de Boncourt\/Grands&rsquo;Combes (JU, 2001)<br \/>\n<\/a><a title=\"Alle, Les Aiges (JU)\" href=\"https:\/\/www.jura.ch\/fr\/Autorites\/Archeologie-2017\/Carte-des-sites\/Sites-fouilles-principaux\/Boncourt-Grands-Combes.html\" target=\"_blank\" rel=\"noopener noreferrer\"><em>Villa<\/em> romaine d&rsquo;Alle\/Les Aiges (JU, 1998 et 2000)<br \/>\n<\/a><a title=\"Del\u00e9mont, La Communance (JU)\" href=\"https:\/\/www.jura.ch\/fr\/Autorites\/Archeologie-2017\/Carte-des-sites\/Sites-fouilles-principaux\/Delemont-La-Communance.html\" target=\"_blank\" rel=\"noopener noreferrer\">Mausol\u00e9e romain de Del\u00e9mont\/La Communance (JU, 1997 et 1999)<br \/>\n<\/a>Ch\u00e2teau m\u00e9di\u00e9val de Mi\u00e9court (JU, 1996)<br \/>\n<a title=\"Court\u00e9telle, Tivila (JU)\" href=\"https:\/\/www.jura.ch\/fr\/Autorites\/Archeologie-2017\/Carte-des-sites\/Sites-fouilles-principaux\/Develier-Courtetelle.html\" target=\"_blank\" rel=\"noopener noreferrer\">Hameau du Haut Moyen \u00c2ge de Court\u00e9telle\/Tivila (JU, 1994-95)<br \/>\n<\/a><a title=\"Alle, Pr\u00e9-Monsieur (JU)\" href=\"https:\/\/www.jura.ch\/fr\/Autorites\/Archeologie-2017\/Carte-des-sites\/Sites-fouilles-principaux\/Alle-Pre-Monsieur.html\" target=\"_blank\" rel=\"noopener noreferrer\">Atelier de taille moust\u00e9rien d&rsquo;Alle\/ Pr\u00e9-Monsieur (JU, 1993)<\/a><\/p>\n<p>&nbsp;<\/p>\n<p>&nbsp;<\/p>\n","protected":false},"excerpt":{"rendered":"<p>2019 :\u00a0 \u00a0 \u00a0 \u00a0 \u00a0\u00a0 Direction des fouilles de la Maison de Phrixos et Hell\u00e9, \u00e0 Lamb\u00e8se (Tazoult, Alg\u00e9rie). 2017-2018 : \u00c9tude architecturale de la Maison Monnier, porte du bourg m\u00e9di\u00e9val de Vissoie\u00a0 (Anniviers, VS). 2014-2023 : \u00a0 \u00a0 \u00a0 \u00a0\u00a0 Direction des recherches arch\u00e9ologiques sur le hameau m\u00e9di\u00e9val de \u00a0 \u00a0 \u00a0 Ti\u00e9bagette &hellip; <\/p>\n<p class=\"link-more\"><a href=\"https:\/\/people.unil.ch\/cedriccramatte\/parcours-professionnel\/fouilles-archeologiques\/\" class=\"more-link\">Continuer la lecture<span class=\"screen-reader-text\"> de &laquo;&nbsp;Fouilles arch\u00e9ologiques&nbsp;&raquo;<\/span><\/a><\/p>\n","protected":false},"author":42,"featured_media":0,"parent":23,"menu_order":4,"comment_status":"closed","ping_status":"closed","template":"","meta":{"_seopress_robots_primary_cat":"","_seopress_titles_title":"","_seopress_titles_desc":"","_seopress_robots_index":"","footnotes":""},"class_list":["post-108","page","type-page","status-publish"],"_links":{"self":[{"href":"https:\/\/people.unil.ch\/cedriccramatte\/wp-json\/wp\/v2\/pages\/108","targetHints":{"allow":["GET"]}}],"collection":[{"href":"https:\/\/people.unil.ch\/cedriccramatte\/wp-json\/wp\/v2\/pages"}],"about":[{"href":"https:\/\/people.unil.ch\/cedriccramatte\/wp-json\/wp\/v2\/types\/page"}],"author":[{"embeddable":true,"href":"https:\/\/people.unil.ch\/cedriccramatte\/wp-json\/wp\/v2\/users\/42"}],"replies":[{"embeddable":true,"href":"https:\/\/people.unil.ch\/cedriccramatte\/wp-json\/wp\/v2\/comments?post=108"}],"version-history":[{"count":2,"href":"https:\/\/people.unil.ch\/cedriccramatte\/wp-json\/wp\/v2\/pages\/108\/revisions"}],"predecessor-version":[{"id":649,"href":"https:\/\/people.unil.ch\/cedriccramatte\/wp-json\/wp\/v2\/pages\/108\/revisions\/649"}],"up":[{"embeddable":true,"href":"https:\/\/people.unil.ch\/cedriccramatte\/wp-json\/wp\/v2\/pages\/23"}],"wp:attachment":[{"href":"https:\/\/people.unil.ch\/cedriccramatte\/wp-json\/wp\/v2\/media?parent=108"}],"curies":[{"name":"wp","href":"https:\/\/api.w.org\/{rel}","templated":true}]}}