{"id":11,"date":"2013-09-11T19:22:44","date_gmt":"2013-09-11T17:22:44","guid":{"rendered":"http:\/\/people.unil.ch\/cedriccramatte\/?page_id=11"},"modified":"2025-06-17T09:26:14","modified_gmt":"2025-06-17T07:26:14","slug":"publications","status":"publish","type":"page","link":"https:\/\/people.unil.ch\/cedriccramatte\/publications\/","title":{"rendered":"Publications"},"content":{"rendered":"<p><strong>MONOGRAPHIES<\/strong><\/p>\n<p>\u2022 T. Luginb\u00fchl, C. Cramatte et J. Hoznour,<a href=\"https:\/\/serval.unil.ch\/fr\/notice\/serval:BIB_985B49258EE0\"><em> Le sanctuaire gallo-romain du Chasseron<\/em><\/a>, Lausanne, 2014 (Cahiers d&rsquo;arch\u00e9ologie romande, 126).<\/p>\n<p><strong>RAPPORTS DE RECHERCHE<\/strong><\/p>\n<p>\u2022 C .Cramatte, <a href=\"https:\/\/serval.unil.ch\/fr\/notice\/serval:BIB_326CCB2EC236\">\u00ab\u00a0La fouille arch\u00e9ologique de la Maison de Phrixos et Hell\u00e9\u00a0\u00bb<\/a><em>. In: <\/em>A.-A. Malek et Y. Aib\u00e8che (dir.)<em>, Rapport du Programme arch\u00e9ologique de Lamb\u00e8se (Tazoult, Alg\u00e9rie)<\/em>, 2019, p. 5-26.<em><br \/>\n<\/em><br \/>\n\u2022 C .Cramatte, M. Gillioz et L. Rubeli, <a href=\"https:\/\/serval.unil.ch\/fr\/notice\/serval:BIB_F308944696E8\">Fang, <em>Ti\u00e9bagette (Val d&rsquo;Anniviers, VS. Recherches arch\u00e9ologiques 2014-2015<\/em><\/a>, Lausanne, 2016, 80 p.<\/p>\n<p>\u2022 C. Cramatte et al., <a href=\"https:\/\/serval.unil.ch\/fr\/notice\/serval:BIB_AE564DF501B9\"><em>Les <\/em>fouilles<em> du <\/em>castrum d&rsquo;Epomanduodurum<em> (Mandeure, Doubs). Rapport de la campagne 2012<\/em><\/a>, Lausanne, 2012, 128 p.<\/p>\n<p>\u2022 C. Cramatte, M. Glaus et Y. Mamin, <a href=\"https:\/\/serval.unil.ch\/fr\/notice\/serval:BIB_AB198B1FF3A8\"><em>\u00ab\u00a0<\/em>Le <em>castrum<\/em>: les mutations du Bas-Empire et du Haut Moyen \u00c2ge. Rapport de la campagne 2011<em>\u00ab\u00a0<\/em><\/a>, in Ph. Barral (coord.),<em> Approche pluridisciplinaire d&rsquo;une agglom\u00e9ration antique: <\/em>Epomanduodurum<em> (Mandeure-Mathay)<\/em>, Besan\u00e7on, 2011, 159-308.<\/p>\n<p>\u2022 C. Cramatte, <a href=\"https:\/\/serval.unil.ch\/fr\/notice\/serval:BIB_C448A05B82BF\">\u00ab\u00a0Rapport d&rsquo;intervention arch\u00e9ologique dans la <em>pars urbana<\/em> de la <em>villa<\/em> de Vicques-Les Chaufours\u00a0\u00bb<\/a>. <em>In<\/em> : <em>Rapport 2010 de la section d&rsquo;arch\u00e9ologie et de pal\u00e9ontologie de la R\u00e9publique et Canton du Jura<\/em>, Porrentruy, 2010, 28-40.<br \/>\n\u2022 C. Cramatte, Y. Mamin, <a href=\"https:\/\/serval.unil.ch\/fr\/notice\/serval:BIB_B9783326F686\">\u00ab\u00a0Rapport sur la campagne 2010: La fortification et les mutations du Bas-Empire\u00a0\u00bb<\/a>, in Ph. Barral (coord.),<em> Approche pluridisciplinaire d&rsquo;une agglom\u00e9ration antique: <\/em>Epomanduodurum<em> (Mandeure-Mathay)<\/em>, Besan\u00e7on, 2010, 269-366.<\/p>\n<p>\u2022 J. Monnier, C. Cramatte et S. Bolliger, <a href=\"https:\/\/serval.unil.ch\/fr\/notice\/serval:BIB_94C8D40EA56A\">\u00ab\u00a0La fortification et les mutations du Bas-Empire\u00a0\u00bb<\/a>, in Ph. Barral (coord.),<em> Approche pluridisciplinaire d&rsquo;une agglom\u00e9ration antique: <\/em>Epomanduodurum<em> (Mandeure-Mathay). Rapport interm\u00e9diaire sur la campagne 2008<\/em>, Besan\u00e7on, 2008, 209-277.<\/p>\n<p>\u2022 J. Monnier et C. Cramatte, <a href=\"https:\/\/serval.unil.ch\/fr\/notice\/serval:BIB_B689D97D0929\">\u00ab\u00a0Recherches sur la fortification et la ville du Bas-Empire\u00a0\u00bb<\/a>, in Ph. Barral (coord.),<em> Approche pluridisciplinaire d&rsquo;une agglom\u00e9ration antique: <\/em>Epomanduodurum<em> (Mandeure-Mathay). Rapport interm\u00e9diaire sur la campagne 2006<\/em>, Besan\u00e7on, 2006, 125-174.<\/p>\n<p><strong>BULLETINS GRAND PUBLIC<\/strong><\/p>\n<p>\u2022 C .Cramatte, O. Rendu, <a href=\"https:\/\/serval.unil.ch\/fr\/notice\/serval:BIB_5C28C8961FF9\"><em>DENDRO: Datation du bois dans le Val d&rsquo;Anniviers<\/em><\/a>, Vissoie, Association pour la recherche arch\u00e9ologique dans le Val d&rsquo;Aniviers (ARAVA), 2024, 15 p. (Bulletin de l&rsquo;ARAVA, 4).<\/p>\n<p>\u2022 C .Cramatte, M. Gillioz et L. Rubeli, <a href=\"https:\/\/serval.unil.ch\/fr\/notice\/serval:BIB_86CE8E5A8E6A\"><em>Fang, Ti\u00e9bagette (Val d\u2019Anniviers). Rapport vulgaris\u00e9 des recherches arch\u00e9ologiques 2014 destin\u00e9 au grand public<\/em><\/a>, Lausanne, 2015, 12 p. (Bulletin de l&rsquo;ARAVA, 1).<\/p>\n<p><strong>ARTICLES<\/strong><\/p>\n<p>\u2022 A.-A. Malek, Y. Aibeche, C. Cramatte, M. E. Fuchs, \u00ab\u00a0De la mosa\u00efque \u00e0 la ville : Phrixos et Hell\u00e9 sur le chemin de la capitale\u00a0\u00bb. <em>In<\/em> : A.-A. Guimier-Sorbets, A.-A. Malek, D. Istria, M. Poux, <em>La mosa\u00efque en contexte. XVe colloque de l&rsquo;Association internationale pour l&rsquo;\u00e9tude de la mosa\u00efque antique (AIEMA)<\/em>, Paris, Hermann \u00e9diteurs, 2024, 137-146.<\/p>\n<p>\u2022 C. Cramatte, <a href=\"https:\/\/serval.unil.ch\/fr\/notice\/serval:BIB_17A40D63969C\">\u00ab\u00a0Beno\u00eet Henri Tyszkiewicz et le Grand H\u00f4tel de Vevey\u00a0\u00bb<\/a>, \u00a0<em><span class=\"biblio_relatedItemTitle\">Annales veveysannes<\/span><\/em>,\u00a0<span class=\"biblio_volume\">20<\/span>, <span class=\"biblio_pages\">120-139.<\/span><\/p>\n<p>\u2022 C. Cramatte, <a href=\"https:\/\/serval.unil.ch\/fr\/notice\/serval:BIB_2F2830159F20\">\u00ab\u00a0Les dieux de la navigation dans l&rsquo;antique <em>Viviscus<\/em>\u00ab\u00a0<\/a>, \u00a0<span class=\"biblio_relatedItemTitle\">Annales veveysannes<\/span>,\u00a0<span class=\"biblio_volume\">19<\/span>, 102-119<span class=\"biblio_pages\">.<\/span><\/p>\n<p>\u2022 C. Cramatte, Y. <span class=\"biblio_author\">Muhlemann<\/span>, K. <span class=\"biblio_author\">Rustichelli, <a href=\"https:\/\/serval.unil.ch\/fr\/notice\/serval:BIB_33D0F0FADC10\">\u00ab\u00a0Un d\u00e9p\u00f4t de fondation dans les <em>principia<\/em> de la fortification de Mandeure (Doubs, France)\u00a0\u00bb<\/a>, <em><span class=\"biblio_relatedItemTitle\">Bulletin de l&rsquo;Association des amis du Mus\u00e9e mon\u00e9taire cantonal<\/span><\/em>,\u00a0<span class=\"biblio_volume\">29, 2016, 6-18.<\/span><\/span><\/p>\n<p>\u2022 C. Cramatte et D. Billoin, <a href=\"https:\/\/serval.unil.ch\/fr\/notice\/serval:BIB_B24331B710C6\">\u00ab\u00a0Le castrum de l&rsquo;Antiquit\u00e9 tardive et du haut Moyen \u00c2ge de Mandeure et l&rsquo;\u00e9tablissement fortifi\u00e9 de hauteur de Ch\u00e2teau-Julien\u00a0\u00bb<\/a>. In: M. Kasprzik et M. Monteil (dir.), <em>Agglom\u00e9rations, <\/em>vici<em> et <\/em>castra<em> du Nord de la Gaule entre Antiquit\u00e9 tardive et d\u00e9but du haut Moyen \u00c2ge<\/em>,\u00a0<em>2018,<\/em> 74.1, 273-287.<\/p>\n<p>\u2022 C. Cramatte, <a href=\"https:\/\/serval.unil.ch\/fr\/notice\/serval:BIB_32356647F068\">\u00ab\u00a0Le <em>castrum<\/em> de l&rsquo;Antiquit\u00e9 tardive et du haut Moyen \u00c2ge\u00a0\u00bb<\/a>. In: Ph. Barral (dir,), <em>Nouvelles donn\u00e9es sur l\u2019agglom\u00e9ration antique d\u2019Epomanduodurum<em> <em>(Mandeure et Mathay, Doubs<\/em><\/em>)<\/em>, <em>Gallia<\/em>, 72.2, 2015, 105-121.<\/p>\n<p>\u2022 C. Cramatte, M. Gillioz, L. Rubeli, <a href=\"https:\/\/serval.unil.ch\/fr\/notice\/serval:BIB_51C0D7D57552\">\u00ab\u00a0Le hameau m\u00e9di\u00e9val de Fang \/ Ti\u00e9bagette (Val d&rsquo;Anniviers, Valais)\u00a0\u00bb<\/a>, <em>Zeitschrift des Schweizerischen Burgenvereins<\/em>, 20, 2015\/2, 43-52.<\/p>\n<p>\u2022 S. Blin, C. Cramatte et Ph. Barral, <a href=\"https:\/\/serval.unil.ch\/fr\/notice\/serval:BIB_7AA74DD911C8\">\u00ab\u00a0Mandeure: du sanctuaire lat\u00e9nien \u00e0 l&rsquo;\u00e9glise pal\u00e9ochr\u00e9tienne\u00a0\u00bb<\/a>. In: Th. Dechezlepr\u00eatre (dir.), K. Gruel, M. Joly,\u00a0<em>Agglom\u00e9rations et sanctuaires. R\u00e9flexions \u00e0 partir de l&rsquo;exemple de Grand<\/em>, Colloque de Domr\u00e9my-la-Pucelle (20-23 octobre 2011), \u00a0Epinal, Conseil d\u00e9partemental des Vosges, 2015, 387-404.<\/p>\n<p>\u2022 S. Blin, C. Cramatte, <a href=\"https:\/\/serval.unil.ch\/fr\/notice\/serval:BIB_6E261A4728CA\">\u00ab\u00a0Du sanctuaire civique \u00e0 l&rsquo;\u00e9glise pal\u00e9ochr\u00e9tienne: fermeture, s\u00e9cularisation et christianisation\u00a0\u00bb<\/a>. In: W. van Andringa (dir.),\u00a0<em>La fin des dieux. Les lieux de culte du polyth\u00e9isme dans la pratique religieuse du IIIe au Ve si\u00e8cle ap. J.-C.<\/em>, Actes du XXXVIe Symposium HALMA-IPEL,\u00a0<em>Gallia<\/em>, 71.1, 2014, 51-63.<\/p>\n<p>\u2022 P. Nouvel et C. Cramatte, <a href=\"https:\/\/serval.unil.ch\/fr\/notice\/serval:BIB_2AB0BBBA09A9\">\u00ab\u00a0Le massif du Jura \u00e0 l&rsquo;\u00e9poque romaine. Terre de fronti\u00e8re ou de peuplement? Etat des donn\u00e9es\u00a0\u00bb<\/a>. In: A. Richard, F. Schifferdecker, J.-P. Mazimann et C. B\u00e9let-Gonda, <em>Le peuplement de l&rsquo;arc jurassien de la pr\u00e9histoire au Moyen \u00c2ge<\/em>, Actes des deuxi\u00e8mes Journ\u00e9es Frontali\u00e8res de l&rsquo;Arc Jurassien, Besan\u00e7on, 2013, 385-410.<\/p>\n<p>\u2022 C. Cramatte, M. Glaus et Y. Mamin, <a href=\"https:\/\/serval.unil.ch\/fr\/notice\/serval:BIB_F029C59151B4\">\u00ab\u00a0Une \u00e9glise du 5e si\u00e8cle dans le castrum de Mandeure (F)\u00a0\u00bb<\/a>, <em>Arch\u00e9ologie suisse<\/em>, 35\/1, 2012, 4-15.<\/p>\n<p>\u2022 C. Cramatte, <a href=\"https:\/\/serval.unil.ch\/fr\/notice\/serval:BIB_47356D1BEF1D\">\u00ab\u00a0Trois statuettes en bronze provenant de Nyon. Un nouvel aspect de la vie religieuse dans la<em> Colonia Iulia Equestris<\/em>\u00ab\u00a0<\/a>, <em>Annuaire d&rsquo;arch\u00e9ologie suisse<\/em>, 92, 2009, 256-264.<\/p>\n<p>\u2022 C. Cramatte, <a href=\"https:\/\/serval.unil.ch\/fr\/notice\/serval:BIB_45FDAF7609C2\">\u00ab\u00a0Recueil des sanctuaires romains en Suisse\u00a0\u00bb<\/a>. In: D. Castella et M.-F. Meylan-Krause (dir.), <em>Topographie sacr\u00e9e et rituels. Le cas d&rsquo;<\/em>Aventicum<em>, capital des Helv\u00e8tes. Actes du colloque international d&rsquo;Avenches, 2-4 novembre 2006<\/em>, 2008, 265-277.<\/p>\n<p>\u2022 C. Cramatte et G. F\u00e9ret, <a href=\"https:\/\/serval.unil.ch\/fr\/notice\/serval:BIB_ABA2047AE6FD\">\u00ab\u00a0Quand les oiseaux parlent aux dieux&#8230;\u00a0\u00bb<\/a>, Chronozone, 10, 2004,\u00a0 34-37.<\/p>\n<p>\u2022 C. Cramatte, <a href=\"https:\/\/serval.unil.ch\/fr\/notice\/serval:BIB_4714A33EB96D\">\u00ab\u00a0D\u00e9couverte de deux nouveaux bronzes \u00e0 Ursins (VD)\u00a0\u00bb<\/a>, <em>Revue historique vaudoise<\/em>, 111, 2003, 265-268.<\/p>\n<p>\u2022 C. Cramatte et G. F\u00e9ret, <a href=\"https:\/\/serval.unil.ch\/fr\/notice\/serval:BIB_22A7D25ADFBB\">\u00ab\u00a0Un d\u00e9potoir august\u00e9en ancien sous la terrasse PC4\u00a0\u00bb<\/a>, <em>Rapport annuel d&rsquo;activit\u00e9 du Centre arch\u00e9ologique europ\u00e9en du Mont-Beuvray<\/em>, 2002, 188-194.<\/p>\n<p><strong>PARTIES DE LIVRES<br \/>\n<\/strong><\/p>\n<p>\u2022 C. Cramatte, <a href=\"https:\/\/serval.unil.ch\/fr\/notice\/serval:BIB_78FED066948E\">\u00ab\u00a06.5.4 \u00c9poque romaine. Figurine en terre cuite figurant un couple enlac\u00e9\u00a0\u00bb<\/a>. In: A. Gallay, E. Burri-Wyser, F. Menna, M. David-Elbiali et <em>al.<\/em>, <em>Tolochenaz (VD) &#8211; La Caroline. Du m\u00e9solithique \u00e0 l&rsquo;\u00e9poque romaine en passant par la n\u00e9cropole du Boiron, Lausanne, 2018, 266-268 (Cahiers d&rsquo;arch\u00e9ologie romande, 168).<\/em><\/p>\n<p><a href=\"https:\/\/serval.unil.ch\/fr\/notice\/serval:BIB_1090F51BF7B3\">\u2022 C. Cramatte, <\/a><a href=\"https:\/\/serval.unil.ch\/fr\/notice\/serval:BIB_5D972B064337\">\u00ab\u00a0L&rsquo;\u00e9glise pal\u00e9ochr\u00e9tienne\u00a0\u00bb<\/a>. In: Collectif, <em>Mandeure: vies d&rsquo;un sanctuaire<\/em>, Montb\u00e9liard, Mus\u00e9e du ch\u00e2teau des Ducs de Wurtemberg, 2012, 62-71.<\/p>\n<p>\u2022 C. Cramatte, <a href=\"https:\/\/serval.unil.ch\/fr\/notice\/serval:BIB_1090F51BF7B3\">\u00ab\u00a0Le <em>castrum<\/em> du Bas-Empire\u00a0\u00bb<\/a>. In: Collectif, <em>Mandeure: vies d&rsquo;un sanctuaire<\/em>, Montb\u00e9liard, Mus\u00e9e du ch\u00e2teau des Ducs de Wurtemberg, 2012, 104-109.<\/p>\n<p>\u2022 C. Cramatte, <a href=\"https:\/\/serval.unil.ch\/fr\/notice\/serval:BIB_DB0A176F9CFA\">\u00ab\u00a0La ville de l&rsquo;Antiquit\u00e9 tardive et l&rsquo;\u00e9glise pal\u00e9ochr\u00e9tienne\u00a0\u00bb<\/a>. In: Collectif, <em>Mandeure: vies d&rsquo;un sanctuaire<\/em>, Montb\u00e9liard, Mus\u00e9e du ch\u00e2teau des Ducs de Wurtemberg, 2012, 110-112.<\/p>\n<p>\u2022 C. Cramatte, <a href=\"https:\/\/serval.unil.ch\/fr\/notice\/serval:BIB_9D1D13812692\">\u00ab\u00a0Brennodurum (Berne)\u00a0\u00bb<\/a>. In: R. S. Bagnall, K. Brodersen, C. B. Champion, A. Erskine, S. R. Huebner \u00a0(eds), <em>The Encyclopedia of Ancient History<\/em>, Oxford, Wiley and Blackwell, 2012, p. 1184-1185.<\/p>\n<p>\u2022 C. Cramatte, <a href=\"https:\/\/serval.unil.ch\/fr\/notice\/serval:BIB_C40EC304B7B1\">\u00ab\u00a0<em>Lousonna<\/em> (Lausanne)\u00a0\u00bb<\/a>. In:\u00a0R. S. Bagnall, K. Brodersen, C. B. Champion, A. Erskine, S. R. Huebner \u00a0(eds),\u00a0<em>The Encyclopedia of Ancient History<\/em>, Oxford, Wiley and Blackwell, 2012, 4149-4150.<\/p>\n<p>\u2022 C. Cramatte, <a href=\"https:\/\/serval.unil.ch\/fr\/notice\/serval:BIB_6EC3BF563408\">\u00ab\u00a0<em>Turicum <\/em>(Z\u00fcrich)\u00a0\u00bb<\/a>. In:\u00a0R. S. Bagnall, K. Brodersen, C. B. Champion, A. Erskine, S. R. Huebner \u00a0(eds),\u00a0<em>The Encyclopedia of Ancient History<\/em>, Oxford, Wiley and Blackwell, 2012, 6885.<\/p>\n<p>\u2022 C. Cramatte, <a href=\"https:\/\/serval.unil.ch\/fr\/notice\/serval:BIB_C9AC3623CF4F\">\u00ab\u00a0Vicques, villa (Switzerland)\u00a0\u00bb<\/a>. In:\u00a0R. S. Bagnall, K. Brodersen, C. B. Champion, A. Erskine, S. R. Huebner \u00a0(eds),\u00a0<em>The Encyclopedia of Ancient History<\/em>, Oxford, Wiley and Blackwell, 2012, 6991-6993.<\/p>\n","protected":false},"excerpt":{"rendered":"<p>MONOGRAPHIES \u2022 T. Luginb\u00fchl, C. Cramatte et J. Hoznour, Le sanctuaire gallo-romain du Chasseron, Lausanne, 2014 (Cahiers d&rsquo;arch\u00e9ologie romande, 126). RAPPORTS DE RECHERCHE \u2022 C .Cramatte, \u00ab\u00a0La fouille arch\u00e9ologique de la Maison de Phrixos et Hell\u00e9\u00a0\u00bb. In: A.-A. Malek et Y. Aib\u00e8che (dir.), Rapport du Programme arch\u00e9ologique de Lamb\u00e8se (Tazoult, Alg\u00e9rie), 2019, p. 5-26. \u2022 &hellip; <\/p>\n<p class=\"link-more\"><a href=\"https:\/\/people.unil.ch\/cedriccramatte\/publications\/\" class=\"more-link\">Continuer la lecture<span class=\"screen-reader-text\"> de &laquo;&nbsp;Publications&nbsp;&raquo;<\/span><\/a><\/p>\n","protected":false},"author":42,"featured_media":0,"parent":0,"menu_order":2,"comment_status":"closed","ping_status":"closed","template":"","meta":{"_seopress_robots_primary_cat":"","_seopress_titles_title":"","_seopress_titles_desc":"","_seopress_robots_index":"","footnotes":""},"class_list":["post-11","page","type-page","status-publish"],"_links":{"self":[{"href":"https:\/\/people.unil.ch\/cedriccramatte\/wp-json\/wp\/v2\/pages\/11","targetHints":{"allow":["GET"]}}],"collection":[{"href":"https:\/\/people.unil.ch\/cedriccramatte\/wp-json\/wp\/v2\/pages"}],"about":[{"href":"https:\/\/people.unil.ch\/cedriccramatte\/wp-json\/wp\/v2\/types\/page"}],"author":[{"embeddable":true,"href":"https:\/\/people.unil.ch\/cedriccramatte\/wp-json\/wp\/v2\/users\/42"}],"replies":[{"embeddable":true,"href":"https:\/\/people.unil.ch\/cedriccramatte\/wp-json\/wp\/v2\/comments?post=11"}],"version-history":[{"count":4,"href":"https:\/\/people.unil.ch\/cedriccramatte\/wp-json\/wp\/v2\/pages\/11\/revisions"}],"predecessor-version":[{"id":624,"href":"https:\/\/people.unil.ch\/cedriccramatte\/wp-json\/wp\/v2\/pages\/11\/revisions\/624"}],"wp:attachment":[{"href":"https:\/\/people.unil.ch\/cedriccramatte\/wp-json\/wp\/v2\/media?parent=11"}],"curies":[{"name":"wp","href":"https:\/\/api.w.org\/{rel}","templated":true}]}}