{"id":111,"date":"2013-10-29T18:00:13","date_gmt":"2013-10-29T17:00:13","guid":{"rendered":"http:\/\/people.unil.ch\/cedriccramatte\/?page_id=111"},"modified":"2025-03-05T16:39:09","modified_gmt":"2025-03-05T15:39:09","slug":"experience-academique","status":"publish","type":"page","link":"https:\/\/people.unil.ch\/cedriccramatte\/parcours-professionnel\/experience-academique\/","title":{"rendered":"Parcours acad\u00e9mique"},"content":{"rendered":"<p><strong>2016 &#8211; auj. : Doctorant<\/strong> \u00e0 Lausanne.<br \/>\nTitre de la th\u00e8se de doctorat: <i>Les fibules cruciforme dans l&rsquo;<\/i>Imperium romanum<i>. \u00c9tudes typologique et socioculturelle d&rsquo;un symbole du pouvoir.<\/i><\/p>\n<p><strong>2006-2013 :<\/strong> <strong>Directeur de fouilles-\u00e9coles de l&rsquo;Universit\u00e9 de Lausanne<\/strong> (Yverdon et Mandeure). Formation de terrain destin\u00e9e aux \u00e9tudiants en arch\u00e9ologie.<\/p>\n<p><strong>2006-2009 :<\/strong> <strong>Assistant dipl\u00f4m\u00e9<\/strong> rattach\u00e9 au Prof. Michel Fuchs, Universit\u00e9 de Lausanne, dans le cadre de la cr\u00e9ation de la base de donn\u00e9es TIRESIAS.<\/p>\n<p><strong>2005-2006 :<\/strong> <strong>Assistant dipl\u00f4m\u00e9<\/strong> du Prof. Thierry Luginb\u00fchl, Universit\u00e9 de Lausanne.<\/p>\n<p><strong>2005 :<\/strong> <strong>Licenci\u00e9 es Lettres<\/strong> de l&rsquo;Universit\u00e9 de Lausanne.<br \/>\nM\u00e9moire de licence sous la direction du Prof. D. Paunier:<em> La <\/em>villa<em> gallo-romaine de<\/em><br \/>\n<em>Vicques, Les Chaufours. \u00c9tat des questions et directions de recherches<\/em> (2 volumes).<\/p>\n<p><strong>2002-2004 :<\/strong> <strong>Assistant \u00e9tudiant<\/strong> du Prof. Daniel Paunier, Universit\u00e9 de Lausanne.<\/p>\n<figure id=\"attachment_187\" aria-describedby=\"caption-attachment-187\" style=\"width: 584px\" class=\"wp-caption alignright\"><a href=\"https:\/\/people.unil.ch\/cedriccramatte\/files\/2013\/10\/23.jpg\"><img loading=\"lazy\" decoding=\"async\" class=\" wp-image-187\" src=\"https:\/\/people.unil.ch\/cedriccramatte\/files\/2013\/10\/23-1024x768.jpg\" alt=\"23\" width=\"584\" height=\"438\" srcset=\"https:\/\/people.unil.ch\/cedriccramatte\/files\/2013\/10\/23-1024x768.jpg 1024w, https:\/\/people.unil.ch\/cedriccramatte\/files\/2013\/10\/23-300x225.jpg 300w, https:\/\/people.unil.ch\/cedriccramatte\/files\/2013\/10\/23-399x300.jpg 399w, https:\/\/people.unil.ch\/cedriccramatte\/files\/2013\/10\/23.jpg 1066w\" sizes=\"auto, (max-width: 584px) 100vw, 584px\" \/><\/a><figcaption id=\"caption-attachment-187\" class=\"wp-caption-text\">Fouille-\u00e9cole du castrum de Mandeure en 2011. Photo: Fabrice Ducrest, UNICOM.<\/figcaption><\/figure>\n<figure id=\"attachment_189\" aria-describedby=\"caption-attachment-189\" style=\"width: 584px\" class=\"wp-caption alignright\"><a href=\"https:\/\/people.unil.ch\/cedriccramatte\/files\/2013\/10\/DSC_0444.jpg\"><img loading=\"lazy\" decoding=\"async\" class=\" wp-image-189 \" src=\"https:\/\/people.unil.ch\/cedriccramatte\/files\/2013\/10\/DSC_0444-1024x680.jpg\" alt=\"DSC_0444\" width=\"584\" height=\"387\" srcset=\"https:\/\/people.unil.ch\/cedriccramatte\/files\/2013\/10\/DSC_0444-1024x680.jpg 1024w, https:\/\/people.unil.ch\/cedriccramatte\/files\/2013\/10\/DSC_0444-300x199.jpg 300w, https:\/\/people.unil.ch\/cedriccramatte\/files\/2013\/10\/DSC_0444-451x300.jpg 451w, https:\/\/people.unil.ch\/cedriccramatte\/files\/2013\/10\/DSC_0444.jpg 1200w\" sizes=\"auto, (max-width: 584px) 100vw, 584px\" \/><\/a><figcaption id=\"caption-attachment-189\" class=\"wp-caption-text\"><br \/>Mandeure, chantier-\u00e9cole 2012. Pr\u00e9sentation hebdomadaire de l&rsquo;avanc\u00e9e du chantier aux \u00e9tudiants par C. Cramatte. Photo: Mona Br\u00fchlart, IASA.<\/figcaption><\/figure>\n","protected":false},"excerpt":{"rendered":"<p>2016 &#8211; auj. : Doctorant \u00e0 Lausanne. Titre de la th\u00e8se de doctorat: Les fibules cruciforme dans l&rsquo;Imperium romanum. \u00c9tudes typologique et socioculturelle d&rsquo;un symbole du pouvoir. 2006-2013 : Directeur de fouilles-\u00e9coles de l&rsquo;Universit\u00e9 de Lausanne (Yverdon et Mandeure). Formation de terrain destin\u00e9e aux \u00e9tudiants en arch\u00e9ologie. 2006-2009 : Assistant dipl\u00f4m\u00e9 rattach\u00e9 au Prof. Michel &hellip; <\/p>\n<p class=\"link-more\"><a href=\"https:\/\/people.unil.ch\/cedriccramatte\/parcours-professionnel\/experience-academique\/\" class=\"more-link\">Continuer la lecture<span class=\"screen-reader-text\"> de &laquo;&nbsp;Parcours acad\u00e9mique&nbsp;&raquo;<\/span><\/a><\/p>\n","protected":false},"author":42,"featured_media":0,"parent":23,"menu_order":2,"comment_status":"closed","ping_status":"closed","template":"sidebar-page.php","meta":{"_seopress_robots_primary_cat":"","_seopress_titles_title":"","_seopress_titles_desc":"","_seopress_robots_index":"","footnotes":""},"class_list":["post-111","page","type-page","status-publish"],"_links":{"self":[{"href":"https:\/\/people.unil.ch\/cedriccramatte\/wp-json\/wp\/v2\/pages\/111","targetHints":{"allow":["GET"]}}],"collection":[{"href":"https:\/\/people.unil.ch\/cedriccramatte\/wp-json\/wp\/v2\/pages"}],"about":[{"href":"https:\/\/people.unil.ch\/cedriccramatte\/wp-json\/wp\/v2\/types\/page"}],"author":[{"embeddable":true,"href":"https:\/\/people.unil.ch\/cedriccramatte\/wp-json\/wp\/v2\/users\/42"}],"replies":[{"embeddable":true,"href":"https:\/\/people.unil.ch\/cedriccramatte\/wp-json\/wp\/v2\/comments?post=111"}],"version-history":[{"count":3,"href":"https:\/\/people.unil.ch\/cedriccramatte\/wp-json\/wp\/v2\/pages\/111\/revisions"}],"predecessor-version":[{"id":539,"href":"https:\/\/people.unil.ch\/cedriccramatte\/wp-json\/wp\/v2\/pages\/111\/revisions\/539"}],"up":[{"embeddable":true,"href":"https:\/\/people.unil.ch\/cedriccramatte\/wp-json\/wp\/v2\/pages\/23"}],"wp:attachment":[{"href":"https:\/\/people.unil.ch\/cedriccramatte\/wp-json\/wp\/v2\/media?parent=111"}],"curies":[{"name":"wp","href":"https:\/\/api.w.org\/{rel}","templated":true}]}}