{"id":137,"date":"2013-10-30T07:38:46","date_gmt":"2013-10-30T06:38:46","guid":{"rendered":"http:\/\/people.unil.ch\/cedriccramatte\/?page_id=137"},"modified":"2025-03-15T18:13:15","modified_gmt":"2025-03-15T17:13:15","slug":"conferencescolloques","status":"publish","type":"page","link":"https:\/\/people.unil.ch\/cedriccramatte\/communications\/conferencescolloques\/","title":{"rendered":"Conf\u00e9rences\/Colloques"},"content":{"rendered":"<p><b><em>Viviscus<\/em> : une ville-carrefour aux enjeux \u00e9conomiques et militaires<br \/>\n<\/b>12 mars 2025 : conf\u00e9rence au Caf\u00e9 du Raisin de Cully. Rotary Club du Lavaux.<\/p>\n<p><strong>Vevey la Romaine<br \/>\n<\/strong><span style=\"font-size: revert\">15 janvier 2025 : conf\u00e9rence \u00e0 la Salle du Conseil communal de Vevey. Vibiscum &#8211; Association des Amis du Vieux Vevey.<\/span><\/p>\n<p><strong>L&rsquo;\u00e9glise pal\u00e9ochr\u00e9tienne de Mandeure<br \/>\n<\/strong>24 novembre 2022 : conf\u00e9rence au Centre paroissiale de Mandeure. Syndicat intercommunal \u00e0 vocation arch\u00e9ologique Mandeure-Mathay \/ Paroisse de Mandeure.<\/p>\n<p><strong>Le verrou du Chablais (Suisse) au IVe si\u00e8cle\u00a0<\/strong><br \/>\n11 d\u00e9cembre 2021 : pr\u00e9sentation dans le cadre du colloque international de Lausanne intitul\u00e9 \u00ab\u00a0Montagne et soci\u00e9t\u00e9 en Gaule dans l\u2019Antiquit\u00e9 tardive\u00a0\u00bb (VIIe colloque Antiquit\u00e9 tardive en Gaule).<\/p>\n<p><strong>Le Chablais \u00e0 la fin de l&rsquo;\u00e9poque romaine (fin du IIIe si\u00e8cle-d\u00e9but du Ve si\u00e8cle)<br \/>\n<\/strong>29 novembre 2019 : conf\u00e9rence \u00e0 l&rsquo;H\u00f4tel de Ville de Bex. Mandement de Bex.<\/p>\n<p><strong>Architecture et d\u00e9cor de l&rsquo;\u00e9glise pal\u00e9ochr\u00e9tienne de Mandeure (Doubs)<\/strong><br \/>\n28 novembre 2019 : conf\u00e9rence \u00e0 l&rsquo;\u00c9cole Normale Sup\u00e9rieure de Paris (UMR 8546). S\u00e9minaire \u00ab\u00a0D\u00e9cor et architecture antiques d&rsquo;Orient et d&rsquo;Occident\u00a0\u00bb.<\/p>\n<p><strong>La basilique pal\u00e9ochr\u00e9tienne d&rsquo;<em>Epomanduodurum<\/em> (Mandeure, Doubs) et les \u00e9glises castrales<\/strong> <strong>de la <em>Maxima Sequanorum<\/em><\/strong><br \/>\n18 octobre 2019 : conf\u00e9rence \u00e0 l&rsquo;universit\u00e9 de Savoie Mont Blanc, Chamb\u00e9ry. S\u00e9minaire d&rsquo;histoire et d&rsquo;arch\u00e9ologie religieuses (IVe-VIIe si\u00e8cles).<\/p>\n<p><strong>Le mythe de D\u00e9dale et l&rsquo;aristocratie romaine en Suisse<br \/>\n<\/strong>11 septembre 2019 : conf\u00e9rence \u00e0 l&rsquo;universit\u00e9 de Lausanne. Section d&rsquo;arch\u00e9ologie et des sciences de l&rsquo;Antiquit\u00e9.<\/p>\n<p><strong>Corseaux \u00e0 l\u2019\u00e9poque pr\u00e9historique\u00a0: les tombes n\u00e9olithiques du Seyton<br \/>\n<\/strong>19 avril 2018 : conf\u00e9rence \u00e0 la Maison de Commune de Corseaux. Association Corsalum, Corseaux.<\/p>\n<p><strong>La g\u00e9ographie du pouvoir dans les provinces de Grande S\u00e9quanaise et des Alpes Pennines (fin du III<sup>e<\/sup>\u00a0si\u00e8cle-milieu du V<sup>e<\/sup>\u00a0si\u00e8cle). Une \u00e9tude par les fibules cruciformes<br \/>\n<\/strong>9 d\u00e9cembre 2017\u00a0: pr\u00e9sentation dans le cadre de la 1<sup>\u00e8re<\/sup> journ\u00e9e d\u2019\u00e9tude de l\u2019Association Antiquit\u00e9 tardive en Gaule, Paris, Institut National d\u2019Histoire de l\u2019Art.<\/p>\n<p><strong>La g\u00e9ographie du pouvoir dans les provinces de Grande S\u00e9quanaise et des Alpes Pennines (fin du III<sup>e<\/sup>\u00a0si\u00e8cle-milieu du V<sup>e<\/sup>\u00a0si\u00e8cle). Une \u00e9tude par les fibules cruciformes<br \/>\n<\/strong>3 novembre 2017 : \u00a0pr\u00e9sentation dans le cadre de l\u2019assembl\u00e9e annuelle de l\u2019association pour l\u2019arch\u00e9ologie romaine en Suisse, Bellinzona.<\/p>\n<p><strong>Une basilique pal\u00e9ochr\u00e9tienne en Franche-Comt\u00e9. Forteresse de Mandeure, fin du IV<sup>e<\/sup> si\u00e8cle<br \/>\n<\/strong>11 octobre 2017\u00a0: conf\u00e9rence pour l\u2019Association Aux Sources de la Provence, Aix-en-Provence.<\/p>\n<p><strong>Le <em>castellum<\/em>\u00a0constantinien d&rsquo;<em>Epomanduodurum<\/em>\/Mandeure<br \/>\n<\/strong>7 d\u00e9cembre 2016 : pr\u00e9sentation dans le cadre du colloque international de Strasbourg intitul\u00e9 \u00ab\u00a0Le Rhin sup\u00e9rieur aux IVe-Ve si\u00e8cles : mobilit\u00e9, communication et infrastructure\u00a0\u00bb (Ve colloque Antiquit\u00e9 tardive en Gaule).<\/p>\n<p><strong>\u00ab\u00a0L\u00e0-haut sur la montagne, l&rsquo;\u00e9tait un vieux myst\u00e8re\u00a0\u00bb. Fouilles arch\u00e9ologiques du site m\u00e9di\u00e9val de Ti\u00e9bagette, au-dessous de Fang<br \/>\n<\/strong>4 ao\u00fbt 2016 : conf\u00e9rence pour l&rsquo;Association ASPROLUC, l&rsquo;association des propri\u00e9taires d&rsquo;Anniviers, Saint-Luc.<\/p>\n<p><strong>Le village m\u00e9di\u00e9val de Fang<br \/>\n<\/strong>31 octobre 2015 : pr\u00e9sentation dans le cadre du 41e congr\u00e8s de la Schweizerische Arbeitsgemeinschaft f\u00fcr Arch\u00e4ologie des Mittelalters und der Neuzeit (SAM), Coire.<strong><br \/>\n<\/strong><\/p>\n<p><strong>Le camp de Mandeure (Doubs, F) et les derni\u00e8res heures de la l\u00e9gion <em>Prima<\/em> <em>Martia<\/em> sur le Plateau suisse<br \/>\n<\/strong>21 mai 2015 : conf\u00e9rence au Cercle d&rsquo;arch\u00e9ologie vaudois, Lausanne.<\/p>\n<p><strong>La ville tardo-antique d&rsquo;<em>Epomanduodurum<\/em>\/Mandeure (Doubs)<\/strong><br \/>\n27 mars 2015 : pr\u00e9sentation dans le cadre du colloque international de Lille intitul\u00e9 \u00ab\u00a0Villes et fortifications de l&rsquo;Antiquit\u00e9 tardive dans le nord de la Gaule\u00a0\u00bb.<\/p>\n<p><strong>Le <em>castrum<\/em> de l&rsquo;Antiquit\u00e9 tardive et du haut Moyen \u00c2ge de Mandeure et l&rsquo;\u00e9tablissement fortifi\u00e9 de hauteur du Mont-Julien<\/strong><br \/>\n17 d\u00e9cembre 2014 : pr\u00e9sentation en collaboration avec David Billoin (Inrap) dans le cadre du colloque international de Besan\u00e7on intitul\u00e9 \u00ab\u00a0Agglom\u00e9rations du nord de la Gaule et des r\u00e9gions voisines durant l&rsquo;Antiquit\u00e9 tardive (IIIe-VIe s.)\u00a0\u00bb (L&rsquo;Antiquit\u00e9 tardive dans l&rsquo;Est de la Gaule 4).<\/p>\n<p><strong>Le village m\u00e9di\u00e9val de Fang, Ti\u00e9bagette (Val d&rsquo;Anniviers, Valais): une recherche novatrice entre arch\u00e9ologie et histoire<\/strong><br \/>\n11 d\u00e9cembre 2014 : conf\u00e9rence au Cercle d&rsquo;arch\u00e9ologie vaudois, Lausanne.<\/p>\n<p><strong><strong>Une seconde \u00e9glise pal\u00e9ochr\u00e9tienne dans le <em>castrum<\/em> de Mandeure ?<\/strong><br \/>\n<\/strong>8 avril 2014 : journ\u00e9e de conf\u00e9rences EDOCSA: De l&rsquo;Europe centrale aux confins du monde connu: Antiquit\u00e9 tardive et Haut Moyen \u00c2ge, entre rupture et continuit\u00e9. Universit\u00e9 de Lausanne.<\/p>\n<p><strong>La <em>Maxima Sequanorum<\/em>, une province romaine frontali\u00e8re. Conflits, trait\u00e9s ou accords avec les voisins alamans<\/strong><br \/>\n5 d\u00e9cembre 2013 : pr\u00e9sentation dans le cadre du colloque de rel\u00e8ve de la formation doctorale interdisciplinaire (Facult\u00e9 des Lettres de l&rsquo;Universit\u00e9 de Lausanne) intitul\u00e9 \u00ab\u00a0Fronti\u00e8res : identit\u00e9s, cultures, litt\u00e9ratures\u00a0\u00bb.<\/p>\n<p><strong>L&rsquo;\u00e9glise pal\u00e9ochr\u00e9tienne de Mandeure<\/strong><a href=\"https:\/\/people.unil.ch\/cedriccramatte\/files\/2013\/10\/Arles_Mandeure.jpg\"><img loading=\"lazy\" decoding=\"async\" class=\"size-thumbnail wp-image-161 alignright\" src=\"https:\/\/people.unil.ch\/cedriccramatte\/files\/2013\/10\/Arles_Mandeure-150x150.jpg\" alt=\"Arles_Mandeure\" width=\"150\" height=\"150\" \/><\/a><br \/>\n5 avril 2013 : conf\u00e9rence dans le cadre de la journ\u00e9e d&rsquo;\u00e9tude de l&rsquo;Universit\u00e9 de Strasbourg intitul\u00e9e \u00ab\u00a0Nouvelles recherches sur les \u00e9glises urbaines en Gaule: Arles et Mandeure pal\u00e9ochr\u00e9tiennes.<\/p>\n<p><strong>Lieux de culte de carrefours<br \/>\n<\/strong>19 mars 2013 : conf\u00e9rence dans le cadre du s\u00e9minaire de recherche de l&rsquo;Institut d&rsquo;arch\u00e9ologie et des sciences de l&rsquo;Antiquit\u00e9 de l&rsquo;Universit\u00e9 de Lausanne intitul\u00e9 \u00ab\u00a0Religions celtique et gallo-romaine : nouvelles approches\u00a0\u00bb.<\/p>\n<p><strong><em>Spolia<\/em> et <em>potestas<\/em>, les chantiers de constructions du <em>castrum<\/em> de Mandeure<\/strong><br \/>\n9 novembre 2012 : pr\u00e9sentation en collaboration avec S\u00e9verine Blin, ATER \u00e0 l&rsquo;Universit\u00e9 de Strasbourg dans le cadre du colloque international de Dijon intitul\u00e9 \u00ab\u00a0La pr\u00e9sence de l&rsquo;\u00e9tat dans l&rsquo;Est de la Gaule durant l&rsquo;Antiquit\u00e9 tardive\u00a0\u00bb (L&rsquo;Antiquit\u00e9 tardive dans l&rsquo;Est de la Gaule 3)<\/p>\n<p><strong>Thermes militaires et \u00e9glise pal\u00e9ochr\u00e9tienne de Mandeure\/<em>Epomanduodurum<\/em> (Franche-Comt\u00e9)<br \/>\n<\/strong>3 novembre 2012 : pr\u00e9sentation dans le cadre de l&rsquo;Assembl\u00e9e g\u00e9n\u00e9rale de l&rsquo;Association pour l&rsquo;arch\u00e9ologie romaine en Suisse (ARS) \u00e0 Yverdon-les-Bains.<\/p>\n<p><strong>Du fort militaire au complexe eccl\u00e9sial: le devenir d&rsquo;une fortification tardo-antique \u00e0 <em>Epomanduodurum<\/em>\/Mandeure (Doubs)<\/strong><br \/>\n17 mars 2012 : Conf\u00e9rence au Cercle d&rsquo;\u00c9mulation de Montb\u00e9liard, Montb\u00e9liard, Universit\u00e9 de Franche-Comt\u00e9.<\/p>\n<p><strong>L&rsquo;\u00e9glise pal\u00e9ochr\u00e9tienne de Mandeure<\/strong><br \/>\n26 mars 2012 : Conf\u00e9rence \u00e0 l&rsquo;Institut National de l&rsquo;Histoire de l&rsquo;Art de Paris (INHA), dans le cadre d&rsquo;un s\u00e9minaire de doctorat du Prof. Fran\u00e7ois Baratte.<\/p>\n<p><strong>Le <em>castrum<\/em> de Mandeure (Doubs) : les mutations du Bas-Empire et du Haut Moyen \u00c2ge.<\/strong><br \/>\n17 mars 2012 : pr\u00e9sentation dans le cadre de la journ\u00e9e arch\u00e9ologique r\u00e9gionale de Franche-Comt\u00e9 intitul\u00e9e \u00ab\u00a0Nouveaux regards sur le passage de l&rsquo;Antiquit\u00e9 tardive au Premier Moyen \u00c2ge \u00e0 Lons-le-Saunier.<\/p>\n<p><strong>Le <em>castellum<\/em> d\u2019<em>Epomanduodurum<\/em>\/Mandeure (Doubs), de la premi\u00e8re l\u00e9gion <em>Martia<\/em> \u00e0 l\u2019\u00e9glise pal\u00e9ochr\u00e9tienne<\/strong><i><br \/>\n<\/i>4 novembre 2011 : conf\u00e9rence au Cercle d&rsquo;arch\u00e9ologie de la Soci\u00e9t\u00e9 jurassienne d&rsquo;\u00c9mulation, Vendlincourt.<\/p>\n<p><strong>Mandeure : du sanctuaire lat\u00e9nien \u00e0 l&rsquo;\u00e9glise pal\u00e9ochr\u00e9tienne<\/strong><br \/>\n22 octobre 2011 : colloque Agglom\u00e9rations et sanctuaires. R\u00e9flexions \u00e0 partir de Grand, Domr\u00e9my-la-Pucelle, Pr\u00e9sentation en collaboration avec Philippe Barral, professeur \u00e0 l&rsquo;universit\u00e9 de Franche-Comt\u00e9 et S\u00e9verine Blin, ATER \u00e0 l&rsquo;universit\u00e9 de Strasbourg.<\/p>\n<p><strong>L&rsquo;occupation n\u00e9olithique sur les bords du L\u00e9man et la n\u00e9cropole du Seyton \u00e0 Corseaux<em><br \/>\n<\/em><\/strong>9 d\u00e9cembre 2010 : conf\u00e9rence \u00e0 la Maison communale de Corseaux dans le cadre de l&rsquo;Association <em>Corsalum.<\/em><\/p>\n<p><strong>Non loin d&rsquo;<em>Augusta Raurica<\/em>&#8230;la <em>villa<\/em> gallo-romaine de Vicques<\/strong><br \/>\n16 octobre 2008 : conf\u00e9rence au Centre communal de Vicques.<\/p>\n<p><strong>Le culte des anc\u00eatres ou la naissance des h\u00e9ros en Gaule<br \/>\n<\/strong>7 avril 2008 : conf\u00e9rence dans le cadre d&rsquo;un programme de formation continue des Sciences de l&rsquo;Antiquit\u00e9 de l&rsquo;Universit\u00e9 de Gen\u00e8ve intitul\u00e9 \u00ab\u00a0F\u00eates et croyances relatives \u00e0 l&rsquo;au-del\u00e0\u00a0\u00bb et dirig\u00e9 par le Prof. Ph. Borgeaud, Universit\u00e9 de Gen\u00e8ve.<\/p>\n<p><strong>La <em>villa<\/em> gallo-romaine de Vicques: un palais \u00e0 la campagne<\/strong><br \/>\n24 f\u00e9vrier 2008 : conf\u00e9rence au Mus\u00e9e Jurassien d&rsquo;Art et d&rsquo;Histoire de Del\u00e9mont.<\/p>\n<p><strong>L&rsquo;arc jurassien entre Narbonnaise et Germanie inf\u00e9rieure<\/strong><br \/>\n17 novembre 2007 : colloque transfrontalier appel\u00e9 Journ\u00e9es arch\u00e9ologiques Frontali\u00e8res de l\u2019Arc Jurassien. Pr\u00e9sentation en collaboration avec Pierre Nouvel, ma\u00eetre de conf\u00e9rence \u00e0 l\u2019Universit\u00e9 de Franche-Comt\u00e9, Besan\u00e7on.<\/p>\n","protected":false},"excerpt":{"rendered":"<p>Viviscus : une ville-carrefour aux enjeux \u00e9conomiques et militaires 12 mars 2025 : conf\u00e9rence au Caf\u00e9 du Raisin de Cully. Rotary Club du Lavaux. Vevey la Romaine 15 janvier 2025 : conf\u00e9rence \u00e0 la Salle du Conseil communal de Vevey. Vibiscum &#8211; Association des Amis du Vieux Vevey. L&rsquo;\u00e9glise pal\u00e9ochr\u00e9tienne de Mandeure 24 novembre 2022 &hellip; <\/p>\n<p class=\"link-more\"><a href=\"https:\/\/people.unil.ch\/cedriccramatte\/communications\/conferencescolloques\/\" class=\"more-link\">Continuer la lecture<span class=\"screen-reader-text\"> de &laquo;&nbsp;Conf\u00e9rences\/Colloques&nbsp;&raquo;<\/span><\/a><\/p>\n","protected":false},"author":42,"featured_media":0,"parent":80,"menu_order":0,"comment_status":"closed","ping_status":"closed","template":"","meta":{"_seopress_robots_primary_cat":"","_seopress_titles_title":"","_seopress_titles_desc":"","_seopress_robots_index":"","footnotes":""},"class_list":["post-137","page","type-page","status-publish"],"_links":{"self":[{"href":"https:\/\/people.unil.ch\/cedriccramatte\/wp-json\/wp\/v2\/pages\/137","targetHints":{"allow":["GET"]}}],"collection":[{"href":"https:\/\/people.unil.ch\/cedriccramatte\/wp-json\/wp\/v2\/pages"}],"about":[{"href":"https:\/\/people.unil.ch\/cedriccramatte\/wp-json\/wp\/v2\/types\/page"}],"author":[{"embeddable":true,"href":"https:\/\/people.unil.ch\/cedriccramatte\/wp-json\/wp\/v2\/users\/42"}],"replies":[{"embeddable":true,"href":"https:\/\/people.unil.ch\/cedriccramatte\/wp-json\/wp\/v2\/comments?post=137"}],"version-history":[{"count":5,"href":"https:\/\/people.unil.ch\/cedriccramatte\/wp-json\/wp\/v2\/pages\/137\/revisions"}],"predecessor-version":[{"id":577,"href":"https:\/\/people.unil.ch\/cedriccramatte\/wp-json\/wp\/v2\/pages\/137\/revisions\/577"}],"up":[{"embeddable":true,"href":"https:\/\/people.unil.ch\/cedriccramatte\/wp-json\/wp\/v2\/pages\/80"}],"wp:attachment":[{"href":"https:\/\/people.unil.ch\/cedriccramatte\/wp-json\/wp\/v2\/media?parent=137"}],"curies":[{"name":"wp","href":"https:\/\/api.w.org\/{rel}","templated":true}]}}