{"id":147,"date":"2013-10-30T11:04:54","date_gmt":"2013-10-30T10:04:54","guid":{"rendered":"http:\/\/people.unil.ch\/cedriccramatte\/?page_id=147"},"modified":"2015-08-06T10:31:08","modified_gmt":"2015-08-06T08:31:08","slug":"sciences-et-cite","status":"publish","type":"page","link":"https:\/\/people.unil.ch\/cedriccramatte\/communications\/sciences-et-cites\/sciences-et-cite\/","title":{"rendered":"Exp\u00e9rimentations arch\u00e9ologiques"},"content":{"rendered":"<h1>Exp\u00e9rimentations de r\u00e9duction de minerai de fer \u00e0 Bassecourt (Jura)<\/h1>\n<p>A partir de 2003, une vingtaine d&rsquo;\u00e9tudiants de l&rsquo;Universit\u00e9 de Lausanne conduit par l&rsquo;arch\u00e9ologue C\u00e9dric Cramatte ont repris un projet d&rsquo;exp\u00e9rimentations de r\u00e9duction de fer lanc\u00e9 en 2006 par le Groupe d&rsquo;arch\u00e9ologie du Fer (GAF). Ce partenariat a donn\u00e9 lieu \u00e0 des \u00e9changes fructueux sur les gestes et le savoir-faire des premiers sid\u00e9rurgistes jurassiens.Dans ce cadre, le groupe lausannois s&rsquo;est appliqu\u00e9 des semaines durant \u00e0 la r\u00e9fection d&rsquo;un bas-fourneau \u00e0 Bassecourt. Similaire \u00e0 ceux en activit\u00e9 dans la r\u00e9gion jurassienne \u00e0 partir du 7e si\u00e8cle, il a pu \u00eatre r\u00e9alis\u00e9 gr\u00e2ce aux donn\u00e9es fournies par les fouilles arch\u00e9ologiques men\u00e9es dans le cadre de la construction de la Transjurane.<\/p>\n<p>Une journ\u00e9e portes-ouvertes a \u00e9t\u00e9 r\u00e9alis\u00e9e le samedi 4 juin 2005 dans le but de partager cette exp\u00e9rimentation arch\u00e9ologique avec le public.<\/p>\n<figure id=\"attachment_347\" aria-describedby=\"caption-attachment-347\" style=\"width: 300px\" class=\"wp-caption alignleft\"><a href=\"https:\/\/people.unil.ch\/cedriccramatte\/files\/2013\/10\/ced1.jpg\"><img loading=\"lazy\" decoding=\"async\" class=\"wp-image-347 size-medium\" src=\"https:\/\/people.unil.ch\/cedriccramatte\/files\/2013\/10\/ced1-300x201.jpg\" alt=\"Photographie de groupe des \u00e9tudiants lausannois.\" width=\"300\" height=\"201\" srcset=\"https:\/\/people.unil.ch\/cedriccramatte\/files\/2013\/10\/ced1-300x201.jpg 300w, https:\/\/people.unil.ch\/cedriccramatte\/files\/2013\/10\/ced1-1024x684.jpg 1024w, https:\/\/people.unil.ch\/cedriccramatte\/files\/2013\/10\/ced1-449x300.jpg 449w, https:\/\/people.unil.ch\/cedriccramatte\/files\/2013\/10\/ced1.jpg 1197w\" sizes=\"auto, (max-width: 300px) 100vw, 300px\" \/><\/a><figcaption id=\"caption-attachment-347\" class=\"wp-caption-text\">Photographie du groupe d&rsquo;\u00e9tudiants lausannois devant les deux bas-fourneaux.<\/figcaption><\/figure>\n<h3>PRESSE<\/h3>\n<p><a href=\"https:\/\/www.unil.ch\/webdav\/site\/iasa\/shared\/Revue_de_presse\/1.Le_Quotidien_Jurassien.pdf\">\u00ab\u00a0Passer une nuit au coin du feu pour r\u00e9duire du minerai de fer\u00a0\u00bb<\/a>, Le Quotidien Jurassien, mercredi 1er juin 2005.<\/p>\n<p><a href=\"https:\/\/www.unil.ch\/webdav\/site\/iasa\/shared\/Revue_de_presse\/2.La_Region.pdf\">\u00ab\u00a0Nuit de fer au coin du feu\u00a0\u00bb<\/a>, La R\u00e9gion, 3 juin 2005.<\/p>\n<p>&nbsp;<\/p>\n","protected":false},"excerpt":{"rendered":"<p>Exp\u00e9rimentations de r\u00e9duction de minerai de fer \u00e0 Bassecourt (Jura) A partir de 2003, une vingtaine d&rsquo;\u00e9tudiants de l&rsquo;Universit\u00e9 de Lausanne conduit par l&rsquo;arch\u00e9ologue C\u00e9dric Cramatte ont repris un projet d&rsquo;exp\u00e9rimentations de r\u00e9duction de fer lanc\u00e9 en 2006 par le Groupe d&rsquo;arch\u00e9ologie du Fer (GAF). Ce partenariat a donn\u00e9 lieu \u00e0 des \u00e9changes fructueux sur &hellip; <\/p>\n<p class=\"link-more\"><a href=\"https:\/\/people.unil.ch\/cedriccramatte\/communications\/sciences-et-cites\/sciences-et-cite\/\" class=\"more-link\">Continuer la lecture<span class=\"screen-reader-text\"> de &laquo;&nbsp;Exp\u00e9rimentations arch\u00e9ologiques&nbsp;&raquo;<\/span><\/a><\/p>\n","protected":false},"author":42,"featured_media":0,"parent":149,"menu_order":1,"comment_status":"closed","ping_status":"closed","template":"","meta":{"_seopress_robots_primary_cat":"","_seopress_titles_title":"","_seopress_titles_desc":"","_seopress_robots_index":"","footnotes":""},"class_list":["post-147","page","type-page","status-publish"],"_links":{"self":[{"href":"https:\/\/people.unil.ch\/cedriccramatte\/wp-json\/wp\/v2\/pages\/147","targetHints":{"allow":["GET"]}}],"collection":[{"href":"https:\/\/people.unil.ch\/cedriccramatte\/wp-json\/wp\/v2\/pages"}],"about":[{"href":"https:\/\/people.unil.ch\/cedriccramatte\/wp-json\/wp\/v2\/types\/page"}],"author":[{"embeddable":true,"href":"https:\/\/people.unil.ch\/cedriccramatte\/wp-json\/wp\/v2\/users\/42"}],"replies":[{"embeddable":true,"href":"https:\/\/people.unil.ch\/cedriccramatte\/wp-json\/wp\/v2\/comments?post=147"}],"version-history":[{"count":0,"href":"https:\/\/people.unil.ch\/cedriccramatte\/wp-json\/wp\/v2\/pages\/147\/revisions"}],"up":[{"embeddable":true,"href":"https:\/\/people.unil.ch\/cedriccramatte\/wp-json\/wp\/v2\/pages\/149"}],"wp:attachment":[{"href":"https:\/\/people.unil.ch\/cedriccramatte\/wp-json\/wp\/v2\/media?parent=147"}],"curies":[{"name":"wp","href":"https:\/\/api.w.org\/{rel}","templated":true}]}}