{"id":205,"date":"2013-10-30T19:20:11","date_gmt":"2013-10-30T18:20:11","guid":{"rendered":"http:\/\/people.unil.ch\/cedriccramatte\/?page_id=205"},"modified":"2014-10-09T20:18:24","modified_gmt":"2014-10-09T18:18:24","slug":"radio","status":"publish","type":"page","link":"https:\/\/people.unil.ch\/cedriccramatte\/presse\/radio\/","title":{"rendered":"Radio"},"content":{"rendered":"<ul>\n<li>Emission de Radio Om\u00e9ga\u00a0<a style=\"font-style: normal\" href=\"https:\/\/www.radioomega.fr\/site\/podcast-72073459.html\">\u00ab\u00a0Culture, Histoire et Patrimoine: Reportage sur un plat en argent d\u00e9couvert \u00e0 Mandeure\u00a0\u00bb<\/a>, anim\u00e9e par Jean-Philippe Gueutal.<\/li>\n<\/ul>\n<figure id=\"attachment_267\" aria-describedby=\"caption-attachment-267\" style=\"width: 150px\" class=\"wp-caption alignright\"><a href=\"https:\/\/people.unil.ch\/cedriccramatte\/files\/2013\/10\/JP1341a.jpg\"><img loading=\"lazy\" decoding=\"async\" class=\"size-thumbnail wp-image-267\" src=\"https:\/\/people.unil.ch\/cedriccramatte\/files\/2013\/10\/JP1341a-150x150.jpg\" alt=\"JP1341a\" width=\"150\" height=\"150\" \/><\/a><figcaption id=\"caption-attachment-267\" class=\"wp-caption-text\">Fouilles de Mandeure. Photo: Radio Om\u00e9ga.<\/figcaption><\/figure>\n<ul>\n<li>Emission de Radio Om\u00e9ga <a style=\"font-style: normal\" href=\"https:\/\/www.radioomega.fr\/site\/podcast-46838712.html\">\u00ab\u00a0Culture, Histoire et Patrimoine: Les fouilles du Clos du Ch\u00e2teau \u00e0 Mandeure\u00a0\u00bb<\/a> du 1er octobre 2013, anim\u00e9e par Jean-Philippe Gueutal.<br \/>\nA d\u00e9couvrir aussi les interviews d&rsquo;\u00e9tudiants de l&rsquo;Universit\u00e9 de Lausanne:<br \/>\n&#8211; <a href=\"https:\/\/www.radioomega.fr\/site\/podcast-14750659.html\">Mattia Gillioz<\/a> le 2 ocobre 2013<br \/>\n&#8211; <a href=\"https:\/\/www.radioomega.fr\/site\/podcast-50640469.html\">Oliver Rendu<\/a> le 3 octobre 2013<br \/>\n&#8211; <a href=\"https:\/\/www.radioomega.fr\/site\/podcast-22378635.html\">Tib\u00e8re Grec et Oliver Rendu<\/a> le 4 octobre 2013<br \/>\n&#8211; <a href=\"https:\/\/www.radioomega.fr\/site\/podcast-17396831.html\">Oliver Rendu<\/a> le 5 octobre 2013<span style=\"color: #666666;font-family: Georgia, serif\"><span style=\"font-size: 12.012011528015137px;line-height: 16.985734939575195px\">.<\/span><\/span><\/li>\n<\/ul>\n<ul>\n<li>Emission de la RTS\u00a0<a href=\"https:\/\/www.rts.ch\/la-1ere\/programmes\/les-petits-matins\/3754148-les-petits-matins-du-09-02-2012.html\">\u00ab\u00a0Les petits matins\u00a0\u00bb<\/a>\u00a0du 9 f\u00e9vrier 2012, anim\u00e9e par Georges Pop. L&rsquo;invit\u00e9 du jour: C\u00e9dric Cramatte, arch\u00e9ologue.<\/li>\n<\/ul>\n","protected":false},"excerpt":{"rendered":"<p>Emission de Radio Om\u00e9ga\u00a0\u00ab\u00a0Culture, Histoire et Patrimoine: Reportage sur un plat en argent d\u00e9couvert \u00e0 Mandeure\u00a0\u00bb, anim\u00e9e par Jean-Philippe Gueutal. Emission de Radio Om\u00e9ga \u00ab\u00a0Culture, Histoire et Patrimoine: Les fouilles du Clos du Ch\u00e2teau \u00e0 Mandeure\u00a0\u00bb du 1er octobre 2013, anim\u00e9e par Jean-Philippe Gueutal. A d\u00e9couvrir aussi les interviews d&rsquo;\u00e9tudiants de l&rsquo;Universit\u00e9 de Lausanne: &#8211; &hellip; <\/p>\n<p class=\"link-more\"><a href=\"https:\/\/people.unil.ch\/cedriccramatte\/presse\/radio\/\" class=\"more-link\">Continuer la lecture<span class=\"screen-reader-text\"> de &laquo;&nbsp;Radio&nbsp;&raquo;<\/span><\/a><\/p>\n","protected":false},"author":42,"featured_media":0,"parent":6,"menu_order":1,"comment_status":"closed","ping_status":"closed","template":"","meta":{"_seopress_robots_primary_cat":"","_seopress_titles_title":"","_seopress_titles_desc":"","_seopress_robots_index":"","footnotes":""},"class_list":["post-205","page","type-page","status-publish"],"_links":{"self":[{"href":"https:\/\/people.unil.ch\/cedriccramatte\/wp-json\/wp\/v2\/pages\/205","targetHints":{"allow":["GET"]}}],"collection":[{"href":"https:\/\/people.unil.ch\/cedriccramatte\/wp-json\/wp\/v2\/pages"}],"about":[{"href":"https:\/\/people.unil.ch\/cedriccramatte\/wp-json\/wp\/v2\/types\/page"}],"author":[{"embeddable":true,"href":"https:\/\/people.unil.ch\/cedriccramatte\/wp-json\/wp\/v2\/users\/42"}],"replies":[{"embeddable":true,"href":"https:\/\/people.unil.ch\/cedriccramatte\/wp-json\/wp\/v2\/comments?post=205"}],"version-history":[{"count":0,"href":"https:\/\/people.unil.ch\/cedriccramatte\/wp-json\/wp\/v2\/pages\/205\/revisions"}],"up":[{"embeddable":true,"href":"https:\/\/people.unil.ch\/cedriccramatte\/wp-json\/wp\/v2\/pages\/6"}],"wp:attachment":[{"href":"https:\/\/people.unil.ch\/cedriccramatte\/wp-json\/wp\/v2\/media?parent=205"}],"curies":[{"name":"wp","href":"https:\/\/api.w.org\/{rel}","templated":true}]}}