{"id":305,"date":"2014-10-09T20:26:33","date_gmt":"2014-10-09T18:26:33","guid":{"rendered":"http:\/\/people.unil.ch\/cedriccramatte\/?page_id=305"},"modified":"2014-10-09T20:40:57","modified_gmt":"2014-10-09T18:40:57","slug":"television","status":"publish","type":"page","link":"https:\/\/people.unil.ch\/cedriccramatte\/presse\/television\/","title":{"rendered":"T\u00e9l\u00e9vision"},"content":{"rendered":"<p>Emission Nouvo de la T\u00e9l\u00e9vision suisse romande intitul\u00e9e \u00ab\u00a0<a title=\"Indiana Drones\" href=\"https:\/\/www.nouvo.ch\/2013\/10\/indiana-drones\">Indiana Drones<\/a>\u00ab\u00a0.<br \/>\n4 octobre 2013.<br \/>\nNous expliquons l&rsquo;importance de l&rsquo;application Cicerone Mandeure , une r\u00e9alit\u00e9 augment\u00e9e, utile \u00e0 la la transmission des connaissances arch\u00e9ologiques de l&rsquo;antique <em>Epomanduodurum <\/em>(Mandeure), en particulier pour son th\u00e9\u00e2tre et son <em>castrum<\/em>.<\/p>\n<figure id=\"attachment_310\" aria-describedby=\"caption-attachment-310\" style=\"width: 300px\" class=\"wp-caption alignleft\"><a href=\"https:\/\/people.unil.ch\/cedriccramatte\/files\/2014\/10\/Tiresias-IAS-MAN-406681.jpg\"><img loading=\"lazy\" decoding=\"async\" class=\"size-medium wp-image-310\" src=\"https:\/\/people.unil.ch\/cedriccramatte\/files\/2014\/10\/Tiresias-IAS-MAN-406681-300x225.jpg\" alt=\"Restitution de l'\u00e9glise pal\u00e9ochr\u00e9tienne mise au jour dans le castrum de Mandeure.\" width=\"300\" height=\"225\" srcset=\"https:\/\/people.unil.ch\/cedriccramatte\/files\/2014\/10\/Tiresias-IAS-MAN-406681-300x225.jpg 300w, https:\/\/people.unil.ch\/cedriccramatte\/files\/2014\/10\/Tiresias-IAS-MAN-406681-400x300.jpg 400w, https:\/\/people.unil.ch\/cedriccramatte\/files\/2014\/10\/Tiresias-IAS-MAN-406681.jpg 800w\" sizes=\"auto, (max-width: 300px) 100vw, 300px\" \/><\/a><figcaption id=\"caption-attachment-310\" class=\"wp-caption-text\">Restitution de l&rsquo;\u00e9glise pal\u00e9ochr\u00e9tienne mise au jour dans le castrum de Mandeure.<\/figcaption><\/figure>\n","protected":false},"excerpt":{"rendered":"<p>Emission Nouvo de la T\u00e9l\u00e9vision suisse romande intitul\u00e9e \u00ab\u00a0Indiana Drones\u00ab\u00a0. 4 octobre 2013. Nous expliquons l&rsquo;importance de l&rsquo;application Cicerone Mandeure , une r\u00e9alit\u00e9 augment\u00e9e, utile \u00e0 la la transmission des connaissances arch\u00e9ologiques de l&rsquo;antique Epomanduodurum (Mandeure), en particulier pour son th\u00e9\u00e2tre et son castrum.<\/p>\n","protected":false},"author":42,"featured_media":0,"parent":6,"menu_order":0,"comment_status":"closed","ping_status":"closed","template":"","meta":{"_seopress_robots_primary_cat":"","_seopress_titles_title":"","_seopress_titles_desc":"","_seopress_robots_index":"","footnotes":""},"class_list":["post-305","page","type-page","status-publish"],"_links":{"self":[{"href":"https:\/\/people.unil.ch\/cedriccramatte\/wp-json\/wp\/v2\/pages\/305","targetHints":{"allow":["GET"]}}],"collection":[{"href":"https:\/\/people.unil.ch\/cedriccramatte\/wp-json\/wp\/v2\/pages"}],"about":[{"href":"https:\/\/people.unil.ch\/cedriccramatte\/wp-json\/wp\/v2\/types\/page"}],"author":[{"embeddable":true,"href":"https:\/\/people.unil.ch\/cedriccramatte\/wp-json\/wp\/v2\/users\/42"}],"replies":[{"embeddable":true,"href":"https:\/\/people.unil.ch\/cedriccramatte\/wp-json\/wp\/v2\/comments?post=305"}],"version-history":[{"count":0,"href":"https:\/\/people.unil.ch\/cedriccramatte\/wp-json\/wp\/v2\/pages\/305\/revisions"}],"up":[{"embeddable":true,"href":"https:\/\/people.unil.ch\/cedriccramatte\/wp-json\/wp\/v2\/pages\/6"}],"wp:attachment":[{"href":"https:\/\/people.unil.ch\/cedriccramatte\/wp-json\/wp\/v2\/media?parent=305"}],"curies":[{"name":"wp","href":"https:\/\/api.w.org\/{rel}","templated":true}]}}