{"id":332,"date":"2015-06-22T16:58:39","date_gmt":"2015-06-22T14:58:39","guid":{"rendered":"http:\/\/people.unil.ch\/cedriccramatte\/?page_id=332"},"modified":"2025-03-06T12:27:35","modified_gmt":"2025-03-06T11:27:35","slug":"bourses-et-subsides","status":"publish","type":"page","link":"https:\/\/people.unil.ch\/cedriccramatte\/parcours-professionnel\/bourses-et-subsides\/","title":{"rendered":"Bourses et subsides"},"content":{"rendered":"<p><strong>Bourses<\/strong><\/p>\n<p>2025: Bourse (seed funding) du de recherche sur la montagne (CIRM).\u00a0 \u00a0 \u00a0 \u00a0 \u00a0 \u00a0 \u00a0 \u00a0 \u00a0 \u00a0 \u00a0 \u00a0 \u00a0 \u00a0 \u00a0 \u00a0 \u00a0 \u00a0 \u00a0 \u00a0 2018: Bourse de la Soci\u00e9t\u00e9 acad\u00e9mique vaudoise.<br \/>\nBourse de la Fondation Zerilli-Marim\u00f2, Lausanne.<br \/>\n2017: Bourse de la Fondation Van Walsem, Lausanne.<br \/>\n2016-2017: Boursier de l&rsquo;Istuto svizzero di Roma dans le cadre de <em>Studio Roma.<\/em><br \/>\n2016: Bourse <em>Doc.mobility<\/em> du Fonds national suisse de la recherche.<br \/>\n2015: Bourse de cotutelle de th\u00e8se octroy\u00e9e par le Secr\u00e9tariat d&rsquo;\u00c9tat \u00e0 la formation, \u00e0 la \u00a0 \u00a0 \u00a0 \u00a0 \u00a0 \u00a0 \u00a0 recherche et \u00e0 l&rsquo;innovation (SEFRI).<\/p>\n<p><strong>Subsides<\/strong><\/p>\n<p>2020: Subside du Centre interdisciplinaire de recherche sur la montagne (CIRM), pour le colloque international <em>Montagne et soci\u00e9t\u00e9 en Gaule<\/em> dans l&rsquo;Antiquit\u00e9 tardive (ATEG VII). Bourse de la Soci\u00e9t\u00e9 acad\u00e9mique vaudoise.<br \/>\nSubside de l&rsquo;Association pour l&rsquo;arch\u00e9ologie romaine en Suisse pour le colloque ATEG VII.<br \/>\nSubside du Groupe de travail suisse pour l\u2019arch\u00e9ologie du Moyen \u00c2ge et de l\u2019\u00e9poque moderne (SAM) pour le colloque ATEG VII.<br \/>\n2014: Subside de recherche de la Fondation Pierre Giannada.<br \/>\n2012: Subside de publication de la Fondation du 450e de l&rsquo;Universit\u00e9 de Lausanne.<\/p>\n","protected":false},"excerpt":{"rendered":"<p>Bourses 2025: Bourse (seed funding) du de recherche sur la montagne (CIRM).\u00a0 \u00a0 \u00a0 \u00a0 \u00a0 \u00a0 \u00a0 \u00a0 \u00a0 \u00a0 \u00a0 \u00a0 \u00a0 \u00a0 \u00a0 \u00a0 \u00a0 \u00a0 \u00a0 \u00a0 2018: Bourse de la Soci\u00e9t\u00e9 acad\u00e9mique vaudoise. Bourse de la Fondation Zerilli-Marim\u00f2, Lausanne. 2017: Bourse de la Fondation Van Walsem, Lausanne. 2016-2017: Boursier de &hellip; <\/p>\n<p class=\"link-more\"><a href=\"https:\/\/people.unil.ch\/cedriccramatte\/parcours-professionnel\/bourses-et-subsides\/\" class=\"more-link\">Continuer la lecture<span class=\"screen-reader-text\"> de &laquo;&nbsp;Bourses et subsides&nbsp;&raquo;<\/span><\/a><\/p>\n","protected":false},"author":42,"featured_media":0,"parent":23,"menu_order":3,"comment_status":"closed","ping_status":"closed","template":"sidebar-page.php","meta":{"_seopress_robots_primary_cat":"","_seopress_titles_title":"","_seopress_titles_desc":"","_seopress_robots_index":"","footnotes":""},"class_list":["post-332","page","type-page","status-publish"],"_links":{"self":[{"href":"https:\/\/people.unil.ch\/cedriccramatte\/wp-json\/wp\/v2\/pages\/332","targetHints":{"allow":["GET"]}}],"collection":[{"href":"https:\/\/people.unil.ch\/cedriccramatte\/wp-json\/wp\/v2\/pages"}],"about":[{"href":"https:\/\/people.unil.ch\/cedriccramatte\/wp-json\/wp\/v2\/types\/page"}],"author":[{"embeddable":true,"href":"https:\/\/people.unil.ch\/cedriccramatte\/wp-json\/wp\/v2\/users\/42"}],"replies":[{"embeddable":true,"href":"https:\/\/people.unil.ch\/cedriccramatte\/wp-json\/wp\/v2\/comments?post=332"}],"version-history":[{"count":4,"href":"https:\/\/people.unil.ch\/cedriccramatte\/wp-json\/wp\/v2\/pages\/332\/revisions"}],"predecessor-version":[{"id":541,"href":"https:\/\/people.unil.ch\/cedriccramatte\/wp-json\/wp\/v2\/pages\/332\/revisions\/541"}],"up":[{"embeddable":true,"href":"https:\/\/people.unil.ch\/cedriccramatte\/wp-json\/wp\/v2\/pages\/23"}],"wp:attachment":[{"href":"https:\/\/people.unil.ch\/cedriccramatte\/wp-json\/wp\/v2\/media?parent=332"}],"curies":[{"name":"wp","href":"https:\/\/api.w.org\/{rel}","templated":true}]}}