{"id":405,"date":"2019-12-03T10:37:25","date_gmt":"2019-12-03T09:37:25","guid":{"rendered":"http:\/\/people.unil.ch\/cedriccramatte\/?page_id=405"},"modified":"2019-12-03T14:25:40","modified_gmt":"2019-12-03T13:25:40","slug":"collaboration-scientifique","status":"publish","type":"page","link":"https:\/\/people.unil.ch\/cedriccramatte\/parcours-professionnel\/collaboration-scientifique\/","title":{"rendered":"Collaboration scientifique"},"content":{"rendered":"<p><strong>2006-2013 :<\/strong> Programme collectif de recherche (PCR): <em>Approche pluridisciplinaire d&rsquo;une agglom\u00e9ration antique : Epomanduodurum (Mandeure-Mathay, Doubs)<\/em>.<\/p>\n<p><strong>2009- :<\/strong> Programme arch\u00e9ologique de Lamb\u00e8se (Tazoult, Alg\u00e9rie).<\/p>\n<p>&nbsp;<\/p>\n","protected":false},"excerpt":{"rendered":"<p>2006-2013 : Programme collectif de recherche (PCR): Approche pluridisciplinaire d&rsquo;une agglom\u00e9ration antique : Epomanduodurum (Mandeure-Mathay, Doubs). 2009- : Programme arch\u00e9ologique de Lamb\u00e8se (Tazoult, Alg\u00e9rie). &nbsp;<\/p>\n","protected":false},"author":42,"featured_media":0,"parent":23,"menu_order":1,"comment_status":"closed","ping_status":"closed","template":"","meta":{"_seopress_robots_primary_cat":"","_seopress_titles_title":"","_seopress_titles_desc":"","_seopress_robots_index":"","footnotes":""},"class_list":["post-405","page","type-page","status-publish"],"_links":{"self":[{"href":"https:\/\/people.unil.ch\/cedriccramatte\/wp-json\/wp\/v2\/pages\/405","targetHints":{"allow":["GET"]}}],"collection":[{"href":"https:\/\/people.unil.ch\/cedriccramatte\/wp-json\/wp\/v2\/pages"}],"about":[{"href":"https:\/\/people.unil.ch\/cedriccramatte\/wp-json\/wp\/v2\/types\/page"}],"author":[{"embeddable":true,"href":"https:\/\/people.unil.ch\/cedriccramatte\/wp-json\/wp\/v2\/users\/42"}],"replies":[{"embeddable":true,"href":"https:\/\/people.unil.ch\/cedriccramatte\/wp-json\/wp\/v2\/comments?post=405"}],"version-history":[{"count":0,"href":"https:\/\/people.unil.ch\/cedriccramatte\/wp-json\/wp\/v2\/pages\/405\/revisions"}],"up":[{"embeddable":true,"href":"https:\/\/people.unil.ch\/cedriccramatte\/wp-json\/wp\/v2\/pages\/23"}],"wp:attachment":[{"href":"https:\/\/people.unil.ch\/cedriccramatte\/wp-json\/wp\/v2\/media?parent=405"}],"curies":[{"name":"wp","href":"https:\/\/api.w.org\/{rel}","templated":true}]}}