{"id":413,"date":"2019-12-03T13:47:40","date_gmt":"2019-12-03T12:47:40","guid":{"rendered":"http:\/\/people.unil.ch\/cedriccramatte\/?page_id=413"},"modified":"2019-12-03T13:50:41","modified_gmt":"2019-12-03T12:50:41","slug":"programme-lambese","status":"publish","type":"page","link":"https:\/\/people.unil.ch\/cedriccramatte\/parcours-professionnel\/collaboration-scientifique\/programme-lambese\/","title":{"rendered":"Programme Lamb\u00e8se"},"content":{"rendered":"<p><strong>2009- : Participation au programme arch\u00e9ologique de Lamb\u00e8se (Tazoult, Alg\u00e9rie).<br \/>\n<\/strong>Ce programme collectif de recherche vise \u00e0 comprendre l&rsquo;organisation urbanistique de la ville antique de <em>Lambaesis<\/em>, \u00e9lev\u00e9e au rang de capitale de la province de Numidie en 193 ap. J.-C.<br \/>\nCe programme s&rsquo;articule en trois volets que sont la recherche arch\u00e9ologique, la valorisation du site et la formation d&rsquo;\u00e9tudiants.<br \/>\n<strong>Direction du Programme : <\/strong>Amina-A\u00efcha Malek (CNRS-ENS, Paris) et<br \/>\nYoucef Aib\u00e8che (Universit\u00e9 de S\u00e9tif 2).<br \/>\n<strong>Conduite de la fouille 2019 (Maison de Phrixos et Hell\u00e9) : <\/strong>C\u00e9dric Cramatte (Universit\u00e9 de Lausanne).<\/p>\n<figure id=\"attachment_416\" aria-describedby=\"caption-attachment-416\" style=\"width: 584px\" class=\"wp-caption alignright\"><img alt=\"\" loading=\"lazy\" decoding=\"async\" class=\"wp-image-416 size-large\" src=\"https:\/\/people.unil.ch\/cedriccramatte\/files\/2019\/12\/Phrixos-et-Helle\u0301-1024x961.jpeg\" alt=\"\" width=\"584\" height=\"548\" srcset=\"https:\/\/people.unil.ch\/cedriccramatte\/files\/2019\/12\/Phrixos-et-Helle\u0301-1024x961.jpeg 1024w, https:\/\/people.unil.ch\/cedriccramatte\/files\/2019\/12\/Phrixos-et-Helle\u0301-300x281.jpeg 300w, https:\/\/people.unil.ch\/cedriccramatte\/files\/2019\/12\/Phrixos-et-Helle\u0301-768x721.jpeg 768w, https:\/\/people.unil.ch\/cedriccramatte\/files\/2019\/12\/Phrixos-et-Helle\u0301-320x300.jpeg 320w, https:\/\/people.unil.ch\/cedriccramatte\/files\/2019\/12\/Phrixos-et-Helle\u0301.jpeg 1279w\" sizes=\"auto, (max-width: 584px) 100vw, 584px\" \/><figcaption id=\"caption-attachment-416\" class=\"wp-caption-text\">Lamb\u00e8se. Mosa\u00efque de Phrixos et Hell\u00e9.<br \/>@ A.-A. Malek, CNRS-ENS, CNRA.<\/figcaption><\/figure>\n<p>Organismes et institutions impliqu\u00e9s dans ce projet :<\/p>\n<p>ALG\u00c9RIE<br \/>\n&#8211; Centre National de la Recherche en Arch\u00e9ologie (CNRA)<br \/>\n&#8211; Institut National d&rsquo;Arch\u00e9ologie d&rsquo;Alger<br \/>\n&#8211; Minist\u00e8re de la Culture<br \/>\n&#8211; Office de Gestion et d&rsquo;Exploitation des Biens Culturels (OGEBC)<br \/>\n&#8211; Universit\u00e9 de Batna 1<br \/>\n&#8211; Universit\u00e9 de S\u00e9tif 2<\/p>\n<p>FRANCE<br \/>\n&#8211; Atelier de Conservation et de Restauration, Mus\u00e9e D\u00e9partemental de l&rsquo;Arles Antique<br \/>\n&#8211; Centre Camille Jullian, UMR 6573 CNRS-Universit\u00e9 d&rsquo;Aix-Marseille<br \/>\n&#8211; \u00c9cole Normale Sup\u00e9rieure de Paris<br \/>\n&#8211; UMR 8546 CNRS-PSL Universit\u00e9, ENS-EPHE, Arch\u00e9ologie et Philologie d&rsquo;Orient et d&rsquo;Occident<\/p>\n<p>\u00c9TRANGER<br \/>\n&#8211; Istituto Nazionale di Geofisica e Vulcanologia di Roma<br \/>\n&#8211; Universit\u00e9 de Lausanne, Section d&rsquo;arch\u00e9ologie et des Sciences de l&rsquo;Antiquit\u00e9<\/p>\n<p>&nbsp;<\/p>\n","protected":false},"excerpt":{"rendered":"<p>2009- : Participation au programme arch\u00e9ologique de Lamb\u00e8se (Tazoult, Alg\u00e9rie). Ce programme collectif de recherche vise \u00e0 comprendre l&rsquo;organisation urbanistique de la ville antique de Lambaesis, \u00e9lev\u00e9e au rang de capitale de la province de Numidie en 193 ap. J.-C. Ce programme s&rsquo;articule en trois volets que sont la recherche arch\u00e9ologique, la valorisation du site &hellip; <\/p>\n<p class=\"link-more\"><a href=\"https:\/\/people.unil.ch\/cedriccramatte\/parcours-professionnel\/collaboration-scientifique\/programme-lambese\/\" class=\"more-link\">Continuer la lecture<span class=\"screen-reader-text\"> de &laquo;&nbsp;Programme Lamb\u00e8se&nbsp;&raquo;<\/span><\/a><\/p>\n","protected":false},"author":42,"featured_media":0,"parent":405,"menu_order":1,"comment_status":"closed","ping_status":"closed","template":"","meta":{"_seopress_robots_primary_cat":"","_seopress_titles_title":"","_seopress_titles_desc":"","_seopress_robots_index":"","footnotes":""},"class_list":["post-413","page","type-page","status-publish"],"_links":{"self":[{"href":"https:\/\/people.unil.ch\/cedriccramatte\/wp-json\/wp\/v2\/pages\/413","targetHints":{"allow":["GET"]}}],"collection":[{"href":"https:\/\/people.unil.ch\/cedriccramatte\/wp-json\/wp\/v2\/pages"}],"about":[{"href":"https:\/\/people.unil.ch\/cedriccramatte\/wp-json\/wp\/v2\/types\/page"}],"author":[{"embeddable":true,"href":"https:\/\/people.unil.ch\/cedriccramatte\/wp-json\/wp\/v2\/users\/42"}],"replies":[{"embeddable":true,"href":"https:\/\/people.unil.ch\/cedriccramatte\/wp-json\/wp\/v2\/comments?post=413"}],"version-history":[{"count":0,"href":"https:\/\/people.unil.ch\/cedriccramatte\/wp-json\/wp\/v2\/pages\/413\/revisions"}],"up":[{"embeddable":true,"href":"https:\/\/people.unil.ch\/cedriccramatte\/wp-json\/wp\/v2\/pages\/405"}],"wp:attachment":[{"href":"https:\/\/people.unil.ch\/cedriccramatte\/wp-json\/wp\/v2\/media?parent=413"}],"curies":[{"name":"wp","href":"https:\/\/api.w.org\/{rel}","templated":true}]}}