{"id":506,"date":"2025-03-04T18:18:48","date_gmt":"2025-03-04T17:18:48","guid":{"rendered":"https:\/\/people.unil.ch\/cedriccramatte\/?page_id=506"},"modified":"2025-03-05T15:28:38","modified_gmt":"2025-03-05T14:28:38","slug":"patrimoine-vaudois","status":"publish","type":"page","link":"https:\/\/people.unil.ch\/cedriccramatte\/patrimoine-vaudois\/","title":{"rendered":"Patrimoine vaudois"},"content":{"rendered":"\n<p>\u00c9tabli depuis pr\u00e8s de 30 ans dans le canton de Vaud, j\u2019ai d\u00e9velopp\u00e9 une passion profonde pour l\u2019histoire et l\u2019arch\u00e9ologie de cette r\u00e9gion au pass\u00e9 riche et unique. Je vous invite \u00e0 d\u00e9couvrir quelques-uns de mes projets, fruits de cette passion et de mon engagement. Que vous soyez amateur d\u2019histoire ou simplement curieux, j\u2019esp\u00e8re que ces travaux sauront vous captiver autant qu\u2019ils m\u2019ont inspir\u00e9.<\/p>\n\n\n\n<p><\/p>\n","protected":false},"excerpt":{"rendered":"<p>\u00c9tabli depuis pr\u00e8s de 30 ans dans le canton de Vaud, j\u2019ai d\u00e9velopp\u00e9 une passion profonde pour l\u2019histoire et l\u2019arch\u00e9ologie de cette r\u00e9gion au pass\u00e9 riche et unique. Je vous invite \u00e0 d\u00e9couvrir quelques-uns de mes projets, fruits de cette passion et de mon engagement. Que vous soyez amateur d\u2019histoire ou simplement curieux, j\u2019esp\u00e8re que &hellip; <\/p>\n<p class=\"link-more\"><a href=\"https:\/\/people.unil.ch\/cedriccramatte\/patrimoine-vaudois\/\" class=\"more-link\">Continuer la lecture<span class=\"screen-reader-text\"> de &laquo;&nbsp;Patrimoine vaudois&nbsp;&raquo;<\/span><\/a><\/p>\n","protected":false},"author":42,"featured_media":0,"parent":0,"menu_order":5,"comment_status":"closed","ping_status":"closed","template":"","meta":{"_seopress_robots_primary_cat":"","_seopress_titles_title":"","_seopress_titles_desc":"","_seopress_robots_index":"","footnotes":""},"class_list":["post-506","page","type-page","status-publish"],"_links":{"self":[{"href":"https:\/\/people.unil.ch\/cedriccramatte\/wp-json\/wp\/v2\/pages\/506","targetHints":{"allow":["GET"]}}],"collection":[{"href":"https:\/\/people.unil.ch\/cedriccramatte\/wp-json\/wp\/v2\/pages"}],"about":[{"href":"https:\/\/people.unil.ch\/cedriccramatte\/wp-json\/wp\/v2\/types\/page"}],"author":[{"embeddable":true,"href":"https:\/\/people.unil.ch\/cedriccramatte\/wp-json\/wp\/v2\/users\/42"}],"replies":[{"embeddable":true,"href":"https:\/\/people.unil.ch\/cedriccramatte\/wp-json\/wp\/v2\/comments?post=506"}],"version-history":[{"count":3,"href":"https:\/\/people.unil.ch\/cedriccramatte\/wp-json\/wp\/v2\/pages\/506\/revisions"}],"predecessor-version":[{"id":526,"href":"https:\/\/people.unil.ch\/cedriccramatte\/wp-json\/wp\/v2\/pages\/506\/revisions\/526"}],"wp:attachment":[{"href":"https:\/\/people.unil.ch\/cedriccramatte\/wp-json\/wp\/v2\/media?parent=506"}],"curies":[{"name":"wp","href":"https:\/\/api.w.org\/{rel}","templated":true}]}}