{"id":528,"date":"2025-03-05T16:02:06","date_gmt":"2025-03-05T15:02:06","guid":{"rendered":"https:\/\/people.unil.ch\/cedriccramatte\/?page_id=528"},"modified":"2025-03-18T14:29:15","modified_gmt":"2025-03-18T13:29:15","slug":"iconotheque-vaudoise","status":"publish","type":"page","link":"https:\/\/people.unil.ch\/cedriccramatte\/patrimoine-vaudois\/iconotheque-vaudoise\/","title":{"rendered":"Iconoth\u00e8que vaudoise"},"content":{"rendered":"\n<p>Passionn\u00e9 par la photographie et l&rsquo;histoire vaudoise, j&rsquo;ai accumul\u00e9 au fil des ann\u00e9es des milliers de supports photographiques, m\u00e9ticuleusement d\u00e9crits et inventori\u00e9s, couvrant la p\u00e9riode de 1860 \u00e0 1960. Bien que cette collection englobe des images de l&rsquo;ensemble du canton, elle met particuli\u00e8rement l&rsquo;accent sur la Riviera vaudoise. Cette collection est accessible au grand public ainsi qu&rsquo;aux professionnels \u00e9tudiant le patrimoine b\u00e2ti ancien. Je collabore r\u00e9guli\u00e8rement avec des ateliers renomm\u00e9s tels que <a href=\"https:\/\/sinopie.ch\/\" data-type=\"link\" data-id=\"https:\/\/sinopie.ch\/\">Sinopie<\/a> et <a href=\"https:\/\/www.ateliermnemosyne.ch\/\" data-type=\"link\" data-id=\"https:\/\/www.ateliermnemosyne.ch\/\">Mn\u00e9mosyne<\/a>.<\/p>\n\n\n\n<p>De plus, pr\u00e8s de 350 photographies et cartes postales anciennes ont aussi \u00e9t\u00e9 int\u00e9gr\u00e9s dans la plateforme num\u00e9rique <a href=\"https:\/\/catima.unil.ch\/riviera\/fr\" data-type=\"link\" data-id=\"https:\/\/catima.unil.ch\/riviera\/fr\">\u00ab\u00a0Paysages Vevey\u00a0\u00bb<\/a>, un projet qui regroupe les photographies historiques de Vevey et sa r\u00e9gion.<\/p>\n\n\n\n<figure class=\"wp-block-image size-large\"><a href=\"https:\/\/people.unil.ch\/cedriccramatte\/files\/2025\/03\/vevey_674_place-du-marche_1.jpg\"><img loading=\"lazy\" decoding=\"async\" width=\"1024\" height=\"678\" src=\"https:\/\/people.unil.ch\/cedriccramatte\/files\/2025\/03\/vevey_674_place-du-marche_1-1024x678.jpg\" alt=\"vevey 674 place du marche\u0301 1\" class=\"wp-image-529\" srcset=\"https:\/\/people.unil.ch\/cedriccramatte\/files\/2025\/03\/vevey_674_place-du-marche_1-1024x678.jpg 1024w, https:\/\/people.unil.ch\/cedriccramatte\/files\/2025\/03\/vevey_674_place-du-marche_1-300x199.jpg 300w, https:\/\/people.unil.ch\/cedriccramatte\/files\/2025\/03\/vevey_674_place-du-marche_1-768x508.jpg 768w, https:\/\/people.unil.ch\/cedriccramatte\/files\/2025\/03\/vevey_674_place-du-marche_1.jpg 1372w\" sizes=\"auto, (max-width: 767px) 89vw, (max-width: 1000px) 54vw, (max-width: 1071px) 543px, 580px\" \/><\/a><figcaption class=\"wp-element-caption\">Vevey, Ch\u00e2teau de l&rsquo;Aile et place du March\u00e9. Photographie d&rsquo;Auguste-Louis Garcin, 1874-1875. 9,8 x 15,8 cm. Collection C. Cramatte, inv. 674.<\/figcaption><\/figure>\n\n\n\n<figure class=\"wp-block-image size-large\"><a href=\"https:\/\/people.unil.ch\/cedriccramatte\/files\/2025\/03\/montreux_1685_debarcadere-et-bateau-cgn-geneve_1.jpg\"><img loading=\"lazy\" decoding=\"async\" width=\"1024\" height=\"806\" src=\"https:\/\/people.unil.ch\/cedriccramatte\/files\/2025\/03\/montreux_1685_debarcadere-et-bateau-cgn-geneve_1-1024x806.jpg\" alt=\"montreux 1685 de\u0301barcade\u0300re et bateau cgn gene\u0300ve 1\" class=\"wp-image-580\" srcset=\"https:\/\/people.unil.ch\/cedriccramatte\/files\/2025\/03\/montreux_1685_debarcadere-et-bateau-cgn-geneve_1-1024x806.jpg 1024w, https:\/\/people.unil.ch\/cedriccramatte\/files\/2025\/03\/montreux_1685_debarcadere-et-bateau-cgn-geneve_1-300x236.jpg 300w, https:\/\/people.unil.ch\/cedriccramatte\/files\/2025\/03\/montreux_1685_debarcadere-et-bateau-cgn-geneve_1-768x604.jpg 768w, https:\/\/people.unil.ch\/cedriccramatte\/files\/2025\/03\/montreux_1685_debarcadere-et-bateau-cgn-geneve_1.jpg 1459w\" sizes=\"auto, (max-width: 767px) 89vw, (max-width: 1000px) 54vw, (max-width: 1071px) 543px, 580px\" \/><\/a><figcaption class=\"wp-element-caption\">Le <em>Gen\u00e8ve<\/em>, bateau de la compagnie g\u00e9n\u00e9rale de navigation, quitte le d\u00e9barcad\u00e8re de Montreux. Vers 1900. 9,1 x 11,8 cm Collection C. Cramatte, inv. 1685.<\/figcaption><\/figure>\n\n\n\n<p>Mes fonds photographiques sont notamment pr\u00e9sent\u00e9s au grand public sur trois groupes Facebook que j&rsquo;ai cr\u00e9\u00e9s :<\/p>\n\n\n\n<p><a href=\"https:\/\/www.facebook.com\/groups\/561316528445817\/\" data-type=\"link\" data-id=\"https:\/\/www.facebook.com\/groups\/561316528445817\/\">Montreux autrefois<\/a><\/p>\n\n\n\n<p><a href=\"https:\/\/www.facebook.com\/groups\/387492802388126\/\" data-type=\"link\" data-id=\"https:\/\/www.facebook.com\/groups\/387492802388126\/\">Vevey autrefois<\/a><\/p>\n\n\n\n<p><a href=\"https:\/\/www.facebook.com\/groups\/4412102518880123\/\" data-type=\"link\" data-id=\"https:\/\/www.facebook.com\/groups\/4412102518880123\/\">La Tour-de-Peilz autrefois<\/a><\/p>\n","protected":false},"excerpt":{"rendered":"<p>Passionn\u00e9 par la photographie et l&rsquo;histoire vaudoise, j&rsquo;ai accumul\u00e9 au fil des ann\u00e9es des milliers de supports photographiques, m\u00e9ticuleusement d\u00e9crits et inventori\u00e9s, couvrant la p\u00e9riode de 1860 \u00e0 1960. Bien que cette collection englobe des images de l&rsquo;ensemble du canton, elle met particuli\u00e8rement l&rsquo;accent sur la Riviera vaudoise. Cette collection est accessible au grand public &hellip; <\/p>\n<p class=\"link-more\"><a href=\"https:\/\/people.unil.ch\/cedriccramatte\/patrimoine-vaudois\/iconotheque-vaudoise\/\" class=\"more-link\">Continuer la lecture<span class=\"screen-reader-text\"> de &laquo;&nbsp;Iconoth\u00e8que vaudoise&nbsp;&raquo;<\/span><\/a><\/p>\n","protected":false},"author":42,"featured_media":0,"parent":506,"menu_order":1,"comment_status":"closed","ping_status":"closed","template":"","meta":{"_seopress_robots_primary_cat":"","_seopress_titles_title":"","_seopress_titles_desc":"","_seopress_robots_index":"","footnotes":""},"class_list":["post-528","page","type-page","status-publish"],"_links":{"self":[{"href":"https:\/\/people.unil.ch\/cedriccramatte\/wp-json\/wp\/v2\/pages\/528","targetHints":{"allow":["GET"]}}],"collection":[{"href":"https:\/\/people.unil.ch\/cedriccramatte\/wp-json\/wp\/v2\/pages"}],"about":[{"href":"https:\/\/people.unil.ch\/cedriccramatte\/wp-json\/wp\/v2\/types\/page"}],"author":[{"embeddable":true,"href":"https:\/\/people.unil.ch\/cedriccramatte\/wp-json\/wp\/v2\/users\/42"}],"replies":[{"embeddable":true,"href":"https:\/\/people.unil.ch\/cedriccramatte\/wp-json\/wp\/v2\/comments?post=528"}],"version-history":[{"count":5,"href":"https:\/\/people.unil.ch\/cedriccramatte\/wp-json\/wp\/v2\/pages\/528\/revisions"}],"predecessor-version":[{"id":592,"href":"https:\/\/people.unil.ch\/cedriccramatte\/wp-json\/wp\/v2\/pages\/528\/revisions\/592"}],"up":[{"embeddable":true,"href":"https:\/\/people.unil.ch\/cedriccramatte\/wp-json\/wp\/v2\/pages\/506"}],"wp:attachment":[{"href":"https:\/\/people.unil.ch\/cedriccramatte\/wp-json\/wp\/v2\/media?parent=528"}],"curies":[{"name":"wp","href":"https:\/\/api.w.org\/{rel}","templated":true}]}}