{"id":544,"date":"2025-03-06T16:04:53","date_gmt":"2025-03-06T15:04:53","guid":{"rendered":"https:\/\/people.unil.ch\/cedriccramatte\/?page_id=544"},"modified":"2025-03-06T16:50:06","modified_gmt":"2025-03-06T15:50:06","slug":"projet-paysages-vevey","status":"publish","type":"page","link":"https:\/\/people.unil.ch\/cedriccramatte\/projet-paysages-vevey\/","title":{"rendered":"Projet \u00ab\u00a0Paysages Vevey\u00a0\u00bb"},"content":{"rendered":"\n<p><em>Paysages Vevey<\/em>&nbsp;est un projet que j&rsquo;ai initi\u00e9 en 2021 et que je co-dirige aujourd&rsquo;hui avec Fanny Abbott, directrice du Mus\u00e9e historique de Vevey, et B\u00e9atrice Lovis, coordinatrice de la Plateforme Paysage (Centre des Sciences historiques de la culture, Universit\u00e9 de Lausanne).                                                                                                                                                             <em>Paysages Vevey<\/em> est un portail num\u00e9rique qui a pour objectif de mettre en ligne des collections photographiques r\u00e9v\u00e9lant le pass\u00e9 de Vevey. Le projet vise \u00e0 r\u00e9unir, num\u00e9riser et rendre accessible des photographies qui retracent l\u2019\u00e9volution de la ville aux XIXe et XXe si\u00e8cles. La plateforme, qui contient \u00e0 ce jour plus de 750 images, souhaite ainsi \u00e0 la fois mettre en lumi\u00e8re la richesse des fonds conserv\u00e9s et la vari\u00e9t\u00e9 du paysage veveysan, qu\u2019il soit lacustre, viticole, ou encore urbain, un paysage magnifi\u00e9 par la pr\u00e9sence des Alpes en toile de fond.&nbsp;<\/p>\n\n\n\n<h5 class=\"wp-block-heading\"><strong>Une collection exceptionnelle<\/strong><\/h5>\n\n\n\n<p>Ce projet a d\u00e9but\u00e9 au printemps 2023 gr\u00e2ce \u00e0 la collaboration de deux institutions vaudoises, le Mus\u00e9e historique de Vevey et l&rsquo;Universit\u00e9 de Lausanne. Le Mus\u00e9e historique conserve d&rsquo;importantes collections qui r\u00e9unissent pr\u00e8s de 75&rsquo;000 supports photographiques ayant trait \u00e0 la ville de Vevey et environs, dont les plus anciennes remontent \u00e0&nbsp;1850. La cr\u00e9ation de cette plateforme num\u00e9rique, destin\u00e9e \u00e0 la fois au grand public et au milieu scientifique, est un nouveau moyen de mise en valeur des fonds de cette institution. Cet outil a \u00e9t\u00e9 r\u00e9alis\u00e9 par l&rsquo;Universit\u00e9 de Lausanne dans le cadre de la&nbsp;<em>Plateforme Paysage<\/em>&nbsp;qui a pour vocation de mettre en lumi\u00e8re les projets universitaires sur la th\u00e9matique du paysage. La ville de Vevey, environn\u00e9e d&rsquo;un paysage exceptionnel qui en fait son principal atout touristique, semblait toute d\u00e9sign\u00e9e pour approfondir la r\u00e9flexion sur cette th\u00e9matique.<\/p>\n\n\n\n<figure class=\"wp-block-image size-large\"><a href=\"https:\/\/people.unil.ch\/cedriccramatte\/files\/2025\/03\/vevey_1167_place-du-marche_1.jpg\"><img loading=\"lazy\" decoding=\"async\" width=\"1024\" height=\"690\" src=\"https:\/\/people.unil.ch\/cedriccramatte\/files\/2025\/03\/vevey_1167_place-du-marche_1-1024x690.jpg\" alt=\"vevey 1167 place du marche\u0301 1\" class=\"wp-image-553\" srcset=\"https:\/\/people.unil.ch\/cedriccramatte\/files\/2025\/03\/vevey_1167_place-du-marche_1-1024x690.jpg 1024w, https:\/\/people.unil.ch\/cedriccramatte\/files\/2025\/03\/vevey_1167_place-du-marche_1-300x202.jpg 300w, https:\/\/people.unil.ch\/cedriccramatte\/files\/2025\/03\/vevey_1167_place-du-marche_1-768x517.jpg 768w, https:\/\/people.unil.ch\/cedriccramatte\/files\/2025\/03\/vevey_1167_place-du-marche_1.jpg 1355w\" sizes=\"auto, (max-width: 767px) 89vw, (max-width: 1000px) 54vw, (max-width: 1071px) 543px, 580px\" \/><\/a><figcaption class=\"wp-element-caption\">Vevey, construction du quai Perdonnet en 1875. Photographie d&rsquo;Auguste Louis Garcin. 10,8 x 16,5 cm. Collection C. Cramatte, inv. 1167.<\/figcaption><\/figure>\n\n\n\n<h5 class=\"wp-block-heading\"><strong>Un projet collaboratif et innovant<\/strong><\/h5>\n\n\n\n<p>Si les collections photographiques du Mus\u00e9e historique de Vevey constituent aujourd&rsquo;hui le c\u0153ur du projet, le portail num\u00e9rique&nbsp;<em>Paysages Vevey<\/em>&nbsp;a aussi pour ambition d&rsquo;int\u00e9grer des photographies issues de fonds d&rsquo;autres institutions publiques ou de&nbsp;collections priv\u00e9es.&nbsp;Cette volont\u00e9 de rassembler et de documenter des photographies &#8211; et notamment des cartes postales &#8211; relatives au pass\u00e9 d&rsquo;une ville, mais de provenances diverses, fait de&nbsp;<em>Paysages Vevey<\/em>&nbsp;une plateforme unique&nbsp;dans le milieu mus\u00e9al et culturel suisse: le projet&nbsp;ne se limite pas en effet \u00e0 la num\u00e9risation et \u00e0 la mise en ligne de collections photographiques,&nbsp;mais souhaite aussi apporter un contenu nouveau sur l&rsquo;histoire des b\u00e2timents de la ville, sur celle de ses anciens commerces, ou encore sur les photographes et \u00e9diteurs qui ont&nbsp;immortalis\u00e9 Vevey et son quotidien depuis le milieu du XIXe si\u00e8cle.&nbsp;Chaque document photographique est g\u00e9olocalis\u00e9, d\u00e9crit et dat\u00e9 avec la plus grande pr\u00e9cision possible.&nbsp;<em>Paysages Vevey<\/em>&nbsp;s&rsquo;inscrit en cela dans une politique culturelle attentive \u00e0 la diffusion et la transmission des savoirs.<\/p>\n\n\n\n<p>D\u00e9couvrez la plateforme num\u00e9rique : <a href=\"https:\/\/catima.unil.ch\/riviera\/fr\">https:\/\/catima.unil.ch\/riviera\/fr<\/a><\/p>\n\n\n\n<p>Un article concernant le projet : <a href=\"https:\/\/wp.unil.ch\/uniscope\/vevey-au-fil-des-images\/\">\u00ab\u00a0Vevey au fil des images\u00a0\u00bb<\/a>, Uniscope, 11 novembre 2024.<\/p>\n\n\n\n<p><\/p>\n","protected":false},"excerpt":{"rendered":"<p>Paysages Vevey&nbsp;est un projet que j&rsquo;ai initi\u00e9 en 2021 et que je co-dirige aujourd&rsquo;hui avec Fanny Abbott, directrice du Mus\u00e9e historique de Vevey, et B\u00e9atrice Lovis, coordinatrice de la Plateforme Paysage (Centre des Sciences historiques de la culture, Universit\u00e9 de Lausanne). Paysages Vevey est un portail num\u00e9rique qui a pour objectif de mettre en ligne &hellip; <\/p>\n<p class=\"link-more\"><a href=\"https:\/\/people.unil.ch\/cedriccramatte\/projet-paysages-vevey\/\" class=\"more-link\">Continuer la lecture<span class=\"screen-reader-text\"> de &laquo;&nbsp;Projet \u00ab\u00a0Paysages Vevey\u00a0\u00bb&nbsp;&raquo;<\/span><\/a><\/p>\n","protected":false},"author":42,"featured_media":0,"parent":0,"menu_order":0,"comment_status":"closed","ping_status":"closed","template":"","meta":{"_seopress_robots_primary_cat":"","_seopress_titles_title":"","_seopress_titles_desc":"","_seopress_robots_index":"","footnotes":""},"class_list":["post-544","page","type-page","status-publish"],"_links":{"self":[{"href":"https:\/\/people.unil.ch\/cedriccramatte\/wp-json\/wp\/v2\/pages\/544","targetHints":{"allow":["GET"]}}],"collection":[{"href":"https:\/\/people.unil.ch\/cedriccramatte\/wp-json\/wp\/v2\/pages"}],"about":[{"href":"https:\/\/people.unil.ch\/cedriccramatte\/wp-json\/wp\/v2\/types\/page"}],"author":[{"embeddable":true,"href":"https:\/\/people.unil.ch\/cedriccramatte\/wp-json\/wp\/v2\/users\/42"}],"replies":[{"embeddable":true,"href":"https:\/\/people.unil.ch\/cedriccramatte\/wp-json\/wp\/v2\/comments?post=544"}],"version-history":[{"count":4,"href":"https:\/\/people.unil.ch\/cedriccramatte\/wp-json\/wp\/v2\/pages\/544\/revisions"}],"predecessor-version":[{"id":556,"href":"https:\/\/people.unil.ch\/cedriccramatte\/wp-json\/wp\/v2\/pages\/544\/revisions\/556"}],"wp:attachment":[{"href":"https:\/\/people.unil.ch\/cedriccramatte\/wp-json\/wp\/v2\/media?parent=544"}],"curies":[{"name":"wp","href":"https:\/\/api.w.org\/{rel}","templated":true}]}}