{"id":60,"date":"2013-09-25T10:38:36","date_gmt":"2013-09-25T08:38:36","guid":{"rendered":"http:\/\/people.unil.ch\/cedriccramatte\/?page_id=60"},"modified":"2025-03-04T21:01:21","modified_gmt":"2025-03-04T20:01:21","slug":"contact","status":"publish","type":"page","link":"https:\/\/people.unil.ch\/cedriccramatte\/contact\/","title":{"rendered":"Contact"},"content":{"rendered":"<figure id=\"attachment_251\" aria-describedby=\"caption-attachment-251\" style=\"width: 300px\" class=\"wp-caption alignright\"><a href=\"https:\/\/people.unil.ch\/cedriccramatte\/files\/2013\/09\/surgeweb.jpg\"><img loading=\"lazy\" decoding=\"async\" class=\"size-medium wp-image-251\" alt=\"surgeweb\" src=\"https:\/\/people.unil.ch\/cedriccramatte\/files\/2013\/09\/surgeweb-300x200.jpg\" width=\"300\" height=\"200\" srcset=\"https:\/\/people.unil.ch\/cedriccramatte\/files\/2013\/09\/surgeweb-300x200.jpg 300w, https:\/\/people.unil.ch\/cedriccramatte\/files\/2013\/09\/surgeweb-1024x682.jpg 1024w, https:\/\/people.unil.ch\/cedriccramatte\/files\/2013\/09\/surgeweb-450x300.jpg 450w, https:\/\/people.unil.ch\/cedriccramatte\/files\/2013\/09\/surgeweb.jpg 1200w\" sizes=\"auto, (max-width: 300px) 100vw, 300px\" \/><\/a><figcaption id=\"caption-attachment-251\" class=\"wp-caption-text\">Partie occidentale du campus universitaire.<\/figcaption><\/figure>\n<p>C\u00e9dric Cramatte<br \/>\nUniversit\u00e9 de Lausanne<br \/>\nFacult\u00e9 des Lettres<br \/>\nInstitut d&rsquo;arch\u00e9ologie et des sciences de l&rsquo;Antiquit\u00e9<br \/>\nB\u00e2timent Anthropole<br \/>\nBureau 4029<br \/>\nQuartier UNIL-Dorigny<br \/>\nCH-1015 Lausanne<\/p>\n<p>T\u00e9l\u00e9phone professionnel: +41 21 692 30 49<br \/>\nFax: +41 21 692 30 45<br \/>\nMail: cedric.cramatte@unil.ch<\/p>\n<p>&nbsp;<\/p>\n","protected":false},"excerpt":{"rendered":"<p>C\u00e9dric Cramatte Universit\u00e9 de Lausanne Facult\u00e9 des Lettres Institut d&rsquo;arch\u00e9ologie et des sciences de l&rsquo;Antiquit\u00e9 B\u00e2timent Anthropole Bureau 4029 Quartier UNIL-Dorigny CH-1015 Lausanne T\u00e9l\u00e9phone professionnel: +41 21 692 30 49 Fax: +41 21 692 30 45 Mail: cedric.cramatte@unil.ch &nbsp;<\/p>\n","protected":false},"author":42,"featured_media":0,"parent":0,"menu_order":6,"comment_status":"closed","ping_status":"closed","template":"","meta":{"_seopress_robots_primary_cat":"","_seopress_titles_title":"","_seopress_titles_desc":"","_seopress_robots_index":"","footnotes":""},"class_list":["post-60","page","type-page","status-publish"],"_links":{"self":[{"href":"https:\/\/people.unil.ch\/cedriccramatte\/wp-json\/wp\/v2\/pages\/60","targetHints":{"allow":["GET"]}}],"collection":[{"href":"https:\/\/people.unil.ch\/cedriccramatte\/wp-json\/wp\/v2\/pages"}],"about":[{"href":"https:\/\/people.unil.ch\/cedriccramatte\/wp-json\/wp\/v2\/types\/page"}],"author":[{"embeddable":true,"href":"https:\/\/people.unil.ch\/cedriccramatte\/wp-json\/wp\/v2\/users\/42"}],"replies":[{"embeddable":true,"href":"https:\/\/people.unil.ch\/cedriccramatte\/wp-json\/wp\/v2\/comments?post=60"}],"version-history":[{"count":1,"href":"https:\/\/people.unil.ch\/cedriccramatte\/wp-json\/wp\/v2\/pages\/60\/revisions"}],"predecessor-version":[{"id":511,"href":"https:\/\/people.unil.ch\/cedriccramatte\/wp-json\/wp\/v2\/pages\/60\/revisions\/511"}],"wp:attachment":[{"href":"https:\/\/people.unil.ch\/cedriccramatte\/wp-json\/wp\/v2\/media?parent=60"}],"curies":[{"name":"wp","href":"https:\/\/api.w.org\/{rel}","templated":true}]}}