{"id":93,"date":"2013-10-15T23:15:53","date_gmt":"2013-10-15T21:15:53","guid":{"rendered":"http:\/\/people.unil.ch\/cedriccramatte\/?page_id=93"},"modified":"2025-07-08T17:28:54","modified_gmt":"2025-07-08T15:28:54","slug":"brouillons","status":"publish","type":"page","link":"https:\/\/people.unil.ch\/cedriccramatte\/parcours-professionnel\/collaboration-scientifique\/brouillons\/","title":{"rendered":"PCR Mandeure"},"content":{"rendered":"<p style=\"text-align: left\"><strong>2006-2013 : <\/strong>Participation au programme collectif de recherches (PCR) intitul\u00e9 \u201c<em>Approche pluridisciplinaire d\u2019une agglom\u00e9ration antique: Epomanduodurum (Mandeure-Mathay, Doubs)<\/em>\u201d. Ce projet a b\u00e9n\u00e9fici\u00e9 depuis 2001 d&rsquo;aides du minist\u00e8re de la Culture, du conseil r\u00e9gional de Franche-Comt\u00e9, du conseil r\u00e9gional du Doubs, du Pays de Montb\u00e9liard Agglom\u00e9ration et de la ville de Mandeure, au titre de la recherche et de la valorisation du site antique d&rsquo;<em>Epomanduodurum<\/em>.<br \/>\nL&rsquo;Universit\u00e9 de Lausanne avait pour axe de recherche:<br \/>\n<em>Le <\/em>castrum<em> et les mutations urbaines au Bas-Empire et au Haut Moyen \u00c2ge<\/em>.<br \/>\n<strong>Recherches 2006-2008 : <\/strong>Jacques Monnier (dir.) ; C\u00e9dric Cramatte (co-dir.).<br \/>\n<strong>Recherches 2010-2013 : <\/strong>C\u00e9dric Cramatte (dir.).<\/p>\n<figure id=\"attachment_129\" aria-describedby=\"caption-attachment-129\" style=\"width: 584px\" class=\"wp-caption alignnone\"><a href=\"https:\/\/people.unil.ch\/cedriccramatte\/files\/2013\/10\/IAS-MAN-02871-3.jpg\"><img loading=\"lazy\" decoding=\"async\" class=\" wp-image-129 \" src=\"https:\/\/people.unil.ch\/cedriccramatte\/files\/2013\/10\/IAS-MAN-02871-3-1024x798.jpg\" alt=\"IAS-MAN-02871 (3)\" width=\"584\" height=\"455\" srcset=\"https:\/\/people.unil.ch\/cedriccramatte\/files\/2013\/10\/IAS-MAN-02871-3-1024x798.jpg 1024w, https:\/\/people.unil.ch\/cedriccramatte\/files\/2013\/10\/IAS-MAN-02871-3-300x233.jpg 300w, https:\/\/people.unil.ch\/cedriccramatte\/files\/2013\/10\/IAS-MAN-02871-3-384x300.jpg 384w, https:\/\/people.unil.ch\/cedriccramatte\/files\/2013\/10\/IAS-MAN-02871-3.jpg 1026w\" sizes=\"auto, (max-width: 584px) 100vw, 584px\" \/><\/a><figcaption id=\"caption-attachment-129\" class=\"wp-caption-text\">Restitution aquarell\u00e9e du <em>castrum<\/em> de Mandeure (Doubs) par Jean-Claude Golvin.<\/figcaption><\/figure>\n<p>\u00c9quipes et organismes impliqu\u00e9s dans ce projet :<\/p>\n<p>&#8211; Universit\u00e9 de Bourgogne, UMR 5594 \u00ab\u00a0ARTeHIS\u00a0\u00bb<br \/>\n&#8211; Universit\u00e9 de Franche-Comt\u00e9, Laboratoire de Chrono-environnement, UMR 6249<br \/>\n&#8211; Universit\u00e9 de Lausanne, Institut d&rsquo;arch\u00e9ologie et des sciences de l&rsquo;Antiquit\u00e9<br \/>\n&#8211; Universit\u00e9 Paris IV &#8211; Paris Sorbonne<br \/>\n&#8211; Universit\u00e9 Pierre et Marie Curie (Paris VI), UMR 7619<br \/>\n&#8211; Institut de recherches arch\u00e9ologiques pr\u00e9ventives (INRAP)<br \/>\n&#8211; Institut de recherche sur l&rsquo;architecture antique du CNRS<br \/>\n&#8211; Institut national des sciences appliqu\u00e9es (INSA) de Strasbourg<br \/>\n&#8211; Maison des sciences de l&rsquo;homme et de l&rsquo;environnement Claude-Nicolas Ledoux<br \/>\n&#8211; Soci\u00e9t\u00e9 Arch\u00e9otech SA, Epalinges<br \/>\n&#8211; Soci\u00e9t\u00e9 GEOCARTA, Paris<br \/>\n&#8211; Syndicat intercommunal \u00e0 vocation arch\u00e9ologique de Mandeure-Mathay<\/p>\n<p>&nbsp;<\/p>\n","protected":false},"excerpt":{"rendered":"<p>2006-2013 : Participation au programme collectif de recherches (PCR) intitul\u00e9 \u201cApproche pluridisciplinaire d\u2019une agglom\u00e9ration antique: Epomanduodurum (Mandeure-Mathay, Doubs)\u201d. Ce projet a b\u00e9n\u00e9fici\u00e9 depuis 2001 d&rsquo;aides du minist\u00e8re de la Culture, du conseil r\u00e9gional de Franche-Comt\u00e9, du conseil r\u00e9gional du Doubs, du Pays de Montb\u00e9liard Agglom\u00e9ration et de la ville de Mandeure, au titre de la &hellip; <\/p>\n<p class=\"link-more\"><a href=\"https:\/\/people.unil.ch\/cedriccramatte\/parcours-professionnel\/collaboration-scientifique\/brouillons\/\" class=\"more-link\">Continuer la lecture<span class=\"screen-reader-text\"> de &laquo;&nbsp;PCR Mandeure&nbsp;&raquo;<\/span><\/a><\/p>\n","protected":false},"author":42,"featured_media":0,"parent":405,"menu_order":0,"comment_status":"closed","ping_status":"closed","template":"","meta":{"_seopress_robots_primary_cat":"","_seopress_titles_title":"","_seopress_titles_desc":"","_seopress_robots_index":"","footnotes":""},"class_list":["post-93","page","type-page","status-publish"],"_links":{"self":[{"href":"https:\/\/people.unil.ch\/cedriccramatte\/wp-json\/wp\/v2\/pages\/93","targetHints":{"allow":["GET"]}}],"collection":[{"href":"https:\/\/people.unil.ch\/cedriccramatte\/wp-json\/wp\/v2\/pages"}],"about":[{"href":"https:\/\/people.unil.ch\/cedriccramatte\/wp-json\/wp\/v2\/types\/page"}],"author":[{"embeddable":true,"href":"https:\/\/people.unil.ch\/cedriccramatte\/wp-json\/wp\/v2\/users\/42"}],"replies":[{"embeddable":true,"href":"https:\/\/people.unil.ch\/cedriccramatte\/wp-json\/wp\/v2\/comments?post=93"}],"version-history":[{"count":1,"href":"https:\/\/people.unil.ch\/cedriccramatte\/wp-json\/wp\/v2\/pages\/93\/revisions"}],"predecessor-version":[{"id":650,"href":"https:\/\/people.unil.ch\/cedriccramatte\/wp-json\/wp\/v2\/pages\/93\/revisions\/650"}],"up":[{"embeddable":true,"href":"https:\/\/people.unil.ch\/cedriccramatte\/wp-json\/wp\/v2\/pages\/405"}],"wp:attachment":[{"href":"https:\/\/people.unil.ch\/cedriccramatte\/wp-json\/wp\/v2\/media?parent=93"}],"curies":[{"name":"wp","href":"https:\/\/api.w.org\/{rel}","templated":true}]}}