{"id":1054,"date":"2023-04-27T17:53:20","date_gmt":"2023-04-27T15:53:20","guid":{"rendered":"https:\/\/people.unil.ch\/christineputzo\/?page_id=1054"},"modified":"2025-07-23T23:09:31","modified_gmt":"2025-07-23T21:09:31","slug":"dissertationen","status":"publish","type":"page","link":"https:\/\/people.unil.ch\/christineputzo\/dissertationen\/","title":{"rendered":"Dissertationen"},"content":{"rendered":"\n<p><h3>Betreute Dissertationen<\/h3><\/p>\n\n<p>Finkel, Susanne: Der Partonopeu-Stoff und seine europ\u00e4ischen Adaptationen<br \/><small>Facult\u00e9 des lettres, Universit\u00e9 de Lausanne (laufend seit 2025).<\/small><\/p>\n\n<p><a href=\"https:\/\/www.unil.ch\/all\/fr\/home\/menuinst\/mitarbeitende-1\/mediavistik-1\/donnet-tanguy.html\" target=\"_blank\" rel=\"noopener\">Donnet, Tanguy<\/a>: Verlorene Erz\u00e4hlwelten. Fragmentarisch \u00fcberlieferte Artusromane des deutschsprachigen Mittelalters. Edition, Untersuchung, gattungsgeschichtliche Perspektiven<br \/><small>Facult\u00e9 des lettres, Universit\u00e9 de Lausanne (laufend seit 2023).<\/small><\/p>\n\n<p><a href=\"https:\/\/www.unil.ch\/all\/home\/menuinst\/mitarbeitende-1\/mediavistik-1\/remele-florian.html\">Remele, Florian<\/a>: Konventionelles und alternatives Erz\u00e4hlen. Transformation des deutschsprachigen Artusromans im 13. Jahrhundert<br \/><small>Facult\u00e9 des lettres, Universit\u00e9 de Lausanne (laufend seit 2019).<\/small><\/p>","protected":false},"excerpt":{"rendered":"<p>Betreute Dissertationen Finkel, Susanne: Der Partonopeu-Stoff und seine europ\u00e4ischen AdaptationenFacult\u00e9 des lettres, Universit\u00e9 de Lausanne (laufend seit 2025). Donnet, Tanguy: Verlorene Erz\u00e4hlwelten. Fragmentarisch \u00fcberlieferte Artusromane des deutschsprachigen Mittelalters. Edition, Untersuchung, gattungsgeschichtliche PerspektivenFacult\u00e9 des lettres, Universit\u00e9 de Lausanne (laufend seit 2023). Remele, Florian: Konventionelles und alternatives Erz\u00e4hlen. Transformation des deutschsprachigen Artusromans im 13. JahrhundertFacult\u00e9 des lettres, &hellip; <\/p>\n<p class=\"link-more\"><a href=\"https:\/\/people.unil.ch\/christineputzo\/dissertationen\/\" class=\"more-link\">Continue reading<span class=\"screen-reader-text\"> &#8220;Dissertationen&#8221;<\/span><\/a><\/p>\n","protected":false},"author":80,"featured_media":0,"parent":0,"menu_order":0,"comment_status":"closed","ping_status":"closed","template":"","meta":{"_seopress_robots_primary_cat":"","_seopress_titles_title":"","_seopress_titles_desc":"","_seopress_robots_index":"","footnotes":""},"class_list":["post-1054","page","type-page","status-publish"],"_links":{"self":[{"href":"https:\/\/people.unil.ch\/christineputzo\/wp-json\/wp\/v2\/pages\/1054","targetHints":{"allow":["GET"]}}],"collection":[{"href":"https:\/\/people.unil.ch\/christineputzo\/wp-json\/wp\/v2\/pages"}],"about":[{"href":"https:\/\/people.unil.ch\/christineputzo\/wp-json\/wp\/v2\/types\/page"}],"author":[{"embeddable":true,"href":"https:\/\/people.unil.ch\/christineputzo\/wp-json\/wp\/v2\/users\/80"}],"replies":[{"embeddable":true,"href":"https:\/\/people.unil.ch\/christineputzo\/wp-json\/wp\/v2\/comments?post=1054"}],"version-history":[{"count":4,"href":"https:\/\/people.unil.ch\/christineputzo\/wp-json\/wp\/v2\/pages\/1054\/revisions"}],"predecessor-version":[{"id":1441,"href":"https:\/\/people.unil.ch\/christineputzo\/wp-json\/wp\/v2\/pages\/1054\/revisions\/1441"}],"wp:attachment":[{"href":"https:\/\/people.unil.ch\/christineputzo\/wp-json\/wp\/v2\/media?parent=1054"}],"curies":[{"name":"wp","href":"https:\/\/api.w.org\/{rel}","templated":true}]}}