{"id":1060,"date":"2023-04-27T18:06:47","date_gmt":"2023-04-27T16:06:47","guid":{"rendered":"https:\/\/people.unil.ch\/christineputzo\/?page_id=1060"},"modified":"2025-05-19T16:03:58","modified_gmt":"2025-05-19T14:03:58","slug":"masterarbeiten","status":"publish","type":"page","link":"https:\/\/people.unil.ch\/christineputzo\/masterarbeiten\/","title":{"rendered":"Masterarbeiten"},"content":{"rendered":"\n<p><h3>Betreute Masterarbeiten<\/h3><\/p>\n\n\n<p>Kremszner, Elisa: Leid als erz\u00e4hlerisches Mittel. Eine vergleichende Analyse weiblicher Leiddarstellung und ihrer narrativen Funktionalisierung in <i>Eneasroman<\/i> (ca. 1174), <i>Katharina von Alexandrien<\/i> (ca. 1300\/1325) und <i>Die Sch\u00f6ne Magelone<\/i> (1535) . <br \/><small>Facult\u00e9 des lettres, Universit\u00e9 de Lausanne, 2025.<\/small><\/p>\n<p>Giraudeau, Marina (Hg.): Ein sp\u00e4tmittelalterliches Frauengebetbuch aus M\u00fcnstereifel. Teiledition der Handschrift Lausanne, BCU, TP 2858. <br \/><small>Master-Zusatzarbeit im Spezialisierungsprogramms \u201aHistoire du livre et \u00e9dition critique des textes\u2018, Facult\u00e9 des lettres, Universit\u00e9 de Lausanne, 2025.<\/small><\/p>\n<p>Hauschild, Ronja (Hg.): Franziskus von Assisi. Verslegende. Fragment einer mittelhochdeutschen Bearbeitung der \u201aLegenda Maior Sancti Francisci\u2018 und der \u201aMiracula ipsius post mortem ostensa\u2018 des Bonaventura. Teiledition. <br \/><small>Master-Zusatzarbeit im Spezialisierungsprogramms \u201aHistoire du livre et \u00e9dition critique des textes\u2018, Facult\u00e9 des lettres, Universit\u00e9 de Lausanne, 2023.<\/small><\/p>\n<p>Donnet, Tanguy (Hg.): Katharina von Alexandrien. Verslegende VIII. Nach dem Codex Donaueschingen 116 der Badischen Landesbibliothek in Karlsruhe.<br \/><small>Master-Zusatzarbeit im Spezialisierungsprogramms \u201aHistoire du livre et \u00e9dition critique des textes\u2018, Facult\u00e9 des lettres, Universit\u00e9 de Lausanne, 2022. Erschienen in der Reihe \u201a<a href=\"https:\/\/doi.org\/10.1515\/9783110786309\" target=\"_blank\" rel=\"noopener\">Altdeutsche Textbibliothek<\/a>&#8216;.<\/small><\/p>\n<p>Donnet, Tanguy: Verlorene Erz\u00e4hlwelten. Eine exemplarische Analyse am Beispiel des fragmentarisch \u00fcberlieferten mittelhochdeutschen \u201aSegremors\u2018-Romans. Edition und Untersuchung.<br \/><small>Facult\u00e9 des lettres, Universit\u00e9 de Lausanne, 2022.<\/small><\/p>\n<p>Macrina, St\u00e9phanie: Die Beziehung zwischen den \u201adeutschen\u2018 und den venezianischen Kaufleuten im 15. Jahrhundert. Das \u201aSprachbuch\u2018 Georgs von N\u00fcrnberg (vor 1424). Eine Analyse des Dialogteils. <br \/><small>Facult\u00e9 des lettres, Universit\u00e9 de Lausanne, 2021 (gemeinsam mit Lorenzo Tomasin).<\/small><\/p>\n<p>Naqshbandi, Murwaried: Das Motiv der \u201agest\u00f6rten Mahrtenehe\u2018 im \u201aIwein\u2018 Hartmanns von Aue und in der \u201aMelusine\u2018 Th\u00fcrings von Ringoltingen. Eine vergleichende Analyse.<br \/><small> Facult\u00e9 des lettres, Universit\u00e9 de Lausanne, 2021.<\/small><\/p>\n<p>Pinieri, Mirko: Instruire \u2013 Compiler \u2013 Refl\u00e9ter. Autour de la posture de la voix narrative dans <em>Le Livre du Chevalier de la Tour Landry<\/em> (1372) et le <em>Ritter vom Turn<\/em> (1493). <br \/><small>Facult\u00e9 des lettres, Universit\u00e9 de Lausanne, 2019 (gemeinsam mit Barbara Wahlen).<\/small><\/p>\n<p>Monbaron, Caroline: Eine Figur zwischen zwei Welten. Die \u201aMelusine\u2018-Adaptionen von Th\u00fcring von Ringoltingen, Ludwig Tieck und Franz Grillparzer im Lichte von Lotmans Raumsemantik. <br \/><small>Facult\u00e9 des lettres, Universit\u00e9 de Lausanne, 2019 (gemeinsam mit Regula Bigler).<\/small><\/p>\n<p>Schwab, Anna: Das Niederdeutsche in Ostfriesland. Ergebnisse einer studentischen Forschungsarbeit zur Situation der ostfriesischen Regionalsprache. <br \/><small>Facult\u00e9 des lettres, Universit\u00e9 de Neuch\u00e2tel, 2019 (gemeinsam mit Claudio Scarvaglieri).<\/small><\/p>\n<p>M\u00fcller, Judith: Die Braut im Spannungsfeld zwischen Schema und \u00dcberlieferung. Untersuchung einer Handlungsrolle des Brautwerbungsschemas in den Dichtungen <em>K\u00f6nig Rother<\/em>, <em>Salman und Morolf<\/em>, <em>Ortnit<\/em>, <em>Der M\u00fcnchner Oswald<\/em> und <em>Kudrun<\/em>.<br \/><small>Facult\u00e9 des lettres, Universit\u00e9 de Lausanne, 2019<\/small>.<\/p>\n<p>Fontannaz, S\u00e9bastien (Hg.): Une belle Maguelonne en terres saxonnes. \u00c9dition partielle du manuscrit I\u00e9na, Th\u00fcringer Universit\u00e4ts- und Landesbibliothek, Ms. El. f. 98. Accompagn\u00e9 d\u2019un commentaire critique.<br \/><small>Master-Zusatzarbeit im Spezialisierungsprogramms \u201aHistoire du livre et \u00e9dition critique des textes\u2018, Facult\u00e9 des lettres, Universit\u00e9 de Lausanne, 2018.<\/small><\/p>\n<p>Langwieser, Clea: Spalatins Lutherische Sicht der Ehe in Veit Warbecks \u201aDie scho\u0308ne Magelone\u2018.<br \/><small>Facult\u00e9 des lettres, Universit\u00e9 de Lausanne, 2018<\/small>.<\/p>\n<p>Tanari, Elise: Von <em>beffa<\/em>-Novellen zu Schw\u00e4nken: Arigos Bearbeitungen der humoristischen Novellen des <em>Decameron<\/em>.<br \/><small>Facult\u00e9 des lettres, Universit\u00e9 de Lausanne, 2017 (gemeinsam mit Jean-Claude M\u00fchlethaler).<\/small><\/p>\n<p>La Gioia, Milena: Hartmanns von Aue \u201aGregorius\u2018 und die Judaslegende. Kontrastive Handlungsanalysen.<br \/><small>Facult\u00e9 des lettres, Universit\u00e9 de Lausanne, 2017 (gemeinsam mit Barbara Fleith).<\/small><\/p>\n<p>Tomiuc, Iolanda: Essen und Trinken im Schwankroman (<em>Dyl Ulenspiegel<\/em>) und in Schwanksammlungen der Fr\u00fchen Neuzeit<br \/><small>Facult\u00e9 des lettres, Universit\u00e9 de Lausanne, 2017 (gemeinsam mit Luigina Rubini Messerli).<\/small><\/p>","protected":false},"excerpt":{"rendered":"<p>Betreute Masterarbeiten Kremszner, Elisa: Leid als erz\u00e4hlerisches Mittel. Eine vergleichende Analyse weiblicher Leiddarstellung und ihrer narrativen Funktionalisierung in Eneasroman (ca. 1174), Katharina von Alexandrien (ca. 1300\/1325) und Die Sch\u00f6ne Magelone (1535) . Facult\u00e9 des lettres, Universit\u00e9 de Lausanne, 2025. Giraudeau, Marina (Hg.): Ein sp\u00e4tmittelalterliches Frauengebetbuch aus M\u00fcnstereifel. Teiledition der Handschrift Lausanne, BCU, TP 2858. Master-Zusatzarbeit &hellip; <\/p>\n<p class=\"link-more\"><a href=\"https:\/\/people.unil.ch\/christineputzo\/masterarbeiten\/\" class=\"more-link\">Continue reading<span class=\"screen-reader-text\"> &#8220;Masterarbeiten&#8221;<\/span><\/a><\/p>\n","protected":false},"author":80,"featured_media":0,"parent":0,"menu_order":0,"comment_status":"closed","ping_status":"closed","template":"","meta":{"_seopress_robots_primary_cat":"","_seopress_titles_title":"","_seopress_titles_desc":"","_seopress_robots_index":"","footnotes":""},"class_list":["post-1060","page","type-page","status-publish"],"_links":{"self":[{"href":"https:\/\/people.unil.ch\/christineputzo\/wp-json\/wp\/v2\/pages\/1060","targetHints":{"allow":["GET"]}}],"collection":[{"href":"https:\/\/people.unil.ch\/christineputzo\/wp-json\/wp\/v2\/pages"}],"about":[{"href":"https:\/\/people.unil.ch\/christineputzo\/wp-json\/wp\/v2\/types\/page"}],"author":[{"embeddable":true,"href":"https:\/\/people.unil.ch\/christineputzo\/wp-json\/wp\/v2\/users\/80"}],"replies":[{"embeddable":true,"href":"https:\/\/people.unil.ch\/christineputzo\/wp-json\/wp\/v2\/comments?post=1060"}],"version-history":[{"count":4,"href":"https:\/\/people.unil.ch\/christineputzo\/wp-json\/wp\/v2\/pages\/1060\/revisions"}],"predecessor-version":[{"id":1411,"href":"https:\/\/people.unil.ch\/christineputzo\/wp-json\/wp\/v2\/pages\/1060\/revisions\/1411"}],"wp:attachment":[{"href":"https:\/\/people.unil.ch\/christineputzo\/wp-json\/wp\/v2\/media?parent=1060"}],"curies":[{"name":"wp","href":"https:\/\/api.w.org\/{rel}","templated":true}]}}