{"id":1179,"date":"2024-03-27T21:22:01","date_gmt":"2024-03-27T20:22:01","guid":{"rendered":"https:\/\/people.unil.ch\/christineputzo\/?page_id=1179"},"modified":"2026-01-15T21:19:17","modified_gmt":"2026-01-15T20:19:17","slug":"aktuelles","status":"publish","type":"page","link":"https:\/\/people.unil.ch\/christineputzo\/aktuelles\/","title":{"rendered":"Aktuelles"},"content":{"rendered":"\n<p><h3>Aktuelles<\/h3><\/p>\n\n\n<p><em>April 2026, Istituto Svizzero di Roma<\/em><br \/>Transmitting Faith Affectively \u2013 the Diagrammatical Way. With New Hypotheses on the Origin and the Religious Context of the Wellcome Manuscripts<br \/><small>Vortrag (mit Henrike L\u00e4hnemann) bei der Tagung \u201aEschatology and Care. The Manuscripts of the Wellcome Scribe in Interdisciplinary Perspectives\u2018, Rom, 13. bis 16. April 2026<\/small><\/p>\n\n<p><em>18.\u201320. Juni 2026, TU Braunschweig<\/em><br \/><i>Flo(i)re, Flo(y)ris, Florio<\/i> \u2013 Exemplarische Perspektiven des Paradigmas \u201aInterkulturelle Medi\u00e4vistik\u2018 f\u00fcr Forschung und Lehre. Internationale und interdisziplin\u00e4re Tagung<br \/>\n<small>Organisiert von Amelie Bendheim, Martin Sebastian Hammer und Christine Putzo<\/small><\/p>\n\n<p><em>19. Juni 2026, TU Braunschweig<\/em><br \/><i>e subitamente muta pensiero.<\/i> Die widerspr\u00fcchliche Figur des babylonischen Herrschers in interkulturellen Parallellekt\u00fcren \u2013 von <i>Ni\u2019ma und N\u2019um<\/i> bis Boccaccio<br \/><small>Vortrag bei der Tagung \u201a<i>Flo(i)re, Flo(y)ris, Florio<\/i> \u2013 Exemplarische Perspektiven des Paradigmas \u201aInterkulturelle Medi\u00e4vistik\u2018 f\u00fcr Forschung und Lehre\u2018, Braunschweig, 18. bis 29. Juni 2026<\/small><\/p>\n\n\n<p><h3>Archiv (seit 2024)<\/h3><\/p>\n\n\n<p><em>5. Januar 2026, Friedrich-Schiller-Universit\u00e4t Jena<\/em><br \/>\u201aPierre de Provence et la belle Maguelonne\u2018 in der Handschrift Jena, ThULB, Ms. El. f. 98. Wiedererz\u00e4hlung, Kommentierung und funktionale Fortschreibung eines europ\u00e4ischen Erfolgsromans<br \/><small>Vortrag im DFG-Graduiertenkolleg 2792 \u201aAutonomie heteronomer Texte in Antike und Mittelalters\u2018<\/small><\/p>\n\n<p><em>28. November 2025, Universit\u00e9 de Lausanne<\/em><br \/><a href=\"https:\/\/www.sagg.ch\/germanistiktag\/germanistiktag-2025\/\" target=\"_blank\">Germanistiktag 2025 der SAGG: Auslandsgermanistik \u2013 Fremdsprachengermanistik \u2013 Mehrsprachengermanistik: Marginalit\u00e4t als Chance f\u00fcr unser Fach?<\/a><br \/><small>Organisiert von Christian Elben, Christine Putzo, Angela Sanmann-Graf, Claudio Scarvaglieri, Hans-Georg von Arburg, Irene Weber Henking<\/small><\/p>\n\n<p><em>13. November 2025, Ludwig-Maximilians-Universit\u00e4t M\u00fcnchen<\/em><br \/>Anne und Didon \u2013 Dido und Anna. Komparatistische Perspektiven auf Schwesternrat und  -verrat im \u201aRoman d\u2019Eneas\u2018 und in Heinrichs von Veldeke \u201aEneasroman\u2018<br \/><small>Vortrag bei der Tagung \u201aGeschwister in der Literatur des Mittelalters und der Fr\u00fchen Neuzeit\u2018, M\u00fcnchen, 12. bis 14. November 2025<\/small><\/p>\n\n<p><em>24. Oktober 2025, Universit\u00e9 de Lausanne<\/em><br \/>Merlin in the German-Speaking Territories: New Perspectives on a Notorious Non-Relation<br \/><small>Vortrag beim Atelier \u201aL&#8217;Angleterre face au Continent (XIe-XVe si\u00e8cle): transferts litt\u00e9raires\u2018 des Centre d\u2019\u00e9tudes m\u00e9di\u00e9vales et post-m\u00e9di\u00e9vales<\/small><\/p>\n\n<p><em>4. Oktober 2025, Maison Rousseau Litt\u00e9raire, Genf<\/em><br \/>Bilderwelten. Ekphrastisches Erz\u00e4hlen und visuelle Semantik in \u201aFloire et Blanchefleur\u2018 und \u201aFlore und Blanscheflur\u2018<br \/><small>Vortrag bei der Festveranstaltung \u201a<i>Ein h\u00f4chgez\u00eet.<\/i> Zu Ehren von Ren\u00e9 Wetzel\u2018<\/small><\/p>\n\n<p><em>15. Juli 2025, Alfried Krupp Wissenschaftskolleg Greifswald<\/em><br \/>Die niederl\u00e4ndisch-deutschen Reime in Heinrichs von Veldeke \u201aEneasroman\u2018<br \/><small>Vortrag bei der Tagung \u201aMehrsprachigkeit. Kommunikationsformen in der Stadt und am Hof (ca. 1200\u20131600)\u2018, Mittelalterzentrum der Universit\u00e4t Greifswald, 14. bis 16. Juli 2025<\/small><\/p>\n\n<p><em>4.\/5. Juni 2025, Universit\u00e4t Z\u00fcrich<\/em><br \/>Saint-Merlin ? L\u2019\u00e9trange cas du <i>Rheinischer Merlin<\/i>, ainsi que quelques r\u00e9flexions sur la modeste r\u00e9ception du c\u00e9l\u00e8bre proph\u00e8te arthurien dans la litt\u00e9rature germanophone du Moyen \u00c2ge<br \/><small>Keynote bei den Journ\u00e9es Arthuriennes 2025 pour jeunes chercheuses et chercheurs. Deuxi\u00e8me rencontre trilat\u00e9rale franco-italo-suisse de la Soci\u00e9t\u00e9 Internationale Arthurienne, branche suisse, Z\u00fcrich, organisiert von In\u00e8s Conti und Melita Lajqi<\/small><\/p>\n\n<p><em>14. November 2024, Herzog August Bibliothek Wolfenb\u00fcttel<\/em><br \/>Simultane Sukzession. Formen und Verfahren registergegliederten Erz\u00e4hlens in Sp\u00e4tmittelalter und fr\u00fcher Neuzeit<br \/><small>\u00d6ffentlicher Abendvortrag bei der Tagung des Medi\u00e4vistischen Arbeitskreises Wolfenb\u00fcttel: \u201aRegisterkulturen\u2018, organisiert von Sabine Griese, Alessandra Beccarisi und Regula Forster<\/small><\/p>\n<p><em>27.\/28. September 2024, Universit\u00e9 de Lausanne<\/em><br \/><a href=\"https:\/\/people.unil.ch\/christineputzo\/files\/2024\/03\/Artus-trifft-Arthur.pdf\">Artus trifft Arthur. Der deutschsprachige und franz\u00f6sischsprachige Artusroman im Dialog. Gattungsgeschichtliche Untersuchungen, komparatistische Perspektiven und Forschungsinterferenzen<\/a>. Internationale und interdisziplin\u00e4re Tagung<br \/><small>Organisiert von Christine Putzo, Tanguy Donnet, Florian Remele<\/small><\/p>\n<p><em>20. September 2024, Universit\u00e9 de Gen\u00e8ve<\/em><br \/>Literatur(en?) im Nordwesten. Methodenfragen an die h\u00f6fische \u00dcberlieferung aus dem niederl\u00e4ndisch-deutschen Grenzgebiet.<br \/><small>Vortrag mit Workshop beim Colloque de recherche interuniversitaire romand en litt\u00e9rature allemande m\u00e9di\u00e9vale (mit Tanguy Donnet)<\/small><\/p>\n<p><em>5.\/6. September 2024, Universit\u00e4t D\u00fcsseldorf<\/em><br \/>De-Abstraction as a Method. The Dissemination of the European Maguelonne Material, seen from Key Points of a Surprisingly Personal Process<br \/><small>Key Note beim Workshop \u201aMethods in the Study of Medieval Text Traditions\u2018, organisiert von Miriam Edlich-Muth und Olivia Colquitt<\/small><\/p>\n<p><em>13. Juni 2024, Kandersteg<\/em><br \/>Fiktionales Erz\u00e4hlen im Mittelalter? Theorie und Praxis<br \/><small>Atelier der <a href=\"https:\/\/www.cuso.ch\/activity\/?p=1488&amp;uid=7200\">CUSO Sommerakademie Germanistik<\/a> (mit Manuel Braun)<\/small><\/p>\n<p><em>14. Mai 2024, Strasbourg<\/em><br \/>Karls des Gro\u00dfen Gro\u00dfeltern: Floire et Blancheflor, Flore und Blanscheflur, Florus und Pantschiflur. Zur Rezeption und Funktionalisierung der Karlsfigur im franz\u00f6sischen und deutschen Floirestoff<br \/><small>Impulsvortrag beim UFA\/DFH-Forschungsatelier f\u00fcr Nachwuchswissenschaftler*innen \u201aKarl der Gro\u00dfe: deutsch-franz\u00f6sische Blicke auf eine europ\u00e4ische Figur\u2018 \/ \u201aCharlemagne : regards crois\u00e9s franco-allemands sur une figure europ\u00e9enne\u2018, organisiert von Marie-Sophie Masse, Amelie Bendheim und Mathias Herweg<\/small><\/p>\n<p><em>10.\u201312. April 2024, Ch\u00e2teau de Bossey<\/em><br \/><a href=\"https:\/\/people.unil.ch\/christineputzo\/files\/2024\/03\/Graduiertentreffen-Genf-Lausanne-2024-Programm.pdf\">Neunzehntes Internationales Graduiertentreffen Germanistische Medi\u00e4vistik<\/a><br \/>(Oxford \u2013 Freiburg i. Br. \u2013 Freiburg\/Fribourg \u2013 Gen\u00e8ve \u2013 Lausanne \u2013 Bern)<br \/><small>Organisiert von Christine Putzo und Ren\u00e9 Wetzel<\/small><\/p>\n<p><em>14. M\u00e4rz 2024, Universit\u00e4t Bremen<\/em><br \/>Vergebliches Streben? Produktive Verschr\u00e4nkungen von Providenzlogik und Kontingenzhoffnung in Prosaromanen der Fr\u00fchen Neuzeit<br \/><small>Vortrag auf der Tagung \u201aErz\u00e4hlbr\u00fcche. Die Heterogenit\u00e4t fr\u00fcher deutscher Prosa\u2018, veranstaltet von Elisabeth Lienert und Thomas Althaus<\/small><\/p>\n<p><em>17. Januar 2024, Karlsruher Institut f\u00fcr Technologie<\/em><br \/>Interreligi\u00f6se Liebe? Konrad Flecks Bearbeitung der europ\u00e4ischen Erfolgsgeschichte von Flore und Blanscheflur<br \/><small>Gastbeitrag zur Vorlesung \u201aEinf\u00fchrung in die Literatur des Mittelalters\u2018 von Mathias Herweg<\/small><\/p>","protected":false},"excerpt":{"rendered":"<p>Aktuelles April 2026, Istituto Svizzero di RomaTransmitting Faith Affectively \u2013 the Diagrammatical Way. With New Hypotheses on the Origin and the Religious Context of the Wellcome ManuscriptsVortrag (mit Henrike L\u00e4hnemann) bei der Tagung \u201aEschatology and Care. The Manuscripts of the Wellcome Scribe in Interdisciplinary Perspectives\u2018, Rom, 13. bis 16. April 2026 18.\u201320. Juni 2026, TU &hellip; <\/p>\n<p class=\"link-more\"><a href=\"https:\/\/people.unil.ch\/christineputzo\/aktuelles\/\" class=\"more-link\">Continue reading<span class=\"screen-reader-text\"> &#8220;Aktuelles&#8221;<\/span><\/a><\/p>\n","protected":false},"author":80,"featured_media":0,"parent":0,"menu_order":0,"comment_status":"closed","ping_status":"closed","template":"","meta":{"_seopress_robots_primary_cat":"","_seopress_titles_title":"","_seopress_titles_desc":"","_seopress_robots_index":"","footnotes":""},"class_list":["post-1179","page","type-page","status-publish"],"_links":{"self":[{"href":"https:\/\/people.unil.ch\/christineputzo\/wp-json\/wp\/v2\/pages\/1179","targetHints":{"allow":["GET"]}}],"collection":[{"href":"https:\/\/people.unil.ch\/christineputzo\/wp-json\/wp\/v2\/pages"}],"about":[{"href":"https:\/\/people.unil.ch\/christineputzo\/wp-json\/wp\/v2\/types\/page"}],"author":[{"embeddable":true,"href":"https:\/\/people.unil.ch\/christineputzo\/wp-json\/wp\/v2\/users\/80"}],"replies":[{"embeddable":true,"href":"https:\/\/people.unil.ch\/christineputzo\/wp-json\/wp\/v2\/comments?post=1179"}],"version-history":[{"count":5,"href":"https:\/\/people.unil.ch\/christineputzo\/wp-json\/wp\/v2\/pages\/1179\/revisions"}],"predecessor-version":[{"id":1578,"href":"https:\/\/people.unil.ch\/christineputzo\/wp-json\/wp\/v2\/pages\/1179\/revisions\/1578"}],"wp:attachment":[{"href":"https:\/\/people.unil.ch\/christineputzo\/wp-json\/wp\/v2\/media?parent=1179"}],"curies":[{"name":"wp","href":"https:\/\/api.w.org\/{rel}","templated":true}]}}