{"id":15,"date":"2013-12-13T11:42:36","date_gmt":"2013-12-13T10:42:36","guid":{"rendered":"http:\/\/people.unil.ch\/christineputzo\/?page_id=15"},"modified":"2020-08-26T15:03:58","modified_gmt":"2020-08-26T13:03:58","slug":"kontakt","status":"publish","type":"page","link":"https:\/\/people.unil.ch\/christineputzo\/home\/kontakt\/","title":{"rendered":"Kontakt"},"content":{"rendered":"<\/p>\n<p><a href=\"https:\/\/people.unil.ch\/christineputzo\/files\/2013\/12\/035.jpg\"><img loading=\"lazy\" decoding=\"async\" class=\"wp-image-58 alignleft\" src=\"https:\/\/people.unil.ch\/christineputzo\/files\/2013\/12\/035-225x300.jpg\" alt=\"035\" width=\"187\" height=\"250\" srcset=\"https:\/\/people.unil.ch\/christineputzo\/files\/2013\/12\/035-225x300.jpg 225w, https:\/\/people.unil.ch\/christineputzo\/files\/2013\/12\/035.jpg 600w\" sizes=\"auto, (max-width: 187px) 100vw, 187px\" \/><\/a>Dr. Christine Putzo<br \/>\nGermanistische Medi\u00e4vistik<br \/>\nSection d&#8217;allemand<br \/>\nFacult\u00e9 des lettres<br \/>\nUniversit\u00e9 de Lausanne<br \/>\nCH-1015 Lausanne<\/p>\n<p>Anthropole 4062<br \/>\nQuartier UNIL-Chamberonne<br \/>\nTel. +41 (0)21 692 29 80<br \/>\nchristine.putzo@unil.ch<\/p>\n","protected":false},"excerpt":{"rendered":"<p>Dr. Christine Putzo Germanistische Medi\u00e4vistik Section d&#8217;allemand Facult\u00e9 des lettres Universit\u00e9 de Lausanne CH-1015 Lausanne Anthropole 4062 Quartier UNIL-Chamberonne Tel. +41 (0)21 692 29 80 christine.putzo@unil.ch<\/p>\n","protected":false},"author":80,"featured_media":0,"parent":40,"menu_order":6,"comment_status":"closed","ping_status":"closed","template":"","meta":{"_seopress_robots_primary_cat":"","_seopress_titles_title":"","_seopress_titles_desc":"","_seopress_robots_index":"","footnotes":""},"class_list":["post-15","page","type-page","status-publish"],"_links":{"self":[{"href":"https:\/\/people.unil.ch\/christineputzo\/wp-json\/wp\/v2\/pages\/15","targetHints":{"allow":["GET"]}}],"collection":[{"href":"https:\/\/people.unil.ch\/christineputzo\/wp-json\/wp\/v2\/pages"}],"about":[{"href":"https:\/\/people.unil.ch\/christineputzo\/wp-json\/wp\/v2\/types\/page"}],"author":[{"embeddable":true,"href":"https:\/\/people.unil.ch\/christineputzo\/wp-json\/wp\/v2\/users\/80"}],"replies":[{"embeddable":true,"href":"https:\/\/people.unil.ch\/christineputzo\/wp-json\/wp\/v2\/comments?post=15"}],"version-history":[{"count":0,"href":"https:\/\/people.unil.ch\/christineputzo\/wp-json\/wp\/v2\/pages\/15\/revisions"}],"up":[{"embeddable":true,"href":"https:\/\/people.unil.ch\/christineputzo\/wp-json\/wp\/v2\/pages\/40"}],"wp:attachment":[{"href":"https:\/\/people.unil.ch\/christineputzo\/wp-json\/wp\/v2\/media?parent=15"}],"curies":[{"name":"wp","href":"https:\/\/api.w.org\/{rel}","templated":true}]}}