{"id":227,"date":"2014-04-03T15:21:50","date_gmt":"2014-04-03T13:21:50","guid":{"rendered":"http:\/\/people.unil.ch\/christineputzo\/?page_id=227"},"modified":"2020-08-26T15:02:11","modified_gmt":"2020-08-26T13:02:11","slug":"lehre-aktuell","status":"publish","type":"page","link":"https:\/\/people.unil.ch\/christineputzo\/home\/lehre-aktuell\/","title":{"rendered":"Aktuell"},"content":{"rendered":"<\/p>\n<h3>Semestre d&#8217;automne 2017<\/h3>\n<p>Vorlesung (mit Lekt\u00fcren):<br \/>\n<a href=\"https:\/\/applicationspub.unil.ch\/interpub\/noauth\/php\/Ud\/ficheCours.php?v_enstyid=65014&amp;v_blocid=&amp;v_ueid=174&amp;v_langue=fr&amp;v_isinterne=\" target=\"_blank\" rel=\"noopener noreferrer\">Heinrich Wittenwiler, \u201aDer Ring\u2019<\/a><br \/>\n[ Moodle ]<\/p>\n<p>Bachelor-Seminar:<br \/>\n<a href=\"https:\/\/applicationspub.unil.ch\/interpub\/noauth\/php\/Ud\/ficheCours.php?v_enstyid=65015&amp;v_blocid=&amp;v_ueid=174&amp;v_langue=fr&amp;v_isinterne=\" target=\"_blank\" rel=\"noopener noreferrer\">Mittelhochdeutsche Sangspruchdichtung<\/a><br \/>\n[ <a href=\"https:\/\/moodle.unil.ch\/course\/view.php?id=8788\">Moodle<\/a> ]<\/p>\n<p>Master-Seminar:<br \/>\n<a href=\"https:\/\/applicationspub.unil.ch\/interpub\/noauth\/php\/Ud\/ficheCours.php?v_enstyid=65008&amp;v_blocid=&amp;v_ueid=174&amp;v_langue=fr&amp;v_isinterne=\" target=\"_blank\" rel=\"noopener noreferrer\">Wolfram von Eschenbach, \u201aParzival\u2019<\/a><br \/>\n[ <a href=\"https:\/\/moodle2.unil.ch\/course\/view.php?id=8563#section-0\" target=\"_blank\" rel=\"noopener noreferrer\">Moodle<\/a> ]<\/p>\n<p>Bachelor-Seminar (Universit\u00e9 de Neuch\u00e2tel):<br \/>\nEinf\u00fchrung ins Mittelhochdeutsche<br \/>\n[ Moodle ]<\/p>\n<p>MA-Blockseminar\u00a0(Lehreinheit\u00a0im Rahmen der\u00a0<a href=\"https:\/\/www.unil.ch\/lettres\/page93205.html\" target=\"_blank\" rel=\"noopener noreferrer\">Ma\u00eetrise universitaire \u00e8s lettres avec sp\u00e9cialisation \u00ab Histoire du livre et \u00e9dition critique des textes \u00bb<\/a>):<br \/>\n<a href=\"https:\/\/applicationspub.unil.ch\/interpub\/noauth\/php\/Ud\/ficheCours.php?v_enstyid=51976&amp;v_blocid=23776&amp;v_ueid=174&amp;v_etapeid1=27176&amp;v_langue=fr&amp;v_isinterne=1\" target=\"_blank\" rel=\"noopener noreferrer\">Edition critique de textes de langue allemande m\u00e9di\u00e9vale :\u00a0le probl\u00e8me de la transmission tardive des textes<\/a><\/p>\n<p>&nbsp;<\/p>\n<h3>Semestre de\u00a0printemps\u00a02018<\/h3>\n<p>Vorlesung (mit Lekt\u00fcren):<br \/>\n<a href=\"https:\/\/applicationspub.unil.ch\/interpub\/noauth\/php\/Ud\/ficheCours.php?v_enstyid=65016&amp;v_blocid=&amp;v_ueid=174&amp;v_langue=fr&amp;v_isinterne=\" target=\"_blank\" rel=\"noopener noreferrer\">Konrad Fleck, \u201aFlore und Blanscheflur\u2019<\/a><br \/>\n[ Moodle ]<\/p>\n<p>Bachelor-Seminar:<br \/>\n<a href=\"https:\/\/applicationspub.unil.ch\/interpub\/noauth\/php\/Ud\/ficheCours.php?v_enstyid=65017&amp;v_blocid=&amp;v_ueid=174&amp;v_langue=fr&amp;v_isinterne=\" target=\"_blank\" rel=\"noopener noreferrer\">Hartmann von Aue, \u201aErec\u2019<\/a><br \/>\n[ Moodle ]<\/p>\n<p>Master-Seminar (gemeinsam mit Ren\u00e9 Wetzel, Universit\u00e9 de Gen\u00e8ve):<br \/>\n<a href=\"https:\/\/applicationspub.unil.ch\/interpub\/noauth\/php\/Ud\/ficheCours.php?v_enstyid=65009&amp;v_blocid=&amp;v_ueid=174&amp;v_langue=fr&amp;v_isinterne=\" target=\"_blank\" rel=\"noopener noreferrer\">Die Welt als Buch, die Welt im Buch. Natur und Literatur im Mittelalter<\/a><br \/>\n[ <a href=\"https:\/\/moodle.unil.ch\/course\/view.php?id=9828\">Moodle<\/a> ]<\/p>\n<p>Bachelor-Seminar (Universit\u00e9 de Neuch\u00e2tel):<br \/>\nGottfried von Stra\u00dfburg,\u00a0\u201aTristan\u2019<br \/>\n[ Moodle ]<\/p>\n<h3><\/h3>\n","protected":false},"excerpt":{"rendered":"<p>Semestre d&#8217;automne 2017 Vorlesung (mit Lekt\u00fcren): Heinrich Wittenwiler, \u201aDer Ring\u2019 [ Moodle ] Bachelor-Seminar: Mittelhochdeutsche Sangspruchdichtung [ Moodle ] Master-Seminar: Wolfram von Eschenbach, \u201aParzival\u2019 [ Moodle ] Bachelor-Seminar (Universit\u00e9 de Neuch\u00e2tel): Einf\u00fchrung ins Mittelhochdeutsche [ Moodle ] MA-Blockseminar\u00a0(Lehreinheit\u00a0im Rahmen der\u00a0Ma\u00eetrise universitaire \u00e8s lettres avec sp\u00e9cialisation \u00ab Histoire du livre et \u00e9dition critique des textes \u00bb): &hellip; <\/p>\n<p class=\"link-more\"><a href=\"https:\/\/people.unil.ch\/christineputzo\/home\/lehre-aktuell\/\" class=\"more-link\">Continue reading<span class=\"screen-reader-text\"> &#8220;Aktuell&#8221;<\/span><\/a><\/p>\n","protected":false},"author":80,"featured_media":0,"parent":40,"menu_order":0,"comment_status":"closed","ping_status":"closed","template":"","meta":{"_seopress_robots_primary_cat":"","_seopress_titles_title":"","_seopress_titles_desc":"","_seopress_robots_index":"","footnotes":""},"class_list":["post-227","page","type-page","status-publish"],"_links":{"self":[{"href":"https:\/\/people.unil.ch\/christineputzo\/wp-json\/wp\/v2\/pages\/227","targetHints":{"allow":["GET"]}}],"collection":[{"href":"https:\/\/people.unil.ch\/christineputzo\/wp-json\/wp\/v2\/pages"}],"about":[{"href":"https:\/\/people.unil.ch\/christineputzo\/wp-json\/wp\/v2\/types\/page"}],"author":[{"embeddable":true,"href":"https:\/\/people.unil.ch\/christineputzo\/wp-json\/wp\/v2\/users\/80"}],"replies":[{"embeddable":true,"href":"https:\/\/people.unil.ch\/christineputzo\/wp-json\/wp\/v2\/comments?post=227"}],"version-history":[{"count":0,"href":"https:\/\/people.unil.ch\/christineputzo\/wp-json\/wp\/v2\/pages\/227\/revisions"}],"up":[{"embeddable":true,"href":"https:\/\/people.unil.ch\/christineputzo\/wp-json\/wp\/v2\/pages\/40"}],"wp:attachment":[{"href":"https:\/\/people.unil.ch\/christineputzo\/wp-json\/wp\/v2\/media?parent=227"}],"curies":[{"name":"wp","href":"https:\/\/api.w.org\/{rel}","templated":true}]}}