{"id":593,"date":"2014-04-07T14:28:12","date_gmt":"2014-04-07T12:28:12","guid":{"rendered":"http:\/\/people.unil.ch\/danielmarguerat\/?page_id=593"},"modified":"2024-11-04T10:41:05","modified_gmt":"2024-11-04T09:41:05","slug":"curriculum-vitae","status":"publish","type":"page","link":"https:\/\/people.unil.ch\/danielmarguerat\/en\/curriculum-vitae\/","title":{"rendered":"CV"},"content":{"rendered":"<p>Function: Emeritus Professor of New Testament<br \/>\n<a href=\"https:\/\/www.unil.ch\/central\/page2902_en.html\">Faculty of Theology and Sciences of Religions<\/a>, University of Lausanne (Switzerland)<\/p>\n<p><strong>Titles and Diplomas<br \/>\n<\/strong>Prix 2024 du Festival protestants du Livre, Paris, pour \u00ab\u00a0Paul de Tarse, l\u2019enfant terrible du christianisme.<br \/>\nPrix Millepierres from the Acad\u00e9mie fran\u00e7aise 2024 for &#8220;Paul de Tarse, l&#8217;enfant terrible du christianisme&#8221;<br \/>\nReaders&#8217; Prize 2024 from the Conf\u00e9rence catholique des Baptis\u00e9s francophones (CCBF) for &#8220;Paul de Tarse, l&#8217;enfant terrible du christianisme&#8221;<br \/>\nMare Nostrum Prize 2023 for &#8220;Paul de Tarse, l&#8217;enfant terrible du christianisme&#8221;<br \/>\nPhD (University of Lausanne, 1981), Thesis: &#8220;Le jugement dans l&#8217;\u00e9vangile de Matthieu&#8221;, honored with the Price of the &#8220;Soci\u00e9t\u00e9 Acad\u00e9mique Vaudoise&#8221;<br \/>\n&#8220;Certificat de recherche en sciences bibliques&#8221; (postgraduate diploma. &#8220;Institut romand des Sciences Bibliques&#8221;, University of Lausanne, 1975)<br \/>\n&#8220;Prix de Facult\u00e9&#8221; (Faculty of Theology, University of Lausanne, 1969)<br \/>\nLicence of theology (University of Lausanne, 1968), after studying in Lausanne and G\u00f6ttingen<\/p>\n<p><strong>Academic Functions<\/strong><br \/>\nPresident of the &#8220;Studiorum Novi Testamenti Societas&#8221; (2007-2008)<br \/>\nInvited Professor at the Institut Lumen Vitae, Brussels (January 2006 ; February 2007 ; December 2008)<br \/>\nInvited Professor at the University Laval, Qu\u00e9bec (September-October 2005)<br \/>\nPresident of the F\u00e9d\u00e9ration des Facult\u00e9s de th\u00e9ologie Gen\u00e8ve-Lausanne-Neuch\u00e2tel (2004-2005)<br \/>\nDean of the theology Department, University of Lausanne (2003-2005)<br \/>\nInvited Professor at the Centre S\u00e8vres, Facult\u00e9s j\u00e9suites de Paris (2002 ; 2004 ; 2006 ; 2008 ; 2010)<br \/>\nDirector of studies at the \u00c9cole Pratique des Hautes \u00e9tudes, Paris (March 2003)<br \/>\nInvited Professor at the Coll\u00e8ge dominicain de th\u00e9ologie et philosophie, Ottawa and at the Institut de Pastorale, Montr\u00e9al (October 2002)<br \/>\nInvited Professor at the Facolt\u00e0 Valdese di Teologia, Rome (March 1993 ; May 2001)<br \/>\nInvited Professor at the University of Neuch\u00e2tel (1987-1995; 2000-2001)<br \/>\nInvited Professor at the University of Montr\u00e9al and at the Coll\u00e8ge dominicain de th\u00e9ologie et philosophie, Ottawa (September-October 2000)<br \/>\nInvited Professor at the Theology Department, University of Geneva (1991-1999 ; 2004-2008)<br \/>\nInvited Professor at the Institut Biblique Pontifical, Rome (February-March 1993)<br \/>\nVisiting Scholar at the Graduate Theological Union, Berkeley (October-December 1992)<br \/>\nDean of the theology Department, University of Lausanne (1990-1992)<br \/>\nOrdinary Professor of New Testament, Theology Department, University of Lausanne (1984-2008)<br \/>\nLecturer at the theology Department, University of Fribourg (1982-1984)<\/p>\n<p><strong>Other Activities<\/strong><br \/>\nMember of the Acad\u00e9mie Internationale des Sciences Religieuses<br \/>\nPresident of the &#8220;R\u00e9seau de recherche en analyse narrative des textes bibliques&#8221; (RRENAB) (2003-2006)<br \/>\nMember of the Editorial Board of the review &#8220;Concilium&#8221;<br \/>\nCo-Director of the series &#8220;Monde de la Bible&#8221;, Labor et Fides editions, Geneva<br \/>\nCo-Director of the series &#8220;Bible en face&#8221;, Labor et Fides editions, Geneva<br \/>\nMember of the Editorial Board of the review &#8220;Journal of Biblical Literature&#8221;, Atlanta (2005-2008)<br \/>\nMember of the Editorial committee of the review &#8220;Le Monde de la Bible&#8221;, Paris<br \/>\nMember of the Editorial committee of the review &#8220;Lire et Dire&#8221;, Lausanne<br \/>\nMember of the Editorial Board of the review &#8220;New Testament Studies&#8221; (1998-2001)<br \/>\nMember of the comittee of the Studiorum Novi Testamenti Societas (1993-1997 ; 2006-2009)<br \/>\nMember of the theological committee, F\u00e9d\u00e9ration des \u00e9glises Protestantes de Suisse, Berne (1989-1995)<br \/>\nPresident of the Soci\u00e9t\u00e9 Vaudoise de Th\u00e9ologie, Lausanne (1983-1987 ; 1999-2002)<br \/>\nPastor at the parish of Syens (1980-1984)<br \/>\nPastor at the parish of Ouchy, Lausanne (1972-1976)<br \/>\nDirector of the Foyer pour coll\u00e9giens et gymnasiens, Lausanne (1970-1972)<\/p>\n<p><strong>Personnal informations<\/strong><br \/>\nDate of birth: October 30, 1943<br \/>\nStatus: Married to Claire Diserens, two daughters, four grandchildren<br \/>\nAddress : 18, Chemin de la Cocarde, CH-1024 Ecublens<\/p>\n","protected":false},"excerpt":{"rendered":"<p>Function: Emeritus Professor of New Testament Faculty of Theology and Sciences of Religions, University of Lausanne (Switzerland) Titles and Diplomas Prix 2024 du Festival protestants du Livre, Paris, pour \u00ab\u00a0Paul de Tarse, l\u2019enfant terrible du christianisme. Prix Millepierres from the Acad\u00e9mie fran\u00e7aise 2024 for &#8220;Paul de Tarse, l&#8217;enfant terrible du christianisme&#8221; Readers&#8217; Prize 2024 from &hellip; <\/p>\n<p class=\"link-more\"><a href=\"https:\/\/people.unil.ch\/danielmarguerat\/en\/curriculum-vitae\/\" class=\"more-link\">Continue reading<span class=\"screen-reader-text\"> &#8220;CV&#8221;<\/span><\/a><\/p>\n","protected":false},"author":37,"featured_media":0,"parent":0,"menu_order":9,"comment_status":"closed","ping_status":"closed","template":"","meta":{"_seopress_robots_primary_cat":"","_seopress_titles_title":"","_seopress_titles_desc":"","_seopress_robots_index":"","footnotes":""},"class_list":["post-593","page","type-page","status-publish"],"_links":{"self":[{"href":"https:\/\/people.unil.ch\/danielmarguerat\/en\/wp-json\/wp\/v2\/pages\/593","targetHints":{"allow":["GET"]}}],"collection":[{"href":"https:\/\/people.unil.ch\/danielmarguerat\/en\/wp-json\/wp\/v2\/pages"}],"about":[{"href":"https:\/\/people.unil.ch\/danielmarguerat\/en\/wp-json\/wp\/v2\/types\/page"}],"author":[{"embeddable":true,"href":"https:\/\/people.unil.ch\/danielmarguerat\/en\/wp-json\/wp\/v2\/users\/37"}],"replies":[{"embeddable":true,"href":"https:\/\/people.unil.ch\/danielmarguerat\/en\/wp-json\/wp\/v2\/comments?post=593"}],"version-history":[{"count":4,"href":"https:\/\/people.unil.ch\/danielmarguerat\/en\/wp-json\/wp\/v2\/pages\/593\/revisions"}],"predecessor-version":[{"id":1678,"href":"https:\/\/people.unil.ch\/danielmarguerat\/en\/wp-json\/wp\/v2\/pages\/593\/revisions\/1678"}],"wp:attachment":[{"href":"https:\/\/people.unil.ch\/danielmarguerat\/en\/wp-json\/wp\/v2\/media?parent=593"}],"curies":[{"name":"wp","href":"https:\/\/api.w.org\/{rel}","templated":true}]}}