{"id":601,"date":"2014-04-07T14:30:51","date_gmt":"2014-04-07T12:30:51","guid":{"rendered":"http:\/\/people.unil.ch\/danielmarguerat\/?page_id=601"},"modified":"2014-05-28T14:07:46","modified_gmt":"2014-05-28T12:07:46","slug":"links","status":"publish","type":"page","link":"https:\/\/people.unil.ch\/danielmarguerat\/en\/links\/","title":{"rendered":"Links"},"content":{"rendered":"<p><a title=\"Universit\u00e9 de Lausanne\" href=\"https:\/\/www.unil.ch\/central\/page2192_fr.html\" target=\"_blank\">Universit\u00e9 de Lausanne<\/a><\/p>\n<p><a title=\"Facult\u00e9 de th\u00e9ologie et de sciences des religions\" href=\"https:\/\/www.unil.ch\/ftsr\" target=\"_blank\">Facult\u00e9 de th\u00e9ologie et de sciences des religions<\/a><\/p>\n<p><a title=\"IRSB\" href=\"https:\/\/www.unil.ch\/irsb\" target=\"_blank\">IRSB<\/a><\/p>\n<p><a title=\"BIBil\" href=\"https:\/\/www.unil.ch\/irsb\/page28438.html\" target=\"_blank\">BIBil<\/a><\/p>\n<p><a title=\"RRENAB\" href=\"https:\/\/rrenab.sciencesbibliques.ch\/\" target=\"_blank\">RRENAB<\/a><\/p>\n<p><a title=\"SNTS\" href=\"https:\/\/www.surfgroepen.nl\/sites\/SNTS\/default.aspx\" target=\"_blank\">SNTS<\/a><\/p>\n<p><a title=\"SBL\" href=\"https:\/\/www.sbl-site.org\/\" target=\"_blank\">SBL<\/a><\/p>\n<p><a title=\"Ma page Facebook\" href=\"https:\/\/www.facebook.com\/daniel.marguerat\" target=\"_blank\">Ma page Facebook<\/a><\/p>\n","protected":false},"excerpt":{"rendered":"<p>Universit\u00e9 de Lausanne Facult\u00e9 de th\u00e9ologie et de sciences des religions IRSB BIBil RRENAB SNTS SBL Ma page Facebook<\/p>\n","protected":false},"author":37,"featured_media":0,"parent":0,"menu_order":11,"comment_status":"closed","ping_status":"closed","template":"","meta":{"_seopress_robots_primary_cat":"","_seopress_titles_title":"","_seopress_titles_desc":"","_seopress_robots_index":"","footnotes":""},"class_list":["post-601","page","type-page","status-publish"],"_links":{"self":[{"href":"https:\/\/people.unil.ch\/danielmarguerat\/en\/wp-json\/wp\/v2\/pages\/601","targetHints":{"allow":["GET"]}}],"collection":[{"href":"https:\/\/people.unil.ch\/danielmarguerat\/en\/wp-json\/wp\/v2\/pages"}],"about":[{"href":"https:\/\/people.unil.ch\/danielmarguerat\/en\/wp-json\/wp\/v2\/types\/page"}],"author":[{"embeddable":true,"href":"https:\/\/people.unil.ch\/danielmarguerat\/en\/wp-json\/wp\/v2\/users\/37"}],"replies":[{"embeddable":true,"href":"https:\/\/people.unil.ch\/danielmarguerat\/en\/wp-json\/wp\/v2\/comments?post=601"}],"version-history":[{"count":0,"href":"https:\/\/people.unil.ch\/danielmarguerat\/en\/wp-json\/wp\/v2\/pages\/601\/revisions"}],"wp:attachment":[{"href":"https:\/\/people.unil.ch\/danielmarguerat\/en\/wp-json\/wp\/v2\/media?parent=601"}],"curies":[{"name":"wp","href":"https:\/\/api.w.org\/{rel}","templated":true}]}}