{"id":28,"date":"2011-04-21T17:46:46","date_gmt":"2011-04-21T15:46:46","guid":{"rendered":"http:\/\/people.unil.ch\/danielmarguerat\/?page_id=28"},"modified":"2024-11-04T10:40:33","modified_gmt":"2024-11-04T09:40:33","slug":"curriculum-vitaefrancais","status":"publish","type":"page","link":"https:\/\/people.unil.ch\/danielmarguerat\/curriculum-vitaefrancais\/","title":{"rendered":"CV"},"content":{"rendered":"\n<p>Fonction: Professeur honoraire de Nouveau Testament<br><a href=\"https:\/\/www.unil.ch\/ftsr\">Facult\u00e9 de th\u00e9ologie et de sciences des religions<\/a>, Universit\u00e9 de Lausanne (Suisse)<\/p>\n\n\n\n<p><strong>Titres et dipl\u00f4mes<\/strong><br>Prix 2024 du Festival protestants du Livre, Paris, pour \u00ab\u00a0Paul de Tarse, l\u2019enfant terrible du christianisme.<br>Prix Millepierres de l\u2019Acad\u00e9mie fran\u00e7aise 2024 pour \u00abPaul de Tarse, l\u2019enfant terrible du christianisme\u00bb<br>Prix des lecteurs 2024 de la Conf\u00e9rence catholique des Baptis\u00e9s francophones (CCBF) pour \u00ab Paul de Tarse, l\u2019enfant terrible du christianisme \u00bb<br>Prix Mare Nostrum 2023 pour \u00ab Paul de Tarse, l\u2019enfant terrible du christianisme \u00bb<br>Docteur en th\u00e9ologie (Universit\u00e9 de Lausanne, 1981). Th\u00e8se : \u00ab\u00a0Le jugement dans l\u2019\u00e9vangile de Matthieu\u00a0\u00bb, gratifi\u00e9e du Prix de la Soci\u00e9t\u00e9 Acad\u00e9mique Vaudoise<br>Certificat de recherche en sciences bibliques (Dipl\u00f4me de sp\u00e9cialisation. Institut romand des Sciences Bibliques, Universit\u00e9 de Lausanne, 1975)<br>\u00ab\u00a0Prix de Facult\u00e9\u00a0\u00bb (Facult\u00e9 de th\u00e9ologie, Universit\u00e9 de Lausanne, 1969)<br>Licence en th\u00e9ologie (Universit\u00e9 de Lausanne 1968) apr\u00e8s \u00e9tudes \u00e0 Lausanne et G\u00f6ttingen<\/p>\n\n\n\n<p><strong>Fonctions acad\u00e9miques<\/strong><br>Pr\u00e9sident de la \u00ab\u00a0Studiorum Novi Testamenti Societas\u00a0\u00bb (2007-2008)<br>Pr\u00e9sident de la F\u00e9d\u00e9ration des Facult\u00e9s de th\u00e9ologie Gen\u00e8ve-Lausanne-Neuch\u00e2tel (2004-2005)<br>Doyen de la Facult\u00e9 de th\u00e9ologie, Universit\u00e9 de Lausanne (2003-2005)<br>Professeur invit\u00e9 \u00e0 l&rsquo;Institut Lumen Vitae, Bruxelles (janvier 2006 ; f\u00e9vrier 2007 ; d\u00e9cembre 2008)<br>Professeur invit\u00e9 \u00e0 l&rsquo;Universit\u00e9 Laval, Qu\u00e9bec (septembre-octobre 2005)<br>Professeur invit\u00e9 au Centre S\u00e8vres, Facult\u00e9s j\u00e9suites de Paris (2002 ; 2004 ; 2006 ; 2008 ; 2010)<br>Directeur d&rsquo;\u00e9tudes \u00e0 l&rsquo;Ecole Pratique des Hautes Etudes, Paris (mars 2003)<br>Professeur invit\u00e9 au Coll\u00e8ge dominicain de th\u00e9ologie et philosophie, Ottawa et \u00e0 l&rsquo;Institut de Pastorale, Montr\u00e9al (octobre 2002)<br>Professeur invit\u00e9 \u00e0 la Facolt\u00e0 Valdese di Teologia, Rome (mars 1993 ; mai 2001)<br>Professeur invit\u00e9 \u00e0 l&rsquo;\u00e9cole biblique et arch\u00e9ologique fran\u00e7aise, J\u00e9rusalem (mars-avril 2001)<br>Professeur invit\u00e9 \u00e0 l&rsquo;Universit\u00e9 de Neuch\u00e2tel (1987-1995 ; 2000-2001)<br>Professeur invit\u00e9 \u00e0 l&rsquo;Universit\u00e9 de Montr\u00e9al et au Coll\u00e8ge dominicain de th\u00e9ologie et philosophie, Ottawa (septembre-octobre 2000)<br>Professeur invit\u00e9 \u00e0 la Facult\u00e9 de th\u00e9ologie, Universit\u00e9 de Gen\u00e8ve (1991-1999 ; 2004-2008)<br>Professeur invit\u00e9 \u00e0 l&rsquo;Institut Biblique Pontifical, Rome (f\u00e9vrier-mars 1993)<br>Visiting Scholar au Graduate Theological Union, Berkeley (octobre-d\u00e9cembre 1992)<br>Doyen de la Facult\u00e9 de th\u00e9ologie, Universit\u00e9 de Lausanne (1990-1992)<br>Professeur ordinaire de Nouveau Testament, Facult\u00e9 de th\u00e9ologie, Universit\u00e9 de Lausanne (1984-2008)<br>Charg\u00e9 de cours \u00e0 la Facult\u00e9 de th\u00e9ologie, Universit\u00e9 de Fribourg (1982-1984)<\/p>\n\n\n\n<p><strong>Autres activit\u00e9s<\/strong><br>Membre de l&rsquo;Acad\u00e9mie Internationale des Sciences Religieuses<br>Pr\u00e9sident (2003-2006) du \u00ab\u00a0R\u00e9seau de recherche en analyse narrative des textes bibliques\u00a0\u00bb (RRENAB)<br>Co-directeur de la collection \u00ab\u00a0Le Monde de la Bible\u00a0\u00bb, \u00e9ditions Labor et Fides, Gen\u00e8ve<br>Co-directeur de la collection \u00ab\u00a0Bible en face\u00a0\u00bb, \u00e9ditions Labor et Fides, Gen\u00e8ve<br>Membre de l&rsquo;Editorial Board de la revue \u00ab\u00a0Concilium\u00a0\u00bb<br>Membre de l&rsquo;Editorial Board de la revue \u00ab\u00a0Journal of Biblical Literature\u00a0\u00bb (2005-2008)<br>Membre du comit\u00e9 \u00e9ditorial de la revue \u00ab\u00a0Le monde de la Bible\u00a0\u00bb, Paris<br>Membre du comit\u00e9 \u00e9ditorial de la revue \u00ab\u00a0Lire et Dire\u00a0\u00bb, Lausanne<br>Membre de l&rsquo;Editorial Board de la revue \u00ab\u00a0New Testament Studies\u00a0\u00bb (1998-2001)<br>Membre du Comit\u00e9 de la Studiorum Novi Testamenti Societas (1993-1997 ; 2006-2009)<br>Membre de la Commission th\u00e9ologique, F\u00e9d\u00e9ration des \u00e9glises Protestantes de Suisse, Berne (1989-1995)<br>Pr\u00e9sidence de la Soci\u00e9t\u00e9 Vaudoise de Th\u00e9ologie, Lausanne (1983-1987 ; 1999-2002).<br>Pasteur de la paroisse de Syens (1980-1984)<br>Pasteur de la paroisse d&rsquo;Ouchy, Lausanne (1972-1976)<br>Directeur du Foyer pour coll\u00e9giens et gymnasiens, Lausanne (1970-1972).<\/p>\n\n\n\n<p><strong>Donn\u00e9es personnelles<\/strong><br>n\u00e9 le 30 octobre 1943<br>mari\u00e9 \u00e0 Claire Diserens, deux filles, quatre petits-enfants<br>adresse : 18 chemin de la Cocarde, CH-1024 Ecublens<\/p>\n","protected":false},"excerpt":{"rendered":"<p>Fonction: Professeur honoraire de Nouveau TestamentFacult\u00e9 de th\u00e9ologie et de sciences des religions, Universit\u00e9 de Lausanne (Suisse) Titres et dipl\u00f4mesPrix 2024 du Festival protestants du Livre, Paris, pour \u00ab\u00a0Paul de Tarse, l\u2019enfant terrible du christianisme.Prix Millepierres de l\u2019Acad\u00e9mie fran\u00e7aise 2024 pour \u00abPaul de Tarse, l\u2019enfant terrible du christianisme\u00bbPrix des lecteurs 2024 de la Conf\u00e9rence catholique &hellip; <\/p>\n<p class=\"link-more\"><a href=\"https:\/\/people.unil.ch\/danielmarguerat\/curriculum-vitaefrancais\/\" class=\"more-link\">Continuer la lecture<span class=\"screen-reader-text\"> de &laquo;&nbsp;CV&nbsp;&raquo;<\/span><\/a><\/p>\n","protected":false},"author":37,"featured_media":0,"parent":0,"menu_order":9,"comment_status":"closed","ping_status":"closed","template":"","meta":{"_seopress_robots_primary_cat":"","_seopress_titles_title":"","_seopress_titles_desc":"","_seopress_robots_index":"","footnotes":""},"class_list":["post-28","page","type-page","status-publish"],"_links":{"self":[{"href":"https:\/\/people.unil.ch\/danielmarguerat\/wp-json\/wp\/v2\/pages\/28","targetHints":{"allow":["GET"]}}],"collection":[{"href":"https:\/\/people.unil.ch\/danielmarguerat\/wp-json\/wp\/v2\/pages"}],"about":[{"href":"https:\/\/people.unil.ch\/danielmarguerat\/wp-json\/wp\/v2\/types\/page"}],"author":[{"embeddable":true,"href":"https:\/\/people.unil.ch\/danielmarguerat\/wp-json\/wp\/v2\/users\/37"}],"replies":[{"embeddable":true,"href":"https:\/\/people.unil.ch\/danielmarguerat\/wp-json\/wp\/v2\/comments?post=28"}],"version-history":[{"count":5,"href":"https:\/\/people.unil.ch\/danielmarguerat\/wp-json\/wp\/v2\/pages\/28\/revisions"}],"predecessor-version":[{"id":1677,"href":"https:\/\/people.unil.ch\/danielmarguerat\/wp-json\/wp\/v2\/pages\/28\/revisions\/1677"}],"wp:attachment":[{"href":"https:\/\/people.unil.ch\/danielmarguerat\/wp-json\/wp\/v2\/media?parent=28"}],"curies":[{"name":"wp","href":"https:\/\/api.w.org\/{rel}","templated":true}]}}