{"id":46,"date":"2011-04-21T18:00:30","date_gmt":"2011-04-21T16:00:30","guid":{"rendered":"http:\/\/people.unil.ch\/danielmarguerat\/?page_id=46"},"modified":"2025-09-26T14:42:39","modified_gmt":"2025-09-26T12:42:39","slug":"articles-online","status":"publish","type":"page","link":"https:\/\/people.unil.ch\/danielmarguerat\/articles-online\/","title":{"rendered":"Articles"},"content":{"rendered":"\n<p><a href=\"https:\/\/people.unil.ch\/danielmarguerat\/files\/2025\/09\/the-intimate-god.pdf\" data-type=\"link\" data-id=\"https:\/\/people.unil.ch\/danielmarguerat\/files\/2025\/09\/the-intimate-god.pdf\" target=\"_blank\" rel=\"noreferrer noopener\">\u00ab\u00a0The Intimate God and the Social God in the Book of Acts \u00bb<\/a>, in : <em>Engaging the First Christian Historian. Essays on Luke-Acts in Honour of Steve Walton, <\/em>B.M. Gurtner, B.J. Tabb, \u00e9ds, London, Clark, 2025 p. 157-169.<\/p>\n\n\n\n<p><a href=\"https:\/\/people.unil.ch\/danielmarguerat\/files\/2025\/09\/luc-medecin-d-antioche.pdf\" data-type=\"link\" data-id=\"https:\/\/people.unil.ch\/danielmarguerat\/files\/2025\/09\/luc-medecin-d-antioche.pdf\" target=\"_blank\" rel=\"noreferrer noopener\">\u00ab\u00a0Luc, le m\u00e9decin d\u2019Antioche\u00a0?\u00a0\u00bb<\/a>, <em>Le Monde de la Bible<\/em> 254, septembre-novembre 2025, p. 65-68.<\/p>\n\n\n\n<p><a href=\"https:\/\/people.unil.ch\/danielmarguerat\/files\/2024\/11\/Miracles-apres-Renan.pdf\" data-type=\"link\" data-id=\"https:\/\/people.unil.ch\/danielmarguerat\/files\/2024\/11\/Miracles-apres-Renan.pdf\" target=\"_blank\" rel=\"noreferrer noopener\">\u00ab&nbsp;Les miracles de J\u00e9sus, 150 ans apr\u00e8s Ernest Renan&nbsp;\u00bb<\/a>, in&nbsp;: <em>Aux origines jud\u00e9ennes du christianisme. Etudes en l\u2019honneur de Simon Claude Mimouni pour son soixante-quinzi\u00e8me anniversaire, <\/em>J. Costa, D. Hamidovic, P. Piovanelli, \u00e9ds. (Biblioth\u00e8que de l\u2019Ecole des Hautes Etudes, Sciences religieuses 207), Turnhout, Brepols, 2024, p. 41-56.<\/p>\n\n\n\n<p><a href=\"https:\/\/people.unil.ch\/danielmarguerat\/files\/2024\/08\/les-visages-du-peche-MSR-2024.pdf\" target=\"_blank\" rel=\"noreferrer noopener\">\u00ab&nbsp;Les visages du p\u00e9ch\u00e9 selon le Nouveau Testament&nbsp;\u00bb<\/a>, M\u00e9langes de science religieuse 81, 2024, p. 13-30.<\/p>\n\n\n\n<p><a href=\"https:\/\/people.unil.ch\/danielmarguerat\/files\/2023\/11\/MBi-247-Jerusalem.pdf\" target=\"_blank\" rel=\"noopener\" data-wplink-edit=\"true\">\u00ab J\u00e9rusalem selon Marc, Matthieu, Luc et Jean \u00bb<\/a>, Le Monde de la Bible 247, 2023 p. 24-29.<\/p>\n\n\n\n<p><a href=\"https:\/\/people.unil.ch\/danielmarguerat\/files\/2023\/11\/Marguerat-Le-Postillon_2023-05-04.pdf\" target=\"_blank\" rel=\"noopener\">\u00ab Paul de Tarse \u00e9tait-il misogyne ? \u00bb<\/a>, Le Postillon 2648, 4 mai 2023, p. 152-153.<\/p>\n\n\n\n<p><a href=\"https:\/\/people.unil.ch\/danielmarguerat\/files\/2023\/11\/Le-Point_4.05.2023.pdf\" target=\"_blank\" rel=\"noopener\">\u00ab Dieu m\u2019a attir\u00e9 par sa Parole \u00bb<\/a>, <em>Le Point <\/em>4 mai 2023, p. 19-20.<\/p>\n\n\n\n<p><a href=\"https:\/\/people.unil.ch\/danielmarguerat\/files\/2023\/03\/Mort-de-Paul-MBi-2023.pdf\" target=\"_blank\" rel=\"noreferrer noopener\">\u00ab&nbsp;Une mort obscure&nbsp;? Paul et ses derniers jours \u00e0 Rome \u00bb<\/a> , <em>Le Monde de la Bible<\/em> 244, mars-mai 2023, p. 58-61.<\/p>\n\n\n\n<p><a href=\"https:\/\/people.unil.ch\/danielmarguerat\/files\/2021\/06\/MBi-retraites-de-Jesus.pdf\" target=\"_blank\" rel=\"noopener\">\u00ab Les trois retrait(e)s de J\u00e9sus \u00bb<\/a> , <em>Le Monde de la Bible <\/em>237, juin-ao\u00fbt 2021, p. 50-55.<\/p>\n\n\n\n<p><a href=\"https:\/\/people.unil.ch\/danielmarguerat\/files\/2021\/02\/Livre-de-la-genese-de-JC.pdf\" target=\"_blank\" rel=\"noopener\">\u00ab&nbsp;\u201cLivre de la gen\u00e8se de J\u00e9sus Christ\u201d (Mt 1,1). Commencer l\u2019\u00e9vangile selon Matthieu&nbsp;\u00bb<\/a>, in : <em>Fins et commencements. Renvois et interactions<\/em>. FS Michel Gourgues, M. Allard, E. Durand, M. de Lovinfosse, \u00e9ds&nbsp; (Biblical Tools and Studies 35), Leuven, Peeters, 2018, p. 177-191.<\/p>\n\n\n\n<p><a href=\"https:\/\/people.unil.ch\/danielmarguerat\/files\/2020\/10\/Peche-revisite-daniel-marguerat.pdf\" target=\"_blank\" rel=\"noopener noreferrer\">\u00ab J\u00e9sus et Paul revisitent la r\u00e9paration et le pardon \u00bb<\/a> , <em>Le Monde de la Bible <\/em>234, septembre-novembre 2020, p. 52-58.<\/p>\n\n\n\n<p><a href=\"https:\/\/people.unil.ch\/danielmarguerat\/files\/2020\/04\/Histoire-et-theologie-dans-les-Actes-des-apotres.pdf\" target=\"_blank\" rel=\"noopener noreferrer\">\u00ab&nbsp;Histoire et th\u00e9ologie dans les Actes des ap\u00f4tres. L\u2019historiographie lucanienne dans la recherche r\u00e9cente&nbsp;\u00bb<\/a>, in&nbsp;: S. Butticaz, L. Devillers, etc., \u00e9ds, <em>Le corpus lucanien (Luc-Actes) et l\u2019historiographie ancienne<\/em> (Th\u00e9ologie biblique 2), Wien, LIT, 2019, p. 19-49.<\/p>\n\n\n\n<p><a href=\"https:\/\/people.unil.ch\/danielmarguerat\/files\/2020\/04\/Etonnante-absence-2020.pdf\" target=\"_blank\" rel=\"noopener noreferrer\">\u00ab \u00c9tonnante absence chez les premiers chr\u00e9tiens \u00bb<\/a> , <em>Le Monde de la Bible <\/em>232, mars-mai 2020, p. 44-50.<\/p>\n\n\n\n<p><a href=\"https:\/\/people.unil.ch\/danielmarguerat\/files\/2019\/11\/Ecrire-Vie-de-Jesus-Etudes.pdf\" target=\"_blank\" rel=\"noopener noreferrer\">\u00ab \u00c9crire une Vie de J\u00e9sus aujourd\u2019hui&nbsp;\u00bb<\/a>, <em>\u00c9tudes <\/em>4259, avril 2019, p. 69-80<\/p>\n\n\n\n<p><a href=\"https:\/\/people.unil.ch\/danielmarguerat\/files\/2018\/08\/Sacerdoce-universel.pdf\" target=\"_blank\" rel=\"noopener noreferrer\">\u00ab&nbsp;Le sacerdoce universel, principe eccl\u00e9siologique protestant. Luther et la lecture de 1 Pierre 2,4-10&nbsp;\u00bb<\/a>, <em>Lateranum <\/em>84\/1, 2018, p. 165-184.<\/p>\n\n\n\n<p><a href=\"https:\/\/people.unil.ch\/danielmarguerat\/files\/2018\/03\/Marguerat-WUNT-398.pdf\" target=\"_blank\" rel=\"noopener noreferrer\">\u00ab&nbsp;De J\u00e9sus \u00e0 Paul&nbsp;: l\u2019invention du christianisme dans les Actes des ap\u00f4tres&nbsp;\u00bb<\/a>, in&nbsp;: Simon Butticaz, Enrico Norelli, \u00e9ds, Memory and Memories in Early Christianity (WUNT 398), T\u00fcbingen, Mohr Siebeck, 2018, p. 157-175.<\/p>\n\n\n\n<p><a href=\"https:\/\/people.unil.ch\/danielmarguerat\/files\/2011\/04\/Judaismo-sinagogale.pdf\" target=\"_blank\" rel=\"noopener noreferrer\">\u00ab Il giudaismo sinagogale negli Atti degli Apostoli \u00bb<\/a>, in&nbsp;: Extra ironiam nulla salus. Studi in onore di R. Vignolo, M. Crimella, G.C. Pagazzi, S. Romanello, \u00e9ds, Milano, Glossa, 2016, p. 455-492.<\/p>\n\n\n\n<p><a href=\"https:\/\/people.unil.ch\/danielmarguerat\/files\/2016\/11\/Marguerat-Pierre-Protestantesimo.pdf\" target=\"_blank\" rel=\"noopener noreferrer\">\u00ab Les trois conversions de Simon-Pierre. Un r\u00e9cit biographique \u00bb<\/a>, Protestantesimo 71,1-3, Scritti in onore di Yann Redali\u00e9, 2016, p. 185-196.<\/p>\n\n\n\n<p><a href=\"https:\/\/people.unil.ch\/danielmarguerat\/files\/2011\/04\/Pierre.pdf\" target=\"_blank\" rel=\"noopener noreferrer\">\u00ab Pierre. Un colosse fragile dans les \u00e9vangiles \u00bb<\/a>, <em>Le Monde de la Bible<\/em> (livre num\u00e9rique) <em>Pierre, une figure complexe<\/em>, mai 2016, p. 13-21.<\/p>\n\n\n\n<p><a href=\"https:\/\/people.unil.ch\/danielmarguerat\/files\/2011\/04\/Esprit-saint-Actes.pdf\" target=\"_blank\" rel=\"noopener noreferrer\">\u00ab The Work of the Holy Spirit in Luke-Acts : A Western Perspective \u00bb<\/a>, in&nbsp;: <em>The Holy Spirit and the Church according to the New Testament. Sixth International East-West Symposium of New Testament Scholars, Belgrade, August 25 to 31, 2013<\/em>, Predrag Dragutinovic, Karl-Wilhelm Niebuhr, James Buchanan Wallace, \u00e9ds (WUNT 354), T\u00fcbingen, Mohr Siebeck, 2016, p. 111-128.<\/p>\n\n\n\n<p><a href=\"https:\/\/people.unil.ch\/danielmarguerat\/files\/2011\/04\/Marguerat-Dualisme.pdf\" target=\"_blank\" rel=\"noopener noreferrer\">\u00ab Le corps, lieu de conflit entre l\u2019esprit et la chair. Anthropologie paulinienne et dualisme \u00bb<\/a>, in&nbsp;: <em>Dualismes. Doctrines religieuses et traditions philosophiques<\/em>, Fabienne Jourdan et Anca Vasiliu, \u00e9d., <em>Ch\u00f4ra. Revue d\u2019\u00e9tudes anciennes et m\u00e9di\u00e9vales<\/em>, hors-s\u00e9rie, 2015, p. 375-393.<\/p>\n\n\n\n<p><a href=\"https:\/\/people.unil.ch\/danielmarguerat\/files\/2011\/04\/Jacques-et-paul.pdf\" target=\"_blank\" rel=\"noopener noreferrer\">\u00ab Jacques et Paul : complices ou fr\u00e8res ennemis ? \u00bb<\/a>,&nbsp;<em>Le Monde de la Bible<\/em>&nbsp;(livre num\u00e9rique)&nbsp;<em>Jacques fr\u00e8re de J\u00e9sus<\/em>, janvier-f\u00e9vrier 2016, p. 20-27.<\/p>\n\n\n\n<p><a href=\"https:\/\/people.unil.ch\/danielmarguerat\/files\/2011\/04\/Luc.pdf\" target=\"_blank\" rel=\"noopener noreferrer\">\u00ab Luc, l\u2019histoire d\u2019un salut joyeux \u00bb<\/a>,&nbsp;<em>Le Monde de la Bible<\/em>&nbsp;215, d\u00e9cembre 2015-f\u00e9vrier 2016, p. 16-24.<\/p>\n\n\n\n<p><a href=\"https:\/\/people.unil.ch\/danielmarguerat\/files\/2011\/04\/Last-years-of-Paul.pdf\" target=\"_blank\" rel=\"noopener noreferrer\">\u00ab On why Luke Remains Silent about Paul\u2019s End (Acts 28,16-31) \u00bb<\/a>, in : A. Puig i T\u00e0rrech, J. M.G. Barclay, J. Frey, \u00e9ds (WUNT 52), The Last Years of Paul. Essays from the Tarragona Conference, June 2013, T\u00fcbingen, Mohr Siebeck, 2015, p. 305-332.<\/p>\n\n\n\n<p><a href=\"https:\/\/people.unil.ch\/danielmarguerat\/files\/2011\/04\/Herode.pdf\" target=\"_blank\" rel=\"noopener noreferrer\">\u00ab H\u00e9rode ou la saga des rois maudits \u00bb<\/a>,&nbsp;<em>Le Monde de la Bible<\/em>&nbsp;(livre num\u00e9rique)&nbsp;<em>H\u00e9rode ou la question du roi des Juifs<\/em>&nbsp;2015, p. 5-21<\/p>\n\n\n\n<p><a href=\"https:\/\/people.unil.ch\/danielmarguerat\/files\/2011\/04\/Judaisme_synagogal.pdf\" target=\"_blank\" rel=\"noopener noreferrer\">\u00ab Le juda\u00efsme synagogal dans les Actes des Ap\u00f4tres \u00bb<\/a>, in&nbsp;:&nbsp;<em>Les juda\u00efsmes dans tous leurs \u00e9tats aux Ier-IIIe si\u00e8cles (Les jud\u00e9ens des synagogues, les chr\u00e9tiens et les rabbins)<\/em>, C. Clivaz, S.C. Mimouni, B. Pouderon, \u00e9ds, (Juda\u00efsme ancien et origines du christianisme), Turnhout, Brepols, 2015, p. 177-200<\/p>\n\n\n\n<p><a href=\"https:\/\/people.unil.ch\/danielmarguerat\/files\/2011\/04\/e-book_chretiennes_Marguerat.pdf\" target=\"_blank\" rel=\"noopener noreferrer\">\u00ab Paul en proc\u00e8s avec les femmes ? \u00bb<\/a>&nbsp;Le Monde de la Bible 2014 (format num\u00e9rique) Les premi\u00e8res chr\u00e9tiennes, 2014.<\/p>\n\n\n\n<p><a title=\"\u00ab Le ph\u00e9nom\u00e8ne Judas : chronique d\u2019une mal\u00e9diction \u00bb\" href=\"https:\/\/people.unil.ch\/danielmarguerat\/files\/2014\/05\/Judas_DMarguerat_28-37-b.pdf\" target=\"_blank\" rel=\"noopener noreferrer\">\u00ab Le ph\u00e9nom\u00e8ne Judas : chronique d\u2019une mal\u00e9diction \u00bb<\/a>,&nbsp;<i>Le Monde de la Bible&nbsp;<\/i>(livre num\u00e9rique)&nbsp;<i>Judas, que sait-on de lui,&nbsp;<\/i>2014, p. 29-37.<\/p>\n\n\n\n<p><a title=\"\u00ab Mon parcours d'ex\u00e9g\u00e8te. Essai d'autobiographie \u00bb\" href=\"https:\/\/people.unil.ch\/danielmarguerat\/files\/2014\/02\/Mon-parcours-dex%C3%A9g%C3%A8te.pdf\" target=\"_blank\" rel=\"noopener noreferrer\">\u00ab Mon parcours d&rsquo;ex\u00e9g\u00e8te. Essai d&rsquo;autobiographie \u00bb<\/a>, ETR 85\/1, 2010, p. 81-99.<\/p>\n","protected":false},"excerpt":{"rendered":"<p>\u00ab\u00a0The Intimate God and the Social God in the Book of Acts \u00bb, in : Engaging the First Christian Historian. Essays on Luke-Acts in Honour of Steve Walton, B.M. Gurtner, B.J. Tabb, \u00e9ds, London, Clark, 2025 p. 157-169. \u00ab\u00a0Luc, le m\u00e9decin d\u2019Antioche\u00a0?\u00a0\u00bb, Le Monde de la Bible 254, septembre-novembre 2025, p. 65-68. \u00ab&nbsp;Les miracles de &hellip; <\/p>\n<p class=\"link-more\"><a href=\"https:\/\/people.unil.ch\/danielmarguerat\/articles-online\/\" class=\"more-link\">Continuer la lecture<span class=\"screen-reader-text\"> de &laquo;&nbsp;Articles&nbsp;&raquo;<\/span><\/a><\/p>\n","protected":false},"author":37,"featured_media":0,"parent":0,"menu_order":6,"comment_status":"closed","ping_status":"closed","template":"","meta":{"_seopress_robots_primary_cat":"","_seopress_titles_title":"","_seopress_titles_desc":"","_seopress_robots_index":"","footnotes":""},"class_list":["post-46","page","type-page","status-publish"],"_links":{"self":[{"href":"https:\/\/people.unil.ch\/danielmarguerat\/wp-json\/wp\/v2\/pages\/46","targetHints":{"allow":["GET"]}}],"collection":[{"href":"https:\/\/people.unil.ch\/danielmarguerat\/wp-json\/wp\/v2\/pages"}],"about":[{"href":"https:\/\/people.unil.ch\/danielmarguerat\/wp-json\/wp\/v2\/types\/page"}],"author":[{"embeddable":true,"href":"https:\/\/people.unil.ch\/danielmarguerat\/wp-json\/wp\/v2\/users\/37"}],"replies":[{"embeddable":true,"href":"https:\/\/people.unil.ch\/danielmarguerat\/wp-json\/wp\/v2\/comments?post=46"}],"version-history":[{"count":4,"href":"https:\/\/people.unil.ch\/danielmarguerat\/wp-json\/wp\/v2\/pages\/46\/revisions"}],"predecessor-version":[{"id":1830,"href":"https:\/\/people.unil.ch\/danielmarguerat\/wp-json\/wp\/v2\/pages\/46\/revisions\/1830"}],"wp:attachment":[{"href":"https:\/\/people.unil.ch\/danielmarguerat\/wp-json\/wp\/v2\/media?parent=46"}],"curies":[{"name":"wp","href":"https:\/\/api.w.org\/{rel}","templated":true}]}}