{"id":53,"date":"2011-04-21T18:06:23","date_gmt":"2011-04-21T16:06:23","guid":{"rendered":"http:\/\/people.unil.ch\/danielmarguerat\/?page_id=53"},"modified":"2016-03-16T11:11:33","modified_gmt":"2016-03-16T10:11:33","slug":"ecouterlisten","status":"publish","type":"page","link":"https:\/\/people.unil.ch\/danielmarguerat\/ecouterlisten\/","title":{"rendered":"\u00c0 voir, \u00e0 lire"},"content":{"rendered":"<p><a href=\"https:\/\/youtu.be\/j7ZWKlBSVHA\" target=\"_blank\">J\u00e9sus gu\u00e9risseur<\/a> (conf\u00e9rence du 3 mars 2016 avec le Dr Jacques Besson, psychiatre, Yverdon-les-Bains)<\/p>\n<p><a title=\"Dieu et l'argent\" href=\"https:\/\/people.unil.ch\/danielmarguerat\/files\/2013\/04\/DIEU-et-argent.Matin-dimanche.2013.pdf\" target=\"_blank\">Dieu et l&rsquo;argent<\/a> (interview dans Matin Dimanche, avril 2013)<\/p>\n<p><a title=\"P\u00e2ques, une chance pour la vie\" href=\"https:\/\/people.unil.ch\/danielmarguerat\/files\/2011\/04\/1Interview-Echo-Magazine.2013.pdf\" target=\"_blank\">P\u00e2ques, une chance pour la vie<\/a>\u00a0(interview dans Echo-Magazine, avril 2013)<\/p>\n<p><a title=\"P\u00e2ques et ses rites\" href=\"https:\/\/www.tsr.ch\/decouverte\/dossiers\/2011\/paques-et-ses-rites\/\" target=\"_blank\">P\u00e2ques et ses rites<\/a> (interview de la TSR, P\u00e2ques 2011)<\/p>\n<p><a title=\"J\u00e9sus le juif\" href=\"https:\/\/www.akadem.org\/sommaire\/themes\/histoire\/4\/4\/module_2435.php\" target=\"_blank\">J\u00e9sus le juif<\/a> (conf\u00e9rence donn\u00e9e au Coll\u00e8ge des \u00e9tudes juives, Paris, mars 2007)<\/p>\n","protected":false},"excerpt":{"rendered":"<p>J\u00e9sus gu\u00e9risseur (conf\u00e9rence du 3 mars 2016 avec le Dr Jacques Besson, psychiatre, Yverdon-les-Bains) Dieu et l&rsquo;argent (interview dans Matin Dimanche, avril 2013) P\u00e2ques, une chance pour la vie\u00a0(interview dans Echo-Magazine, avril 2013) P\u00e2ques et ses rites (interview de la TSR, P\u00e2ques 2011) J\u00e9sus le juif (conf\u00e9rence donn\u00e9e au Coll\u00e8ge des \u00e9tudes juives, Paris, mars &hellip; <\/p>\n<p class=\"link-more\"><a href=\"https:\/\/people.unil.ch\/danielmarguerat\/ecouterlisten\/\" class=\"more-link\">Continuer la lecture<span class=\"screen-reader-text\"> de &laquo;&nbsp;\u00c0 voir, \u00e0 lire&nbsp;&raquo;<\/span><\/a><\/p>\n","protected":false},"author":37,"featured_media":0,"parent":0,"menu_order":8,"comment_status":"closed","ping_status":"closed","template":"","meta":{"_seopress_robots_primary_cat":"","_seopress_titles_title":"","_seopress_titles_desc":"","_seopress_robots_index":"","footnotes":""},"class_list":["post-53","page","type-page","status-publish"],"_links":{"self":[{"href":"https:\/\/people.unil.ch\/danielmarguerat\/wp-json\/wp\/v2\/pages\/53","targetHints":{"allow":["GET"]}}],"collection":[{"href":"https:\/\/people.unil.ch\/danielmarguerat\/wp-json\/wp\/v2\/pages"}],"about":[{"href":"https:\/\/people.unil.ch\/danielmarguerat\/wp-json\/wp\/v2\/types\/page"}],"author":[{"embeddable":true,"href":"https:\/\/people.unil.ch\/danielmarguerat\/wp-json\/wp\/v2\/users\/37"}],"replies":[{"embeddable":true,"href":"https:\/\/people.unil.ch\/danielmarguerat\/wp-json\/wp\/v2\/comments?post=53"}],"version-history":[{"count":0,"href":"https:\/\/people.unil.ch\/danielmarguerat\/wp-json\/wp\/v2\/pages\/53\/revisions"}],"wp:attachment":[{"href":"https:\/\/people.unil.ch\/danielmarguerat\/wp-json\/wp\/v2\/media?parent=53"}],"curies":[{"name":"wp","href":"https:\/\/api.w.org\/{rel}","templated":true}]}}