{"id":76,"date":"2011-05-02T11:58:28","date_gmt":"2011-05-02T09:58:28","guid":{"rendered":"http:\/\/people.unil.ch\/danielmarguerat\/?page_id=76"},"modified":"2025-09-26T14:35:29","modified_gmt":"2025-09-26T12:35:29","slug":"bienvenue","status":"publish","type":"page","link":"https:\/\/people.unil.ch\/danielmarguerat\/","title":{"rendered":"Bienvenue"},"content":{"rendered":"<p><img loading=\"lazy\" decoding=\"async\" class=\"alignright wp-image-103 size-medium\" src=\"https:\/\/people.unil.ch\/danielmarguerat\/files\/2011\/05\/Daniel-Marguerat-1-237x300.jpg\" alt=\"Daniel Marguerat\" width=\"237\" height=\"300\" srcset=\"https:\/\/people.unil.ch\/danielmarguerat\/files\/2011\/05\/Daniel-Marguerat-1-237x300.jpg 237w, https:\/\/people.unil.ch\/danielmarguerat\/files\/2011\/05\/Daniel-Marguerat-1.jpg 437w\" sizes=\"auto, (max-width: 237px) 100vw, 237px\" \/>J&rsquo;ai enseign\u00e9 le Nouveau Testament \u00e0 l&rsquo;<a title=\"UNIL\" href=\"https:\/\/www.unil.ch\/central\/page2192_fr.html\" target=\"_blank\" rel=\"noopener\">Universit\u00e9 de Lausanne <\/a>de 1984 \u00e0 2008. Je suis d\u00e9sormais professeur honoraire de cette Universit\u00e9.<\/p>\n<p>Auparavant, j&rsquo;avais \u00e9t\u00e9 un pasteur heureux dans l&rsquo;Eglise \u00e9vang\u00e9lique r\u00e9form\u00e9e du canton de Vaud. Ces deux lieux professionnels m&rsquo;ont transmis deux convictions qui demeurent \u00e0 la source de mon travail.<\/p>\n<p>L&rsquo;Universit\u00e9 a aiguis\u00e9 en moi une \u00e9thique du savoir: l&rsquo;ex\u00e9g\u00e8se des textes bibliques est une discipline scientifique, dont les r\u00e9sultats doivent \u00eatre prouv\u00e9s plut\u00f4t qu&rsquo;impos\u00e9s; elle s&rsquo;expose au d\u00e9bat et \u00e0 la contestation, puisqu&rsquo;aucune lecture ne peut se pr\u00e9senter comme l&rsquo;unique commentaire pertinent du texte.<br \/>\nMon existence de pasteur m&rsquo;a convaincu que l&rsquo;ex\u00e9g\u00e8se ne devait pas simplement expliquer le texte, mais conduire \u00e0 le comprendre. Comprendre le texte, c&rsquo;est discerner quelle conception de Dieu et de la condition humaine il porte au langage. Pour moi, l&rsquo;ex\u00e9g\u00e8se doit aller jusqu&rsquo;au discours th\u00e9ologique.<\/p>\n<p><img loading=\"lazy\" decoding=\"async\" class=\"alignleft wp-image-104 size-medium\" src=\"https:\/\/people.unil.ch\/danielmarguerat\/files\/2011\/05\/Daniel-Marguerat-2-300x264.jpg\" alt=\"Daniel Marguerat\" width=\"300\" height=\"264\" srcset=\"https:\/\/people.unil.ch\/danielmarguerat\/files\/2011\/05\/Daniel-Marguerat-2-300x264.jpg 300w, https:\/\/people.unil.ch\/danielmarguerat\/files\/2011\/05\/Daniel-Marguerat-2-1024x902.jpg 1024w, https:\/\/people.unil.ch\/danielmarguerat\/files\/2011\/05\/Daniel-Marguerat-2.jpg 1387w\" sizes=\"auto, (max-width: 300px) 100vw, 300px\" \/>Form\u00e9 \u00e0 l&rsquo;ex\u00e9g\u00e8se historico-critique en Suisse et en Allemagne, je me suis ouvert ensuite aux Etats-Unis \u00e0 d&rsquo;autres lectures : l&rsquo;analyse narrative et l&rsquo;analyse rh\u00e9torique.<br \/>\nCela m&rsquo;a fait quitter l&rsquo;id\u00e9e qu&rsquo;un seul type de lecture rendait justice au texte, quel qu&rsquo;il soit; c&rsquo;est pourquoi j&rsquo;en articule d\u00e9sormais plusieurs. Ma pr\u00e9f\u00e9rence va \u00e0 l&rsquo;articulation de l&rsquo;analyse narrative et de la critique historique, et cette option m\u00e9thodologique marque la majorit\u00e9 de mes travaux depuis 1993.<\/p>\n<p>J\u2019ai consacr\u00e9 21 ans de recherche \u00e0 \u00e9crire un commentaire sur les Actes des ap\u00f4tres dans la collection \u00ab <a href=\"https:\/\/www.laboretfides.com\/ch_fr\/index.php\/catalogsearch\/result\/?q=Marguerat%2C+Daniel\" target=\"_blank\" rel=\"noopener\">Commentaires du Nouveau Testament<\/a> \u00bb (Labor et Fides, Gen\u00e8ve). Le premier volume (Ac 1-12) est paru en 2007 (<sup>2<\/sup>2015) le second (Ac 13-28) en 2015 (<sup>2<\/sup>2024). En 2019 est paru \u00ab Vie et destin de J\u00e9sus de Nazareth \u00bb. J\u2019ai publi\u00e9 en 2023 un livre consacr\u00e9 \u00e0 l\u2019ap\u00f4tre Paul : \u00ab Paul de Tarse. Sa vie, sa pens\u00e9e \u00bb. Mon prochain livre aura pour titre\u00a0: \u00ab Saint Pierre, entre histoire et l\u00e9gende \u00bb (parution\u00a0: automne 2026).<\/p>\n<p>A part cela, composer des contes reste toujours un plaisir. Mes hobby\u00a0: le ski, la marche, l\u2019eau et les balades avec mes petits-enfants.<\/p>\n","protected":false},"excerpt":{"rendered":"<p>J&rsquo;ai enseign\u00e9 le Nouveau Testament \u00e0 l&rsquo;Universit\u00e9 de Lausanne de 1984 \u00e0 2008. Je suis d\u00e9sormais professeur honoraire de cette Universit\u00e9. Auparavant, j&rsquo;avais \u00e9t\u00e9 un pasteur heureux dans l&rsquo;Eglise \u00e9vang\u00e9lique r\u00e9form\u00e9e du canton de Vaud. Ces deux lieux professionnels m&rsquo;ont transmis deux convictions qui demeurent \u00e0 la source de mon travail. L&rsquo;Universit\u00e9 a aiguis\u00e9 en &hellip; <\/p>\n<p class=\"link-more\"><a href=\"https:\/\/people.unil.ch\/danielmarguerat\/\" class=\"more-link\">Continuer la lecture<span class=\"screen-reader-text\"> de &laquo;&nbsp;Bienvenue&nbsp;&raquo;<\/span><\/a><\/p>\n","protected":false},"author":37,"featured_media":0,"parent":0,"menu_order":1,"comment_status":"closed","ping_status":"closed","template":"","meta":{"_seopress_robots_primary_cat":"","_seopress_titles_title":"","_seopress_titles_desc":"","_seopress_robots_index":"","footnotes":""},"class_list":["post-76","page","type-page","status-publish"],"_links":{"self":[{"href":"https:\/\/people.unil.ch\/danielmarguerat\/wp-json\/wp\/v2\/pages\/76","targetHints":{"allow":["GET"]}}],"collection":[{"href":"https:\/\/people.unil.ch\/danielmarguerat\/wp-json\/wp\/v2\/pages"}],"about":[{"href":"https:\/\/people.unil.ch\/danielmarguerat\/wp-json\/wp\/v2\/types\/page"}],"author":[{"embeddable":true,"href":"https:\/\/people.unil.ch\/danielmarguerat\/wp-json\/wp\/v2\/users\/37"}],"replies":[{"embeddable":true,"href":"https:\/\/people.unil.ch\/danielmarguerat\/wp-json\/wp\/v2\/comments?post=76"}],"version-history":[{"count":5,"href":"https:\/\/people.unil.ch\/danielmarguerat\/wp-json\/wp\/v2\/pages\/76\/revisions"}],"predecessor-version":[{"id":1822,"href":"https:\/\/people.unil.ch\/danielmarguerat\/wp-json\/wp\/v2\/pages\/76\/revisions\/1822"}],"wp:attachment":[{"href":"https:\/\/people.unil.ch\/danielmarguerat\/wp-json\/wp\/v2\/media?parent=76"}],"curies":[{"name":"wp","href":"https:\/\/api.w.org\/{rel}","templated":true}]}}