{"id":15,"date":"2014-05-02T16:55:11","date_gmt":"2014-05-02T14:55:11","guid":{"rendered":"http:\/\/people.unil.ch\/danieloesch\/?page_id=15"},"modified":"2023-12-21T15:44:52","modified_gmt":"2023-12-21T14:44:52","slug":"chapters_reports","status":"publish","type":"page","link":"https:\/\/people.unil.ch\/danieloesch\/chapters_reports\/","title":{"rendered":"Chapters &amp; reports"},"content":{"rendered":"\n<p><strong>Book chapters<\/strong><\/p>\n\n\n\n<p>Oesch, D. (2023) Contemporary Class Analysis. In: Gangl, M., Platt, L., Polavieja, J., van de Werfhorst, H. (eds.), <em>The Oxford Handbook of Social Stratification<\/em>, Oxford: Oxford University Press <a href=\"https:\/\/people.unil.ch\/danieloesch\/files\/2023\/12\/Oesch_2023_ContemporaryClassAnalysis_OUP.pdf\">pdf <img loading=\"lazy\" decoding=\"async\" class=\"alignnone size-full wp-image-26\" src=\"https:\/\/people.unil.ch\/danieloesch\/files\/2014\/05\/image_pdf.gif\" alt=\"image_pdf\" width=\"15\" height=\"15\"><\/a> <\/p>\n\n\n\n<p>Oesch, D. (2023) The structural shifts in Switzerland&#8217;s economy and society, 2000-2020. In: Emmenegger, P., Fossati, F., H\u00e4usermann, S. et a. (eds.), <em>The Oxford Handbook of Swiss Politics<\/em>, Oxford: Oxford University Press <a href=\"https:\/\/people.unil.ch\/danieloesch\/files\/2023\/12\/Oesch_2023_Shifts_Swiss_Economy_Society_OUP.pdf\">pdf <\/a><a href=\"https:\/\/people.unil.ch\/danieloesch\/files\/2023\/12\/Oesch_2023_Shifts_Swiss_Economy_Society_proofs.pdf\"><img loading=\"lazy\" decoding=\"async\" width=\"15\" height=\"15\" class=\"alignnone size-full wp-image-26\" src=\"https:\/\/people.unil.ch\/danieloesch\/files\/2014\/05\/image_pdf.gif\" alt=\"image_pdf\"><\/a> <\/p>\n\n\n\n<p>Lalive, R., Oesch, D., Pellizzari (2023) How personal relationships affect employment outcomes: on the role of social networks and family obligations. In: Spini, D. &amp; Widmer, E. (eds.), <em>Withstanding Vulnerability throughout Adult Life<\/em>. Singapore: Springer <a href=\"https:\/\/people.unil.ch\/danieloesch\/files\/2023\/01\/Lalive_Oesch_Pellizzari_2023_Personal_Relationships_affect_Employment_Outcomes.pdf\">pdf<\/a> <img loading=\"lazy\" decoding=\"async\" width=\"15\" height=\"15\" class=\"alignnone size-full wp-image-26\" src=\"https:\/\/people.unil.ch\/danieloesch\/files\/2014\/05\/image_pdf.gif\" alt=\"image_pdf\"><\/p>\n\n\n\n<p>Oesch, D. (2022) Contemporary Class Analysis. <em>JRC Working Papers Series on Social Classes in the Digital Age<\/em> 2022\/01, 1-27, European Commission, Seville <a href=\"https:\/\/people.unil.ch\/danieloesch\/files\/2022\/01\/Oesch_2022_Contemporary_Class_Analysis_JRCSevilla.pdf\">pdf <img loading=\"lazy\" decoding=\"async\" class=\"alignnone size-full wp-image-26\" src=\"https:\/\/people.unil.ch\/danieloesch\/files\/2014\/05\/image_pdf.gif\" alt=\"image_pdf\" width=\"15\" height=\"15\"><\/a><\/p>\n\n\n\n<p>Oesch, D. (2022) Wirtschafts- und Sozialstruktur der Schweiz. In: Papadopoulos, Y., Sciarini, P., Vatter, A., H\u00e4usermann, S., Emmenegger, P., &amp; Fossati, F. (eds.) (2022). <em>Handbuch der Schweizer Politik<\/em>, Z\u00fcrich: NZZ Verlag<a href=\"https:\/\/people.unil.ch\/danieloesch\/files\/2021\/11\/Oesch_2020_Wirtschafts_Sozialstruktur_Handbuch_14Nov2021.pdf\"> <\/a><a href=\"https:\/\/people.unil.ch\/danieloesch\/files\/2022\/04\/Oesch_2022_Wirtschafts_Sozialstruktur_Schweiz_NZZLibro-1.pdf\" data-type=\"URL\" data-id=\"https:\/\/people.unil.ch\/danieloesch\/files\/2022\/04\/Oesch_2022_Wirtschafts_Sozialstruktur_Schweiz_NZZLibro-1.pdf\">pdf <img loading=\"lazy\" decoding=\"async\" class=\"alignnone size-full wp-image-26\" src=\"https:\/\/people.unil.ch\/danieloesch\/files\/2014\/05\/image_pdf.gif\" alt=\"image_pdf\" width=\"15\" height=\"15\"><\/a> <\/p>\n\n\n\n<p>[Traduit dans: Oesch, D. (2022) La structure \u00e9conomique et sociale de la Suisse. <em>LIVES Working Paper <\/em>94\/2022<em> <a href=\"https:\/\/people.unil.ch\/danieloesch\/files\/2022\/04\/Oesch_2022_Structure_economique_sociale_Suisse_LIVESWorkingPaper.pdf\">pdf <img loading=\"lazy\" decoding=\"async\" class=\"alignnone size-full wp-image-26\" src=\"https:\/\/people.unil.ch\/danieloesch\/files\/2014\/05\/image_pdf.gif\" alt=\"image_pdf\" width=\"15\" height=\"15\"><\/a> ]<\/em><\/p>\n\n\n\n<p>Oesch, D. (2016) Wandel der Berufsstruktur in Westeuropa seit 1990: Polarisierung oder Aufwertung? In: Franzen, A., Jann, B., Joppke, C. und Widmer, E. (eds.)<em>&nbsp;Essays on Inequality and Integration<\/em>, Z\u00fcrich: Seismo, 184-210 <a href=\"https:\/\/people.unil.ch\/danieloesch\/files\/2014\/05\/Druckfahne2_Oesch_2016_Seismo.pdf\">pdf&nbsp;<img loading=\"lazy\" decoding=\"async\" class=\"alignnone size-full wp-image-26\" src=\"https:\/\/people.unil.ch\/danieloesch\/files\/2014\/05\/image_pdf.gif\" alt=\"image_pdf\" width=\"15\" height=\"15\"><\/a><\/p>\n\n\n\n<p>Baumann, I., Lipps, O., Oesch, D., Vandenplas, C. (2016) How to survey displaced workers in Switzerland? Sources of bias and ways around them, in: Oris, M., Roberts, C., Joye, D., Ernst-St\u00e4hli, M. (eds). <em>Surveying Vulnerability<\/em>, New York: Springer, 159-176&nbsp;<a href=\"https:\/\/people.unil.ch\/danieloesch\/files\/2014\/05\/Baumann_Lipps_Oesch_Vandenplas_2016_Surveying_Displaced_Workers_FinalVersion.pdf\">pdf<img loading=\"lazy\" decoding=\"async\" class=\"alignnone size-full wp-image-26\" src=\"https:\/\/people.unil.ch\/danieloesch\/files\/2014\/05\/image_pdf.gif\" alt=\"image_pdf\" width=\"15\" height=\"15\"><\/a><\/p>\n\n\n\n<p>Oesch, D. (2015) Occupational structure and labor market change in Western Europe since 1990, in: Beramendi, P., H\u00e4usermann, S., Kitschelt, H., Kriesi, H. (eds.) <em>The Politics of Advanced Capitalism<\/em>, Cambridge: Cambridge University Press, 112-132&nbsp;<a href=\"https:\/\/people.unil.ch\/danieloesch\/files\/2014\/05\/Oesch_2015_OccupationalStructure_LabourMarketChange_CUP_FinalProofs.pdf\">pdf<img loading=\"lazy\" decoding=\"async\" class=\"alignnone size-full wp-image-26\" src=\"https:\/\/people.unil.ch\/danieloesch\/files\/2014\/05\/image_pdf.gif\" alt=\"image_pdf\" width=\"15\" height=\"15\"><\/a><\/p>\n\n\n\n<p>Oesch, D. (2012) The Class Basis of the Cleavage between the New Left and the Radical Right: an analysis for Austria, Denmark, Norway and Switzerland, in: Rydgren, J. (ed.) <em>Class Politics and the Radical Right<\/em>, London: Routledge, 31-51&nbsp;<a href=\"https:\/\/people.unil.ch\/danieloesch\/files\/2014\/05\/Oesch_2012_Cleavage_NewLeft_PopulistRight_Proofs_Routledge.pdf\">pdf&nbsp;<img loading=\"lazy\" decoding=\"async\" class=\"alignnone size-full wp-image-26\" src=\"https:\/\/people.unil.ch\/danieloesch\/files\/2014\/05\/image_pdf.gif\" alt=\"image_pdf\" width=\"15\" height=\"15\"><\/a><\/p>\n\n\n\n<p>Oesch, D. (2011) Swiss trade unions and industrial relations after 1990: a history of decline and renewal, in: Trampusch, C. and Mach, A. (eds.), <em>Switzerland in Europe. Continuity and Change in the Swiss Political Economy<\/em>, 82-102, London: Routledge&nbsp;<a href=\"https:\/\/people.unil.ch\/danieloesch\/files\/2014\/05\/Oesch_2011_Trade_Unions_Routledge.pdf\">pdf&nbsp;<img loading=\"lazy\" decoding=\"async\" class=\"alignnone size-full wp-image-26\" src=\"https:\/\/people.unil.ch\/danieloesch\/files\/2014\/05\/image_pdf.gif\" alt=\"image_pdf\" width=\"15\" height=\"15\"><\/a><\/p>\n\n\n\n<p>Oesch, D. and Rennwald, L. (2010) La disparition du vote ouvrier? Le vote de classe et les partis de gauche en Suisse, in: Sciarini, P. and Nicolet, S. (eds.), <em>Le destin de la gauche. Analyse du vote PS et Verts en Suisse<\/em>, 220-258, Gen\u00e8ve: Georg&nbsp;<a href=\"https:\/\/people.unil.ch\/danieloesch\/files\/2014\/05\/Proofs_Chap1_OeschRennwald_24Sept09.pdf\">pdf&nbsp;<img loading=\"lazy\" decoding=\"async\" class=\"alignnone size-full wp-image-26\" src=\"https:\/\/people.unil.ch\/danieloesch\/files\/2014\/05\/image_pdf.gif\" alt=\"image_pdf\" width=\"15\" height=\"15\"><\/a><\/p>\n\n\n\n<p>Oesch, D. and Rennwald, L. (2010) Un \u00e9lectorat divis\u00e9? Les pr\u00e9f\u00e9rences politiques des classes sociales et le vote de gauche en Suisse en 2007, in: Sciarini, P. and Nicolet, S. (eds.), <em>Le destin de la gauche. Analyse du vote PS et Verts en Suisse<\/em>, 259-293, Gen\u00e8ve: Georg&nbsp;<a href=\"https:\/\/people.unil.ch\/danieloesch\/files\/2014\/05\/Proofs_Chap2_OeschRennwald_28Sept09.pdf\">pdf&nbsp;<img loading=\"lazy\" decoding=\"async\" class=\"alignnone size-full wp-image-26\" src=\"https:\/\/people.unil.ch\/danieloesch\/files\/2014\/05\/image_pdf.gif\" alt=\"image_pdf\" width=\"15\" height=\"15\"><\/a><\/p>\n\n\n\n<p>Sciarini, P., Nicolet, S., Oesch, D. and Rennwald, L. (2009) Le vote de gauche en Suisse. Potentiel \u00e9lectoral, concurrence et vote de classe, in: Mazzoleni, O. et Rayner, H. (eds.), <em>Les partis politiques suisses: traditions et renouvellements<\/em><em>,<\/em>&nbsp;279-306, Paris: Michel Houdiard&nbsp;<a href=\"https:\/\/people.unil.ch\/danieloesch\/files\/2014\/05\/Sciarini_et_al_2009_Vote_de_Gauche_en_Suisse.pdf\">pdf&nbsp;<img loading=\"lazy\" decoding=\"async\" class=\"alignnone size-full wp-image-26\" src=\"https:\/\/people.unil.ch\/danieloesch\/files\/2014\/05\/image_pdf.gif\" alt=\"image_pdf\" width=\"15\" height=\"15\"><\/a><\/p>\n\n\n\n<p>Oesch, D. (2008) Die Wiederentdeckung von Mindestl\u00f6hnen durch die Wirtschaftspolitik, in: Denknetz (ed.), <em>Eine andere Welt. Nach der Entzauberung des Kapitalismus<\/em>, 131-137, Z\u00fcrich: Edition 8&nbsp;<a href=\"https:\/\/people.unil.ch\/danieloesch\/files\/2014\/05\/DO_Jahrbuch_Denknetz_Mindestloh_formatiert_08.pdf\">pdf&nbsp;<img loading=\"lazy\" decoding=\"async\" class=\"alignnone size-full wp-image-26\" src=\"https:\/\/people.unil.ch\/danieloesch\/files\/2014\/05\/image_pdf.gif\" alt=\"image_pdf\" width=\"15\" height=\"15\"><\/a><\/p>\n\n\n\n<p>Oesch, D. (2007) Organisationen im Umbruch: Die Gewerkschaften in der Schweiz von 1990 bis 2006, in: Beck, R., Ambrosetti, R. and Rieger, A. (eds.), <em>Gewerkschaften im Umbruch.<\/em>Z\u00fcrich: R\u00fcegger, 23-49&nbsp;<a href=\"https:\/\/people.unil.ch\/danieloesch\/files\/2014\/05\/Oesch_2007_GewerkUmbruch_Ruegger.pdf\">pdf&nbsp;<img loading=\"lazy\" decoding=\"async\" class=\"alignnone size-full wp-image-26\" src=\"https:\/\/people.unil.ch\/danieloesch\/files\/2014\/05\/image_pdf.gif\" alt=\"image_pdf\" width=\"15\" height=\"15\"><\/a><\/p>\n\n\n\n<p>[Translated in: Oesch, D. (2008) Les syndicats en Suisse de 1990 \u00e0 2006: strat\u00e9gies, fusions et \u00e9volution de leurs effectifs, <em>USS-Dossier<\/em>&nbsp;51, Union syndicale Suisse, Berne&nbsp;<a href=\"https:\/\/people.unil.ch\/danieloesch\/files\/2014\/05\/51_DO_f_syndicats_Suisse_90-06.pdf\">pdf&nbsp;<img loading=\"lazy\" decoding=\"async\" class=\"alignnone size-full wp-image-26\" src=\"https:\/\/people.unil.ch\/danieloesch\/files\/2014\/05\/image_pdf.gif\" alt=\"image_pdf\" width=\"15\" height=\"15\"><\/a>]<\/p>\n\n\n\n<p>Oesch, D. und Rieger, A. (2006) Mindestlohnpolitik via Tarifverhandlungen: Erfahrungen der gewerkschaftlichen Mindestlohnkampagne in der Schweiz, in: Schulten, T., Bispinck, R. and C. Sch\u00e4fer (Hrsg.) <em>Mindestl\u00f6hne in Europa,<\/em>&nbsp;Hamburg: VSA-Verlag, 225-245&nbsp;<a href=\"https:\/\/people.unil.ch\/danieloesch\/files\/2014\/05\/Artikel_MinKamp_Oesch_Rieger_Okt05.pdf\">pdf&nbsp;<img loading=\"lazy\" decoding=\"async\" class=\"alignnone size-full wp-image-26\" src=\"https:\/\/people.unil.ch\/danieloesch\/files\/2014\/05\/image_pdf.gif\" alt=\"image_pdf\" width=\"15\" height=\"15\"><\/a><\/p>\n\n\n\n<p>[Translated in: Oesch, D. and Rieger, A. (2006) Minimum wage policy via collective bargaining: the Swiss trade unions\u2019 minimum wage campaign, in: Schulten, T., Bispinck, R. and C. Sch\u00e4fer (eds), <em>Minimum Wages in Europe,<\/em>&nbsp;Brussels: European Trade Union Institute, 277-302&nbsp;<a href=\"https:\/\/people.unil.ch\/danieloesch\/files\/2014\/05\/Article_LowWage_OeschRieger_Mar06.pdf\">pdf&nbsp;<img loading=\"lazy\" decoding=\"async\" class=\"alignnone size-full wp-image-26\" src=\"https:\/\/people.unil.ch\/danieloesch\/files\/2014\/05\/image_pdf.gif\" alt=\"image_pdf\" width=\"15\" height=\"15\"><\/a>]<\/p>\n\n\n\n<p>Oesch, D., Graf, R. und Gaillard, S. (2005) Die Entwicklung des Tieflohnsektors in der Schweiz 1998-2002, in: Denknetz (ed.), <em>Der neue Glanz der Gleichheit,&nbsp;<\/em>Z\u00fcrich: Edition 8, 137-155.<\/p>\n\n\n\n<p>Oesch, D. (2001) L\u2019int\u00e9gration de crit\u00e8res sociaux et \u00e9cologiques dans la politique d\u2019investissement des caisses de pension en Suisse, in: Pasquier-Dorthe, J., Barbuscia, D., Gay, S et F. Giorgetti (eds),<em>&nbsp;Ethique, gestion de patrimoine et gouvernement d\u2019entreprise<\/em>, Fribourg: Editions Universitaires Fribourg, 165-176 <a href=\"https:\/\/people.unil.ch\/danieloesch\/files\/2014\/05\/Article_Criteres_Investissement_Oesch.pdf\">pdf&nbsp;<img loading=\"lazy\" decoding=\"async\" class=\"alignnone size-full wp-image-26\" src=\"https:\/\/people.unil.ch\/danieloesch\/files\/2014\/05\/image_pdf.gif\" alt=\"image_pdf\" width=\"15\" height=\"15\"><\/a><\/p>\n\n\n\n<p><strong>Reports<\/strong><\/p>\n\n\n\n<p>Korber, M. et Oesch, D. (2016) L\u2019\u00e9volution de l&#8217;emploi, du ch\u00f4mage et du PIB dans le canton de Vaud depuis 1990. Une \u00e9tude comparative avec la Suisse, <em>LIVES Working Paper<\/em> 51, University of Lausanne <a href=\"https:\/\/people.unil.ch\/danieloesch\/files\/2014\/05\/LIVES_WP_Korber_Oesch_2016.pdf\">pdf <img loading=\"lazy\" decoding=\"async\" class=\"alignnone size-full wp-image-26\" src=\"https:\/\/people.unil.ch\/danieloesch\/files\/2014\/05\/image_pdf.gif\" alt=\"image_pdf\" width=\"15\" height=\"15\"><\/a><\/p>\n\n\n\n<p>Baumann, I. und Oesch, D. (2013) Wiederbesch\u00e4ftigung nach Betriebsschliessungen im Industriesektor der Schweiz, [avec un resum\u00e9 en fran\u00e7ais], Schlussbericht zuhanden des Staatssekretariat f\u00fcr Wirtschaft (SECO), SECO Publikation Arbeitsmarktpolitik No 38 <a href=\"https:\/\/people.unil.ch\/danieloesch\/files\/2014\/05\/Baumann_Oesch_2013_Wiederbeschaftigung_Betriebsschliessung_SECO.pdf\">pdf <img loading=\"lazy\" decoding=\"async\" class=\"alignnone size-full wp-image-26\" src=\"https:\/\/people.unil.ch\/danieloesch\/files\/2014\/05\/image_pdf.gif\" alt=\"image_pdf\" width=\"15\" height=\"15\"><\/a><\/p>\n\n\n\n<p>Bonoli, G., Lalive, R., Oesch, D., Turtschi, N., von Ow, A. (2013) L\u2019impact des r\u00e9seaux sociaux sur le retour \u00e0 l\u2019emploi des ch\u00f4meurs, [mit einer deutschen Zusammenfassung], Rapport pour la Commission de surveillance du fonds de compensation de l\u2019Assurance Ch\u00f4mage, SECO Politique du march\u00e9 du travail n\u00b037 <a href=\"https:\/\/people.unil.ch\/danieloesch\/files\/2014\/05\/Bonoli_Lalive_Oesch_Turtschi_vonOw_2013_SECO_rapporrtfinal_arbeitsmarktpolitik_37.pdf\">pdf <img loading=\"lazy\" decoding=\"async\" class=\"alignnone size-full wp-image-26\" src=\"https:\/\/people.unil.ch\/danieloesch\/files\/2014\/05\/image_pdf.gif\" alt=\"image_pdf\" width=\"15\" height=\"15\"><\/a><\/p>\n\n\n\n<p>Oesch, D. und Baumann, I. (2012) Kantonale Unterschiede in der Erfassung von Stellensuchenden: Ursachen und Konsequenzen, [avec un resum\u00e9 en fran\u00e7ais], Gutachten im Auftrag der Direktion f\u00fcr Arbeit des Staatssekretariats f\u00fcr Wirtschaft (SECO) <a href=\"https:\/\/people.unil.ch\/danieloesch\/files\/2014\/05\/Schlussbericht_OeschBaumann_13August2012.pdf\">pdf <img loading=\"lazy\" decoding=\"async\" class=\"alignnone size-full wp-image-26\" src=\"https:\/\/people.unil.ch\/danieloesch\/files\/2014\/05\/image_pdf.gif\" alt=\"image_pdf\" width=\"15\" height=\"15\"><\/a><\/p>\n\n\n\n<p>[Translated in: Oesch, D. et Baumann, I. (2012) Disparit\u00e9s cantonales en mati\u00e8re d&#8217;enregistrement des demandeurs d&#8217;emploi : causes et cons\u00e9quences, Expertise sur mandat de la Direction du travail du Secr\u00e9tariat d&#8217;Etat \u00e0 l&#8217;\u00e9conomie (SECO) <a href=\"https:\/\/people.unil.ch\/danieloesch\/files\/2014\/05\/Traduction_Schlussbericht_OeschBaumann_13August2012.pdf\">pdf <img loading=\"lazy\" decoding=\"async\" class=\"alignnone size-full wp-image-26\" src=\"https:\/\/people.unil.ch\/danieloesch\/files\/2014\/05\/image_pdf.gif\" alt=\"image_pdf\" width=\"15\" height=\"15\"><\/a> ]<\/p>\n\n\n\n<p>Lampart, D. und Oesch, D. (eds.) (2008) Wirtschaftspolitik in der Schweiz: 60 Beitr\u00e4ge zu Lohn, Besch\u00e4ftigung und Sozialstaat, <em>SGB-Dossier<\/em> 60, Schweizerischer Gewerkschaftsbund, Bern <a href=\"https:\/\/people.unil.ch\/danieloesch\/files\/2014\/05\/60_d_DO_Artikel_work_2008.pdf\">pdf <img loading=\"lazy\" decoding=\"async\" class=\"alignnone size-full wp-image-26\" src=\"https:\/\/people.unil.ch\/danieloesch\/files\/2014\/05\/image_pdf.gif\" alt=\"image_pdf\" width=\"15\" height=\"15\"><\/a><\/p>\n\n\n\n<p>Oesch, D. (2008) Mindestl\u00f6hne in der Schweiz: Entwicklungen seit 1998 und Handlungsbedarf heute [avec un resum\u00e9 en fran\u00e7ais], <em>SGB-Dossier<\/em> 56, Schweizerischer Gewerkschaftsbund, Bern <a href=\"https:\/\/people.unil.ch\/danieloesch\/files\/2014\/05\/Dossier_Mindestloehne_DO_11April08.pdf\">pdf <img loading=\"lazy\" decoding=\"async\" class=\"alignnone size-full wp-image-26\" src=\"https:\/\/people.unil.ch\/danieloesch\/files\/2014\/05\/image_pdf.gif\" alt=\"image_pdf\" width=\"15\" height=\"15\"><\/a><\/p>\n\n\n\n<p>Oesch, D. und Graf, R. (2007) L\u00f6hne in den Medien 2006. Eine Analyse der L\u00f6hne von 1150 Journalisten und Journalistinnen in der Schweiz, Schweizerischer Gewerkschaftsbund, Bern <a href=\"https:\/\/people.unil.ch\/danieloesch\/files\/2014\/05\/Journalistenloehne_Endversion_23Jan07.pdf\">pdf <img loading=\"lazy\" decoding=\"async\" class=\"alignnone size-full wp-image-26\" src=\"https:\/\/people.unil.ch\/danieloesch\/files\/2014\/05\/image_pdf.gif\" alt=\"image_pdf\" width=\"15\" height=\"15\"><\/a><\/p>\n\n\n\n<p>[Translated in: Oesch, D. et Graf, R. (2007) Les salaires dans les medias 2006. Une analyse des salaires de 1150 journalistes en Suisse, Union syndicale suisse, Berne <a href=\"https:\/\/people.unil.ch\/danieloesch\/files\/2014\/05\/Salaires_Media_2007_Oesch_Graf.pdf\">pdf <img loading=\"lazy\" decoding=\"async\" class=\"alignnone size-full wp-image-26\" src=\"https:\/\/people.unil.ch\/danieloesch\/files\/2014\/05\/image_pdf.gif\" alt=\"image_pdf\" width=\"15\" height=\"15\"><\/a>]<\/p>\n\n\n\n<p>Oesch, D., Gaillard, S., Graf, R., Imboden, N. und Lampart, D. (2006) Zw\u00f6lf Probleme der Lohnpolitik in der Schweiz, <em>SGB-Dossier<\/em> 38, Schweizerischer Gewerkschaftsbund, Bern <a href=\"https:\/\/people.unil.ch\/danieloesch\/files\/2014\/05\/06-38d_doe_12Probleme_der_Lohnpolitik.pdf\">pdf <img loading=\"lazy\" decoding=\"async\" class=\"alignnone size-full wp-image-26\" src=\"https:\/\/people.unil.ch\/danieloesch\/files\/2014\/05\/image_pdf.gif\" alt=\"image_pdf\" width=\"15\" height=\"15\"><\/a><\/p>\n\n\n\n<p>[Translated in: Oesch, D., Gaillard, S., Graf, R. Imboden, N. and Lampart, D. (2006) 12 probl\u00e8mes de politique salariale en Suisse, <em>USS-Dossier<\/em> 38, Union syndicale suisse, Berne <a href=\"https:\/\/people.unil.ch\/danieloesch\/files\/2014\/05\/06_38f_doe_12problemes_de_politique_salariale.pdf\">pdf <img loading=\"lazy\" decoding=\"async\" class=\"alignnone size-full wp-image-26\" src=\"https:\/\/people.unil.ch\/danieloesch\/files\/2014\/05\/image_pdf.gif\" alt=\"image_pdf\" width=\"15\" height=\"15\"><\/a>]<\/p>\n\n\n\n<p>Oesch, D. (2001) Kollektive Lohnverhandlungen: neue Herausforderungen f\u00fcr die Gewerkschaften \u2013 eine empirische Untersuchung aus 10 Branchen [avec un r\u00e9sum\u00e9 en fran\u00e7ais], <em>SGB-Dossier<\/em> 11, Schweizerischer Gewerkschaftsbund, Bern <a href=\"https:\/\/people.unil.ch\/danieloesch\/files\/2014\/05\/01-11-oesch-d.pdf\">pdf <img loading=\"lazy\" decoding=\"async\" class=\"alignnone size-full wp-image-26\" src=\"https:\/\/people.unil.ch\/danieloesch\/files\/2014\/05\/image_pdf.gif\" alt=\"image_pdf\" width=\"15\" height=\"15\"><\/a><\/p>\n\n\n\n<p>Oesch, D. (2001) Arbeitszeiten in der Schweiz \u2013 eine Untersuchung der Entwicklung in 14 Branchen, [avec un r\u00e9sum\u00e9 en fran\u00e7ais], <em>SGB<\/em>&#8211;<em>Dossier <\/em>8, Schweizerischer Gewerkschaftsbund, Bern <a href=\"https:\/\/people.unil.ch\/danieloesch\/files\/2014\/05\/Dossier2001_08_Arbeitszeit_DOesch.pdf\">pdf <img loading=\"lazy\" decoding=\"async\" class=\"alignnone size-full wp-image-26\" src=\"https:\/\/people.unil.ch\/danieloesch\/files\/2014\/05\/image_pdf.gif\" alt=\"image_pdf\" width=\"15\" height=\"15\"><\/a><\/p>\n\n\n\n<p>Oesch, D. (2000) L\u2019int\u00e9gration des crit\u00e8res sociaux et \u00e9cologiques dans la politique d\u2019investissement des caisses de pension, Department of Political Science, University of Geneva, September 2006 [rapport pour : R\u00e9seau pour la Responsabilit\u00e9 Sociale dans l\u2019\u00c9conomie \/ Netzwerk f\u00fcr eine sozial verantwortliche Wirtschaft] <a href=\"https:\/\/people.unil.ch\/danieloesch\/files\/2014\/05\/Investissement_caisse_pension_rapport_final.pdf\">pdf <img loading=\"lazy\" decoding=\"async\" class=\"alignnone size-full wp-image-26\" src=\"https:\/\/people.unil.ch\/danieloesch\/files\/2014\/05\/image_pdf.gif\" alt=\"image_pdf\" width=\"15\" height=\"15\"><\/a>.<\/p>\n\n\n\n<p>Gaillard, S. und Oesch, D. (2000) Expertenbericht Mindestl\u00f6hne [avec un r\u00e9sum\u00e9 en fran\u00e7ais], <em>SGB<\/em>&#8211;<em>Dossier <\/em>6, Schweizerischer Gewerkschaftsbund, Bern <a href=\"https:\/\/people.unil.ch\/danieloesch\/files\/2014\/05\/mindestlohn-d-f.pdf\">pdf <img loading=\"lazy\" decoding=\"async\" class=\"alignnone size-full wp-image-26\" src=\"https:\/\/people.unil.ch\/danieloesch\/files\/2014\/05\/image_pdf.gif\" alt=\"image_pdf\" width=\"15\" height=\"15\"><\/a>.<\/p>\n","protected":false},"excerpt":{"rendered":"<p>Book chapters Oesch, D. (2023) Contemporary Class Analysis. In: Gangl, M., Platt, L., Polavieja, J., van de Werfhorst, H. (eds.), The Oxford Handbook of Social Stratification, Oxford: Oxford University Press pdf Oesch, D. (2023) The structural shifts in Switzerland&#8217;s economy and society, 2000-2020. In: Emmenegger, P., Fossati, F., H\u00e4usermann, S. et a. (eds.), The Oxford &hellip; <a href=\"https:\/\/people.unil.ch\/danieloesch\/chapters_reports\/\" class=\"more-link\">Continue reading <span class=\"screen-reader-text\">Chapters &amp; reports<\/span> <span class=\"meta-nav\">&rarr;<\/span><\/a><\/p>\n","protected":false},"author":84,"featured_media":0,"parent":0,"menu_order":3,"comment_status":"closed","ping_status":"closed","template":"","meta":{"_seopress_robots_primary_cat":"","_seopress_titles_title":"","_seopress_titles_desc":"","_seopress_robots_index":"","footnotes":""},"class_list":["post-15","page","type-page","status-publish"],"_links":{"self":[{"href":"https:\/\/people.unil.ch\/danieloesch\/wp-json\/wp\/v2\/pages\/15","targetHints":{"allow":["GET"]}}],"collection":[{"href":"https:\/\/people.unil.ch\/danieloesch\/wp-json\/wp\/v2\/pages"}],"about":[{"href":"https:\/\/people.unil.ch\/danieloesch\/wp-json\/wp\/v2\/types\/page"}],"author":[{"embeddable":true,"href":"https:\/\/people.unil.ch\/danieloesch\/wp-json\/wp\/v2\/users\/84"}],"replies":[{"embeddable":true,"href":"https:\/\/people.unil.ch\/danieloesch\/wp-json\/wp\/v2\/comments?post=15"}],"version-history":[{"count":0,"href":"https:\/\/people.unil.ch\/danieloesch\/wp-json\/wp\/v2\/pages\/15\/revisions"}],"wp:attachment":[{"href":"https:\/\/people.unil.ch\/danieloesch\/wp-json\/wp\/v2\/media?parent=15"}],"curies":[{"name":"wp","href":"https:\/\/api.w.org\/{rel}","templated":true}]}}