{"id":94,"date":"2010-07-14T11:20:26","date_gmt":"2010-07-14T09:20:26","guid":{"rendered":"http:\/\/people.unil.ch\/denisrenevey\/"},"modified":"2021-12-26T16:23:45","modified_gmt":"2021-12-26T15:23:45","slug":"curriculum","status":"publish","type":"page","link":"https:\/\/people.unil.ch\/denisrenevey\/curriculum\/","title":{"rendered":"Brief CV"},"content":{"rendered":"<p><!-- \/* Font Definitions *\/ @font-face {font-family:\"Cambria Math\"; panose-1:2 4 5 3 5 4 6 3 2 4; mso-font-charset:0; mso-generic-font-family:auto; mso-font-pitch:variable; mso-font-signature:-536870145 1107305727 0 0 415 0;} \/* Style Definitions *\/ p.MsoNormal, li.MsoNormal, div.MsoNormal {mso-style-unhide:no; mso-style-qformat:yes; mso-style-parent:\"\"; margin:0cm; margin-bottom:.0001pt; mso-pagination:widow-orphan; font-size:12.0pt; font-family:\"Times New Roman\"; mso-fareast-font-family:\"Times New Roman\"; mso-ansi-language:EN-GB; mso-fareast-language:EN-US;} h3 {mso-style-unhide:no; mso-style-qformat:yes; mso-style-link:\"Titre 3 Car\"; mso-margin-top-alt:auto; margin-right:0cm; mso-margin-bottom-alt:auto; margin-left:0cm; mso-pagination:widow-orphan; mso-outline-level:3; font-size:13.5pt; font-family:\"Times New Roman\"; mso-ansi-language:EN-US; mso-fareast-language:EN-US; font-weight:bold;} p.MsoFooter, li.MsoFooter, div.MsoFooter {mso-style-noshow:yes; mso-style-unhide:no; mso-style-link:\"Pied de page Car\"; margin:0cm; margin-bottom:.0001pt; mso-pagination:widow-orphan; tab-stops:center 8.0cm right 16.0cm; font-size:12.0pt; font-family:\"Times New Roman\"; mso-fareast-font-family:\"Times New Roman\"; mso-ansi-language:EN-GB; mso-fareast-language:EN-US;} p {mso-style-unhide:no; mso-margin-top-alt:auto; margin-right:0cm; mso-margin-bottom-alt:auto; margin-left:0cm; mso-pagination:widow-orphan; font-size:12.0pt; font-family:\"Times New Roman\"; mso-fareast-font-family:\"Times New Roman\"; mso-ansi-language:EN-US; mso-fareast-language:EN-US;} span.Titre3Car {mso-style-name:\"Titre 3 Car\"; mso-style-unhide:no; mso-style-locked:yes; mso-style-link:\"Titre 3\"; mso-ansi-font-size:13.5pt; mso-bidi-font-size:13.5pt; mso-ansi-language:EN-US; mso-fareast-language:EN-US; font-weight:bold;} span.PieddepageCar {mso-style-name:\"Pied de page Car\"; mso-style-noshow:yes; mso-style-unhide:no; mso-style-locked:yes; mso-style-link:\"Pied de page\"; mso-ansi-font-size:12.0pt; mso-bidi-font-size:12.0pt; mso-ansi-language:EN-GB; mso-fareast-language:EN-US;} .MsoChpDefault {mso-style-type:export-only; mso-default-props:yes; font-size:10.0pt; mso-ansi-font-size:10.0pt; mso-bidi-font-size:10.0pt;} @page WordSection1 {size:21.0cm 842.0pt; margin:72.0pt 89.85pt 72.0pt 108.0pt; mso-header-margin:35.45pt; mso-footer-margin:35.45pt; mso-paper-source:0;} div.WordSection1 {page:WordSection1;} --><\/p>\n<h3><strong>EDUCATION<\/strong><\/h3>\n<p><strong>1980-1987<\/strong> \u00a0\u00a0\u00a0\u00a0\u00a0\u00a0\u00a0\u00a0\u00a0\u00a0\u00a0\u00a0\u00a0\u00a0\u00a0 University of Fribourg<\/p>\n<p><strong>1985-1986<\/strong> \u00a0\u00a0\u00a0\u00a0\u00a0\u00a0\u00a0\u00a0\u00a0\u00a0\u00a0\u00a0\u00a0\u00a0\u00a0 Providence College, Providence, Rhode Island, USA<\/p>\n<p><strong>1988-1993<\/strong> \u00a0\u00a0\u00a0\u00a0\u00a0\u00a0\u00a0\u00a0\u00a0\u00a0\u00a0\u00a0\u00a0\u00a0\u00a0 Lincoln College, University of Oxford, England<\/p>\n<h3><strong>ACADEMIC DEGREES<\/strong><\/h3>\n<p><strong>1987<\/strong>\u00a0\u00a0\u00a0\u00a0\u00a0\u00a0\u00a0\u00a0\u00a0\u00a0 Licence \u00e8s lettres, University of Fribourg<\/p>\n<p><strong>1993<\/strong>\u00a0\u00a0\u00a0\u00a0\u00a0\u00a0\u00a0\u00a0\u00a0\u00a0 Ph.D, University of Oxford<\/p>\n<p>Thesis: \u2018The Moving of the Soul: The Functions of Metaphors of Love in the Writings of Richard Rolle and Antecedents Texts of the Medieval Mystical Tradition\u2019<\/p>\n<p><strong>2004<\/strong>\u00a0\u00a0\u00a0\u00a0\u00a0\u00a0\u00a0\u00a0\u00a0\u00a0 Habilitation: venia legendi in \u201cMedieval English Language and Literature\u201d, University of Fribourg<\/p>\n<h3><strong>SCHOLARSHIPS<\/strong><\/h3>\n<p><strong>1985-1986<\/strong>\u00a0\u00a0\u00a0\u00a0\u00a0\u00a0\u00a0\u00a0\u00a0\u00a0\u00a0\u00a0\u00a0\u00a0\u00a0\u00a0 Scholarship from Providence College, Rhode Island, USA<\/p>\n<p><strong>1988-1991<\/strong>\u00a0\u00a0\u00a0\u00a0\u00a0\u00a0\u00a0\u00a0\u00a0\u00a0\u00a0\u00a0\u00a0\u00a0\u00a0\u00a0 Berrow Scholarship, Lincoln College, Oxford<\/p>\n<p><strong>1991-1992<\/strong>\u00a0\u00a0\u00a0\u00a0\u00a0\u00a0\u00a0\u00a0\u00a0\u00a0\u00a0\u00a0\u00a0\u00a0\u00a0\u00a0 Junior Research Fellowship, Swiss National Foundation for Scientific Research<\/p>\n<p><strong>1992-1995<\/strong>\u00a0\u00a0\u00a0\u00a0\u00a0\u00a0\u00a0\u00a0\u00a0\u00a0\u00a0\u00a0\u00a0\u00a0\u00a0\u00a0 Advanced Research Fellowship, Swiss National Foundation for Scientific Research<\/p>\n<h3><strong>PROFESSIONAL EXPERIENCE<\/strong><\/h3>\n<p><strong>1987-1988<\/strong>\u00a0\u00a0\u00a0\u00a0\u00a0\u00a0\u00a0\u00a0\u00a0\u00a0\u00a0\u00a0\u00a0\u00a0\u00a0\u00a0 \u00a0\u00a0\u00a0\u00a0\u00a0\u00a0\u00a0\u00a0\u00a0\u00a0\u00a0\u00a0\u00a0\u00a0\u00a0\u00a0\u00a0 English Teacher, Teacher Training School, Fribourg<\/p>\n<p><strong>1991-1994<\/strong>\u00a0\u00a0\u00a0\u00a0\u00a0\u00a0\u00a0\u00a0\u00a0\u00a0\u00a0\u00a0\u00a0\u00a0\u00a0\u00a0 \u00a0\u00a0\u00a0\u00a0\u00a0\u00a0\u00a0\u00a0\u00a0\u00a0\u00a0\u00a0\u00a0\u00a0\u00a0\u00a0\u00a0 Tutor in Old English, Greyfriars, University of Oxford<\/p>\n<p><strong>1995-1996<\/strong>\u00a0\u00a0\u00a0\u00a0\u00a0\u00a0\u00a0\u00a0\u00a0\u00a0\u00a0\u00a0\u00a0\u00a0\u00a0\u00a0 \u00a0\u00a0\u00a0\u00a0\u00a0\u00a0\u00a0\u00a0\u00a0\u00a0\u00a0\u00a0\u00a0\u00a0\u00a0\u00a0\u00a0 Premier assistant, University of Lausanne<\/p>\n<p><strong>1996-2003<\/strong>\u00a0\u00a0\u00a0\u00a0\u00a0\u00a0\u00a0\u00a0\u00a0\u00a0\u00a0\u00a0\u00a0\u00a0\u00a0\u00a0 \u00a0\u00a0\u00a0\u00a0\u00a0\u00a0\u00a0\u00a0\u00a0\u00a0\u00a0\u00a0\u00a0\u00a0\u00a0\u00a0\u00a0 Ma\u00eetre-assistant, University of Fribourg<\/p>\n<p><strong>2001-2002<\/strong>\u00a0\u00a0\u00a0\u00a0\u00a0\u00a0\u00a0\u00a0\u00a0\u00a0\u00a0\u00a0\u00a0\u00a0\u00a0\u00a0 \u00a0\u00a0\u00a0\u00a0\u00a0\u00a0\u00a0\u00a0\u00a0\u00a0\u00a0\u00a0\u00a0\u00a0\u00a0\u00a0\u00a0 Ma\u00eetre de conf\u00e9rence, University of Neuch\u00e2tel<\/p>\n<p><strong>2002-2005<\/strong>\u00a0\u00a0\u00a0\u00a0\u00a0\u00a0\u00a0\u00a0\u00a0\u00a0\u00a0\u00a0\u00a0\u00a0\u00a0\u00a0 \u00a0\u00a0\u00a0\u00a0\u00a0\u00a0\u00a0\u00a0\u00a0\u00a0\u00a0\u00a0\u00a0\u00a0\u00a0\u00a0\u00a0 Charg\u00e9 de cours et de recherche, University of Geneva<\/p>\n<p><strong>2003-2005<\/strong>\u00a0\u00a0\u00a0\u00a0\u00a0\u00a0\u00a0\u00a0\u00a0\u00a0\u00a0\u00a0\u00a0\u00a0\u00a0\u00a0 \u00a0\u00a0\u00a0\u00a0\u00a0\u00a0\u00a0\u00a0\u00a0\u00a0\u00a0\u00a0\u00a0\u00a0\u00a0\u00a0\u00a0 Ma\u00eetre d\u2019enseignement et de recherche, University of Fribourg<\/p>\n<p><strong>2005-<\/strong>\u00a0 \u00a0 \u00a0 \u00a0 \u00a0 \u00a0 \u00a0 \u00a0 \u00a0 \u00a0 \u00a0 \u00a0 \u00a0 \u00a0 \u00a0 \u00a0 \u00a0 \u00a0 \u00a0 \u00a0 \u00a0 \u00a0 \u00a0Professeur de langue et lit\u00e9rature m\u00e9di\u00e9vales anglaises, University of Lausanne<\/p>\n<p><strong>\u00a0<\/strong><\/p>\n<p><strong>VISITING FELLOWSHIPS<\/strong><\/p>\n<p><strong>2014\u00a0\u00a0\u00a0\u00a0\u00a0\u00a0\u00a0\u00a0\u00a0\u00a0\u00a0\u00a0\u00a0\u00a0\u00a0\u00a0\u00a0\u00a0\u00a0\u00a0\u00a0\u00a0\u00a0\u00a0\u00a0\u00a0\u00a0\u00a0 <\/strong>Visiting Fellow, St Catherine\u2019s College, University of Oxford, Hilary term<\/p>\n<p><strong>2014 \u00a0\u00a0\u00a0\u00a0\u00a0\u00a0\u00a0\u00a0\u00a0\u00a0\u00a0\u00a0\u00a0\u00a0\u00a0\u00a0\u00a0\u00a0\u00a0\u00a0\u00a0\u00a0\u00a0\u00a0\u00a0\u00a0 <\/strong>Visiting Member of the Senior Common Room, Lincoln College, University of Oxford, Hilary and Trinity terms<\/p>\n<p><strong>GRANTS<\/strong><\/p>\n<p><strong>2013-2016\u00a0 \u00a0 \u00a0 \u00a0 \u00a0 \u00a0 \u00a0 \u00a0 <\/strong>Recipient of SNSF grant for a three-year project, \u2018Late Medieval Religiosity in England: The Evidence of Late Fourteenth and Fifteenth Century Devotional Compilations\u2019.<\/p>\n<p><strong>2016-2020\u00a0<\/strong>\u00a0 \u00a0 \u00a0 \u00a0 \u00a0 \u00a0 \u00a0 Recipient of SNSF grant for a three-year project (with one-year extension), &#8216;Region and Nation in Late Medieval Devotion to Northern English Saints&#8217;.<\/p>\n<p><strong>2022-2026\u00a0\u00a0\u00a0\u00a0\u00a0\u00a0\u00a0\u00a0\u00a0\u00a0\u00a0\u00a0\u00a0\u00a0 <\/strong>Recipient of SNSF grant for a four-year project, &#8216;Re-Configuring the Apophatic Tradition in Late Medieval England&#8217;.<\/p>\n<p><strong>\u00a0<\/strong><\/p>\n","protected":false},"excerpt":{"rendered":"<p>EDUCATION 1980-1987 \u00a0\u00a0\u00a0\u00a0\u00a0\u00a0\u00a0\u00a0\u00a0\u00a0\u00a0\u00a0\u00a0\u00a0\u00a0 University of Fribourg 1985-1986 \u00a0\u00a0\u00a0\u00a0\u00a0\u00a0\u00a0\u00a0\u00a0\u00a0\u00a0\u00a0\u00a0\u00a0\u00a0 Providence College, Providence, Rhode Island, USA 1988-1993 \u00a0\u00a0\u00a0\u00a0\u00a0\u00a0\u00a0\u00a0\u00a0\u00a0\u00a0\u00a0\u00a0\u00a0\u00a0 Lincoln College, University of Oxford, England ACADEMIC DEGREES 1987\u00a0\u00a0\u00a0\u00a0\u00a0\u00a0\u00a0\u00a0\u00a0\u00a0 Licence \u00e8s lettres, University of Fribourg 1993\u00a0\u00a0\u00a0\u00a0\u00a0\u00a0\u00a0\u00a0\u00a0\u00a0 Ph.D, University of Oxford Thesis: \u2018The Moving of the Soul: The Functions of Metaphors of Love in the Writings of Richard Rolle and &hellip; <\/p>\n<p class=\"link-more\"><a href=\"https:\/\/people.unil.ch\/denisrenevey\/curriculum\/\" class=\"more-link\">Continue reading<span class=\"screen-reader-text\"> &#8220;Brief CV&#8221;<\/span><\/a><\/p>\n","protected":false},"author":13,"featured_media":0,"parent":0,"menu_order":5,"comment_status":"closed","ping_status":"closed","template":"","meta":{"_seopress_robots_primary_cat":"","_seopress_titles_title":"","_seopress_titles_desc":"","_seopress_robots_index":"","footnotes":""},"class_list":["post-94","page","type-page","status-publish"],"_links":{"self":[{"href":"https:\/\/people.unil.ch\/denisrenevey\/wp-json\/wp\/v2\/pages\/94","targetHints":{"allow":["GET"]}}],"collection":[{"href":"https:\/\/people.unil.ch\/denisrenevey\/wp-json\/wp\/v2\/pages"}],"about":[{"href":"https:\/\/people.unil.ch\/denisrenevey\/wp-json\/wp\/v2\/types\/page"}],"author":[{"embeddable":true,"href":"https:\/\/people.unil.ch\/denisrenevey\/wp-json\/wp\/v2\/users\/13"}],"replies":[{"embeddable":true,"href":"https:\/\/people.unil.ch\/denisrenevey\/wp-json\/wp\/v2\/comments?post=94"}],"version-history":[{"count":0,"href":"https:\/\/people.unil.ch\/denisrenevey\/wp-json\/wp\/v2\/pages\/94\/revisions"}],"wp:attachment":[{"href":"https:\/\/people.unil.ch\/denisrenevey\/wp-json\/wp\/v2\/media?parent=94"}],"curies":[{"name":"wp","href":"https:\/\/api.w.org\/{rel}","templated":true}]}}