{"id":52,"date":"2017-06-15T14:51:26","date_gmt":"2017-06-15T12:51:26","guid":{"rendered":"http:\/\/people.unil.ch\/elisedanglauser\/?page_id=52"},"modified":"2024-08-02T17:25:16","modified_gmt":"2024-08-02T15:25:16","slug":"teaching","status":"publish","type":"page","link":"https:\/\/people.unil.ch\/elisedanglauser\/teaching\/","title":{"rendered":"Teaching"},"content":{"rendered":"<h1><strong><span style=\"color: #207264\">Elise Dan-Glauser&#8217;s Teaching<\/span><\/strong><\/h1>\n<h2><strong>Current<\/strong><\/h2>\n<p><strong>Since 2024:<\/strong><\/p>\n<ul>\n<li>University of Lausanne, Unil: &#8220;Introduction \u00e0 la m\u00e9thodologie en psychologie&#8221;, for BSc students<\/li>\n<\/ul>\n<p><strong>Since 2019:<\/strong><\/p>\n<ul>\n<li>University of Lausanne, Unil: &#8220;Formation Acad\u00e9mique&#8221;, for BSc students<\/li>\n<li>University of Lausanne, Unil: &#8220;Approche socio-cognitive du fonctionnement normal et pathologique&#8221;, for MSc students<\/li>\n<\/ul>\n<p><strong>Since 2016:<\/strong><\/p>\n<ul>\n<li>Swiss Federal Institute of Technology, EPFL, Lausanne: &#8220;Psychologie des \u00e9motion&#8221;, for BSc\u00a0students<\/li>\n<\/ul>\n<p>___________________________<\/p>\n<h2><strong>Past<\/strong><\/h2>\n<p><strong>2018-2019:<\/strong><\/p>\n<ul>\n<li>Swiss Federal Institute of Technology, EPFL, Lausanne: &#8220;Psychologie Cognitive A&#8221;, for BSc\u00a0students<\/li>\n<li>University of Lausanne, Unil: &#8220;Psychologie Cognitive I&#8221;, for BSc students<\/li>\n<li>University of Lausanne, Unil: &#8220;Psychologie Cognitive II&#8221;, for MSc\u00a0students<\/li>\n<\/ul>\n<p><strong>2008-2009:<\/strong><\/p>\n<ul>\n<li>Stanford University, Stanford, CA, USA: Journal Club\u00a0\u201cBridging emotion regulation and other psychological concepts across disciplines\u201d for PhD\u00a0students<\/li>\n<\/ul>\n<p><strong>2003-2007 :<\/strong><\/p>\n<ul>\n<li>University of Geneva, Unige: Seminar of &#8220;Psychologie de l&#8217;\u00e9motion&#8221;, for BSc students<\/li>\n<\/ul>\n","protected":false},"excerpt":{"rendered":"<p>Elise Dan-Glauser&#8217;s Teaching Current Since 2024: University of Lausanne, Unil: &#8220;Introduction \u00e0 la m\u00e9thodologie en psychologie&#8221;, for BSc students Since 2019: University of Lausanne, Unil: &#8220;Formation Acad\u00e9mique&#8221;, for BSc students &hellip; <\/p>\n","protected":false},"author":1001078,"featured_media":0,"parent":0,"menu_order":0,"comment_status":"closed","ping_status":"closed","template":"","meta":{"_seopress_robots_primary_cat":"","_seopress_titles_title":"","_seopress_titles_desc":"","_seopress_robots_index":"","footnotes":""},"class_list":["post-52","page","type-page","status-publish"],"_links":{"self":[{"href":"https:\/\/people.unil.ch\/elisedanglauser\/wp-json\/wp\/v2\/pages\/52","targetHints":{"allow":["GET"]}}],"collection":[{"href":"https:\/\/people.unil.ch\/elisedanglauser\/wp-json\/wp\/v2\/pages"}],"about":[{"href":"https:\/\/people.unil.ch\/elisedanglauser\/wp-json\/wp\/v2\/types\/page"}],"author":[{"embeddable":true,"href":"https:\/\/people.unil.ch\/elisedanglauser\/wp-json\/wp\/v2\/users\/1001078"}],"replies":[{"embeddable":true,"href":"https:\/\/people.unil.ch\/elisedanglauser\/wp-json\/wp\/v2\/comments?post=52"}],"version-history":[{"count":1,"href":"https:\/\/people.unil.ch\/elisedanglauser\/wp-json\/wp\/v2\/pages\/52\/revisions"}],"predecessor-version":[{"id":355,"href":"https:\/\/people.unil.ch\/elisedanglauser\/wp-json\/wp\/v2\/pages\/52\/revisions\/355"}],"wp:attachment":[{"href":"https:\/\/people.unil.ch\/elisedanglauser\/wp-json\/wp\/v2\/media?parent=52"}],"curies":[{"name":"wp","href":"https:\/\/api.w.org\/{rel}","templated":true}]}}