{"id":4326,"date":"2021-08-18T11:55:38","date_gmt":"2021-08-18T09:55:38","guid":{"rendered":"https:\/\/people.unil.ch\/?page_id=4326"},"modified":"2025-08-05T17:32:27","modified_gmt":"2025-08-05T15:32:27","slug":"liste","status":"publish","type":"page","link":"https:\/\/people.unil.ch\/en\/","title":{"rendered":"Pages personnelles WordPress"},"content":{"rendered":"<p>Cet h\u00e9bergement, mis \u00e0 disposition par le Centre informatique de&nbsp;<a href=\"https:\/\/www.unil.ch\/\">l\u2019Universit\u00e9 de Lausanne<\/a>, regroupe de mani\u00e8re mutualis\u00e9e :<\/p>\n\n\n\n<ul class=\"wp-block-list\">\n<li>Les <strong>pages personnelles<\/strong> de collaboratrices et collaborateurs de l&rsquo;UNIL<\/li>\n<\/ul>\n\n\n\n<div style=\"height:10px\" aria-hidden=\"true\" class=\"wp-block-spacer\"><\/div>\n\n\n\n<div class=\"wp-block-group has-accent-2-background-color has-background has-global-padding is-layout-constrained wp-container-core-group-is-layout-9ea61638 wp-block-group-is-layout-constrained\">\n<div style=\"height:10px\" aria-hidden=\"true\" class=\"wp-block-spacer\"><\/div>\n\n\n\n<p>Depuis 2024, nous n&rsquo;ouvrons plus de nouvelles pages web personnelles pour les collaboratrices et collaborateurs de l\u2019UNIL sur le serveur <a href=\"https:\/\/people.unil.ch\" target=\"_blank\" rel=\"noreferrer noopener\">people.unil.ch<\/a>. Nous vous remercions d&rsquo;utiliser les alternatives suivantes :&nbsp;<\/p>\n\n\n\n<ul class=\"wp-block-list\">\n<li>prioritairement : compl\u00e9ter votre page Unisciences si vous en avez une<\/li>\n\n\n\n<li>cr\u00e9er vous-m\u00eame votre site web personnel sur un service proposant un h\u00e9bergement gratuit ou payant<\/li>\n<\/ul>\n\n\n\n<p>En cas de doute ou pour un conseil, vous pouvez contacter le\u00a0<a href=\"https:\/\/www.unil.ch\/ci\/fr\/home\/menuinst\/catalogue-de-services\/support-et-formation\/help-desk.html\" target=\"_blank\" rel=\"noreferrer noopener\">help desk<\/a>\u00a0par email qui transf\u00e9rera votre demande \u00e0 l\u2019\u00e9quipe web du Centre informatique.<\/p>\n\n\n\n<div style=\"height:10px\" aria-hidden=\"true\" class=\"wp-block-spacer\"><\/div>\n<\/div>\n\n\n\n<div style=\"height:10px\" aria-hidden=\"true\" class=\"wp-block-spacer\"><\/div>\n\n\n\n<div class=\"wp-block-buttons is-content-justification-center is-layout-flex wp-container-core-buttons-is-layout-a89b3969 wp-block-buttons-is-layout-flex\">\n<div class=\"wp-block-button\"><a class=\"wp-block-button__link has-text-align-center wp-element-button\" href=\"https:\/\/people.unil.ch\/liste-des-sites-heberges\/\">Liste des sites h\u00e9berg\u00e9s<\/a><\/div>\n<\/div>","protected":false},"excerpt":{"rendered":"<p>Cet h\u00e9bergement, mis \u00e0 disposition par le Centre informatique de&nbsp;l\u2019Universit\u00e9 de Lausanne, regroupe de mani\u00e8re mutualis\u00e9e : Depuis 2024, nous n&rsquo;ouvrons plus de nouvelles pages web personnelles pour les collaboratrices et collaborateurs de l\u2019UNIL sur le serveur people.unil.ch. Nous vous remercions d&rsquo;utiliser les alternatives suivantes :&nbsp; En cas de doute ou pour un conseil, vous [&hellip;]<\/p>\n","protected":false},"author":1001013,"featured_media":0,"parent":0,"menu_order":0,"comment_status":"closed","ping_status":"closed","template":"","meta":{"_seopress_robots_primary_cat":"","_seopress_titles_title":"","_seopress_titles_desc":"","_seopress_robots_index":"","footnotes":""},"class_list":["post-4326","page","type-page","status-publish"],"_links":{"self":[{"href":"https:\/\/people.unil.ch\/en\/wp-json\/wp\/v2\/pages\/4326","targetHints":{"allow":["GET"]}}],"collection":[{"href":"https:\/\/people.unil.ch\/en\/wp-json\/wp\/v2\/pages"}],"about":[{"href":"https:\/\/people.unil.ch\/en\/wp-json\/wp\/v2\/types\/page"}],"author":[{"embeddable":true,"href":"https:\/\/people.unil.ch\/en\/wp-json\/wp\/v2\/users\/1001013"}],"replies":[{"embeddable":true,"href":"https:\/\/people.unil.ch\/en\/wp-json\/wp\/v2\/comments?post=4326"}],"version-history":[{"count":5,"href":"https:\/\/people.unil.ch\/en\/wp-json\/wp\/v2\/pages\/4326\/revisions"}],"predecessor-version":[{"id":13122,"href":"https:\/\/people.unil.ch\/en\/wp-json\/wp\/v2\/pages\/4326\/revisions\/13122"}],"wp:attachment":[{"href":"https:\/\/people.unil.ch\/en\/wp-json\/wp\/v2\/media?parent=4326"}],"curies":[{"name":"wp","href":"https:\/\/api.w.org\/{rel}","templated":true}]}}