{"id":4522,"date":"2025-02-26T18:10:32","date_gmt":"2025-02-26T17:10:32","guid":{"rendered":"https:\/\/people.unil.ch\/?page_id=4522"},"modified":"2025-07-02T14:11:16","modified_gmt":"2025-07-02T12:11:16","slug":"liste-des-sites-heberges","status":"publish","type":"page","link":"https:\/\/people.unil.ch\/en\/liste-des-sites-heberges\/","title":{"rendered":"Liste des sites h\u00e9berg\u00e9s"},"content":{"rendered":"<p class=\"has-small-font-size\"><em>Les sites sont class\u00e9s par ordre alphab\u00e9tique.<\/em><br><em>Veuillez noter que cette liste est mise \u00e0 jour fr\u00e9quemment et automatiquement.<\/em><\/p>\n\n\n<ul class=\"wpmu-site-list\"><li><a href=\"https:\/\/people.unil.ch\/agnieszkasoltysikmonnet\/\">Agnieszka Soltysik Monnet<\/a><\/li><li><a href=\"https:\/\/people.unil.ch\/anikdebrot\/\">Anik Debrot<\/a><\/li><li><a href=\"https:\/\/people.unil.ch\/annekatrinweber\/\">Anne-Katrin Weber<\/a><\/li><li><a href=\"https:\/\/people.unil.ch\/francismobio\/\">Anthropologie visuelle<\/a><\/li><li><a href=\"https:\/\/people.unil.ch\/arnaudbuchs\/\">Arnaud Buchs<\/a><\/li><li><a href=\"https:\/\/people.unil.ch\/carolineroberts\/\">Caroline Roberts<\/a><\/li><li><a href=\"https:\/\/people.unil.ch\/christianthoeni\/\">Christian Th\u00f6ni<\/a><\/li><li><a href=\"https:\/\/people.unil.ch\/christianiawhitehead\/\">Christiania Whitehead<\/a><\/li><li><a href=\"https:\/\/people.unil.ch\/christineputzo\/\">Christine Putzo<\/a><\/li><li><a href=\"https:\/\/people.unil.ch\/cedriccramatte\/\">C\u00e9dric Cramatte<\/a><\/li><li><a href=\"https:\/\/people.unil.ch\/danielmarguerat\/\">Daniel Marguerat<\/a><\/li><li><a href=\"https:\/\/people.unil.ch\/danieloesch\/\">Daniel Oesch<\/a><\/li><li><a href=\"https:\/\/people.unil.ch\/denisrenevey\/\">Denis Renevey<\/a><\/li><li><a href=\"https:\/\/people.unil.ch\/elisedanglauser\/\">Elise Dan-Glauser&#039;s group<\/a><\/li><li><a href=\"https:\/\/people.unil.ch\/enitsteiner\/\">Enit Karafili Steiner<\/a><\/li><li><a href=\"https:\/\/people.unil.ch\/ericjondeau\/\">Eric Jondeau<\/a><\/li><li><a href=\"https:\/\/people.unil.ch\/monicacastillolluch\/\">Fueros medievales<\/a><\/li><li><a href=\"https:\/\/people.unil.ch\/gaelegoastellec\/\">Ga\u00eble Goastellec<\/a><\/li><li><a href=\"https:\/\/people.unil.ch\/hansjoergalbrecher\/\">Hansjoerg Albrecher<\/a><\/li><li><a href=\"https:\/\/people.unil.ch\/kevinhuguenin\/\">Information Security &amp; Privacy Lab \u2013 Prof. K\u00e9vin Huguenin<\/a><\/li><li><a href=\"https:\/\/people.unil.ch\/ingeborgschuessler\/\">Ingeborg Sch\u00fc\u00dfler<\/a><\/li><li><a href=\"https:\/\/people.unil.ch\/isabellezinn\/\">Isabelle Zinn<\/a><\/li><li><a href=\"https:\/\/people.unil.ch\/josefphilipptrein\/\">J. Philipp Trein<\/a><\/li><li><a href=\"https:\/\/people.unil.ch\/jacquelinefrey\/\">Jacqueline Frey<\/a><\/li><li><a href=\"https:\/\/people.unil.ch\/jeanclaudeusunier\/\">Jean-Claude Usunier<\/a><\/li><li><a href=\"https:\/\/people.unil.ch\/johnantonakis\/\">John Antonakis<\/a><\/li><li><a href=\"https:\/\/people.unil.ch\/joelwagner\/\">Jo\u00ebl Wagner<\/a><\/li><li><a href=\"https:\/\/people.unil.ch\/jeromejacquin\/\">J\u00e9r\u00f4me Jacquin<\/a><\/li><li><a href=\"https:\/\/people.unil.ch\/kirstenannestirling\/\">Kirsten Stirling<\/a><\/li><li><a href=\"https:\/\/people.unil.ch\/laureathias\/\">Laure Athias - Professor of Public Economics<\/a><\/li><li><a href=\"https:\/\/people.unil.ch\/leenvandecasteele\/\">Leen Vandecasteele<\/a><\/li><li><a href=\"https:\/\/people.unil.ch\/luispedrosantospinto\/\">Lu\u00eds Santos-Pinto<\/a><\/li><li><a href=\"https:\/\/people.unil.ch\/rolfeberenz\/\">L\u00e9xico espa\u00f1ol de la alimentaci\u00f3n y el arte culinario tradicionales<\/a><\/li><li><a href=\"https:\/\/people.unil.ch\/mariusbrulhart\/\">Marius Br\u00fclhart<\/a><\/li><li><a href=\"https:\/\/people.unil.ch\/markuslang\/\">Markus Lang<\/a><\/li><li><a href=\"https:\/\/people.unil.ch\/mathiasthoenig\/\">Mathias Thoenig<\/a><\/li><li><a href=\"https:\/\/people.unil.ch\/matthewscully\/\">Matthew Scully<\/a><\/li><li><a href=\"https:\/\/people.unil.ch\/mauricioavendano\/\">Mauricio Avendano, PhD, FBA<\/a><\/li><li><a href=\"https:\/\/people.unil.ch\/maurocherubini\/\">Mauro Cherubini<\/a><\/li><li><a href=\"https:\/\/people.unil.ch\/michaelgratz\/\">Michael Gr\u00e4tz<\/a><\/li><li><a href=\"https:\/\/people.unil.ch\/michaelrockinger\/\">Michael Rockinger<\/a><\/li><li><a href=\"https:\/\/people.unil.ch\/normanschuerhoff\/\">Norman Sch\u00fcrhoff<\/a><\/li><li><a href=\"https:\/\/people.unil.ch\/olivierstucky\/\">Olivier Stucky<\/a><\/li><li><a href=\"https:\/\/people.unil.ch\/pascalst-amour\/\">Pascal St-Amour, University of Lausanne<\/a><\/li><li><a href=\"https:\/\/people.unil.ch\/philippebacchetta\/\">Philippe Bacchetta<\/a><\/li><li><a href=\"https:\/\/people.unil.ch\/pirminbundi\/\">Pirmin Bundi<\/a><\/li><li><a href=\"https:\/\/people.unil.ch\/monikasalzbrunn\/\">Prof. Dr. Monika Salzbrunn<\/a><\/li><li><a href=\"https:\/\/people.unil.ch\/mathiashumbert\/\">Prof. Mathias Humbert<\/a><\/li><li><a href=\"https:\/\/people.unil.ch\/michalisvlachos\/\">Prof. Michalis Vlachos<\/a><\/li><li><a href=\"https:\/\/people.unil.ch\/patrickclastres\/\">Prof. Patrick Clastres<\/a><\/li><li><a href=\"https:\/\/people.unil.ch\/rachelfalconer\/\">Rachel Falconer<\/a><\/li><li><a href=\"https:\/\/people.unil.ch\/seanmuller\/\">Sean M\u00fcller<\/a><\/li><li><a href=\"https:\/\/people.unil.ch\/iansanders\/\">The Mycorrhizal Symbiosis<\/a><\/li><li><a href=\"https:\/\/people.unil.ch\/nathaliechevre\/\">Welcome to Nathalie&#039;s homepage<\/a><\/li><li><a href=\"https:\/\/people.unil.ch\/xaviercastaner\/\">Xavier Casta\u00f1er<\/a><\/li><\/ul>","protected":false},"excerpt":{"rendered":"<p>Les sites sont class\u00e9s par ordre alphab\u00e9tique.Veuillez noter que cette liste est mise \u00e0 jour fr\u00e9quemment et automatiquement.<\/p>","protected":false},"author":1001168,"featured_media":0,"parent":0,"menu_order":10,"comment_status":"closed","ping_status":"closed","template":"","meta":{"_seopress_robots_primary_cat":"","_seopress_titles_title":"","_seopress_titles_desc":"","_seopress_robots_index":"","footnotes":""},"class_list":["post-4522","page","type-page","status-publish"],"_links":{"self":[{"href":"https:\/\/people.unil.ch\/en\/wp-json\/wp\/v2\/pages\/4522","targetHints":{"allow":["GET"]}}],"collection":[{"href":"https:\/\/people.unil.ch\/en\/wp-json\/wp\/v2\/pages"}],"about":[{"href":"https:\/\/people.unil.ch\/en\/wp-json\/wp\/v2\/types\/page"}],"author":[{"embeddable":true,"href":"https:\/\/people.unil.ch\/en\/wp-json\/wp\/v2\/users\/1001168"}],"replies":[{"embeddable":true,"href":"https:\/\/people.unil.ch\/en\/wp-json\/wp\/v2\/comments?post=4522"}],"version-history":[{"count":2,"href":"https:\/\/people.unil.ch\/en\/wp-json\/wp\/v2\/pages\/4522\/revisions"}],"predecessor-version":[{"id":12640,"href":"https:\/\/people.unil.ch\/en\/wp-json\/wp\/v2\/pages\/4522\/revisions\/12640"}],"wp:attachment":[{"href":"https:\/\/people.unil.ch\/en\/wp-json\/wp\/v2\/media?parent=4522"}],"curies":[{"name":"wp","href":"https:\/\/api.w.org\/{rel}","templated":true}]}}