{"id":46,"date":"2013-09-23T15:21:40","date_gmt":"2013-09-23T13:21:40","guid":{"rendered":"http:\/\/people.unil.ch\/enitsteiner\/?page_id=46"},"modified":"2022-11-14T06:42:35","modified_gmt":"2022-11-14T05:42:35","slug":"collaborations","status":"publish","type":"page","link":"https:\/\/people.unil.ch\/enitsteiner\/collaborations\/","title":{"rendered":"Collaborations"},"content":{"rendered":"\n<p><\/p>\n\n\n<p>8 October 2022: \u201cAcross the Atlantic: Literary Migration, Mobilities and Conversations&#8221;. <strong>Workshop co-organised with Prof. Dr. Julia Straub<\/strong> (University of Fribourg), under the auspices of Conf\u00e9rence Universitaire de Suisse Occidentale (CUSO) le 8 octobre 2022, Universit\u00e9 de Fribourg. Invited Speakers : Prof. Dr. Leonard Morz\u00e9, University of Massachusetts Boston; Prof. Dr. Annika Bautz, Universit\u00e9 of Plymouth.<\/p>\n<p><span style=\"color: #0000ff\"><a style=\"color: #0000ff\" href=\"https:\/\/twolakesromanticism.wordpress.com\/\">2017, <\/a><\/span><span style=\"color: #0000ff\"><a style=\"color: #0000ff\" href=\"https:\/\/twolakesromanticism2018.weebly.com\/\">2018<\/a><\/span>, 2019: <strong>Co-teaching with Simon Bainbridge (Lancaster University) MA seminar<\/strong> on Romantic literature, Lake District and L\u00e9man Region as part of the privileged partnership between Unil and Lancaster University<\/p>\n<p>since 2017: <a href=\"https:\/\/utrechtutopianetwork.nl\/\"><span style=\"color: #0000ff\"><strong>Utrecht Utopia Network<\/strong> <\/span><\/a><\/p>\n<p>2010-2011:<strong> Post-Doc Mentoring Program for Future Academics<\/strong><br \/>University of Zurich<\/p>\n<p>2008-2011:<strong> Interdisciplinary Graduate Program, University of Zurich: &#8220;(De)Limitations: Self-Technologies and the Body.&#8221;<\/strong><br \/>Directed by Prof. Dr. Therese Steffen<\/p>\n<p>2010:<strong> Doctoral Program in English Literature: &#8220;Theory: Genealogies and Modern Literary Theory&#8221;<\/strong><br \/>Conference of Western Switzerland&#8217;s Universities (CUSO)<\/p>\n<p>2010:<strong> Swiss International Summer School: &#8220;Gender and Politics &#8211; Gendered Politics&#8221;<\/strong><\/p>\n<p>2010-2011: <strong>&#8220;Genius for Hire&#8221; &#8212; Peer Mentoring and Research Group<\/strong><\/p>","protected":false},"excerpt":{"rendered":"<p>8 October 2022: \u201cAcross the Atlantic: Literary Migration, Mobilities and Conversations&#8221;. Workshop co-organised with Prof. Dr. Julia Straub (University of Fribourg), under the auspices of Conf\u00e9rence Universitaire de Suisse Occidentale (CUSO) le 8 octobre 2022, Universit\u00e9 de Fribourg. Invited Speakers : Prof. Dr. Leonard Morz\u00e9, University of Massachusetts Boston; Prof. Dr. Annika Bautz, Universit\u00e9 of &hellip; <\/p>\n<p class=\"link-more\"><a href=\"https:\/\/people.unil.ch\/enitsteiner\/collaborations\/\" class=\"more-link\">Continue reading<span class=\"screen-reader-text\"> &#8220;Collaborations&#8221;<\/span><\/a><\/p>\n","protected":false},"author":73,"featured_media":0,"parent":0,"menu_order":2,"comment_status":"closed","ping_status":"closed","template":"","meta":{"_seopress_robots_primary_cat":"","_seopress_titles_title":"","_seopress_titles_desc":"","_seopress_robots_index":"","footnotes":""},"class_list":["post-46","page","type-page","status-publish"],"_links":{"self":[{"href":"https:\/\/people.unil.ch\/enitsteiner\/wp-json\/wp\/v2\/pages\/46","targetHints":{"allow":["GET"]}}],"collection":[{"href":"https:\/\/people.unil.ch\/enitsteiner\/wp-json\/wp\/v2\/pages"}],"about":[{"href":"https:\/\/people.unil.ch\/enitsteiner\/wp-json\/wp\/v2\/types\/page"}],"author":[{"embeddable":true,"href":"https:\/\/people.unil.ch\/enitsteiner\/wp-json\/wp\/v2\/users\/73"}],"replies":[{"embeddable":true,"href":"https:\/\/people.unil.ch\/enitsteiner\/wp-json\/wp\/v2\/comments?post=46"}],"version-history":[{"count":0,"href":"https:\/\/people.unil.ch\/enitsteiner\/wp-json\/wp\/v2\/pages\/46\/revisions"}],"wp:attachment":[{"href":"https:\/\/people.unil.ch\/enitsteiner\/wp-json\/wp\/v2\/media?parent=46"}],"curies":[{"name":"wp","href":"https:\/\/api.w.org\/{rel}","templated":true}]}}