{"id":44,"date":"2020-05-16T16:43:15","date_gmt":"2020-05-16T14:43:15","guid":{"rendered":"http:\/\/people.unil.ch\/francismobio\/?page_id=44"},"modified":"2023-04-24T09:38:53","modified_gmt":"2023-04-24T07:38:53","slug":"latelier","status":"publish","type":"page","link":"https:\/\/people.unil.ch\/francismobio\/latelier\/","title":{"rendered":"Les films de l&rsquo;Atelier"},"content":{"rendered":"<header class=\"entry-header\">\n<h4 class=\"entry-title\"><strong><span style=\"font-size: 1rem\">Les travaux r\u00e9alis\u00e9s par les \u00e9tudiant\u00b7e\u00b7s du cours ne sont pas tous publi\u00e9s sur ce site<\/span><\/strong><\/h4>\n<\/header>\n<h5><span style=\"color: #d90bd9\"><strong>2010<\/strong><\/span><\/h5>\n<h5><strong>Natalia Gadzina<\/strong><\/h5>\n<h5><span style=\"color: #15a9cf\"><strong><em><a style=\"color: #15a9cf\" href=\"https:\/\/podcast.unil.ch\/podcast\/ftsr\/10_lourdes-Natalia_final\/lourdes-Natalia_final-desktop.m4v\">\u00ab Lourdes, une exp\u00e9rience de\u00a0vie qui se raconte tr\u00e8s peu\u2026\u00a0\u00bb\u00a0<\/a><\/em><\/strong><\/span><\/h5>\n<h5><strong><span class=\"aligncenter\">Am\u00e9lie Stuby<\/span><\/strong><br \/><span style=\"color: #15a9cf\"><strong><a style=\"color: #15a9cf\" href=\"https:\/\/maps.google.ch\/maps\/ms?hl=fr&amp;ie=UTF8&amp;msa=0&amp;msid=209949149564887679875.0004a12f812e9831cabaf&amp;ll=43.097011,-0.055082&amp;spn=0.00575,0.010428&amp;t=h&amp;z=17\"><em>Carte vid\u00e9ographique des ambiances et notes de recherche<\/em><\/a><\/strong><\/span><\/h5>\n<h5><span style=\"color: #d90bd9\"><strong>2012<\/strong><\/span><\/h5>\n<h5><strong>Myriam Perrot<\/strong><\/h5>\n<h5><span style=\"color: #15a9cf\"><strong><a style=\"color: #15a9cf\" href=\"https:\/\/av.unil.ch\/hva\/646\/ultimo-flux-de-programme-mpeg-2-422-15-mbps.mp4\"><em>Guggenmusik<\/em><\/a><\/strong><\/span><\/h5>\n<h5><span style=\"color: #d90bd9\"><strong>2013<\/strong><\/span><\/h5>\n<h5><strong>Alexandre Grandjean<\/strong><\/h5>\n<h5><strong><em><a href=\"https:\/\/av.unil.ch\/hva\/1186\/a-coffre-ouvert.mp4\"><span style=\"color: #15a9cf\">A coffre ouvert<\/span><\/a><\/em><\/strong><\/h5>\n<h5><span style=\"color: #db00db\">2014<\/span><\/h5>\n<h5><strong><span style=\"font-size: 1rem\">Aude Zurbuchen<\/span><\/strong><\/h5>\n<h5><strong><a href=\"https:\/\/av.unil.ch\/hva\/1668\/vts-01-1.mp4\"><em>Les dames de la caf\u00e9taria<\/em><\/a><\/strong><\/h5>\n<h5><span style=\"color: #d90bd9\"><strong>2015<\/strong><\/span><\/h5>\n<h5><strong>Micha\u00ebl Posse<\/strong><\/h5>\n<h5><span style=\"color: #15a9cf\"><strong><a style=\"color: #15a9cf\" href=\"https:\/\/www.youtube.com\/watch?v=quVgfB31G6c&amp;feature=em-upload_owner?\"><em>Je ne suis (qu\u2019) un robot<\/em><\/a><\/strong><\/span><\/h5>\n<h5><span style=\"color: #d90bd9\"><strong>2016<\/strong><\/span><\/h5>\n<h5><strong>Laetitia Otz<\/strong><\/h5>\n<h5><span style=\"color: #15a9cf\"><strong><a style=\"color: #15a9cf\" href=\"https:\/\/av.unil.ch\/hva\/2959\/3-peche-2.mp4\"><em>\u00c0 Fleur de Lac<\/em><\/a><\/strong><\/span><\/h5>\n<h5><span style=\"color: #d90bd9\"><strong>2017<\/strong><\/span><\/h5>\n<h5><strong>Anne Sophie Augier \u2013 Juliette Salzmann<\/strong><\/h5>\n<h5><span style=\"color: #15a9cf\"><strong><a style=\"color: #15a9cf\" href=\"https:\/\/av.unil.ch\/hva\/3289\/ansojul-f.mp4\"><em>Quatre chemins<\/em><\/a><\/strong><\/span><\/h5>\n<h5><strong>Eric Girodet<\/strong><\/h5>\n<h5><span style=\"color: #15a9cf\"><strong><em><a style=\"color: #15a9cf\" href=\"https:\/\/av.unil.ch\/hva\/3289\/6-abeilles-projection.mp4\">Fran\u00e7ois, berger des abeilles<\/a><\/em><\/strong><\/span><\/h5>\n<h5><span style=\"color: #d90bd9\"><strong>2018<\/strong><\/span><\/h5>\n<h5><strong><span style=\"color: #ff00ff\"><span style=\"color: #d90bd9\">Th\u00e8me \u00a0:\u00a0\u00ab\u00a0C<\/span><em><span style=\"color: #d90bd9\">e qui importe\u00a0\u00bb<\/span><br \/><\/em><\/span><\/strong><\/h5>\n<h5><strong>Matila Corminboeuf<\/strong><\/h5>\n<h5><span style=\"color: #15a9cf\"><strong><a style=\"color: #15a9cf\" href=\"https:\/\/av.unil.ch\/hva\/3456\/lointainjardin.mp4\"><em>Lointain Jardin<\/em><\/a><\/strong><\/span><\/h5>\n<h5><strong>Darsy Lehner<\/strong><\/h5>\n<h5><span style=\"color: #15a9cf\"><strong><a style=\"color: #15a9cf\" href=\"https:\/\/av.unil.ch\/hva\/3456\/darsy.mp4\"><i>Los caminos de la vida<\/i><\/a><\/strong><\/span><\/h5>\n<h5><strong>C\u00e9dric Boudry et Lena Camutti<\/strong><\/h5>\n<h5><span style=\"color: #15a9cf\"><strong><a style=\"color: #15a9cf\" href=\"https:\/\/av.unil.ch\/hva\/3463\/tobacco-3_hd.mp4\"><i>Tobacco<\/i><\/a><\/strong><\/span><\/h5>\n<h5><strong>Lara Loye<\/strong><\/h5>\n<h5><span style=\"color: #15a9cf\"><strong><a style=\"color: #15a9cf\" href=\"https:\/\/av.unil.ch\/hva\/3456\/jean.mp4\"><i>Jean<\/i><\/a><\/strong><\/span><\/h5>\n<h5><span style=\"color: #d90bd9\"><strong>2019<\/strong><\/span><\/h5>\n<h5><strong><span style=\"color: #ff00ff\"><span style=\"color: #d90bd9\">Th\u00e8me \u00a0:\u00a0<\/span><em><span style=\"color: #d90bd9\">\u00ab\u00a0Fronti\u00e8res\u00a0\u00bb<\/span><br \/><\/em><\/span><\/strong><\/h5>\n<h5><strong>Lucrezia Perrig<\/strong><\/h5>\n<h5><span style=\"color: #15a9cf\"><strong><em><a style=\"color: #15a9cf\" href=\"https:\/\/av.unil.ch\/hva\/3617\/5-lucrezia-video-atelier-anthropovisuelle_hd.html?d=640x360\">Genres, Subst, Masc. Plur.<\/a><\/em><\/strong><\/span><\/h5>\n<h5><strong>Darsy Lehner<\/strong><\/h5>\n<h5><span style=\"color: #15a9cf\"><strong><a style=\"color: #15a9cf\" href=\"https:\/\/av.unil.ch\/hva\/3617\/4-darsy_hd.html?d=640x360\"><em>Moi, toi, et les autres<\/em><\/a><\/strong><\/span><\/h5>\n<h5><strong>Leonore Vuissoz<\/strong><\/h5>\n<h5><span style=\"color: #15a9cf\"><strong><em><a style=\"color: #15a9cf\" href=\"https:\/\/av.unil.ch\/hva\/3618\/g-leonore-vuissoz_hd.html?d=640x360\">Lydia, un portrait \u00e0 la fronti\u00e8re des genres \u00a0<\/a><\/em><\/strong><\/span><\/h5>\n<h5><span style=\"color: #d90bd9\"><strong>2021<\/strong><\/span><\/h5>\n<h5><strong><span style=\"color: #ff00ff\"><span style=\"color: #d90bd9\">Th\u00e8me \u00a0:\u00a0<\/span><em><span style=\"color: #d90bd9\">\u00ab\u00a0Faire face\u00a0\u00bb<\/span><\/em><\/span><\/strong><\/h5>\n<h5><strong>Miriam von Imhoff <\/strong><\/h5>\n<h5><a href=\"https:\/\/av.unil.ch\/hva\/3730\/6-dou-viennent-les-pas-version-courte.mp4\"><span style=\"color: #15a9cf\"><strong><em>D&rsquo;ou viennent les pas <\/em><\/strong><\/span><\/a><\/h5>\n<h5><strong>Piera Honegger<\/strong><\/h5>\n<h5><a href=\"https:\/\/av.unil.ch\/hva\/3730\/8-les-pratiques-de-laube.mp4\"><span style=\"color: #15a9cf\"><strong><em>Les pratiques de l&rsquo;aube<\/em><\/strong><\/span><\/a><\/h5>\n<h5><strong>Beno\u00eet Merz<\/strong><\/h5>\n<h5><a href=\"https:\/\/av.unil.ch\/hva\/3735\/7-faire-face-version-finale.mp4\"><span style=\"color: #15a9cf\"><strong><em>Un pas apr\u00e8s l&rsquo;autre, cheminer au 68\u00b0 Nord <\/em><\/strong><\/span><\/a><\/h5>\n<h5><strong>Clara <\/strong><strong>Th\u00e9rond<\/strong><\/h5>\n<h5><a href=\"https:\/\/av.unil.ch\/hva\/3730\/7-7-2-0-therond-versionnovembre2021_hd.mp4\"><span style=\"color: #15a9cf\"><strong><em>7.2\u00b0 : Voyage chez les givr\u00e9s<\/em><\/strong><\/span><\/a><\/h5>\n<h5>\u00a0<\/h5>\n<p>\u00a0<\/p>\n<h5>\u00a0<\/h5>\n<div class=\"entry-content\">\n<h5>\u00a0<\/h5>\n<\/div>\n\n\n<p><\/p>\n","protected":false},"excerpt":{"rendered":"<p>Les travaux r\u00e9alis\u00e9s par les \u00e9tudiant\u00b7e\u00b7s du cours ne sont pas tous publi\u00e9s sur ce site 2010 Natalia Gadzina \u00ab Lourdes, une exp\u00e9rience de\u00a0vie qui se raconte tr\u00e8s peu\u2026\u00a0\u00bb\u00a0 Am\u00e9lie &hellip; <\/p>\n","protected":false},"author":1001105,"featured_media":0,"parent":0,"menu_order":2,"comment_status":"closed","ping_status":"closed","template":"","meta":{"_seopress_robots_primary_cat":"","_seopress_titles_title":"","_seopress_titles_desc":"","_seopress_robots_index":"","footnotes":""},"class_list":["post-44","page","type-page","status-publish"],"_links":{"self":[{"href":"https:\/\/people.unil.ch\/francismobio\/wp-json\/wp\/v2\/pages\/44","targetHints":{"allow":["GET"]}}],"collection":[{"href":"https:\/\/people.unil.ch\/francismobio\/wp-json\/wp\/v2\/pages"}],"about":[{"href":"https:\/\/people.unil.ch\/francismobio\/wp-json\/wp\/v2\/types\/page"}],"author":[{"embeddable":true,"href":"https:\/\/people.unil.ch\/francismobio\/wp-json\/wp\/v2\/users\/1001105"}],"replies":[{"embeddable":true,"href":"https:\/\/people.unil.ch\/francismobio\/wp-json\/wp\/v2\/comments?post=44"}],"version-history":[{"count":0,"href":"https:\/\/people.unil.ch\/francismobio\/wp-json\/wp\/v2\/pages\/44\/revisions"}],"wp:attachment":[{"href":"https:\/\/people.unil.ch\/francismobio\/wp-json\/wp\/v2\/media?parent=44"}],"curies":[{"name":"wp","href":"https:\/\/api.w.org\/{rel}","templated":true}]}}