{"id":107,"date":"2020-01-24T10:37:52","date_gmt":"2020-01-24T09:37:52","guid":{"rendered":"http:\/\/people.unil.ch\/gaelegoastellec\/?page_id=107"},"modified":"2020-02-07T19:38:46","modified_gmt":"2020-02-07T18:38:46","slug":"academic_org_careers","status":"publish","type":"page","link":"https:\/\/people.unil.ch\/gaelegoastellec\/academic_org_careers\/","title":{"rendered":"Academic organisations and careers"},"content":{"rendered":"<ul>\n<li><strong>Books<\/strong><\/li>\n<\/ul>\n<p>Teixeira P., Shin J.C., Amaral A., Bernasconi A., Balbachevysky E:, CHoie E., Goastellec G., Hunter F: Kehm B., Klemencic M., Langa P., Magalhaes A., Mohamedbhai G., Nokkala T., Rumbley L, Stensaker B:, Unangst L., V\u00e4limaa J., De Wit H-, Yang R. (Eds.) (2020, online 2017),<a href=\"https:\/\/www.springer.com\/gp\/book\/9789401789042\">\u00a0<em>The Encyclopedia of International Higher Education Systems and Institutions. <\/em><\/a>The Netherlands, Springer (personal edition of the section \u00ab\u00a0HE and its communities\u00a0\u00bb, around 50 articles.<\/p>\n<p><em>Fumasoli T., <strong>Goastellec G<\/strong>., Kehm B., (Eds), 2014, <a href=\"https:\/\/books.google.ch\/books?id=lgsfBQAAQBAJ&amp;pg=PA8&amp;lpg=PA8&amp;dq=fumasoli,+uncertainty&amp;source=bl&amp;ots=yXyalphBDy&amp;sig=tLi9ywDd_EoB-8kdTnkldcY0VPQ&amp;hl=fr&amp;sa=X&amp;ved=0ahUKEwjv3N-pvrrUAhXMaxQKHdiaBboQ6AEIVDAG#v=onepage&amp;q=halevi&amp;f=false\">Academic work and careers in Europe: trends, challenges, perspectives<\/a>. The Netherlands. Springer.<\/em><\/p>\n<ul>\n<li><strong>Articles (peer-reviewed)<br \/>\n<\/strong><\/li>\n<\/ul>\n<p>Goastellec G., 2017, <a href=\"https:\/\/springer.iq-technikum.de\/referenceworkentry\/10.1007\/978-94-017-9553-1_209-1\">Internationalisation of Higher Education Research and Careers<\/a>, Europe, in Teixeira &amp; al. (Eds.), <em>The Encyclopedia of International Higher Education Systems and Institutions.<\/em> The Netherlands. Springer.<\/p>\n<p>Goastellec G., 2017, <a href=\"https:\/\/springer.iq-technikum.de\/referenceworkentry\/10.1007\/978-94-017-9553-1_389-1\">Higher Education in Switzerland.<\/a> The Encyclopedia of International Higher Education Systems and Institutions. (dir. Texeira P., ed. B. Kehm). The Netherlands. Springer.<\/p>\n<p>Goastellec G., 2017 \u00ab\u00a0<a href=\"https:\/\/www.cairn.info\/revue-journal-of-international-mobility-2016-1-page-171.htm\">La mobilit\u00e9 internationale\u00a0: une qualit\u00e9 des carri\u00e8res et des march\u00e9s acad\u00e9miques en Europe\u00a0?\u00a0<\/a>\u00bb <em>Journal of International Mobility. Moving for education, training and Research. <\/em>Vol.4.<\/p>\n<p>Crettaz von Roten F., Goastellec G., 2015, \u201cUnderstanding scientists\u2019 popular science publishing in the academic context: the role of scientists\u2019 visions of their institution\u201d <em>Journal for New Generation Science<\/em>. Vol13. N\u00b02.<\/p>\n<p>Baschung L. Goastellec G., Leresche J-P., 2011, <a href=\"https:\/\/www.tandfonline.com\/doi\/abs\/10.1080\/13583883.2011.552625\">Universities\u2019 autonomy in times of changing higher education governance: The Case of the Swiss Academic Labour Market ,<\/a> in <em>Tertiary Education and Management.<\/em><\/p>\n<p>Goastellec G., Benninghoff M., 2011, \u201c<a href=\"https:\/\/journals.openedition.org\/cres\/147\">Formaliser les r\u00e8gles, harmoniser les proc\u00e9dures et accro\u00eetre la comp\u00e9titivit\u00e9: une professionnalisation des carri\u00e8res acad\u00e9miques<\/a>?\u201d <em>Cahiers de la Recherche sur l\u2019Education et les Savoirs<\/em>. HS(3), 129-147.<\/p>\n<p>Felli R., Goastellec G., Leresche J-P., 2007, <a href=\"https:\/\/journals.openedition.org\/formationemploi\/1263\">Les march\u00e9s du travail acad\u00e9mique en France et en Suisse: des imbrications diff\u00e9renci\u00e9es<\/a>, <em>Formation Emploi<\/em>, n\u00b0100, 49-64.<\/p>\n<p><strong>Other journals<\/strong><\/p>\n<p>Goastellec G, 2016, <a href=\"https:\/\/wp.unil.ch\/esspace\/2016\/05\/linternationalisation-des-marches-et-des-carrieres-academiques-de-quoi-parle-t-on\/\">L\u2019internationalisation des march\u00e9s et des carri\u00e8res acad\u00e9miques\u00a0: de quoi parle-t-on\u00a0?\u00a0<\/a> <em>ESSPACE Recherche<\/em>. https:\/\/wp.unil.ch\/esspace\/2015\/10\/journee-de-la-recherche-ssp-linternationalisation-des-carrieres-academiques\/<\/p>\n<p>Benninghoff M., Goastellec, G. 2009.\u00a0 <a href=\"https:\/\/people.unil.ch\/gaelegoastellec\/files\/2020\/02\/Maeder20200920Bulletin.pdf\">Le programme \u00ab\u00a0professeurs Boursieurs FNS: un mod\u00e8le \u00e9litiste de l&rsquo;excellence pour les carri\u00e8res acad\u00e9miques? \u00ab\u00a0<\/a> <em>Bulletin de la Soci\u00e9t\u00e9 Suisse de Sociologie <\/em>136, 20-22.<\/p>\n<p>Goastellec G., Paradeise C., 2008, <a href=\"https:\/\/www.appeldulivre.fr\/product\/ean\/3303330403440\/cahiers-francais-n-344-le-systeme-educatif-et-ses-enjeux\">L\u2019enseignement : une dimension de plus en plus internationale<\/a>. In: <em>Cahiers Fran\u00e7ais<\/em>. La <em>documentation fran\u00e7aise<\/em>. 12-18.<\/p>\n<p>&nbsp;<\/p>\n<ul>\n<li><strong>Book chapters<\/strong><\/li>\n<\/ul>\n<p>Bataille P., Nokkala T., Siekkinen T., Goastellec G., (2019) \u00ab\u00a0Academic career, international mobility and the national gender regimes\u00a0: comparisons of Swiss and Finnish Polities \u00bb. in Weimer L., Nokkala T.,\u00a0<em>Universities as political institutions &#8211; HEIs in the middle of academic, economic, and social pressures<\/em>. The Netherlands, Sense Publishers<\/p>\n<p>Goastellec G., Crettaz von Roten F., 2017, \u201c<a href=\"https:\/\/link.springer.com\/chapter\/10.1007\/978-3-319-45844-1_9\">The societal embeddedness of academic markets: From sex to gender in the Swiss context<\/a>\u201d in Machado-Taylor, M., Soares, V. M., Teichler, U. (Eds.) , <em>Challenges and options: the academic profession in Europe<\/em>. The Changing Academy \u2013 The Changing Academic Profession in International Comparative Perspective. Series. Vo.18, The Netherlands. Springer. Pp.211-229.<\/p>\n<p>Goastellec G., Veira M., 2016, \u201cWomen place in academia: contrasting Swiss and Italian cases\u201d in Eggins H., (Eds.), <em>The changing role of women in Higher Education: Academic and leadership issues.<\/em> The Netherlands. Springer. pp.173-194<\/p>\n<p>Fumasoli T., Goastellec G., 2015, \u201c<a href=\"https:\/\/link.springer.com\/chapter\/10.1007\/978-3-319-16080-1_8\">Recruitment of academics in Switzerland: E pluribus unum?<\/a>\u201d In Teichler U., Cumming W. K., <em>Forming<\/em>, <em>recruiting and managing the academic profession. <\/em>The Netherlands<em>. <\/em>Springer. Pp.145-161<\/p>\n<p>Paradeise C., No\u00ebl M., Goastellec G., 2015, \u201c\u00a0Pression du march\u00e9, recomposition des alliances disciplinaires et impact \u00e9pist\u00e9mologique sur les disciplines\u00a0\u201d. in Gorga A., Leresche J-P., Disciplines acad\u00e9miques en transformation. <em>Entre innovation et r\u00e9sistance<\/em>. Paris. Edition des Archives contemporaines<\/p>\n<p>Fumasoli T., Goastellec G., 2014, \u201c<a href=\"https:\/\/link.springer.com\/chapter\/10.1007\/978-3-319-10720-2_4\">Global models, disciplinary and local patterns in academic recruitment processes<\/a>\u201d, in Fumasoli T., Goastellec G., and B. Kehm, <em>Academic careers in Europe: Trends, challenges, perspectives<\/em>. Springer.<\/p>\n<p>Paradeise C., Mignot-G\u00e9rard S., Thoenig J-C., Biland E., Delemarle A., Goastellec G., 2014, \u201c<a href=\"https:\/\/www.lcdpu.fr\/livre\/?GCOI=27000100178310&amp;fa=sommaire\">Pertinence et excellence en gestion. Quatre Business Schools dans leur histoire<\/a>\u201d In Bettahar Y., Mailfert M-J., <em>Les universit\u00e9s au risque de l\u2019histoire<\/em>. Nancy. PUN \u2013 Editions universitaires de Lorraine, pp.475-502<\/p>\n<p>Goastellec, 2014 \u201c<a href=\"https:\/\/www.cairn.info\/la-pedagogie-universitaire-a-l-heure-du-numerique--9782804184810-page-55.htm\">Les transformations de l\u2019enseignement sup\u00e9rieur en Europe<\/a>\u201d, in Albero B., Lameul G., Loisy C., <em>Les mutations de l\u2019enseignement sup\u00e9rieur: grandes tendances et pratiques \u00e9mergentes. P\u00e9dagogie universitaire et num\u00e9rique<\/em>. Bruxelles, De Boeck.<\/p>\n<p>Paradeise C., Thoenig J-C., Mignot-G\u00e9rard S., Biland E., Delemarle A., Goastellec G., 2013, \u201c<a href=\"https:\/\/www.oxfordscholarship.com\/view\/10.1093\/acprof:oso\/9780198713364.001.0001\/acprof-9780198713364-chapter-6\">Relevance and excellence in higher education vocational schools. Business schools as institutional actors<\/a>\u201d. In A. Pettigrew, E Cornuel, <em>The institutional development of business schools<\/em>, Oxford University Press.<\/p>\n<p>Goastellec, G. et Pekari, N. 2013. <a href=\"https:\/\/books.google.ch\/books?id=6apEAAAAQBAJ&amp;pg=PA61&amp;lpg=PA61&amp;dq=Gender+in+the+Academia+between+Differences+and+Inequalities,+Findings+in+Europe&amp;source=bl&amp;ots=pS75VTsF_B&amp;sig=ACfU3U0YNIOKzcUnpbCRVIIWVs_o8sWN-A&amp;hl=fr&amp;sa=X&amp;ved=2ahUKEwi_lb-hpLvnAhXO0qYKHfNxD-IQ6AEwCXoECAYQAQ#v=onepage&amp;q=Gender%20in%20the%20Academia%20between%20Differences%20and%20Inequalities%2C%20Findings%20in%20Europe&amp;f=false\">Gender in the Academia between Differences and Inequalities, Findings in Europe<\/a>. In U. Teichler et E. A. H\u00f6hle (Eds.), <em>The<\/em> <em>work situation of the academic profession in Europe: Findings of a survey in twelve european countries <\/em>(p. 55-78 ). Dordrecht: Springer.<\/p>\n<p>Goastellec, G., Pekari, N. 2013. Internationalization of the academic profession in Europe: careers and practices. In U. Teichler et E. A. H\u00f6hle (Eds.), <em>The<\/em> <em>work situation of the academic profession in Europe: Findings of a survey in twelve european countries \u00a0<\/em>(p. 229-248). Dordrecht\u00a0: Springer<\/p>\n<p>Goastellec, G. et Pekari, N. 2013. Reforming faculties\u2019 careers: between prestige and performance. In C. Musselin, C. et P. Texeira (dir.), <a href=\"https:\/\/www.springer.com\/gp\/book\/9789400770270\"><em>Reforming higher education: Public policy design and implementation <\/em><\/a>(p. 189-205). New-York : Springer.<\/p>\n<p>Goastellec G., Park E., Ates G., Toffel K., 2012, \u201c<a href=\"https:\/\/books.google.ch\/books?id=DR_8fwK1nckC&amp;printsec=frontcover&amp;hl=fr&amp;source=gbs_ge_summary_r&amp;cad=0#v=onepage&amp;q&amp;f=false\">Academic markets, academic careers: where do we stand<\/a>?\u201d, in Kehm B., Teichler U., <em>The academic profession in Europe, New tasks, new challenges<\/em>, Springer.<\/p>\n<p>Probst C., Goastellec G., 2012, \u201cInternationalization and the academic labour market\u201d in Kehm B., Teichler U., <em>The academic profession in Europe, New tasks, new challenges<\/em>, Springer.<\/p>\n<p>Goastellec G., 2012, \u201cChanging the rules of the French academic market: the premises of differentiation\u201d, in Altbach P., Reisberg L., Yudkevitch M., Androushchak G., Pacheco I., <a href=\"https:\/\/www.routledge.com\/Paying-the-Professoriate-A-Global-Comparison-of-Compensation-and-Contracts\/Altbach-Reisberg-Yudkevich-Androushchak-Pacheco\/p\/book\/9780415898072\"><em>Paying the professoriate. A global comparison of compensation and contracts<\/em><\/a> New York, Routledge.<\/p>\n<p>Benninghoff M., Goastellec G., Leresche J-P., 2009 \u00ab\u00a0L\u2019international comme ressource cognitive et symbolique : changements dans l\u2019instrumentation de la recherche et de l\u2019enseignement sup\u00e9rieur en Suisse\u00a0\u00bb, in Leresche &amp; al., <em>L&rsquo;internationalisation des syst\u00e8mes scientifiques<\/em>, Lausanne, PPUR, 235-255.<\/p>\n<p>Paradeise C., Goastellec G., 2009, \u00ab\u00a0Internationalisation des syst\u00e8mes d&rsquo;enseignement sup\u00e9rieur : convergence et diff\u00e9renciation \u00a0\u00bb in Leresche &amp; al., <em>L&rsquo;internationalisation des syst\u00e8mes scientifiques<\/em>, Lausanne, PPUR, 195-215.<\/p>\n<p>Baschung L., Benninghoff M., Goastellec G., Perrellon J., 2009, \u201cBetween cooperation and competition rules. New governance regimes in the Swiss Higher Education system\u201d. In: Paradeise C., Bleiklie I., Ferlie E. (eds.) University governance: western european perspectives. Springer, 153-175.<\/p>\n<p>Paradeise C., Reale E, Goastellec G., Bleiklie I, 2009, Chapter 10: \u201cUniversities steering between stories and history\u201d. In: Paradeise C., Bleiklie I., Ferlie E.. (eds.) University governance: western european perspectives. Springer, 227-246.<\/p>\n<p>Paradeise C., Reale E., Goastellec G., 2009, Chapter 9: \u201da comparative approach to higher education reforms in western European countries\u201d. In: Paradeise C., Bleiklie I., Ferlie E.. (eds.) University governance: western european perspectives. Springer, 197-225,<\/p>\n<p>Catherine Paradeise, Ivar Bleiklie, J\u00fcrgen Enders, Ga\u00eble Goastellec, Svein Michelsen, Emanuela Reale &amp; Don Westerheijden, 2008, \u201cReform policies and change processes in Europe\u201d. in: J. Huisman (eds.) <em>International perspectives on the governance of higher education: Alternative frameworks for coordination<\/em>. Routledge, 88-106.<\/p>\n<ul>\n<li><strong>Research reports<\/strong><\/li>\n<\/ul>\n<p>Goastellec G., Leresche J-P., Ramuz R., Pekari N., Adangnikou N., 2010, \u201cEvaluation des bourses du FNS\u201d.\u00a0 Berne, FNS., 262p.<\/p>\n<p>Joye-Cagnard F., Benninghoff M., Goastellec G., Ramuz R., Sormani P., Leresche J-P,\u00a0 2008, \u00ab\u00a0Evaluation \u00ab\u00a0Projets de coop\u00e9ration et d\u2019innovation\u00a0\u00bb (2004-2007)\u00a0\u00bb, Rapport final. CUS. 178p.<\/p>\n<p>Goastellec G., Leresche J-P, Moeschler O., Nicolay A., 2007, Les transformations du march\u00e9 acad\u00e9mique suisse. Evaluation du programme professeurs boursiers. FNRS.168p.<\/p>\n<p>Felli R., Goastellec G., Baschung L., Leresche J-P, 2006 \u00ab\u00a0Politique f\u00e9d\u00e9rale d\u2019encouragement de la recherche acad\u00e9mique et strat\u00e9gies institutionnelles des universit\u00e9s. Evaluation du programme \u00ab\u00a0rel\u00e8ve\u00a0\u00bb de la conf\u00e9d\u00e9ration (2000-2004), <em>Cahiers de l\u2019Observatoire<\/em>, N\u00b015, 83p.<\/p>\n<p>With the PRIME researchers network, 2006, \u00ab\u00a0Methodological Guide. Strategic management of university research activities\u00a0\u00bb, Lugano, 237p.<\/p>\n<ul>\n<li><strong>Book reviews<\/strong><\/li>\n<\/ul>\n<p>Goastellec G., 2011, David J. Siegel, \u201cOrganizing for social partnership. Higher education in cross-sector collaboration\u201d, in <em>Teachers College Record<\/em>, Columbia University.<\/p>\n<p>Goastellec G., 2006, \u201cChristine Musselin. Le march\u00e9 des universitaires. France, Allemagne, Etats-Unis\u201d, <em>Carnets de Bord<\/em>.\u00a0 pp. 66-69.<\/p>\n","protected":false},"excerpt":{"rendered":"<p>Books Teixeira P., Shin J.C., Amaral A., Bernasconi A., Balbachevysky E:, CHoie E., Goastellec G., Hunter F: Kehm B., Klemencic M., Langa P., Magalhaes A., Mohamedbhai G., Nokkala T., Rumbley L, Stensaker B:, Unangst L., V\u00e4limaa J., De Wit H-,<\/p>\n","protected":false},"author":1001099,"featured_media":0,"parent":0,"menu_order":0,"comment_status":"closed","ping_status":"closed","template":"","meta":{"_seopress_robots_primary_cat":"","_seopress_titles_title":"","_seopress_titles_desc":"","_seopress_robots_index":"","footnotes":""},"class_list":["post-107","page","type-page","status-publish"],"_links":{"self":[{"href":"https:\/\/people.unil.ch\/gaelegoastellec\/wp-json\/wp\/v2\/pages\/107","targetHints":{"allow":["GET"]}}],"collection":[{"href":"https:\/\/people.unil.ch\/gaelegoastellec\/wp-json\/wp\/v2\/pages"}],"about":[{"href":"https:\/\/people.unil.ch\/gaelegoastellec\/wp-json\/wp\/v2\/types\/page"}],"author":[{"embeddable":true,"href":"https:\/\/people.unil.ch\/gaelegoastellec\/wp-json\/wp\/v2\/users\/1001099"}],"replies":[{"embeddable":true,"href":"https:\/\/people.unil.ch\/gaelegoastellec\/wp-json\/wp\/v2\/comments?post=107"}],"version-history":[{"count":0,"href":"https:\/\/people.unil.ch\/gaelegoastellec\/wp-json\/wp\/v2\/pages\/107\/revisions"}],"wp:attachment":[{"href":"https:\/\/people.unil.ch\/gaelegoastellec\/wp-json\/wp\/v2\/media?parent=107"}],"curies":[{"name":"wp","href":"https:\/\/api.w.org\/{rel}","templated":true}]}}