{"id":263,"date":"2020-02-06T13:32:31","date_gmt":"2020-02-06T12:32:31","guid":{"rendered":"http:\/\/people.unil.ch\/gaelegoastellec\/?page_id=263"},"modified":"2020-02-06T13:45:08","modified_gmt":"2020-02-06T12:45:08","slug":"past-projects","status":"publish","type":"page","link":"https:\/\/people.unil.ch\/gaelegoastellec\/past-projects\/","title":{"rendered":"Past projects"},"content":{"rendered":"<ul>\n<li><strong>GARCIA &#8211; Gendering the academy and research: combating career instability and asymmetries (2014-2017)<\/strong><\/li>\n<\/ul>\n<p><a href=\"https:\/\/garciaproject.eu\/\"><img alt=\"\" loading=\"lazy\" decoding=\"async\" class=\"wp-image-202 alignright\" src=\"https:\/\/people.unil.ch\/gaelegoastellec\/files\/2020\/02\/garcia_unil-3207-low-res.jpg\" alt=\"\" width=\"197\" height=\"131\" srcset=\"https:\/\/people.unil.ch\/gaelegoastellec\/files\/2020\/02\/garcia_unil-3207-low-res.jpg 1000w, https:\/\/people.unil.ch\/gaelegoastellec\/files\/2020\/02\/garcia_unil-3207-low-res-300x200.jpg 300w, https:\/\/people.unil.ch\/gaelegoastellec\/files\/2020\/02\/garcia_unil-3207-low-res-768x511.jpg 768w\" sizes=\"auto, (max-width: 197px) 100vw, 197px\" \/><\/a><\/p>\n<p align=\"justify\">The FP7 GARCIA Project is concerned with the implementation of actions in European Universities and research centres to promote a gender culture and combat gender stereotypes and discriminations. By taking into account the involved organisations, but also their broader national context, this project aims to develop and maintain research potential and skills of both, women and men researchers, in order to sustain the quality of their working conditions.<\/p>\n<p>&nbsp;<\/p>\n<hr \/>\n<ul>\n<li><strong>DOSP: Development and validation of a comparative framework for the analysis of educational and vocational guidance systems: an international perspective<\/strong><br \/>\nLed by France Picard and funded by the Social Sciences and Humanity Research Council of Canada. Insight development Grant.<\/li>\n<\/ul>\n<p>Member of the Scientific board<\/p>\n<p align=\"justify\">Our work deals with educational and vocational guidance systems (DOSP) dedicated to the support and guidance of young people who are unequally endowed in their orientation path. The relative vulnerability of these young people, which is an issue of social justice, is characterized by differences related to their educational record, their family&rsquo;s cultural and economic resources, geographic trajectories and gender that have an impact on the choice of an educational or career program. The PSOD refers to what is in place at the national or regional (e.g., township, province) level to support the student population in the orientation pathway. At the macro-social level, the PSOD covers educational and guidance-related policies as well as the levels of guidance (the pathways embedded in the school structure requiring a choice by the young person or a decision by the institution). At the meso-social level, it integrates the mission of a guidance service, the organization of the work of guidance professionals and their services. At the micro-social level, it encompasses the student population&rsquo;s guidance pathways, i.e. the process of choice made throughout the school year or extracurricular activities (e.g. decision to interrupt or return to school). We have chosen to study this question in the context of the transition to higher education, one of the key moments in the educational pathway where the issue of social justice is acutely felt.<br \/>\nAs part of a methodological approach, this international comparative study is based on Amartya Sen&rsquo;s (2010) theoretical perspective on social justice. Initially developed in the field of economics, Sen&rsquo;s theory (2010) has been tested in the analysis of employment, vocational training and integration policies for young people in situations of disruption (Bonvin, 2013; Bonvin &amp; Farvaque, 2007; Farvaque, 2005); Hugentobler &amp; Moachon, 2012), the sociological analysis of the Belgian education system (Verhoeven, Orianne &amp; Dupriez, 2007), continuing education (Lambert, Vero, 2013; Lambert, Vero, Zimmermann, 2012) and in international comparisons of training and employment integration pathways from the perspective of economics (Olympio, 2012; 2013). Our research was based on a multicase study (Gagnon, 2010; Merriam, 1988; Remenyi, 2012; Stake, 1995; Yin, 2009). The cases studied were from the PSODs of Burkina Faso, France, Quebec (Canada), the canton of Vaud.<\/p>\n<hr \/>\n<ul>\n<li><strong>EuroAC, The Academic Profession in Europe: Responses to Societal Challenges (2009 &#8211; 2013)<\/strong><br \/>\nLed by G. Goastellec, M B. Lepori (USI), C. Probst (USI)<\/li>\n<\/ul>\n<p align=\"justify\">The academic profession (AP) is being perceived in public discourse and higher education research as an ambivalent profession shaped by changing conditions and contradictory expectations. The last decades have brought developments such as a growing importance of the AP as creator and disseminator of advanced knowledge, accelerated by the emerging knowledge society, but also a loss of status, increasing workload, gradual diminution of professional self-regulation and substantial revisions in the organisational fabric of higher education systems. Little evidence, however, is available on whether these changes in the societal contexts and institutional settings are powerful forces affecting the values, attitudes and professional practices of the AP. EUROAC analyses the impact of societal and institutional change on the AP with a cross-national comparative approach. It aims at understanding how the AP in various European countries perceives, interprets and interacts with changes in the socio-economic environment and in the organisational fabric of higher education systems. Within the Swiss part of the project, we particularly focus on professors&rsquo; recruitment process as revelatory of the adaptation of the Academic Profession to societal changes, hence we mainly look at academic careers. Methods include besides analysis of existing literature and documentary analysis the replication of the \u00ab\u00a0Changing Academic Profession\u00a0\u00bb survey (CAP) in Switzerland and, as main part, an interview survey covering academics from different types of higher education institutions and disciplinary fields and at different career stages.<\/p>\n<hr \/>\n<ul>\n<li><strong>More II. Mobility pattern career paths and working conditions of researcher (2012)<\/strong><br \/>\nCountry expert for Switzerland and France<\/li>\n<\/ul>\n<hr \/>\n<ul>\n<li><strong>HESA (2011-2012)<\/strong><br \/>\nFunded by Higher Education Strategy Associate (Canada)<br \/>\nCorresponding researcher for Switzerland<\/li>\n<\/ul>\n<p>Marcucci P., Usher A.,2012, <em>2011 Year in Review: Global Changes in Tuition Fee Policies and Student Financial Assistance<\/em><br \/>\nMarcucci P., Usher A., <em>2011, 2010 Year in Review : tuition fees and students financial assistance.<\/em><\/p>\n<hr \/>\n<ul>\n<li><strong>A Comparative Study of Academic Salaries and Remuneration in 30 Countries <\/strong><strong>(2010)<\/strong><br \/>\nLed by P. Altbach, M. Yudkevich, G. Amdroushchak, L. Reisberg I. Pacheco, funded by Boston College Center for International Higher Education (USA) and Moscow State University Higher School of Economics (Russia)<\/li>\n<\/ul>\n<p>French case study<\/p>\n<p align=\"justify\">This project is joint collaboration of the Center for International Higher Education at Boston College (CIHE) and Laboratory for Institutional Analysis (LIA) of the Higher School of Economics in Moscow. This research is an elaboration of a pilot study organized by CIHE, published as International Comparison of Academic Salaries: An Exploratory Study. The new project will extend the pilot study by doubling the number of countries and using much more sophisticated methods to collect information and provide more significant conclusions.<\/p>\n<hr \/>\n<ul>\n<li><strong>PRESTENCE. Du prestige \u00e0 l&rsquo;excellence. La fabrique de la qualit\u00e9 acad\u00e9mique. Comparaisons entre disciplines, \u00e9tablissements, pays (2009-2013)<\/strong><br \/>\nLed by C. Paradeise and funded by Agence Nationale de la Recherche (France)<br \/>\nScientific board: M. No\u00ebl, C. Lanciano, P.M. Menger, G. Goastellec, E. Reale, A. Schoen<\/li>\n<\/ul>\n<p align=\"justify\">This project is part of thematic axis 1 of the ANR SCIENCESOC 2009 programme: \u00ab\u00a0sciences, knowledge, innovations, institutions\u00a0\u00bb. It brings together sociologists, politicians and managers to address the recent evolutions and transformations of higher education and research institutions from a triple comparative perspective: international, inter-institutional and interdisciplinary.<br \/>\nIt is interested in the construction and maintenance of the quality of operational entities of higher education and research &#8211; the \u00ab\u00a0departments\u00a0\u00bb &#8211; through the prism of the judgement mechanisms that apply to them (people, components of institutions, institutions, countries). For historical reasons, this question is fairly new in France (Musselin &amp; Paradeise 2009), as it is more widely used in Western Europe.<br \/>\nBy studying in depth a set of teaching and research departments with a strong reputation, the aim is to shed light on how the quality that is attributed to them is acquired, managed or compromised in the long term, at the crossroads of the two systems of judgement, prestige and excellence. On the one hand, we want to understand how and to what extent, on a daily basis, in a more or less proactive way, these departments adjust their positioning in the face of heterogeneous objectives, all of which are part of the missions of higher education and research, in order to build the quality they seek or maintain the quality they are given, despite the current transformation of the mechanisms of judgement. On the other hand, we want to identify how the dynamics of quality judgements affect such decisive dimensions of higher education and research as content, the division of academic labour or the remuneration of staff in these departments.<\/p>\n<hr \/>\n<ul>\n<li><strong>PRIME. Policies for Research and Innovation in the Move towards the European Research Area (2004-2008)<\/strong><\/li>\n<\/ul>\n<p align=\"justify\">PRIME was a network of excellence to develop long-term research and shared infrastructures on policies for research and innovation in the move towards the European Research Area (ERA); the overall objective of PRIME was to carry out the research and related structural actions needed to underpin policies for research and innovation in the move towards the European Research Area (ERA). The OSPS participated to 2 research programs: the Steering of Universities (SUN) and the Observatory of European Universities.<\/p>\n<hr \/>\n<ul>\n<li><strong>New Century Scholar: Access and Equity in Higher Education (2005-2006)<\/strong><br \/>\nPersonal grant, Fullbright Foundation<\/li>\n<\/ul>\n<hr \/>\n<p>&nbsp;<\/p>\n<p><em><strong>Mandates\/ Policy evaluations<\/strong><\/em><\/p>\n<p><strong>&#8211; Has the widening of access to higher education reduced inequalities? (2010-2011)<\/strong><br \/>\nNESSE report.<\/p>\n<p><strong>&#8211; Evaluation du programme des bourses SNF (2009 &#8211; 2010) <\/strong>Funded by NSF (Suisse), co-le: J-P Leresche, G. Goastellec<\/p>\n<p><strong>&#8211; Les in\u00e9galit\u00e9s sociales dans l&rsquo;enseignement sup\u00e9rieur: <\/strong><strong>Etat des lieux des bases de donn\u00e9es europ\u00e9ennes (2008) <\/strong>Funded by OSPS-FORS (Suisse)<\/p>\n<p><strong>&#8211; Gouvernance, financement et assurance qualit\u00e9 dans l&rsquo;enseignement sup\u00e9rieur en Chine et en Suisse (2007 &#8211; 2008) <\/strong>Funded by Centre for socio-economic development and OCDE<\/p>\n<p><strong>&#8211; Evaluation \u00ab\u00a0projets de coop\u00e9ration et d&rsquo;innovation\u00a0\u00bb (2007 &#8211; 2008) <\/strong>Funded by CUS (Conf\u00e9rence des Universit\u00e9s Suisses), led: J.-P- Leresche<\/p>\n<p><strong>&#8211; Evaluation du programme \u00ab rel\u00e8ve \u00bb de la conf\u00e9d\u00e9ration\u00a0 (2004 &#8211; 2007) <\/strong>Funded by CUS (Conference of Swiss Universities), led: J.-P- Leresche<\/p>\n<p><strong>&#8211; Evaluation du programme \u00ab\u00a0professeurs boursiers FNS\u00a0\u00bb (2006 &#8211; 2007)<\/strong><br \/>\nFunded by SNF, led : J.-P- Leresche<\/p>\n<p>&nbsp;<\/p>\n","protected":false},"excerpt":{"rendered":"<p>GARCIA &#8211; Gendering the academy and research: combating career instability and asymmetries (2014-2017) The FP7 GARCIA Project is concerned with the implementation of actions in European Universities and research centres to promote a gender culture and combat gender stereotypes and<\/p>\n","protected":false},"author":1001099,"featured_media":0,"parent":0,"menu_order":0,"comment_status":"closed","ping_status":"closed","template":"","meta":{"_seopress_robots_primary_cat":"","_seopress_titles_title":"","_seopress_titles_desc":"","_seopress_robots_index":"","footnotes":""},"class_list":["post-263","page","type-page","status-publish"],"_links":{"self":[{"href":"https:\/\/people.unil.ch\/gaelegoastellec\/wp-json\/wp\/v2\/pages\/263","targetHints":{"allow":["GET"]}}],"collection":[{"href":"https:\/\/people.unil.ch\/gaelegoastellec\/wp-json\/wp\/v2\/pages"}],"about":[{"href":"https:\/\/people.unil.ch\/gaelegoastellec\/wp-json\/wp\/v2\/types\/page"}],"author":[{"embeddable":true,"href":"https:\/\/people.unil.ch\/gaelegoastellec\/wp-json\/wp\/v2\/users\/1001099"}],"replies":[{"embeddable":true,"href":"https:\/\/people.unil.ch\/gaelegoastellec\/wp-json\/wp\/v2\/comments?post=263"}],"version-history":[{"count":0,"href":"https:\/\/people.unil.ch\/gaelegoastellec\/wp-json\/wp\/v2\/pages\/263\/revisions"}],"wp:attachment":[{"href":"https:\/\/people.unil.ch\/gaelegoastellec\/wp-json\/wp\/v2\/media?parent=263"}],"curies":[{"name":"wp","href":"https:\/\/api.w.org\/{rel}","templated":true}]}}