{"id":55,"date":"2022-08-16T08:46:56","date_gmt":"2022-08-16T06:46:56","guid":{"rendered":"https:\/\/people.unil.ch\/hansjoergalbrecher\/?page_id=55"},"modified":"2025-10-23T18:47:27","modified_gmt":"2025-10-23T16:47:27","slug":"homepage","status":"publish","type":"page","link":"https:\/\/people.unil.ch\/hansjoergalbrecher\/","title":{"rendered":"Homepage"},"content":{"rendered":"\n<div class=\"wp-block-columns alignwide add-remove-bottom-space wp-container-3 is-layout-flex wp-container-core-columns-is-layout-9d6595d7 wp-block-columns-is-layout-flex\">\n<div class=\"wp-block-column add-remove-bottom-space is-layout-flow wp-block-column-is-layout-flow\" style=\"flex-basis:33%\">\n<figure class=\"wp-block-image size-large is-resized\"><img alt=\"\" loading=\"lazy\" decoding=\"async\" width=\"958\" height=\"1024\" src=\"https:\/\/people.unil.ch\/hansjoergalbrecher\/files\/2024\/12\/HA_24_2_websm-958x1024.jpg\" alt=\"\" class=\"wp-image-723\" style=\"width:276px;height:auto\" srcset=\"https:\/\/people.unil.ch\/hansjoergalbrecher\/files\/2024\/12\/HA_24_2_websm-958x1024.jpg 958w, https:\/\/people.unil.ch\/hansjoergalbrecher\/files\/2024\/12\/HA_24_2_websm-281x300.jpg 281w, https:\/\/people.unil.ch\/hansjoergalbrecher\/files\/2024\/12\/HA_24_2_websm-768x821.jpg 768w, https:\/\/people.unil.ch\/hansjoergalbrecher\/files\/2024\/12\/HA_24_2_websm-540x577.jpg 540w, https:\/\/people.unil.ch\/hansjoergalbrecher\/files\/2024\/12\/HA_24_2_websm-1080x1154.jpg 1080w, https:\/\/people.unil.ch\/hansjoergalbrecher\/files\/2024\/12\/HA_24_2_websm.jpg 1123w\" sizes=\"auto, (max-width: 958px) 100vw, 958px\" \/><\/figure>\n<\/div>\n\n\n\n<div class=\"wp-block-column add-remove-bottom-space is-layout-flow wp-block-column-is-layout-flow\" style=\"flex-basis:67%\">\n<h2 class=\"wp-block-heading add-remove-bottom-space has-large-font-size\">Hansjoerg Albrecher<\/h2>\n\n\n\n<p class=\"has-small-font-size\">Professeur ordinaire<\/p>\n\n\n\n<p class=\"add-remove-bottom-space\" style=\"font-size:11px\"><a href=\"https:\/\/www.unil.ch\/dsa\/home.html\">D\u00e9partement de sciences actuarielles<\/a><br><a href=\"https:\/\/www.unil.ch\/hec\/home.html\">Facult\u00e9 des HEC<\/a><br><a href=\"https:\/\/www.unil.ch\/index.html\">Universit\u00e9 de Lausanne<\/a><\/p>\n\n\n\n<p style=\"font-size:11px\"><strong>Contact<\/strong><br>hansjoerg.albrecher@unil.ch<br>Extranef, Bureau 207<br>T\u00e9l: +41(0)21.692.33.71<\/p>\n\n\n\n<p style=\"font-size:11px\"><strong>Adresse Postale<\/strong><br>Universit\u00e9 de Lausanne<br>Quartier UNIL-Chamberonne<br>B\u00e2timent Extranef<br>1015 Lausanne, Switzerland<\/p>\n<\/div>\n<\/div>\n\n\n\n<div style=\"height:10px\" aria-hidden=\"true\" class=\"wp-block-spacer\"><\/div>\n\n\n\n<div class=\"wp-block-group alignwide add-remove-bottom-space\"><div class=\"wp-block-group__inner-container is-layout-flow wp-block-group-is-layout-flow\">\n<p class=\"add-remove-bottom-space\"><a href=\"https:\/\/people.unil.ch\/hansjoergalbrecher\/recent-publications\/\">Publications and Preprints<\/a><\/p>\n<p class=\"add-remove-bottom-space\"><a href=\"https:\/\/people.unil.ch\/hansjoergalbrecher\/curriculum-vitae\/\">Curriculum Vitae<\/a><\/p>\n<p class=\"add-remove-bottom-space\"><a href=\"https:\/\/scholar.google.ch\/citations?user=cBmA7-MAAAAJ&amp;hl=de\">My Google Scholar Page<\/a><\/p>\n<\/div><\/div>\n\n\n\n<h5 class=\"wp-block-heading\">Events and Links<\/h5>\n\n\n\n<p class=\"add-remove-bottom-space\"><a href=\"https:\/\/saa-iss.ch\/\">37th Int. Summer School of the Swiss Association of Actuaries on \u00a0\u00bbInsurance: Innovations for Products, Sustainability and Regulation\u00a0\u00bb<\/a> in Lausanne, August 10-14, 2026<\/p><br>\n<p class=\"add-remove-bottom-space\"><a href=\"https:\/\/eaj2026-iam.metu.edu.tr\/\">European Actuarial Journal Conference 2026<\/a> in Istanbul, September 9-11, 2026<\/p><br>\n\n<p class=\"add-remove-bottom-space\"><a href=\"https:\/\/www.unil.ch\/ecce\/home.html\">Expertise Center for Climate Extremes (ECCE)<\/a>, University of Lausanne<\/p><br>\n<p class=\"add-remove-bottom-space\"><a href=\"https:\/\/www.sfi.ch\/en\/\">Swiss Finance Institute<\/a><\/p>\n\n\n\n<p><\/p>\n","protected":false},"excerpt":{"rendered":"<p>Hansjoerg Albrecher Professeur ordinaire D\u00e9partement de sciences actuariellesFacult\u00e9 des HECUniversit\u00e9 de Lausanne Contacthansjoerg.albrecher@unil.chExtranef, Bureau 207T\u00e9l: +41(0)21.692.33.71 Adresse PostaleUniversit\u00e9 de LausanneQuartier UNIL-ChamberonneB\u00e2timent Extranef1015 Lausanne, Switzerland Publications and Preprints Curriculum&hellip;<\/p>\n","protected":false},"author":1001133,"featured_media":0,"parent":0,"menu_order":0,"comment_status":"closed","ping_status":"closed","template":"","meta":{"_seopress_robots_primary_cat":"","_seopress_titles_title":"","_seopress_titles_desc":"","_seopress_robots_index":"","footnotes":""},"class_list":["post-55","page","type-page","status-publish","has-post-thumbnail"],"_links":{"self":[{"href":"https:\/\/people.unil.ch\/hansjoergalbrecher\/wp-json\/wp\/v2\/pages\/55","targetHints":{"allow":["GET"]}}],"collection":[{"href":"https:\/\/people.unil.ch\/hansjoergalbrecher\/wp-json\/wp\/v2\/pages"}],"about":[{"href":"https:\/\/people.unil.ch\/hansjoergalbrecher\/wp-json\/wp\/v2\/types\/page"}],"author":[{"embeddable":true,"href":"https:\/\/people.unil.ch\/hansjoergalbrecher\/wp-json\/wp\/v2\/users\/1001133"}],"replies":[{"embeddable":true,"href":"https:\/\/people.unil.ch\/hansjoergalbrecher\/wp-json\/wp\/v2\/comments?post=55"}],"version-history":[{"count":5,"href":"https:\/\/people.unil.ch\/hansjoergalbrecher\/wp-json\/wp\/v2\/pages\/55\/revisions"}],"predecessor-version":[{"id":790,"href":"https:\/\/people.unil.ch\/hansjoergalbrecher\/wp-json\/wp\/v2\/pages\/55\/revisions\/790"}],"wp:attachment":[{"href":"https:\/\/people.unil.ch\/hansjoergalbrecher\/wp-json\/wp\/v2\/media?parent=55"}],"curies":[{"name":"wp","href":"https:\/\/api.w.org\/{rel}","templated":true}]}}