{"id":551,"date":"2012-04-09T07:51:22","date_gmt":"2012-04-09T05:51:22","guid":{"rendered":"http:\/\/people.unil.ch\/iansanders\/?page_id=551"},"modified":"2018-06-25T12:33:53","modified_gmt":"2018-06-25T10:33:53","slug":"effectiveness-of-amf-on-cassava-growth-in-los-llanos","status":"publish","type":"page","link":"https:\/\/people.unil.ch\/iansanders\/our-work-in-colombia\/currently-running-projects\/effectiveness-of-amf-on-cassava-growth-in-los-llanos\/","title":{"rendered":"Using AMF genetics to improve Cassava growth in Colombia"},"content":{"rendered":"<figure style=\"width: 550px\" class=\"wp-caption alignnone\"><img loading=\"lazy\" decoding=\"async\" src=\"https:\/\/people.unil.ch\/iansanders\/files\/2012\/04\/Cassava-field-boring-1024x555.jpg\" alt=\"\" width=\"550\" height=\"346\" \/><figcaption class=\"wp-caption-text\">Cassava field at Utop\u00eda where the current experiments are running<\/figcaption><\/figure>\n<h2>Aims<\/h2>\n<p>In our main field trials we investigate how biotechnologically-produced mycorrhizal fungi affect cassava growth. We did this first with commercially-produced AMF with a lot of success. This was to see if concentrated mycorrhizal fungal inoculum in a gel-based carrier will be applicable in the field in Colombia. We use this type of inoculum because it is free of other unwanted microorganisms, it is easy to transport and it is relatively low cost (see <a title=\"Use in Agriculture\" href=\"https:\/\/people.unil.ch\/iansanders\/use-in-agriculture\/\">Use in Agriculture<\/a> for more details about why). For results of the first field click\u00a0<a title=\"How we significantly increased cassava yield with mycorrhiza \u2013 New Exciting Results!\" href=\"https:\/\/people.unil.ch\/iansanders\/our-work-in-colombia\/how-we-significantly-increased-cassava-yield-with-mycorrhiza-new-exciting-results\/\">here<\/a>.<\/p>\n<h3>The microbial revolution: Towards a mycorrhizal fungus improvement or breeding program<\/h3>\n<p>Farmers have been improving crops for millennia without understanding plant genetics. Advances in plant breeding in the 60s-70s largely fuelled the green revolution leading to massive global increases in food production. But increases in yield made by plant breeding are levelling out. We need new technologies. We believe that we can do this with microorganisms like mycorrhizal fungi extending yields beyond those that plant geneticists have already achieved. Click on the image below to see our rationale for the scientific basis for this.<\/p>\n<figure style=\"width: 189px\" class=\"wp-caption alignnone\"><a href=\"https:\/\/people.unil.ch\/iansanders\/files\/2013\/10\/Sanders_poster-copy.pdf\" target=\"_blank\" rel=\"noopener\"><img loading=\"lazy\" decoding=\"async\" src=\"https:\/\/people.unil.ch\/iansanders\/files\/2013\/10\/PosterThumb.jpg\" alt=\"PosterThumb\" width=\"189\" height=\"267\" \/><\/a><figcaption class=\"wp-caption-text\">Click on the image to download a pdf of a poster presented at the 1st Global Food Security Conference in 2013.<\/figcaption><\/figure>\n<p>Testing genetically improved mycorrhizal fungi (ongoing): We want to know :<\/p>\n<ol>\n<li>Do \u00a0and genetically novel AMF that we have developed in our lab-based research in Switzerland affect cassava growth differently to the commercially-produced AMF inoculum;<\/li>\n<li>Can we find either crossed or segregated lines that make cassava grow either better or worse than commercially-inoculated or uninoculated plants (click <a title=\"Using genetic variation to improve plant growth\" href=\"https:\/\/people.unil.ch\/iansanders\/mycorrhiza-genetics\/how-we-use-genetic-variation-to-improve-plant-growth\/\">here<\/a> for a definition of crossed and segregated lines).<\/li>\n<li>Do the inoculum work in the field, e.g. do they actually colonise the plants?<\/li>\n<\/ol>\n<p>If the results of these tests yield good results then this provides a strong rational for a genetic improvement or breeding program on mycorrhizal fungi rather than on the plants themselves.<\/p>\n<h2>NEWS! Production of AMF for field trials &#8211; an initial success !<\/h2>\n<p>Other than for the first field trial, we had to first take our novel AMF lines that were developed in Lausanne to the company <a title=\"Who we work with and why\" href=\"https:\/\/people.unil.ch\/iansanders\/our-work-in-colombia\/who-we-work-with-and-why\/\">Mycovitro<\/a>, in Granada (Spain). Mycovitro successfully produced the inoculum for free for the field trials. This is a very important point because many critics of our work questioned whether our lab-based AMF could ever be produced in large enough quantities in a commercially-based production system. The clear answer to this is, yes! All of the novel AMF that we have generated in Switzerland grow well in the commercial production system and it is easy to produce enough inoculum for either field trails or for large-scale use in agriculture. Taking genetically novel AMF lines from the lab to the field is commercially and economically feasible.<\/p>\n<h2>The field site: Utopia Campus of the Universidad de la Salle, Yopal<\/h2>\n<p>All our field experiments are located on the <a title=\"Who we work with and why\" href=\"https:\/\/people.unil.ch\/iansanders\/our-work-in-colombia\/who-we-work-with-and-why\/\">Utopia Campus<\/a> of the Universidad de la Salle which is in Yopal in Colombia. The experiments we run are very large and require a lot of maintenance and a lot of measurements. We are very lucky that the students at Utopia already have quite a lot of experience growing cassava. The photos (right) are taken during the first experiment.<\/p>\n<p>Click <a href=\"https:\/\/maps.google.ch\/maps?q=yopal&amp;hl=en&amp;ll=5.331644,-72.399902&amp;spn=12.445899,17.995605&amp;sll=46.362093,9.036255&amp;sspn=4.321641,8.997803&amp;t=h&amp;hnear=Yopal,+Casanare,+Colombia&amp;z=6\" target=\"_blank\" rel=\"noopener\">here<\/a> to see where the field site is.<\/p>\n<h2>Who does the experiments?<\/h2>\n<p>Isabel Cristina Ceballos Rojas is a PhD student at the National University of Colombia in Bogota and funded on our Swiss National Science Foundation project. The questions outlined above form the basis of her PhD work. She is assisted in the field by undergraduate students at the Utopia campus of the La Salle University.<\/p>\n<p>The Utopia agronomy students: Over 20 undergraduate students have taken a very active part in planting the experiment, inoculating the plants, fertilising the plants and making many of the measurements throughout the field experiments. Without their assistance we would simply not have the ability to conduct field experiments on such a large scale. Their enormous enthusiasm for conducting field experiment, as well as their experience in cultivating cassava, has been an enormous advantage to the project.<\/p>\n<p>Here is a list of some of the students who have participated, although more students have worked in the experiments than those listed here &#8230;&#8230;&#8230; sorry if I forgot your name!<\/p>\n<p>Student leaders: Anderson\u00a0 Hidalgo, Camilo Alberto Guti\u00e9rrez, Diego Alexander Arias, Erika Tatiana Naranjo, Jos\u00e9 Irenarco Tapias, Leidy Andrea Barrera, Leonela Yised Na\u00f1es, Mar\u00eda Idaly Ib\u00e1\u00f1ez, V\u00edctor Fernando Camacho.\u00a0Additional field assistants: Alberto Fidel Lozano, \u00c1lvaro \u00c1ngel Arango, \u00c1lvaro Javier Silva, Anderson Estepa, \u00c1ngel Nolberto Tavera, Audelio Renter\u00eda, Diego P\u00e9rez, Dumar S\u00e1nchez, Efr\u00e9n Paul Colina, Enrique Arroyo, Erika Le\u00f3n, Gildardo Castro, Jorge Pinz\u00f3n, Karla Angarita, Sara Lucia Rodelo, V\u00edctor Hugo Granados, Walderley Hern\u00e1ndez, William Rodr\u00edguez, Yuli Castro<\/p>\n<p>Project leaders: Alia Rodriguez (National University of Colombia), Ian Sanders (University of Lausanne), Cristhian Fernandez (La Salle University), Ricardo Pe\u00f1a (La Salle University)<\/p>\n<p>Current state of the project and results: The first field trial was set up several months ago. The final harvest to look at yields of all the different parts of the plant (not just the roots) will take place in April 2012. We will post results about the outcome of these first experiments when we have solid data to present.<\/p>\n<p>Click on any of the images below to see a slide show of the field site and the students<\/p>\n<div id='gallery-1' class='gallery galleryid-551 gallery-columns-4 gallery-size-thumbnail'><figure class='gallery-item'>\n\t\t\t<div class='gallery-icon landscape'>\n\t\t\t\t<a href='https:\/\/people.unil.ch\/iansanders\/files\/2012\/04\/Cassava-field-boring.jpg'><img loading=\"lazy\" decoding=\"async\" width=\"150\" height=\"150\" src=\"https:\/\/people.unil.ch\/iansanders\/files\/2012\/04\/Cassava-field-boring-150x150.jpg\" class=\"attachment-thumbnail size-thumbnail\" alt=\"\" sizes=\"auto, 100vw\" \/><\/a>\n\t\t\t<\/div><\/figure><figure class='gallery-item'>\n\t\t\t<div class='gallery-icon landscape'>\n\t\t\t\t<a href='https:\/\/people.unil.ch\/iansanders\/files\/2012\/04\/DSC_8941.jpg'><img loading=\"lazy\" decoding=\"async\" width=\"150\" height=\"150\" src=\"https:\/\/people.unil.ch\/iansanders\/files\/2012\/04\/DSC_8941-150x150.jpg\" class=\"attachment-thumbnail size-thumbnail\" alt=\"\" sizes=\"auto, 100vw\" \/><\/a>\n\t\t\t<\/div><\/figure><figure class='gallery-item'>\n\t\t\t<div class='gallery-icon portrait'>\n\t\t\t\t<a href='https:\/\/people.unil.ch\/iansanders\/files\/2012\/04\/DSC_8952.jpg'><img loading=\"lazy\" decoding=\"async\" width=\"150\" height=\"150\" src=\"https:\/\/people.unil.ch\/iansanders\/files\/2012\/04\/DSC_8952-150x150.jpg\" class=\"attachment-thumbnail size-thumbnail\" alt=\"\" sizes=\"auto, 100vw\" \/><\/a>\n\t\t\t<\/div><\/figure><figure class='gallery-item'>\n\t\t\t<div class='gallery-icon landscape'>\n\t\t\t\t<a href='https:\/\/people.unil.ch\/iansanders\/files\/2012\/04\/DSC_8960.jpg'><img loading=\"lazy\" decoding=\"async\" width=\"150\" height=\"150\" src=\"https:\/\/people.unil.ch\/iansanders\/files\/2012\/04\/DSC_8960-150x150.jpg\" class=\"attachment-thumbnail size-thumbnail\" alt=\"\" sizes=\"auto, 100vw\" \/><\/a>\n\t\t\t<\/div><\/figure><figure class='gallery-item'>\n\t\t\t<div class='gallery-icon landscape'>\n\t\t\t\t<a href='https:\/\/people.unil.ch\/iansanders\/files\/2012\/04\/alia2.jpg'><img loading=\"lazy\" decoding=\"async\" width=\"150\" height=\"150\" src=\"https:\/\/people.unil.ch\/iansanders\/files\/2012\/04\/alia2-150x150.jpg\" class=\"attachment-thumbnail size-thumbnail\" alt=\"\" sizes=\"auto, 100vw\" \/><\/a>\n\t\t\t<\/div><\/figure><figure class='gallery-item'>\n\t\t\t<div class='gallery-icon landscape'>\n\t\t\t\t<a href='https:\/\/people.unil.ch\/iansanders\/files\/2012\/04\/Ricardo-Penes-head-teacher.jpg'><img loading=\"lazy\" decoding=\"async\" width=\"150\" height=\"150\" src=\"https:\/\/people.unil.ch\/iansanders\/files\/2012\/04\/Ricardo-Penes-head-teacher-150x150.jpg\" class=\"attachment-thumbnail size-thumbnail\" alt=\"\" sizes=\"auto, 100vw\" \/><\/a>\n\t\t\t<\/div><\/figure><figure class='gallery-item'>\n\t\t\t<div class='gallery-icon landscape'>\n\t\t\t\t<a href='https:\/\/people.unil.ch\/iansanders\/files\/2012\/04\/student-utopia-10.jpg'><img loading=\"lazy\" decoding=\"async\" width=\"150\" height=\"150\" src=\"https:\/\/people.unil.ch\/iansanders\/files\/2012\/04\/student-utopia-10-150x150.jpg\" class=\"attachment-thumbnail size-thumbnail\" alt=\"\" sizes=\"auto, 100vw\" \/><\/a>\n\t\t\t<\/div><\/figure><figure class='gallery-item'>\n\t\t\t<div class='gallery-icon portrait'>\n\t\t\t\t<a href='https:\/\/people.unil.ch\/iansanders\/files\/2012\/04\/student-utopia-11.jpg'><img loading=\"lazy\" decoding=\"async\" width=\"150\" height=\"150\" src=\"https:\/\/people.unil.ch\/iansanders\/files\/2012\/04\/student-utopia-11-150x150.jpg\" class=\"attachment-thumbnail size-thumbnail\" alt=\"\" sizes=\"auto, 100vw\" \/><\/a>\n\t\t\t<\/div><\/figure><figure class='gallery-item'>\n\t\t\t<div class='gallery-icon landscape'>\n\t\t\t\t<a href='https:\/\/people.unil.ch\/iansanders\/files\/2012\/04\/students-utopia.jpg'><img loading=\"lazy\" decoding=\"async\" width=\"150\" height=\"150\" src=\"https:\/\/people.unil.ch\/iansanders\/files\/2012\/04\/students-utopia-150x150.jpg\" class=\"attachment-thumbnail size-thumbnail\" alt=\"\" sizes=\"auto, 100vw\" \/><\/a>\n\t\t\t<\/div><\/figure><figure class='gallery-item'>\n\t\t\t<div class='gallery-icon landscape'>\n\t\t\t\t<a href='https:\/\/people.unil.ch\/iansanders\/files\/2012\/04\/DSC_4783.jpg'><img loading=\"lazy\" decoding=\"async\" width=\"150\" height=\"150\" src=\"https:\/\/people.unil.ch\/iansanders\/files\/2012\/04\/DSC_4783-150x150.jpg\" class=\"attachment-thumbnail size-thumbnail\" alt=\"\" sizes=\"auto, 100vw\" \/><\/a>\n\t\t\t<\/div><\/figure><figure class='gallery-item'>\n\t\t\t<div class='gallery-icon portrait'>\n\t\t\t\t<a href='https:\/\/people.unil.ch\/iansanders\/files\/2012\/04\/student-uptoia-3.jpg'><img loading=\"lazy\" decoding=\"async\" width=\"150\" height=\"150\" src=\"https:\/\/people.unil.ch\/iansanders\/files\/2012\/04\/student-uptoia-3-150x150.jpg\" class=\"attachment-thumbnail size-thumbnail\" alt=\"\" sizes=\"auto, 100vw\" \/><\/a>\n\t\t\t<\/div><\/figure><figure class='gallery-item'>\n\t\t\t<div class='gallery-icon portrait'>\n\t\t\t\t<a href='https:\/\/people.unil.ch\/iansanders\/files\/2012\/04\/Student-utopia-3.jpg'><img loading=\"lazy\" decoding=\"async\" width=\"150\" height=\"150\" src=\"https:\/\/people.unil.ch\/iansanders\/files\/2012\/04\/Student-utopia-3-150x150.jpg\" class=\"attachment-thumbnail size-thumbnail\" alt=\"\" sizes=\"auto, 100vw\" \/><\/a>\n\t\t\t<\/div><\/figure><figure class='gallery-item'>\n\t\t\t<div class='gallery-icon portrait'>\n\t\t\t\t<a href='https:\/\/people.unil.ch\/iansanders\/files\/2012\/04\/Student-utopia-4.jpg'><img loading=\"lazy\" decoding=\"async\" width=\"150\" height=\"150\" src=\"https:\/\/people.unil.ch\/iansanders\/files\/2012\/04\/Student-utopia-4-150x150.jpg\" class=\"attachment-thumbnail size-thumbnail\" alt=\"\" sizes=\"auto, 100vw\" \/><\/a>\n\t\t\t<\/div><\/figure><figure class='gallery-item'>\n\t\t\t<div class='gallery-icon landscape'>\n\t\t\t\t<a href='https:\/\/people.unil.ch\/iansanders\/files\/2012\/04\/Student-utopia-6.jpg'><img loading=\"lazy\" decoding=\"async\" width=\"150\" height=\"150\" src=\"https:\/\/people.unil.ch\/iansanders\/files\/2012\/04\/Student-utopia-6-150x150.jpg\" class=\"attachment-thumbnail size-thumbnail\" alt=\"\" sizes=\"auto, 100vw\" \/><\/a>\n\t\t\t<\/div><\/figure><figure class='gallery-item'>\n\t\t\t<div class='gallery-icon landscape'>\n\t\t\t\t<a href='https:\/\/people.unil.ch\/iansanders\/files\/2012\/04\/Student-utopia-5.jpg'><img loading=\"lazy\" decoding=\"async\" width=\"150\" height=\"150\" src=\"https:\/\/people.unil.ch\/iansanders\/files\/2012\/04\/Student-utopia-5-150x150.jpg\" class=\"attachment-thumbnail size-thumbnail\" alt=\"\" sizes=\"auto, 100vw\" \/><\/a>\n\t\t\t<\/div><\/figure><figure class='gallery-item'>\n\t\t\t<div class='gallery-icon portrait'>\n\t\t\t\t<a href='https:\/\/people.unil.ch\/iansanders\/files\/2012\/04\/student-utopia-8.jpg'><img loading=\"lazy\" decoding=\"async\" width=\"150\" height=\"150\" src=\"https:\/\/people.unil.ch\/iansanders\/files\/2012\/04\/student-utopia-8-150x150.jpg\" class=\"attachment-thumbnail size-thumbnail\" alt=\"\" sizes=\"auto, 100vw\" \/><\/a>\n\t\t\t<\/div><\/figure><figure class='gallery-item'>\n\t\t\t<div class='gallery-icon landscape'>\n\t\t\t\t<a href='https:\/\/people.unil.ch\/iansanders\/files\/2012\/04\/student-utopia-7.jpg'><img loading=\"lazy\" decoding=\"async\" width=\"150\" height=\"150\" src=\"https:\/\/people.unil.ch\/iansanders\/files\/2012\/04\/student-utopia-7-150x150.jpg\" class=\"attachment-thumbnail size-thumbnail\" alt=\"\" sizes=\"auto, 100vw\" \/><\/a>\n\t\t\t<\/div><\/figure><figure class='gallery-item'>\n\t\t\t<div class='gallery-icon landscape'>\n\t\t\t\t<a href='https:\/\/people.unil.ch\/iansanders\/files\/2012\/04\/student-utopia-9.jpg'><img loading=\"lazy\" decoding=\"async\" width=\"150\" height=\"150\" src=\"https:\/\/people.unil.ch\/iansanders\/files\/2012\/04\/student-utopia-9-150x150.jpg\" class=\"attachment-thumbnail size-thumbnail\" alt=\"\" sizes=\"auto, 100vw\" \/><\/a>\n\t\t\t<\/div><\/figure><figure class='gallery-item'>\n\t\t\t<div class='gallery-icon landscape'>\n\t\t\t\t<a href='https:\/\/people.unil.ch\/iansanders\/files\/2012\/04\/student-utopia-12.jpg'><img loading=\"lazy\" decoding=\"async\" width=\"150\" height=\"150\" src=\"https:\/\/people.unil.ch\/iansanders\/files\/2012\/04\/student-utopia-12-150x150.jpg\" class=\"attachment-thumbnail size-thumbnail\" alt=\"\" sizes=\"auto, 100vw\" \/><\/a>\n\t\t\t<\/div><\/figure><figure class='gallery-item'>\n\t\t\t<div class='gallery-icon landscape'>\n\t\t\t\t<a href='https:\/\/people.unil.ch\/iansanders\/files\/2012\/04\/student-utopia9.jpg'><img loading=\"lazy\" decoding=\"async\" width=\"150\" height=\"150\" src=\"https:\/\/people.unil.ch\/iansanders\/files\/2012\/04\/student-utopia9-150x150.jpg\" class=\"attachment-thumbnail size-thumbnail\" alt=\"\" sizes=\"auto, 100vw\" \/><\/a>\n\t\t\t<\/div><\/figure>\n\t\t<\/div>\n\n<p>&nbsp;<\/p>\n","protected":false},"excerpt":{"rendered":"<p>Aims In our main field trials we investigate how biotechnologically-produced mycorrhizal fungi affect cassava growth. We did this first with commercially-produced AMF with a lot of success. This was to see if concentrated mycorrhizal fungal inoculum in a gel-based carrier will be applicable in the field in Colombia. We use this type of inoculum because &hellip; <\/p>\n<p class=\"link-more\"><a href=\"https:\/\/people.unil.ch\/iansanders\/our-work-in-colombia\/currently-running-projects\/effectiveness-of-amf-on-cassava-growth-in-los-llanos\/\" class=\"more-link\">Continue reading<span class=\"screen-reader-text\"> &#8220;Using AMF genetics to improve Cassava growth in Colombia&#8221;<\/span><\/a><\/p>\n","protected":false},"author":58,"featured_media":0,"parent":204,"menu_order":0,"comment_status":"closed","ping_status":"closed","template":"","meta":{"_seopress_robots_primary_cat":"","_seopress_titles_title":"","_seopress_titles_desc":"","_seopress_robots_index":"","footnotes":""},"class_list":["post-551","page","type-page","status-publish"],"_links":{"self":[{"href":"https:\/\/people.unil.ch\/iansanders\/wp-json\/wp\/v2\/pages\/551","targetHints":{"allow":["GET"]}}],"collection":[{"href":"https:\/\/people.unil.ch\/iansanders\/wp-json\/wp\/v2\/pages"}],"about":[{"href":"https:\/\/people.unil.ch\/iansanders\/wp-json\/wp\/v2\/types\/page"}],"author":[{"embeddable":true,"href":"https:\/\/people.unil.ch\/iansanders\/wp-json\/wp\/v2\/users\/58"}],"replies":[{"embeddable":true,"href":"https:\/\/people.unil.ch\/iansanders\/wp-json\/wp\/v2\/comments?post=551"}],"version-history":[{"count":0,"href":"https:\/\/people.unil.ch\/iansanders\/wp-json\/wp\/v2\/pages\/551\/revisions"}],"up":[{"embeddable":true,"href":"https:\/\/people.unil.ch\/iansanders\/wp-json\/wp\/v2\/pages\/204"}],"wp:attachment":[{"href":"https:\/\/people.unil.ch\/iansanders\/wp-json\/wp\/v2\/media?parent=551"}],"curies":[{"name":"wp","href":"https:\/\/api.w.org\/{rel}","templated":true}]}}