{"id":1017,"date":"2025-06-13T16:24:51","date_gmt":"2025-06-13T14:24:51","guid":{"rendered":"https:\/\/people.unil.ch\/ingeborgschuessler\/?page_id=1017"},"modified":"2025-06-13T16:37:45","modified_gmt":"2025-06-13T14:37:45","slug":"memoire","status":"publish","type":"page","link":"https:\/\/people.unil.ch\/ingeborgschuessler\/publications\/memoire\/","title":{"rendered":"Pr\u00fcfungsarbeit f\u00fcr das Staatsexamen &#8211; M\u00e9moire de licence"},"content":{"rendered":"\n<h1 class=\"wp-block-heading has-text-align-center\">Ber\u00fchrungspunkte zwischen der Poetik Paul Val\u00e9rys <br>und der klassischen franz\u00f6sischen Poetik<\/h1>\n\n\n\n<h1 class=\"wp-block-heading has-text-align-center\">Rapports entre la po\u00e9tique de Paul Val\u00e9ry <br>et la po\u00e9tique fran\u00e7aise classique<\/h1>\n\n\n\n<div data-wp-interactive=\"core\/file\" class=\"wp-block-file\"><object data-wp-bind--hidden=\"!state.hasPdfPreview\" hidden class=\"wp-block-file__embed\" data=\"https:\/\/people.unil.ch\/ingeborgschuessler\/files\/2025\/06\/memoire-paul-valery-def.pdf\" type=\"application\/pdf\" style=\"width:100%;height:600px\" aria-label=\"Contenu embarqu\u00e9 Me\u0301moire Paul Vale\u0301ry.\"><\/object><a id=\"wp-block-file--media-8943909c-fbda-4e57-aed3-cb60f86cd4d3\" href=\"https:\/\/people.unil.ch\/ingeborgschuessler\/files\/2025\/06\/memoire-paul-valery-def.pdf\">Me\u0301moire Paul Vale\u0301ry<\/a><a href=\"https:\/\/people.unil.ch\/ingeborgschuessler\/files\/2025\/06\/memoire-paul-valery-def.pdf\" class=\"wp-block-file__button wp-element-button\" download aria-describedby=\"wp-block-file--media-8943909c-fbda-4e57-aed3-cb60f86cd4d3\">T\u00e9l\u00e9charger<\/a><\/div>\n","protected":false},"excerpt":{"rendered":"<p>Ber\u00fchrungspunkte zwischen der Poetik Paul Val\u00e9rys und der klassischen franz\u00f6sischen Poetik Rapports entre la po\u00e9tique de Paul Val\u00e9ry et la po\u00e9tique fran\u00e7aise classique<\/p>\n","protected":false},"author":1001081,"featured_media":0,"parent":308,"menu_order":0,"comment_status":"closed","ping_status":"closed","template":"","meta":{"_seopress_robots_primary_cat":"","_seopress_titles_title":"","_seopress_titles_desc":"","_seopress_robots_index":"","footnotes":""},"class_list":["post-1017","page","type-page","status-publish"],"_links":{"self":[{"href":"https:\/\/people.unil.ch\/ingeborgschuessler\/wp-json\/wp\/v2\/pages\/1017","targetHints":{"allow":["GET"]}}],"collection":[{"href":"https:\/\/people.unil.ch\/ingeborgschuessler\/wp-json\/wp\/v2\/pages"}],"about":[{"href":"https:\/\/people.unil.ch\/ingeborgschuessler\/wp-json\/wp\/v2\/types\/page"}],"author":[{"embeddable":true,"href":"https:\/\/people.unil.ch\/ingeborgschuessler\/wp-json\/wp\/v2\/users\/1001081"}],"replies":[{"embeddable":true,"href":"https:\/\/people.unil.ch\/ingeborgschuessler\/wp-json\/wp\/v2\/comments?post=1017"}],"version-history":[{"count":5,"href":"https:\/\/people.unil.ch\/ingeborgschuessler\/wp-json\/wp\/v2\/pages\/1017\/revisions"}],"predecessor-version":[{"id":1040,"href":"https:\/\/people.unil.ch\/ingeborgschuessler\/wp-json\/wp\/v2\/pages\/1017\/revisions\/1040"}],"up":[{"embeddable":true,"href":"https:\/\/people.unil.ch\/ingeborgschuessler\/wp-json\/wp\/v2\/pages\/308"}],"wp:attachment":[{"href":"https:\/\/people.unil.ch\/ingeborgschuessler\/wp-json\/wp\/v2\/media?parent=1017"}],"curies":[{"name":"wp","href":"https:\/\/api.w.org\/{rel}","templated":true}]}}